{"id":144,"date":"2024-05-18T11:11:14","date_gmt":"2024-05-18T09:11:14","guid":{"rendered":"https:\/\/staghorn.pl\/?page_id=144"},"modified":"2025-06-30T23:45:00","modified_gmt":"2025-06-30T21:45:00","slug":"o-mnie","status":"publish","type":"page","link":"https:\/\/staghorn.pl\/?page_id=144","title":{"rendered":"O mnie"},"content":{"rendered":"\n<p class=\"has-theme-palette-8-color has-text-color has-link-color wp-elements-001f0af0b89a6eb05596ba399d4ce3ce\">Mam na imi\u0119 Katarzyna. Mam 27 lat. Mi\u0142o\u015b\u0107 do koralik\u00f3w towarzyszy mi od czas\u00f3w podstaw\u00f3wki. To w\u0142a\u015bnie wtedy dosta\u0142am od rodzic\u00f3w na gwiazdk\u0119 sw\u00f3j pierwszy zestaw do tworzenia bi\u017cuterii. Pierwsze bransoletki robi\u0142am dla kole\u017canek w szkole, a w liceum zacz\u0119\u0142am prowadzi\u0107 Instagram &#8211; najpierw pod nazw\u0105 koralilove, kt\u00f3ra z czasem przeobrazi\u0142a si\u0119 w obecn\u0105 &#8211; Staghorn. Dziel\u0119 si\u0119 tam zdj\u0119ciami moich prac z innymi lud\u017ami. Zawsze czu\u0142am, \u017ce r\u0119kodzie\u0142o jest tym, co chc\u0119 robi\u0107 w \u017cyciu.<\/p>\n\n\n\n<p class=\"has-theme-palette-8-color has-text-color has-link-color wp-elements-3ef819f66a408d628e9c22833551b37c\">Przez lata wiele si\u0119 nauczy\u0142am. Wiem, kt\u00f3re materia\u0142y s\u0105 najlepsze do moich prac, nauczy\u0142am si\u0119 wielu technik, nad szlifowaniem kt\u00f3rych sp\u0119dzi\u0142am wiele d\u0142ugich godzin.<\/p>\n\n\n\n<p class=\"has-theme-palette-8-color has-text-color has-link-color wp-elements-e45720371d44036f3ba44e949a3ac486\"><br>Uko\u0144czy\u0142am Akademi\u0119 Po\u017carnicz\u0105, a na co dzie\u0144 pracuj\u0119 w Centrum Powiadamiania Ratunkowego i po\u015brednio pomagam w ratowaniu ludzkiego \u017cycia. R\u0119kodzie\u0142o jest w tej chwili moj\u0105 drug\u0105 prac\u0105, jednak mam nadziej\u0119, \u017ce z czasem b\u0119dzie jedyn\u0105. Dlatego te\u017c mo\u017cecie by\u0107 pewni, \u017ce wszystkie produkty s\u0105 wykonane z mi\u0142o\u015bci\u0105. W ten spos\u00f3b spe\u0142niam marzenia. Dzi\u0119kuj\u0119 za udzia\u0142 w tej podr\u00f3\u017cy razem ze mn\u0105!<\/p>\n\n\n<div class=\"wp-block-image\">\n<figure class=\"aligncenter size-full is-resized\"><img fetchpriority=\"high\" decoding=\"async\" width=\"610\" height=\"1280\" src=\"https:\/\/staghorn.pl\/wp-content\/uploads\/2024\/05\/photo_5979032095001001033_y.jpg\" alt=\"\" class=\"wp-image-145\" style=\"width:253px;height:auto\" srcset=\"https:\/\/staghorn.pl\/wp-content\/uploads\/2024\/05\/photo_5979032095001001033_y.jpg 610w, https:\/\/staghorn.pl\/wp-content\/uploads\/2024\/05\/photo_5979032095001001033_y-600x1259.jpg 600w, https:\/\/staghorn.pl\/wp-content\/uploads\/2024\/05\/photo_5979032095001001033_y-143x300.jpg 143w, https:\/\/staghorn.pl\/wp-content\/uploads\/2024\/05\/photo_5979032095001001033_y-488x1024.jpg 488w\" sizes=\"(max-width: 610px) 100vw, 610px\" \/><\/figure>\n<\/div>","protected":false},"excerpt":{"rendered":"<p>Mam na imi\u0119 Katarzyna. Mam 27 lat. Mi\u0142o\u015b\u0107 do koralik\u00f3w towarzyszy mi od czas\u00f3w podstaw\u00f3wki. To w\u0142a\u015bnie wtedy dosta\u0142am od rodzic\u00f3w na gwiazdk\u0119 sw\u00f3j pierwszy zestaw do tworzenia bi\u017cuterii. Pierwsze bransoletki robi\u0142am dla kole\u017canek w szkole, a w liceum zacz\u0119\u0142am prowadzi\u0107 Instagram &#8211; najpierw pod nazw\u0105 koralilove, kt\u00f3ra z czasem przeobrazi\u0142a si\u0119 w obecn\u0105 &#8211;&#8230;<\/p>\n","protected":false},"author":1,"featured_media":0,"parent":0,"menu_order":0,"comment_status":"closed","ping_status":"closed","template":"","meta":{"_kad_post_transparent":"","_kad_post_title":"","_kad_post_layout":"","_kad_post_sidebar_id":"","_kad_post_content_style":"","_kad_post_vertical_padding":"","_kad_post_feature":"","_kad_post_feature_position":"","_kad_post_header":false,"_kad_post_footer":false,"_kad_post_classname":"","footnotes":""},"class_list":["post-144","page","type-page","status-publish","hentry"],"yoast_head":"<!-- This site is optimized with the Yoast SEO plugin v27.4 - https:\/\/yoast.com\/product\/yoast-seo-wordpress\/ -->\n<title>O mnie - Staghorn<\/title>\n<meta name=\"robots\" content=\"index, follow, max-snippet:-1, max-image-preview:large, max-video-preview:-1\" \/>\n<link rel=\"canonical\" href=\"https:\/\/staghorn.pl\/?page_id=144\" \/>\n<meta property=\"og:locale\" content=\"pl_PL\" \/>\n<meta property=\"og:type\" content=\"article\" \/>\n<meta property=\"og:title\" content=\"O mnie - Staghorn\" \/>\n<meta property=\"og:description\" content=\"Mam na imi\u0119 Katarzyna. Mam 27 lat. Mi\u0142o\u015b\u0107 do koralik\u00f3w towarzyszy mi od czas\u00f3w podstaw\u00f3wki. To w\u0142a\u015bnie wtedy dosta\u0142am od rodzic\u00f3w na gwiazdk\u0119 sw\u00f3j pierwszy zestaw do tworzenia bi\u017cuterii. Pierwsze bransoletki robi\u0142am dla kole\u017canek w szkole, a w liceum zacz\u0119\u0142am prowadzi\u0107 Instagram &#8211; najpierw pod nazw\u0105 koralilove, kt\u00f3ra z czasem przeobrazi\u0142a si\u0119 w obecn\u0105 &#8211;...\" \/>\n<meta property=\"og:url\" content=\"https:\/\/staghorn.pl\/?page_id=144\" \/>\n<meta property=\"og:site_name\" content=\"Staghorn\" \/>\n<meta property=\"article:modified_time\" content=\"2025-06-30T21:45:00+00:00\" \/>\n<meta property=\"og:image\" content=\"https:\/\/staghorn.pl\/wp-content\/uploads\/2024\/05\/photo_5979032095001001033_y.jpg\" \/>\n\t<meta property=\"og:image:width\" content=\"610\" \/>\n\t<meta property=\"og:image:height\" content=\"1280\" \/>\n\t<meta property=\"og:image:type\" content=\"image\/jpeg\" \/>\n<meta name=\"twitter:card\" content=\"summary_large_image\" \/>\n<meta name=\"twitter:label1\" content=\"Szacowany czas czytania\" \/>\n\t<meta name=\"twitter:data1\" content=\"2 minuty\" \/>\n<script type=\"application\/ld+json\" class=\"yoast-schema-graph\">{\"@context\":\"https:\\\/\\\/schema.org\",\"@graph\":[{\"@type\":\"WebPage\",\"@id\":\"https:\\\/\\\/staghorn.pl\\\/?page_id=144\",\"url\":\"https:\\\/\\\/staghorn.pl\\\/?page_id=144\",\"name\":\"O mnie - Staghorn\",\"isPartOf\":{\"@id\":\"https:\\\/\\\/staghorn.pl\\\/#website\"},\"primaryImageOfPage\":{\"@id\":\"https:\\\/\\\/staghorn.pl\\\/?page_id=144#primaryimage\"},\"image\":{\"@id\":\"https:\\\/\\\/staghorn.pl\\\/?page_id=144#primaryimage\"},\"thumbnailUrl\":\"https:\\\/\\\/staghorn.pl\\\/wp-content\\\/uploads\\\/2024\\\/05\\\/photo_5979032095001001033_y.jpg\",\"datePublished\":\"2024-05-18T09:11:14+00:00\",\"dateModified\":\"2025-06-30T21:45:00+00:00\",\"breadcrumb\":{\"@id\":\"https:\\\/\\\/staghorn.pl\\\/?page_id=144#breadcrumb\"},\"inLanguage\":\"pl-PL\",\"potentialAction\":[{\"@type\":\"ReadAction\",\"target\":[\"https:\\\/\\\/staghorn.pl\\\/?page_id=144\"]}]},{\"@type\":\"ImageObject\",\"inLanguage\":\"pl-PL\",\"@id\":\"https:\\\/\\\/staghorn.pl\\\/?page_id=144#primaryimage\",\"url\":\"https:\\\/\\\/staghorn.pl\\\/wp-content\\\/uploads\\\/2024\\\/05\\\/photo_5979032095001001033_y.jpg\",\"contentUrl\":\"https:\\\/\\\/staghorn.pl\\\/wp-content\\\/uploads\\\/2024\\\/05\\\/photo_5979032095001001033_y.jpg\",\"width\":610,\"height\":1280},{\"@type\":\"BreadcrumbList\",\"@id\":\"https:\\\/\\\/staghorn.pl\\\/?page_id=144#breadcrumb\",\"itemListElement\":[{\"@type\":\"ListItem\",\"position\":1,\"name\":\"Strona g\u0142\u00f3wna\",\"item\":\"https:\\\/\\\/staghorn.pl\\\/\"},{\"@type\":\"ListItem\",\"position\":2,\"name\":\"O mnie\"}]},{\"@type\":\"WebSite\",\"@id\":\"https:\\\/\\\/staghorn.pl\\\/#website\",\"url\":\"https:\\\/\\\/staghorn.pl\\\/\",\"name\":\"Staghorn\",\"description\":\"\",\"publisher\":{\"@id\":\"https:\\\/\\\/staghorn.pl\\\/#\\\/schema\\\/person\\\/985c0f377b3807be4ab7ca84c02a0459\"},\"potentialAction\":[{\"@type\":\"SearchAction\",\"target\":{\"@type\":\"EntryPoint\",\"urlTemplate\":\"https:\\\/\\\/staghorn.pl\\\/?s={search_term_string}\"},\"query-input\":{\"@type\":\"PropertyValueSpecification\",\"valueRequired\":true,\"valueName\":\"search_term_string\"}}],\"inLanguage\":\"pl-PL\"},{\"@type\":[\"Person\",\"Organization\"],\"@id\":\"https:\\\/\\\/staghorn.pl\\\/#\\\/schema\\\/person\\\/985c0f377b3807be4ab7ca84c02a0459\",\"name\":\"Kasia\",\"image\":{\"@type\":\"ImageObject\",\"inLanguage\":\"pl-PL\",\"@id\":\"https:\\\/\\\/staghorn.pl\\\/wp-content\\\/uploads\\\/2024\\\/05\\\/cropped-2.png\",\"url\":\"https:\\\/\\\/staghorn.pl\\\/wp-content\\\/uploads\\\/2024\\\/05\\\/cropped-2.png\",\"contentUrl\":\"https:\\\/\\\/staghorn.pl\\\/wp-content\\\/uploads\\\/2024\\\/05\\\/cropped-2.png\",\"width\":512,\"height\":512,\"caption\":\"Kasia\"},\"logo\":{\"@id\":\"https:\\\/\\\/staghorn.pl\\\/wp-content\\\/uploads\\\/2024\\\/05\\\/cropped-2.png\"},\"sameAs\":[\"http:\\\/\\\/staghorn.pl\"]}]}<\/script>\n<!-- \/ Yoast SEO plugin. -->","yoast_head_json":{"title":"O mnie - Staghorn","robots":{"index":"index","follow":"follow","max-snippet":"max-snippet:-1","max-image-preview":"max-image-preview:large","max-video-preview":"max-video-preview:-1"},"canonical":"https:\/\/staghorn.pl\/?page_id=144","og_locale":"pl_PL","og_type":"article","og_title":"O mnie - Staghorn","og_description":"Mam na imi\u0119 Katarzyna. Mam 27 lat. Mi\u0142o\u015b\u0107 do koralik\u00f3w towarzyszy mi od czas\u00f3w podstaw\u00f3wki. To w\u0142a\u015bnie wtedy dosta\u0142am od rodzic\u00f3w na gwiazdk\u0119 sw\u00f3j pierwszy zestaw do tworzenia bi\u017cuterii. Pierwsze bransoletki robi\u0142am dla kole\u017canek w szkole, a w liceum zacz\u0119\u0142am prowadzi\u0107 Instagram &#8211; najpierw pod nazw\u0105 koralilove, kt\u00f3ra z czasem przeobrazi\u0142a si\u0119 w obecn\u0105 &#8211;...","og_url":"https:\/\/staghorn.pl\/?page_id=144","og_site_name":"Staghorn","article_modified_time":"2025-06-30T21:45:00+00:00","og_image":[{"width":610,"height":1280,"url":"https:\/\/staghorn.pl\/wp-content\/uploads\/2024\/05\/photo_5979032095001001033_y.jpg","type":"image\/jpeg"}],"twitter_card":"summary_large_image","twitter_misc":{"Szacowany czas czytania":"2 minuty"},"schema":{"@context":"https:\/\/schema.org","@graph":[{"@type":"WebPage","@id":"https:\/\/staghorn.pl\/?page_id=144","url":"https:\/\/staghorn.pl\/?page_id=144","name":"O mnie - Staghorn","isPartOf":{"@id":"https:\/\/staghorn.pl\/#website"},"primaryImageOfPage":{"@id":"https:\/\/staghorn.pl\/?page_id=144#primaryimage"},"image":{"@id":"https:\/\/staghorn.pl\/?page_id=144#primaryimage"},"thumbnailUrl":"https:\/\/staghorn.pl\/wp-content\/uploads\/2024\/05\/photo_5979032095001001033_y.jpg","datePublished":"2024-05-18T09:11:14+00:00","dateModified":"2025-06-30T21:45:00+00:00","breadcrumb":{"@id":"https:\/\/staghorn.pl\/?page_id=144#breadcrumb"},"inLanguage":"pl-PL","potentialAction":[{"@type":"ReadAction","target":["https:\/\/staghorn.pl\/?page_id=144"]}]},{"@type":"ImageObject","inLanguage":"pl-PL","@id":"https:\/\/staghorn.pl\/?page_id=144#primaryimage","url":"https:\/\/staghorn.pl\/wp-content\/uploads\/2024\/05\/photo_5979032095001001033_y.jpg","contentUrl":"https:\/\/staghorn.pl\/wp-content\/uploads\/2024\/05\/photo_5979032095001001033_y.jpg","width":610,"height":1280},{"@type":"BreadcrumbList","@id":"https:\/\/staghorn.pl\/?page_id=144#breadcrumb","itemListElement":[{"@type":"ListItem","position":1,"name":"Strona g\u0142\u00f3wna","item":"https:\/\/staghorn.pl\/"},{"@type":"ListItem","position":2,"name":"O mnie"}]},{"@type":"WebSite","@id":"https:\/\/staghorn.pl\/#website","url":"https:\/\/staghorn.pl\/","name":"Staghorn","description":"","publisher":{"@id":"https:\/\/staghorn.pl\/#\/schema\/person\/985c0f377b3807be4ab7ca84c02a0459"},"potentialAction":[{"@type":"SearchAction","target":{"@type":"EntryPoint","urlTemplate":"https:\/\/staghorn.pl\/?s={search_term_string}"},"query-input":{"@type":"PropertyValueSpecification","valueRequired":true,"valueName":"search_term_string"}}],"inLanguage":"pl-PL"},{"@type":["Person","Organization"],"@id":"https:\/\/staghorn.pl\/#\/schema\/person\/985c0f377b3807be4ab7ca84c02a0459","name":"Kasia","image":{"@type":"ImageObject","inLanguage":"pl-PL","@id":"https:\/\/staghorn.pl\/wp-content\/uploads\/2024\/05\/cropped-2.png","url":"https:\/\/staghorn.pl\/wp-content\/uploads\/2024\/05\/cropped-2.png","contentUrl":"https:\/\/staghorn.pl\/wp-content\/uploads\/2024\/05\/cropped-2.png","width":512,"height":512,"caption":"Kasia"},"logo":{"@id":"https:\/\/staghorn.pl\/wp-content\/uploads\/2024\/05\/cropped-2.png"},"sameAs":["http:\/\/staghorn.pl"]}]}},"jetpack_sharing_enabled":true,"_links":{"self":[{"href":"https:\/\/staghorn.pl\/index.php?rest_route=\/wp\/v2\/pages\/144","targetHints":{"allow":["GET"]}}],"collection":[{"href":"https:\/\/staghorn.pl\/index.php?rest_route=\/wp\/v2\/pages"}],"about":[{"href":"https:\/\/staghorn.pl\/index.php?rest_route=\/wp\/v2\/types\/page"}],"author":[{"embeddable":true,"href":"https:\/\/staghorn.pl\/index.php?rest_route=\/wp\/v2\/users\/1"}],"replies":[{"embeddable":true,"href":"https:\/\/staghorn.pl\/index.php?rest_route=%2Fwp%2Fv2%2Fcomments&post=144"}],"version-history":[{"count":3,"href":"https:\/\/staghorn.pl\/index.php?rest_route=\/wp\/v2\/pages\/144\/revisions"}],"predecessor-version":[{"id":1738,"href":"https:\/\/staghorn.pl\/index.php?rest_route=\/wp\/v2\/pages\/144\/revisions\/1738"}],"wp:attachment":[{"href":"https:\/\/staghorn.pl\/index.php?rest_route=%2Fwp%2Fv2%2Fmedia&parent=144"}],"curies":[{"name":"wp","href":"https:\/\/api.w.org\/{rel}","templated":true}]}}