{"id":182,"date":"2024-05-18T11:25:00","date_gmt":"2024-05-18T09:25:00","guid":{"rendered":"https:\/\/staghorn.pl\/?page_id=182"},"modified":"2024-09-30T14:16:25","modified_gmt":"2024-09-30T12:16:25","slug":"naszyjniki","status":"publish","type":"page","link":"https:\/\/staghorn.pl\/?page_id=182","title":{"rendered":"Naszyjniki"},"content":{"rendered":"\t\t<div data-elementor-type=\"wp-page\" data-elementor-id=\"182\" class=\"elementor elementor-182\">\n\t\t\t\t<div class=\"elementor-element elementor-element-d18a936 e-flex e-con-boxed e-con e-parent\" data-id=\"d18a936\" data-element_type=\"container\" data-e-type=\"container\">\n\t\t\t\t\t<div class=\"e-con-inner\">\n\t\t\t\t<div class=\"elementor-element elementor-element-2015c49 elementor-widget elementor-widget-heading\" data-id=\"2015c49\" data-element_type=\"widget\" data-e-type=\"widget\" data-widget_type=\"heading.default\">\n\t\t\t\t<div class=\"elementor-widget-container\">\n\t\t\t\t\t<h1 class=\"elementor-heading-title elementor-size-default\">Naszyjniki dla kobiet \u2013 r\u0119kodzie\u0142o, kt\u00f3re inspiruje<\/h1>\t\t\t\t<\/div>\n\t\t\t\t<\/div>\n\t\t\t\t\t<\/div>\n\t\t\t\t<\/div>\n\t\t<div class=\"elementor-element elementor-element-97056c0 e-flex e-con-boxed e-con e-parent\" data-id=\"97056c0\" data-element_type=\"container\" data-e-type=\"container\">\n\t\t\t\t\t<div class=\"e-con-inner\">\n\t\t\t\t<div class=\"elementor-element elementor-element-f7c49f1 elementor-widget elementor-widget-text-editor\" data-id=\"f7c49f1\" data-element_type=\"widget\" data-e-type=\"widget\" data-widget_type=\"text-editor.default\">\n\t\t\t\t<div class=\"elementor-widget-container\">\n\t\t\t\t\t\t\t\t\t<p>Moje r\u0119cznie wykonane naszyjniki to niepowtarzalne dodatki, kt\u00f3re zachwycaj\u0105 oryginalnym wzornictwem i precyzj\u0105 wykonania. W tej kategorii znajdziesz zdj\u0119cia zar\u00f3wno aktualnych propozycji, jak i realizacji, kt\u00f3re mog\u0105 by\u0107 wykonane na indywidualne zam\u00f3wienie. Naszyjniki stworzone z koralik\u00f3w, kamieni i kryszta\u0142k\u00f3w idealnie pasuj\u0105 do ka\u017cdej stylizacji \u2013 od codziennych, po wieczorowe. Techniki beadingowe, takie jak peyote, craw, pozwalaj\u0105 na tworzenie zar\u00f3wno subtelnych, jak i bardziej wyrazistych form. Bi\u017cuteria ta jest dedykowana kobietom, kt\u00f3re szukaj\u0105 niebanalnych, modnych dodatk\u00f3w, podkre\u015blaj\u0105cych ich niepowtarzalny styl. Je\u015bli chcesz nosi\u0107 naszyjnik, kt\u00f3ry odzwierciedla Twoje wn\u0119trze, zapraszam do kontaktu w sprawie spersonalizowanego projektu.<\/p>\t\t\t\t\t\t\t\t<\/div>\n\t\t\t\t<\/div>\n\t\t\t\t\t<\/div>\n\t\t\t\t<\/div>\n\t\t<div class=\"elementor-element elementor-element-ca18698 e-grid e-con-boxed e-con e-parent\" data-id=\"ca18698\" data-element_type=\"container\" data-e-type=\"container\">\n\t\t\t\t\t<div class=\"e-con-inner\">\n\t\t\t\t<div class=\"elementor-element elementor-element-7080daf elementor-widget elementor-widget-image\" data-id=\"7080daf\" data-element_type=\"widget\" data-e-type=\"widget\" data-widget_type=\"image.default\">\n\t\t\t\t<div class=\"elementor-widget-container\">\n\t\t\t\t\t\t\t\t\t\t\t\t\t\t\t\t<a href=\"https:\/\/staghorn.pl\/?product=naszyjnik-slubny\">\n\t\t\t\t\t\t\t<img fetchpriority=\"high\" decoding=\"async\" width=\"800\" height=\"600\" src=\"https:\/\/staghorn.pl\/wp-content\/uploads\/2024\/09\/naszyjnik-slubny-z-krysztalkami.jpg\" class=\"attachment-large size-large wp-image-1051\" alt=\"\" srcset=\"https:\/\/staghorn.pl\/wp-content\/uploads\/2024\/09\/naszyjnik-slubny-z-krysztalkami.jpg 800w, https:\/\/staghorn.pl\/wp-content\/uploads\/2024\/09\/naszyjnik-slubny-z-krysztalkami-600x450.jpg 600w, https:\/\/staghorn.pl\/wp-content\/uploads\/2024\/09\/naszyjnik-slubny-z-krysztalkami-300x225.jpg 300w, https:\/\/staghorn.pl\/wp-content\/uploads\/2024\/09\/naszyjnik-slubny-z-krysztalkami-768x576.jpg 768w\" sizes=\"(max-width: 800px) 100vw, 800px\" \/>\t\t\t\t\t\t\t\t<\/a>\n\t\t\t\t\t\t\t\t\t\t\t\t\t\t\t<\/div>\n\t\t\t\t<\/div>\n\t\t\t\t<div class=\"elementor-element elementor-element-a26d50c elementor-widget elementor-widget-image\" data-id=\"a26d50c\" data-element_type=\"widget\" data-e-type=\"widget\" data-widget_type=\"image.default\">\n\t\t\t\t<div class=\"elementor-widget-container\">\n\t\t\t\t\t\t\t\t\t\t\t\t\t\t\t\t<a href=\"https:\/\/staghorn.pl\/?product=naszyjnik-z-opalizujaca-zawieszka\">\n\t\t\t\t\t\t\t<img decoding=\"async\" width=\"800\" height=\"600\" src=\"https:\/\/staghorn.pl\/wp-content\/uploads\/2024\/09\/naszyjnik-z-geometryczna-zawieszka.jpg\" class=\"attachment-large size-large wp-image-1053\" alt=\"R\u0119cznie wykonany naszyjnik z okr\u0105g\u0142\u0105 zawieszk\u0105 ze srebrnymi i fioletowymi koralikami. Stylowy dodatek, kt\u00f3ry doda blasku i wyrafinowanego charakteru ka\u017cdej kobiecej stylizacji.\" srcset=\"https:\/\/staghorn.pl\/wp-content\/uploads\/2024\/09\/naszyjnik-z-geometryczna-zawieszka.jpg 800w, https:\/\/staghorn.pl\/wp-content\/uploads\/2024\/09\/naszyjnik-z-geometryczna-zawieszka-600x450.jpg 600w, https:\/\/staghorn.pl\/wp-content\/uploads\/2024\/09\/naszyjnik-z-geometryczna-zawieszka-300x225.jpg 300w, https:\/\/staghorn.pl\/wp-content\/uploads\/2024\/09\/naszyjnik-z-geometryczna-zawieszka-768x576.jpg 768w\" sizes=\"(max-width: 800px) 100vw, 800px\" \/>\t\t\t\t\t\t\t\t<\/a>\n\t\t\t\t\t\t\t\t\t\t\t\t\t\t\t<\/div>\n\t\t\t\t<\/div>\n\t\t\t\t<div class=\"elementor-element elementor-element-fd8dc8e elementor-widget elementor-widget-image\" data-id=\"fd8dc8e\" data-element_type=\"widget\" data-e-type=\"widget\" data-widget_type=\"image.default\">\n\t\t\t\t<div class=\"elementor-widget-container\">\n\t\t\t\t\t\t\t\t\t\t\t\t\t\t\t<img decoding=\"async\" width=\"800\" height=\"600\" src=\"https:\/\/staghorn.pl\/wp-content\/uploads\/2024\/09\/dziewczecy-niebieski-naszyjnik.jpg\" class=\"attachment-large size-large wp-image-1049\" alt=\"Wyj\u0105tkowy naszyjnik z kryszta\u0142kami w odcieniu g\u0142\u0119bokiego b\u0142\u0119kitu, pi\u0119knie uk\u0142adaj\u0105cy si\u0119 na szyi. Kszta\u0142t V i srebrne akcenty nadaj\u0105 elegancji, tworz\u0105c kompozycj\u0119 idealn\u0105 zar\u00f3wno do nowoczesnych, jak i klasycznych stylizacji.\" srcset=\"https:\/\/staghorn.pl\/wp-content\/uploads\/2024\/09\/dziewczecy-niebieski-naszyjnik.jpg 800w, https:\/\/staghorn.pl\/wp-content\/uploads\/2024\/09\/dziewczecy-niebieski-naszyjnik-600x450.jpg 600w, https:\/\/staghorn.pl\/wp-content\/uploads\/2024\/09\/dziewczecy-niebieski-naszyjnik-300x225.jpg 300w, https:\/\/staghorn.pl\/wp-content\/uploads\/2024\/09\/dziewczecy-niebieski-naszyjnik-768x576.jpg 768w\" sizes=\"(max-width: 800px) 100vw, 800px\" \/>\t\t\t\t\t\t\t\t\t\t\t\t\t\t\t<\/div>\n\t\t\t\t<\/div>\n\t\t\t\t<div class=\"elementor-element elementor-element-05f9623 elementor-widget elementor-widget-image\" data-id=\"05f9623\" data-element_type=\"widget\" data-e-type=\"widget\" data-widget_type=\"image.default\">\n\t\t\t\t<div class=\"elementor-widget-container\">\n\t\t\t\t\t\t\t\t\t\t\t\t\t\t\t<img loading=\"lazy\" decoding=\"async\" width=\"800\" height=\"600\" src=\"https:\/\/staghorn.pl\/wp-content\/uploads\/2024\/09\/krysztalowy-naszyjnik-dla-panny-mlodej.jpg\" class=\"attachment-large size-large wp-image-1050\" alt=\"\" srcset=\"https:\/\/staghorn.pl\/wp-content\/uploads\/2024\/09\/krysztalowy-naszyjnik-dla-panny-mlodej.jpg 800w, https:\/\/staghorn.pl\/wp-content\/uploads\/2024\/09\/krysztalowy-naszyjnik-dla-panny-mlodej-600x450.jpg 600w, https:\/\/staghorn.pl\/wp-content\/uploads\/2024\/09\/krysztalowy-naszyjnik-dla-panny-mlodej-300x225.jpg 300w, https:\/\/staghorn.pl\/wp-content\/uploads\/2024\/09\/krysztalowy-naszyjnik-dla-panny-mlodej-768x576.jpg 768w\" sizes=\"(max-width: 800px) 100vw, 800px\" \/>\t\t\t\t\t\t\t\t\t\t\t\t\t\t\t<\/div>\n\t\t\t\t<\/div>\n\t\t\t\t\t<\/div>\n\t\t\t\t<\/div>\n\t\t<div class=\"elementor-element elementor-element-8a8b69c e-grid e-con-boxed e-con e-parent\" data-id=\"8a8b69c\" data-element_type=\"container\" data-e-type=\"container\">\n\t\t\t\t\t<div class=\"e-con-inner\">\n\t\t\t\t<div class=\"elementor-element elementor-element-a756e32 elementor-widget elementor-widget-image\" data-id=\"a756e32\" data-element_type=\"widget\" data-e-type=\"widget\" data-widget_type=\"image.default\">\n\t\t\t\t<div class=\"elementor-widget-container\">\n\t\t\t\t\t\t\t\t\t\t\t\t\t\t\t\t<a href=\"https:\/\/staghorn.pl\/?product=naszyjnik-slubny-2\">\n\t\t\t\t\t\t\t<img loading=\"lazy\" decoding=\"async\" width=\"800\" height=\"600\" src=\"https:\/\/staghorn.pl\/wp-content\/uploads\/2024\/09\/naszyjnik-slubny-z-perel.jpg\" class=\"attachment-large size-large wp-image-1052\" alt=\"Naszyjnik z per\u0142ami i eleganckimi dodatkami \u2013 idealny prezent na \u015blub. Wyr\u00f3\u017cnia si\u0119 klasycznym designem z nowoczesnymi detalami, zapewniaj\u0105c wyj\u0105tkow\u0105 ozdob\u0119 na niezapomniane momenty i fotografie.\" srcset=\"https:\/\/staghorn.pl\/wp-content\/uploads\/2024\/09\/naszyjnik-slubny-z-perel.jpg 800w, https:\/\/staghorn.pl\/wp-content\/uploads\/2024\/09\/naszyjnik-slubny-z-perel-600x450.jpg 600w, https:\/\/staghorn.pl\/wp-content\/uploads\/2024\/09\/naszyjnik-slubny-z-perel-300x225.jpg 300w, https:\/\/staghorn.pl\/wp-content\/uploads\/2024\/09\/naszyjnik-slubny-z-perel-768x576.jpg 768w\" sizes=\"(max-width: 800px) 100vw, 800px\" \/>\t\t\t\t\t\t\t\t<\/a>\n\t\t\t\t\t\t\t\t\t\t\t\t\t\t\t<\/div>\n\t\t\t\t<\/div>\n\t\t\t\t<div class=\"elementor-element elementor-element-1696f36 elementor-widget elementor-widget-image\" data-id=\"1696f36\" data-element_type=\"widget\" data-e-type=\"widget\" data-widget_type=\"image.default\">\n\t\t\t\t<div class=\"elementor-widget-container\">\n\t\t\t\t\t\t\t\t\t\t\t\t\t\t\t\t<a href=\"https:\/\/staghorn.pl\/?product=naszyjnik-z-okragla-zawieszka\">\n\t\t\t\t\t\t\t<img loading=\"lazy\" decoding=\"async\" width=\"800\" height=\"600\" src=\"https:\/\/staghorn.pl\/wp-content\/uploads\/2024\/09\/zloty-naszyjnik-z-okragla-zawieszka-1.jpg\" class=\"attachment-large size-large wp-image-1055\" alt=\"Z\u0142oty naszyjnik z okr\u0105g\u0142\u0105 zawieszk\u0105 oplatan\u0105 koralikami, kt\u00f3ry nadaje si\u0119 na codzienne noszenie oraz wyj\u0105tkowe okazje. Delikatna bi\u017cuteria z opalizuj\u0105cymi koralikami, doskonale komponuj\u0105ca si\u0119 z wieloma stylizacjami.\" srcset=\"https:\/\/staghorn.pl\/wp-content\/uploads\/2024\/09\/zloty-naszyjnik-z-okragla-zawieszka-1.jpg 800w, https:\/\/staghorn.pl\/wp-content\/uploads\/2024\/09\/zloty-naszyjnik-z-okragla-zawieszka-1-600x450.jpg 600w, https:\/\/staghorn.pl\/wp-content\/uploads\/2024\/09\/zloty-naszyjnik-z-okragla-zawieszka-1-300x225.jpg 300w, https:\/\/staghorn.pl\/wp-content\/uploads\/2024\/09\/zloty-naszyjnik-z-okragla-zawieszka-1-768x576.jpg 768w\" sizes=\"(max-width: 800px) 100vw, 800px\" \/>\t\t\t\t\t\t\t\t<\/a>\n\t\t\t\t\t\t\t\t\t\t\t\t\t\t\t<\/div>\n\t\t\t\t<\/div>\n\t\t\t\t<div class=\"elementor-element elementor-element-6ab472a elementor-widget elementor-widget-image\" data-id=\"6ab472a\" data-element_type=\"widget\" data-e-type=\"widget\" data-widget_type=\"image.default\">\n\t\t\t\t<div class=\"elementor-widget-container\">\n\t\t\t\t\t\t\t\t\t\t\t\t\t\t\t\t<a href=\"https:\/\/staghorn.pl\/?product=naszyjnik-z-masa-perlowa\">\n\t\t\t\t\t\t\t<img loading=\"lazy\" decoding=\"async\" width=\"800\" height=\"600\" src=\"https:\/\/staghorn.pl\/wp-content\/uploads\/2024\/09\/naszyjnik-z-zawieszka-w-ksztalcie-serca.jpg\" class=\"attachment-large size-large wp-image-1054\" alt=\"\" srcset=\"https:\/\/staghorn.pl\/wp-content\/uploads\/2024\/09\/naszyjnik-z-zawieszka-w-ksztalcie-serca.jpg 800w, https:\/\/staghorn.pl\/wp-content\/uploads\/2024\/09\/naszyjnik-z-zawieszka-w-ksztalcie-serca-600x450.jpg 600w, https:\/\/staghorn.pl\/wp-content\/uploads\/2024\/09\/naszyjnik-z-zawieszka-w-ksztalcie-serca-300x225.jpg 300w, https:\/\/staghorn.pl\/wp-content\/uploads\/2024\/09\/naszyjnik-z-zawieszka-w-ksztalcie-serca-768x576.jpg 768w\" sizes=\"(max-width: 800px) 100vw, 800px\" \/>\t\t\t\t\t\t\t\t<\/a>\n\t\t\t\t\t\t\t\t\t\t\t\t\t\t\t<\/div>\n\t\t\t\t<\/div>\n\t\t\t\t<div class=\"elementor-element elementor-element-ea82460 elementor-widget elementor-widget-image\" data-id=\"ea82460\" data-element_type=\"widget\" data-e-type=\"widget\" data-widget_type=\"image.default\">\n\t\t\t\t<div class=\"elementor-widget-container\">\n\t\t\t\t\t\t\t\t\t\t\t\t\t\t\t<img loading=\"lazy\" decoding=\"async\" width=\"800\" height=\"600\" src=\"https:\/\/staghorn.pl\/wp-content\/uploads\/2024\/09\/bizuteria-slubna-naszyjnik-w-stylu-boho.jpg\" class=\"attachment-large size-large wp-image-1048\" alt=\"\" srcset=\"https:\/\/staghorn.pl\/wp-content\/uploads\/2024\/09\/bizuteria-slubna-naszyjnik-w-stylu-boho.jpg 800w, https:\/\/staghorn.pl\/wp-content\/uploads\/2024\/09\/bizuteria-slubna-naszyjnik-w-stylu-boho-600x450.jpg 600w, https:\/\/staghorn.pl\/wp-content\/uploads\/2024\/09\/bizuteria-slubna-naszyjnik-w-stylu-boho-300x225.jpg 300w, https:\/\/staghorn.pl\/wp-content\/uploads\/2024\/09\/bizuteria-slubna-naszyjnik-w-stylu-boho-768x576.jpg 768w\" sizes=\"(max-width: 800px) 100vw, 800px\" \/>\t\t\t\t\t\t\t\t\t\t\t\t\t\t\t<\/div>\n\t\t\t\t<\/div>\n\t\t\t\t\t<\/div>\n\t\t\t\t<\/div>\n\t\t<div class=\"elementor-element elementor-element-7c17ad5 e-flex e-con-boxed e-con e-parent\" data-id=\"7c17ad5\" data-element_type=\"container\" data-e-type=\"container\">\n\t\t\t\t\t<div class=\"e-con-inner\">\n\t\t\t\t<div class=\"elementor-element elementor-element-4b1c022 elementor-widget elementor-widget-text-editor\" data-id=\"4b1c022\" data-element_type=\"widget\" data-e-type=\"widget\" data-widget_type=\"text-editor.default\">\n\t\t\t\t<div class=\"elementor-widget-container\">\n\t\t\t\t\t\t\t\t\t<p>Naszyjniki to bi\u017cuteria, kt\u00f3ra potrafi doda\u0107 blasku ka\u017cdej stylizacji. Prezentowane w galerii modele to jedynie przedsmak mo\u017cliwo\u015bci, jakie daje r\u0119czne wykonanie bi\u017cuterii technik\u0105 beadingow\u0105. Z koralik\u00f3w, kryszta\u0142k\u00f3w i kamieni szlachetnych tworz\u0119 naszyjniki, kt\u00f3re idealnie sprawdzaj\u0105 si\u0119 zar\u00f3wno w codziennych, jak i wieczorowych stylizacjach. Ka\u017cdy z widocznych modeli mo\u017cesz zam\u00f3wi\u0107, ale r\u00f3wnie ch\u0119tnie stworz\u0119 co\u015b zupe\u0142nie nowego, dostosowanego do Twoich osobistych potrzeb i gustu. Dzi\u0119ki indywidualnemu podej\u015bciu do ka\u017cdej realizacji, ka\u017cdy naszyjnik staje si\u0119 unikatowy, tak jak kobieta, kt\u00f3ra go nosi. Je\u017celi masz pomys\u0142 na naszyjnik marze\u0144, napisz do mnie \u2013 wsp\u00f3lnie stworzymy bi\u017cuteri\u0119, kt\u00f3ra podkre\u015bli Twoj\u0105 osobowo\u015b\u0107.<\/p>\t\t\t\t\t\t\t\t<\/div>\n\t\t\t\t<\/div>\n\t\t\t\t\t<\/div>\n\t\t\t\t<\/div>\n\t\t\t\t<\/div>\n\t\t","protected":false},"excerpt":{"rendered":"<p>Naszyjniki dla kobiet \u2013 r\u0119kodzie\u0142o, kt\u00f3re inspiruje Moje r\u0119cznie wykonane naszyjniki to niepowtarzalne dodatki, kt\u00f3re zachwycaj\u0105 oryginalnym wzornictwem i precyzj\u0105 wykonania. W tej kategorii znajdziesz zdj\u0119cia zar\u00f3wno aktualnych propozycji, jak i realizacji, kt\u00f3re mog\u0105 by\u0107 wykonane na indywidualne zam\u00f3wienie. Naszyjniki stworzone z koralik\u00f3w, kamieni i kryszta\u0142k\u00f3w idealnie pasuj\u0105 do ka\u017cdej stylizacji \u2013 od codziennych, po&#8230;<\/p>\n","protected":false},"author":1,"featured_media":0,"parent":0,"menu_order":0,"comment_status":"closed","ping_status":"closed","template":"","meta":{"_kad_post_transparent":"","_kad_post_title":"","_kad_post_layout":"","_kad_post_sidebar_id":"","_kad_post_content_style":"","_kad_post_vertical_padding":"","_kad_post_feature":"","_kad_post_feature_position":"","_kad_post_header":false,"_kad_post_footer":false,"_kad_post_classname":"","footnotes":""},"class_list":["post-182","page","type-page","status-publish","hentry"],"yoast_head":"<!-- This site is optimized with the Yoast SEO plugin v27.4 - https:\/\/yoast.com\/product\/yoast-seo-wordpress\/ -->\n<title>Naszyjniki - Staghorn<\/title>\n<meta name=\"description\" content=\"R\u0119cznie robione naszyjniki dla kobiet z koralik\u00f3w i kamieni. Elegancka bi\u017cuteria dla os\u00f3b, kt\u00f3re ceni\u0105 luksus i oryginalno\u015b\u0107.\" \/>\n<meta name=\"robots\" content=\"index, follow, max-snippet:-1, max-image-preview:large, max-video-preview:-1\" \/>\n<link rel=\"canonical\" href=\"https:\/\/staghorn.pl\/?page_id=182\" \/>\n<meta property=\"og:locale\" content=\"pl_PL\" \/>\n<meta property=\"og:type\" content=\"article\" \/>\n<meta property=\"og:title\" content=\"Naszyjniki - Staghorn\" \/>\n<meta property=\"og:description\" content=\"R\u0119cznie robione naszyjniki dla kobiet z koralik\u00f3w i kamieni. Elegancka bi\u017cuteria dla os\u00f3b, kt\u00f3re ceni\u0105 luksus i oryginalno\u015b\u0107.\" \/>\n<meta property=\"og:url\" content=\"https:\/\/staghorn.pl\/?page_id=182\" \/>\n<meta property=\"og:site_name\" content=\"Staghorn\" \/>\n<meta property=\"article:modified_time\" content=\"2024-09-30T12:16:25+00:00\" \/>\n<meta property=\"og:image\" content=\"https:\/\/staghorn.pl\/wp-content\/uploads\/2024\/09\/naszyjnik-slubny-z-krysztalkami.jpg\" \/>\n<meta name=\"twitter:card\" content=\"summary_large_image\" \/>\n<meta name=\"twitter:label1\" content=\"Szacowany czas czytania\" \/>\n\t<meta name=\"twitter:data1\" content=\"3 minuty\" \/>\n<script type=\"application\/ld+json\" class=\"yoast-schema-graph\">{\"@context\":\"https:\\\/\\\/schema.org\",\"@graph\":[{\"@type\":\"WebPage\",\"@id\":\"https:\\\/\\\/staghorn.pl\\\/?page_id=182\",\"url\":\"https:\\\/\\\/staghorn.pl\\\/?page_id=182\",\"name\":\"Naszyjniki - Staghorn\",\"isPartOf\":{\"@id\":\"https:\\\/\\\/staghorn.pl\\\/#website\"},\"primaryImageOfPage\":{\"@id\":\"https:\\\/\\\/staghorn.pl\\\/?page_id=182#primaryimage\"},\"image\":{\"@id\":\"https:\\\/\\\/staghorn.pl\\\/?page_id=182#primaryimage\"},\"thumbnailUrl\":\"https:\\\/\\\/staghorn.pl\\\/wp-content\\\/uploads\\\/2024\\\/09\\\/naszyjnik-slubny-z-krysztalkami.jpg\",\"datePublished\":\"2024-05-18T09:25:00+00:00\",\"dateModified\":\"2024-09-30T12:16:25+00:00\",\"description\":\"R\u0119cznie robione naszyjniki dla kobiet z koralik\u00f3w i kamieni. Elegancka bi\u017cuteria dla os\u00f3b, kt\u00f3re ceni\u0105 luksus i oryginalno\u015b\u0107.\",\"breadcrumb\":{\"@id\":\"https:\\\/\\\/staghorn.pl\\\/?page_id=182#breadcrumb\"},\"inLanguage\":\"pl-PL\",\"potentialAction\":[{\"@type\":\"ReadAction\",\"target\":[\"https:\\\/\\\/staghorn.pl\\\/?page_id=182\"]}]},{\"@type\":\"ImageObject\",\"inLanguage\":\"pl-PL\",\"@id\":\"https:\\\/\\\/staghorn.pl\\\/?page_id=182#primaryimage\",\"url\":\"https:\\\/\\\/staghorn.pl\\\/wp-content\\\/uploads\\\/2024\\\/09\\\/naszyjnik-slubny-z-krysztalkami.jpg\",\"contentUrl\":\"https:\\\/\\\/staghorn.pl\\\/wp-content\\\/uploads\\\/2024\\\/09\\\/naszyjnik-slubny-z-krysztalkami.jpg\"},{\"@type\":\"BreadcrumbList\",\"@id\":\"https:\\\/\\\/staghorn.pl\\\/?page_id=182#breadcrumb\",\"itemListElement\":[{\"@type\":\"ListItem\",\"position\":1,\"name\":\"Strona g\u0142\u00f3wna\",\"item\":\"https:\\\/\\\/staghorn.pl\\\/\"},{\"@type\":\"ListItem\",\"position\":2,\"name\":\"Naszyjniki\"}]},{\"@type\":\"WebSite\",\"@id\":\"https:\\\/\\\/staghorn.pl\\\/#website\",\"url\":\"https:\\\/\\\/staghorn.pl\\\/\",\"name\":\"Staghorn\",\"description\":\"\",\"publisher\":{\"@id\":\"https:\\\/\\\/staghorn.pl\\\/#\\\/schema\\\/person\\\/985c0f377b3807be4ab7ca84c02a0459\"},\"potentialAction\":[{\"@type\":\"SearchAction\",\"target\":{\"@type\":\"EntryPoint\",\"urlTemplate\":\"https:\\\/\\\/staghorn.pl\\\/?s={search_term_string}\"},\"query-input\":{\"@type\":\"PropertyValueSpecification\",\"valueRequired\":true,\"valueName\":\"search_term_string\"}}],\"inLanguage\":\"pl-PL\"},{\"@type\":[\"Person\",\"Organization\"],\"@id\":\"https:\\\/\\\/staghorn.pl\\\/#\\\/schema\\\/person\\\/985c0f377b3807be4ab7ca84c02a0459\",\"name\":\"Kasia\",\"image\":{\"@type\":\"ImageObject\",\"inLanguage\":\"pl-PL\",\"@id\":\"https:\\\/\\\/staghorn.pl\\\/wp-content\\\/uploads\\\/2024\\\/05\\\/cropped-2.png\",\"url\":\"https:\\\/\\\/staghorn.pl\\\/wp-content\\\/uploads\\\/2024\\\/05\\\/cropped-2.png\",\"contentUrl\":\"https:\\\/\\\/staghorn.pl\\\/wp-content\\\/uploads\\\/2024\\\/05\\\/cropped-2.png\",\"width\":512,\"height\":512,\"caption\":\"Kasia\"},\"logo\":{\"@id\":\"https:\\\/\\\/staghorn.pl\\\/wp-content\\\/uploads\\\/2024\\\/05\\\/cropped-2.png\"},\"sameAs\":[\"http:\\\/\\\/staghorn.pl\"]}]}<\/script>\n<!-- \/ Yoast SEO plugin. -->","yoast_head_json":{"title":"Naszyjniki - Staghorn","description":"R\u0119cznie robione naszyjniki dla kobiet z koralik\u00f3w i kamieni. Elegancka bi\u017cuteria dla os\u00f3b, kt\u00f3re ceni\u0105 luksus i oryginalno\u015b\u0107.","robots":{"index":"index","follow":"follow","max-snippet":"max-snippet:-1","max-image-preview":"max-image-preview:large","max-video-preview":"max-video-preview:-1"},"canonical":"https:\/\/staghorn.pl\/?page_id=182","og_locale":"pl_PL","og_type":"article","og_title":"Naszyjniki - Staghorn","og_description":"R\u0119cznie robione naszyjniki dla kobiet z koralik\u00f3w i kamieni. Elegancka bi\u017cuteria dla os\u00f3b, kt\u00f3re ceni\u0105 luksus i oryginalno\u015b\u0107.","og_url":"https:\/\/staghorn.pl\/?page_id=182","og_site_name":"Staghorn","article_modified_time":"2024-09-30T12:16:25+00:00","og_image":[{"url":"https:\/\/staghorn.pl\/wp-content\/uploads\/2024\/09\/naszyjnik-slubny-z-krysztalkami.jpg","type":"","width":"","height":""}],"twitter_card":"summary_large_image","twitter_misc":{"Szacowany czas czytania":"3 minuty"},"schema":{"@context":"https:\/\/schema.org","@graph":[{"@type":"WebPage","@id":"https:\/\/staghorn.pl\/?page_id=182","url":"https:\/\/staghorn.pl\/?page_id=182","name":"Naszyjniki - Staghorn","isPartOf":{"@id":"https:\/\/staghorn.pl\/#website"},"primaryImageOfPage":{"@id":"https:\/\/staghorn.pl\/?page_id=182#primaryimage"},"image":{"@id":"https:\/\/staghorn.pl\/?page_id=182#primaryimage"},"thumbnailUrl":"https:\/\/staghorn.pl\/wp-content\/uploads\/2024\/09\/naszyjnik-slubny-z-krysztalkami.jpg","datePublished":"2024-05-18T09:25:00+00:00","dateModified":"2024-09-30T12:16:25+00:00","description":"R\u0119cznie robione naszyjniki dla kobiet z koralik\u00f3w i kamieni. Elegancka bi\u017cuteria dla os\u00f3b, kt\u00f3re ceni\u0105 luksus i oryginalno\u015b\u0107.","breadcrumb":{"@id":"https:\/\/staghorn.pl\/?page_id=182#breadcrumb"},"inLanguage":"pl-PL","potentialAction":[{"@type":"ReadAction","target":["https:\/\/staghorn.pl\/?page_id=182"]}]},{"@type":"ImageObject","inLanguage":"pl-PL","@id":"https:\/\/staghorn.pl\/?page_id=182#primaryimage","url":"https:\/\/staghorn.pl\/wp-content\/uploads\/2024\/09\/naszyjnik-slubny-z-krysztalkami.jpg","contentUrl":"https:\/\/staghorn.pl\/wp-content\/uploads\/2024\/09\/naszyjnik-slubny-z-krysztalkami.jpg"},{"@type":"BreadcrumbList","@id":"https:\/\/staghorn.pl\/?page_id=182#breadcrumb","itemListElement":[{"@type":"ListItem","position":1,"name":"Strona g\u0142\u00f3wna","item":"https:\/\/staghorn.pl\/"},{"@type":"ListItem","position":2,"name":"Naszyjniki"}]},{"@type":"WebSite","@id":"https:\/\/staghorn.pl\/#website","url":"https:\/\/staghorn.pl\/","name":"Staghorn","description":"","publisher":{"@id":"https:\/\/staghorn.pl\/#\/schema\/person\/985c0f377b3807be4ab7ca84c02a0459"},"potentialAction":[{"@type":"SearchAction","target":{"@type":"EntryPoint","urlTemplate":"https:\/\/staghorn.pl\/?s={search_term_string}"},"query-input":{"@type":"PropertyValueSpecification","valueRequired":true,"valueName":"search_term_string"}}],"inLanguage":"pl-PL"},{"@type":["Person","Organization"],"@id":"https:\/\/staghorn.pl\/#\/schema\/person\/985c0f377b3807be4ab7ca84c02a0459","name":"Kasia","image":{"@type":"ImageObject","inLanguage":"pl-PL","@id":"https:\/\/staghorn.pl\/wp-content\/uploads\/2024\/05\/cropped-2.png","url":"https:\/\/staghorn.pl\/wp-content\/uploads\/2024\/05\/cropped-2.png","contentUrl":"https:\/\/staghorn.pl\/wp-content\/uploads\/2024\/05\/cropped-2.png","width":512,"height":512,"caption":"Kasia"},"logo":{"@id":"https:\/\/staghorn.pl\/wp-content\/uploads\/2024\/05\/cropped-2.png"},"sameAs":["http:\/\/staghorn.pl"]}]}},"jetpack_sharing_enabled":true,"_links":{"self":[{"href":"https:\/\/staghorn.pl\/index.php?rest_route=\/wp\/v2\/pages\/182","targetHints":{"allow":["GET"]}}],"collection":[{"href":"https:\/\/staghorn.pl\/index.php?rest_route=\/wp\/v2\/pages"}],"about":[{"href":"https:\/\/staghorn.pl\/index.php?rest_route=\/wp\/v2\/types\/page"}],"author":[{"embeddable":true,"href":"https:\/\/staghorn.pl\/index.php?rest_route=\/wp\/v2\/users\/1"}],"replies":[{"embeddable":true,"href":"https:\/\/staghorn.pl\/index.php?rest_route=%2Fwp%2Fv2%2Fcomments&post=182"}],"version-history":[{"count":11,"href":"https:\/\/staghorn.pl\/index.php?rest_route=\/wp\/v2\/pages\/182\/revisions"}],"predecessor-version":[{"id":1263,"href":"https:\/\/staghorn.pl\/index.php?rest_route=\/wp\/v2\/pages\/182\/revisions\/1263"}],"wp:attachment":[{"href":"https:\/\/staghorn.pl\/index.php?rest_route=%2Fwp%2Fv2%2Fmedia&parent=182"}],"curies":[{"name":"wp","href":"https:\/\/api.w.org\/{rel}","templated":true}]}}