{"id":267,"date":"2024-05-18T11:38:03","date_gmt":"2024-05-18T09:38:03","guid":{"rendered":"https:\/\/staghorn.pl\/?page_id=267"},"modified":"2024-11-23T14:17:27","modified_gmt":"2024-11-23T13:17:27","slug":"realizacje","status":"publish","type":"page","link":"https:\/\/staghorn.pl\/?page_id=267","title":{"rendered":"Realizacje"},"content":{"rendered":"\n<figure class=\"wp-block-gallery has-nested-images columns-default is-cropped wp-block-gallery-1 is-layout-flex wp-block-gallery-is-layout-flex\">\n<figure class=\"wp-block-image size-large\"><a href=\"https:\/\/staghorn.pl\/?page_id=147\"><img fetchpriority=\"high\" decoding=\"async\" width=\"1024\" height=\"1024\" data-id=\"748\" src=\"https:\/\/staghorn.pl\/wp-content\/uploads\/2024\/08\/1-4-1024x1024.png\" alt=\"\" class=\"wp-image-748\" srcset=\"https:\/\/staghorn.pl\/wp-content\/uploads\/2024\/08\/1-4-1024x1024.png 1024w, https:\/\/staghorn.pl\/wp-content\/uploads\/2024\/08\/1-4-400x400.png 400w, https:\/\/staghorn.pl\/wp-content\/uploads\/2024\/08\/1-4-100x100.png 100w, https:\/\/staghorn.pl\/wp-content\/uploads\/2024\/08\/1-4-600x600.png 600w, https:\/\/staghorn.pl\/wp-content\/uploads\/2024\/08\/1-4-300x300.png 300w, https:\/\/staghorn.pl\/wp-content\/uploads\/2024\/08\/1-4-150x150.png 150w, https:\/\/staghorn.pl\/wp-content\/uploads\/2024\/08\/1-4-768x768.png 768w, https:\/\/staghorn.pl\/wp-content\/uploads\/2024\/08\/1-4.png 1080w\" sizes=\"(max-width: 1024px) 100vw, 1024px\" \/><\/a><\/figure>\n\n\n\n<figure class=\"wp-block-image size-large\"><a href=\"https:\/\/staghorn.pl\/?page_id=182\"><img decoding=\"async\" width=\"1024\" height=\"1024\" data-id=\"747\" src=\"https:\/\/staghorn.pl\/wp-content\/uploads\/2024\/08\/2-1-1024x1024.png\" alt=\"\" class=\"wp-image-747\" srcset=\"https:\/\/staghorn.pl\/wp-content\/uploads\/2024\/08\/2-1-1024x1024.png 1024w, https:\/\/staghorn.pl\/wp-content\/uploads\/2024\/08\/2-1-400x400.png 400w, https:\/\/staghorn.pl\/wp-content\/uploads\/2024\/08\/2-1-100x100.png 100w, https:\/\/staghorn.pl\/wp-content\/uploads\/2024\/08\/2-1-600x600.png 600w, https:\/\/staghorn.pl\/wp-content\/uploads\/2024\/08\/2-1-300x300.png 300w, https:\/\/staghorn.pl\/wp-content\/uploads\/2024\/08\/2-1-150x150.png 150w, https:\/\/staghorn.pl\/wp-content\/uploads\/2024\/08\/2-1-768x768.png 768w, https:\/\/staghorn.pl\/wp-content\/uploads\/2024\/08\/2-1.png 1080w\" sizes=\"(max-width: 1024px) 100vw, 1024px\" \/><\/a><\/figure>\n\n\n\n<figure class=\"wp-block-image size-large\"><a href=\"https:\/\/staghorn.pl\/?page_id=164\"><img decoding=\"async\" width=\"1024\" height=\"1024\" data-id=\"746\" src=\"https:\/\/staghorn.pl\/wp-content\/uploads\/2024\/08\/3-2-1024x1024.png\" alt=\"\" class=\"wp-image-746\" srcset=\"https:\/\/staghorn.pl\/wp-content\/uploads\/2024\/08\/3-2-1024x1024.png 1024w, https:\/\/staghorn.pl\/wp-content\/uploads\/2024\/08\/3-2-400x400.png 400w, https:\/\/staghorn.pl\/wp-content\/uploads\/2024\/08\/3-2-100x100.png 100w, https:\/\/staghorn.pl\/wp-content\/uploads\/2024\/08\/3-2-600x600.png 600w, https:\/\/staghorn.pl\/wp-content\/uploads\/2024\/08\/3-2-300x300.png 300w, https:\/\/staghorn.pl\/wp-content\/uploads\/2024\/08\/3-2-150x150.png 150w, https:\/\/staghorn.pl\/wp-content\/uploads\/2024\/08\/3-2-768x768.png 768w, https:\/\/staghorn.pl\/wp-content\/uploads\/2024\/08\/3-2.png 1080w\" sizes=\"(max-width: 1024px) 100vw, 1024px\" \/><\/a><\/figure>\n\n\n\n<figure class=\"wp-block-image size-large\"><a href=\"https:\/\/staghorn.pl\/?page_id=200\"><img loading=\"lazy\" decoding=\"async\" width=\"1024\" height=\"1024\" data-id=\"749\" src=\"https:\/\/staghorn.pl\/wp-content\/uploads\/2024\/08\/4-1-1024x1024.png\" alt=\"\" class=\"wp-image-749\" srcset=\"https:\/\/staghorn.pl\/wp-content\/uploads\/2024\/08\/4-1-1024x1024.png 1024w, https:\/\/staghorn.pl\/wp-content\/uploads\/2024\/08\/4-1-400x400.png 400w, https:\/\/staghorn.pl\/wp-content\/uploads\/2024\/08\/4-1-100x100.png 100w, https:\/\/staghorn.pl\/wp-content\/uploads\/2024\/08\/4-1-600x600.png 600w, https:\/\/staghorn.pl\/wp-content\/uploads\/2024\/08\/4-1-300x300.png 300w, https:\/\/staghorn.pl\/wp-content\/uploads\/2024\/08\/4-1-150x150.png 150w, https:\/\/staghorn.pl\/wp-content\/uploads\/2024\/08\/4-1-768x768.png 768w, https:\/\/staghorn.pl\/wp-content\/uploads\/2024\/08\/4-1.png 1080w\" sizes=\"(max-width: 1024px) 100vw, 1024px\" \/><\/a><\/figure>\n\n\n\n<figure class=\"wp-block-image size-large\"><a href=\"https:\/\/staghorn.pl\/?page_id=190\"><img loading=\"lazy\" decoding=\"async\" width=\"1024\" height=\"1024\" data-id=\"751\" src=\"https:\/\/staghorn.pl\/wp-content\/uploads\/2024\/08\/5-1-1024x1024.png\" alt=\"\" class=\"wp-image-751\" srcset=\"https:\/\/staghorn.pl\/wp-content\/uploads\/2024\/08\/5-1-1024x1024.png 1024w, https:\/\/staghorn.pl\/wp-content\/uploads\/2024\/08\/5-1-400x400.png 400w, https:\/\/staghorn.pl\/wp-content\/uploads\/2024\/08\/5-1-100x100.png 100w, https:\/\/staghorn.pl\/wp-content\/uploads\/2024\/08\/5-1-600x600.png 600w, https:\/\/staghorn.pl\/wp-content\/uploads\/2024\/08\/5-1-300x300.png 300w, https:\/\/staghorn.pl\/wp-content\/uploads\/2024\/08\/5-1-150x150.png 150w, https:\/\/staghorn.pl\/wp-content\/uploads\/2024\/08\/5-1-768x768.png 768w, https:\/\/staghorn.pl\/wp-content\/uploads\/2024\/08\/5-1.png 1080w\" sizes=\"(max-width: 1024px) 100vw, 1024px\" \/><\/a><\/figure>\n\n\n\n<figure class=\"wp-block-image size-large\"><a href=\"https:\/\/staghorn.pl\/?page_id=364\"><img loading=\"lazy\" decoding=\"async\" width=\"1024\" height=\"1024\" data-id=\"750\" src=\"https:\/\/staghorn.pl\/wp-content\/uploads\/2024\/08\/6-1024x1024.png\" alt=\"\" class=\"wp-image-750\" srcset=\"https:\/\/staghorn.pl\/wp-content\/uploads\/2024\/08\/6-1024x1024.png 1024w, https:\/\/staghorn.pl\/wp-content\/uploads\/2024\/08\/6-400x400.png 400w, https:\/\/staghorn.pl\/wp-content\/uploads\/2024\/08\/6-100x100.png 100w, https:\/\/staghorn.pl\/wp-content\/uploads\/2024\/08\/6-600x600.png 600w, https:\/\/staghorn.pl\/wp-content\/uploads\/2024\/08\/6-300x300.png 300w, https:\/\/staghorn.pl\/wp-content\/uploads\/2024\/08\/6-150x150.png 150w, https:\/\/staghorn.pl\/wp-content\/uploads\/2024\/08\/6-768x768.png 768w, https:\/\/staghorn.pl\/wp-content\/uploads\/2024\/08\/6.png 1080w\" sizes=\"(max-width: 1024px) 100vw, 1024px\" \/><\/a><\/figure>\n\n\n\n<figure class=\"wp-block-image size-large\"><img loading=\"lazy\" decoding=\"async\" width=\"1024\" height=\"1024\" data-id=\"752\" src=\"https:\/\/staghorn.pl\/wp-content\/uploads\/2024\/08\/7-1024x1024.png\" alt=\"\" class=\"wp-image-752\" srcset=\"https:\/\/staghorn.pl\/wp-content\/uploads\/2024\/08\/7-1024x1024.png 1024w, https:\/\/staghorn.pl\/wp-content\/uploads\/2024\/08\/7-400x400.png 400w, https:\/\/staghorn.pl\/wp-content\/uploads\/2024\/08\/7-100x100.png 100w, https:\/\/staghorn.pl\/wp-content\/uploads\/2024\/08\/7-600x600.png 600w, https:\/\/staghorn.pl\/wp-content\/uploads\/2024\/08\/7-300x300.png 300w, https:\/\/staghorn.pl\/wp-content\/uploads\/2024\/08\/7-150x150.png 150w, https:\/\/staghorn.pl\/wp-content\/uploads\/2024\/08\/7-768x768.png 768w, https:\/\/staghorn.pl\/wp-content\/uploads\/2024\/08\/7.png 1080w\" sizes=\"(max-width: 1024px) 100vw, 1024px\" \/><\/figure>\n\n\n\n<figure class=\"wp-block-image size-large\"><img loading=\"lazy\" decoding=\"async\" width=\"1024\" height=\"1024\" data-id=\"753\" src=\"https:\/\/staghorn.pl\/wp-content\/uploads\/2024\/08\/8-1024x1024.png\" alt=\"\" class=\"wp-image-753\" srcset=\"https:\/\/staghorn.pl\/wp-content\/uploads\/2024\/08\/8-1024x1024.png 1024w, https:\/\/staghorn.pl\/wp-content\/uploads\/2024\/08\/8-400x400.png 400w, https:\/\/staghorn.pl\/wp-content\/uploads\/2024\/08\/8-100x100.png 100w, https:\/\/staghorn.pl\/wp-content\/uploads\/2024\/08\/8-600x600.png 600w, https:\/\/staghorn.pl\/wp-content\/uploads\/2024\/08\/8-300x300.png 300w, https:\/\/staghorn.pl\/wp-content\/uploads\/2024\/08\/8-150x150.png 150w, https:\/\/staghorn.pl\/wp-content\/uploads\/2024\/08\/8-768x768.png 768w, https:\/\/staghorn.pl\/wp-content\/uploads\/2024\/08\/8.png 1080w\" sizes=\"(max-width: 1024px) 100vw, 1024px\" \/><\/figure>\n<\/figure>\n","protected":false},"excerpt":{"rendered":"","protected":false},"author":1,"featured_media":0,"parent":0,"menu_order":0,"comment_status":"closed","ping_status":"closed","template":"","meta":{"_kad_post_transparent":"","_kad_post_title":"","_kad_post_layout":"","_kad_post_sidebar_id":"","_kad_post_content_style":"","_kad_post_vertical_padding":"","_kad_post_feature":"","_kad_post_feature_position":"","_kad_post_header":false,"_kad_post_footer":false,"_kad_post_classname":"","footnotes":""},"class_list":["post-267","page","type-page","status-publish","hentry"],"yoast_head":"<!-- This site is optimized with the Yoast SEO plugin v27.4 - https:\/\/yoast.com\/product\/yoast-seo-wordpress\/ -->\n<title>Realizacje - Staghorn<\/title>\n<meta name=\"robots\" content=\"index, follow, max-snippet:-1, max-image-preview:large, max-video-preview:-1\" \/>\n<link rel=\"canonical\" href=\"https:\/\/staghorn.pl\/?page_id=267\" \/>\n<meta property=\"og:locale\" content=\"pl_PL\" \/>\n<meta property=\"og:type\" content=\"article\" \/>\n<meta property=\"og:title\" content=\"Realizacje - Staghorn\" \/>\n<meta property=\"og:url\" content=\"https:\/\/staghorn.pl\/?page_id=267\" \/>\n<meta property=\"og:site_name\" content=\"Staghorn\" \/>\n<meta property=\"article:modified_time\" content=\"2024-11-23T13:17:27+00:00\" \/>\n<meta property=\"og:image\" content=\"https:\/\/staghorn.pl\/wp-content\/uploads\/2024\/08\/1-4.png\" \/>\n\t<meta property=\"og:image:width\" content=\"1080\" \/>\n\t<meta property=\"og:image:height\" content=\"1080\" \/>\n\t<meta property=\"og:image:type\" content=\"image\/png\" \/>\n<meta name=\"twitter:card\" content=\"summary_large_image\" \/>\n<meta name=\"twitter:label1\" content=\"Szacowany czas czytania\" \/>\n\t<meta name=\"twitter:data1\" content=\"2 minuty\" \/>\n<script type=\"application\/ld+json\" class=\"yoast-schema-graph\">{\"@context\":\"https:\\\/\\\/schema.org\",\"@graph\":[{\"@type\":\"WebPage\",\"@id\":\"https:\\\/\\\/staghorn.pl\\\/?page_id=267\",\"url\":\"https:\\\/\\\/staghorn.pl\\\/?page_id=267\",\"name\":\"Realizacje - Staghorn\",\"isPartOf\":{\"@id\":\"https:\\\/\\\/staghorn.pl\\\/#website\"},\"primaryImageOfPage\":{\"@id\":\"https:\\\/\\\/staghorn.pl\\\/?page_id=267#primaryimage\"},\"image\":{\"@id\":\"https:\\\/\\\/staghorn.pl\\\/?page_id=267#primaryimage\"},\"thumbnailUrl\":\"https:\\\/\\\/staghorn.pl\\\/wp-content\\\/uploads\\\/2024\\\/08\\\/1-4-1024x1024.png\",\"datePublished\":\"2024-05-18T09:38:03+00:00\",\"dateModified\":\"2024-11-23T13:17:27+00:00\",\"breadcrumb\":{\"@id\":\"https:\\\/\\\/staghorn.pl\\\/?page_id=267#breadcrumb\"},\"inLanguage\":\"pl-PL\",\"potentialAction\":[{\"@type\":\"ReadAction\",\"target\":[\"https:\\\/\\\/staghorn.pl\\\/?page_id=267\"]}]},{\"@type\":\"ImageObject\",\"inLanguage\":\"pl-PL\",\"@id\":\"https:\\\/\\\/staghorn.pl\\\/?page_id=267#primaryimage\",\"url\":\"https:\\\/\\\/staghorn.pl\\\/wp-content\\\/uploads\\\/2024\\\/08\\\/1-4.png\",\"contentUrl\":\"https:\\\/\\\/staghorn.pl\\\/wp-content\\\/uploads\\\/2024\\\/08\\\/1-4.png\",\"width\":1080,\"height\":1080,\"caption\":\"Kategoria, w kt\u00f3rej znajdziesz bransoletki dla kobiet i m\u0119\u017cczyzn w ka\u017cdym wieku. Bi\u017cuteria luksusowa, wykonana z kamieni, kryszta\u0142k\u00f3w, koralik\u00f3w r\u00f3\u017cnymi technikami beadingowymi\"},{\"@type\":\"BreadcrumbList\",\"@id\":\"https:\\\/\\\/staghorn.pl\\\/?page_id=267#breadcrumb\",\"itemListElement\":[{\"@type\":\"ListItem\",\"position\":1,\"name\":\"Strona g\u0142\u00f3wna\",\"item\":\"https:\\\/\\\/staghorn.pl\\\/\"},{\"@type\":\"ListItem\",\"position\":2,\"name\":\"Realizacje\"}]},{\"@type\":\"WebSite\",\"@id\":\"https:\\\/\\\/staghorn.pl\\\/#website\",\"url\":\"https:\\\/\\\/staghorn.pl\\\/\",\"name\":\"Staghorn\",\"description\":\"\",\"publisher\":{\"@id\":\"https:\\\/\\\/staghorn.pl\\\/#\\\/schema\\\/person\\\/985c0f377b3807be4ab7ca84c02a0459\"},\"potentialAction\":[{\"@type\":\"SearchAction\",\"target\":{\"@type\":\"EntryPoint\",\"urlTemplate\":\"https:\\\/\\\/staghorn.pl\\\/?s={search_term_string}\"},\"query-input\":{\"@type\":\"PropertyValueSpecification\",\"valueRequired\":true,\"valueName\":\"search_term_string\"}}],\"inLanguage\":\"pl-PL\"},{\"@type\":[\"Person\",\"Organization\"],\"@id\":\"https:\\\/\\\/staghorn.pl\\\/#\\\/schema\\\/person\\\/985c0f377b3807be4ab7ca84c02a0459\",\"name\":\"Kasia\",\"image\":{\"@type\":\"ImageObject\",\"inLanguage\":\"pl-PL\",\"@id\":\"https:\\\/\\\/staghorn.pl\\\/wp-content\\\/uploads\\\/2024\\\/05\\\/cropped-2.png\",\"url\":\"https:\\\/\\\/staghorn.pl\\\/wp-content\\\/uploads\\\/2024\\\/05\\\/cropped-2.png\",\"contentUrl\":\"https:\\\/\\\/staghorn.pl\\\/wp-content\\\/uploads\\\/2024\\\/05\\\/cropped-2.png\",\"width\":512,\"height\":512,\"caption\":\"Kasia\"},\"logo\":{\"@id\":\"https:\\\/\\\/staghorn.pl\\\/wp-content\\\/uploads\\\/2024\\\/05\\\/cropped-2.png\"},\"sameAs\":[\"http:\\\/\\\/staghorn.pl\"]}]}<\/script>\n<!-- \/ Yoast SEO plugin. -->","yoast_head_json":{"title":"Realizacje - Staghorn","robots":{"index":"index","follow":"follow","max-snippet":"max-snippet:-1","max-image-preview":"max-image-preview:large","max-video-preview":"max-video-preview:-1"},"canonical":"https:\/\/staghorn.pl\/?page_id=267","og_locale":"pl_PL","og_type":"article","og_title":"Realizacje - Staghorn","og_url":"https:\/\/staghorn.pl\/?page_id=267","og_site_name":"Staghorn","article_modified_time":"2024-11-23T13:17:27+00:00","og_image":[{"width":1080,"height":1080,"url":"https:\/\/staghorn.pl\/wp-content\/uploads\/2024\/08\/1-4.png","type":"image\/png"}],"twitter_card":"summary_large_image","twitter_misc":{"Szacowany czas czytania":"2 minuty"},"schema":{"@context":"https:\/\/schema.org","@graph":[{"@type":"WebPage","@id":"https:\/\/staghorn.pl\/?page_id=267","url":"https:\/\/staghorn.pl\/?page_id=267","name":"Realizacje - Staghorn","isPartOf":{"@id":"https:\/\/staghorn.pl\/#website"},"primaryImageOfPage":{"@id":"https:\/\/staghorn.pl\/?page_id=267#primaryimage"},"image":{"@id":"https:\/\/staghorn.pl\/?page_id=267#primaryimage"},"thumbnailUrl":"https:\/\/staghorn.pl\/wp-content\/uploads\/2024\/08\/1-4-1024x1024.png","datePublished":"2024-05-18T09:38:03+00:00","dateModified":"2024-11-23T13:17:27+00:00","breadcrumb":{"@id":"https:\/\/staghorn.pl\/?page_id=267#breadcrumb"},"inLanguage":"pl-PL","potentialAction":[{"@type":"ReadAction","target":["https:\/\/staghorn.pl\/?page_id=267"]}]},{"@type":"ImageObject","inLanguage":"pl-PL","@id":"https:\/\/staghorn.pl\/?page_id=267#primaryimage","url":"https:\/\/staghorn.pl\/wp-content\/uploads\/2024\/08\/1-4.png","contentUrl":"https:\/\/staghorn.pl\/wp-content\/uploads\/2024\/08\/1-4.png","width":1080,"height":1080,"caption":"Kategoria, w kt\u00f3rej znajdziesz bransoletki dla kobiet i m\u0119\u017cczyzn w ka\u017cdym wieku. Bi\u017cuteria luksusowa, wykonana z kamieni, kryszta\u0142k\u00f3w, koralik\u00f3w r\u00f3\u017cnymi technikami beadingowymi"},{"@type":"BreadcrumbList","@id":"https:\/\/staghorn.pl\/?page_id=267#breadcrumb","itemListElement":[{"@type":"ListItem","position":1,"name":"Strona g\u0142\u00f3wna","item":"https:\/\/staghorn.pl\/"},{"@type":"ListItem","position":2,"name":"Realizacje"}]},{"@type":"WebSite","@id":"https:\/\/staghorn.pl\/#website","url":"https:\/\/staghorn.pl\/","name":"Staghorn","description":"","publisher":{"@id":"https:\/\/staghorn.pl\/#\/schema\/person\/985c0f377b3807be4ab7ca84c02a0459"},"potentialAction":[{"@type":"SearchAction","target":{"@type":"EntryPoint","urlTemplate":"https:\/\/staghorn.pl\/?s={search_term_string}"},"query-input":{"@type":"PropertyValueSpecification","valueRequired":true,"valueName":"search_term_string"}}],"inLanguage":"pl-PL"},{"@type":["Person","Organization"],"@id":"https:\/\/staghorn.pl\/#\/schema\/person\/985c0f377b3807be4ab7ca84c02a0459","name":"Kasia","image":{"@type":"ImageObject","inLanguage":"pl-PL","@id":"https:\/\/staghorn.pl\/wp-content\/uploads\/2024\/05\/cropped-2.png","url":"https:\/\/staghorn.pl\/wp-content\/uploads\/2024\/05\/cropped-2.png","contentUrl":"https:\/\/staghorn.pl\/wp-content\/uploads\/2024\/05\/cropped-2.png","width":512,"height":512,"caption":"Kasia"},"logo":{"@id":"https:\/\/staghorn.pl\/wp-content\/uploads\/2024\/05\/cropped-2.png"},"sameAs":["http:\/\/staghorn.pl"]}]}},"jetpack_sharing_enabled":true,"_links":{"self":[{"href":"https:\/\/staghorn.pl\/index.php?rest_route=\/wp\/v2\/pages\/267","targetHints":{"allow":["GET"]}}],"collection":[{"href":"https:\/\/staghorn.pl\/index.php?rest_route=\/wp\/v2\/pages"}],"about":[{"href":"https:\/\/staghorn.pl\/index.php?rest_route=\/wp\/v2\/types\/page"}],"author":[{"embeddable":true,"href":"https:\/\/staghorn.pl\/index.php?rest_route=\/wp\/v2\/users\/1"}],"replies":[{"embeddable":true,"href":"https:\/\/staghorn.pl\/index.php?rest_route=%2Fwp%2Fv2%2Fcomments&post=267"}],"version-history":[{"count":7,"href":"https:\/\/staghorn.pl\/index.php?rest_route=\/wp\/v2\/pages\/267\/revisions"}],"predecessor-version":[{"id":1476,"href":"https:\/\/staghorn.pl\/index.php?rest_route=\/wp\/v2\/pages\/267\/revisions\/1476"}],"wp:attachment":[{"href":"https:\/\/staghorn.pl\/index.php?rest_route=%2Fwp%2Fv2%2Fmedia&parent=267"}],"curies":[{"name":"wp","href":"https:\/\/api.w.org\/{rel}","templated":true}]}}