{"id":364,"date":"2024-05-18T20:42:29","date_gmt":"2024-05-18T18:42:29","guid":{"rendered":"https:\/\/staghorn.pl\/?page_id=364"},"modified":"2024-05-18T20:43:55","modified_gmt":"2024-05-18T18:43:55","slug":"364-2","status":"publish","type":"page","link":"https:\/\/staghorn.pl\/?page_id=364","title":{"rendered":"Torebki"},"content":{"rendered":"\n<figure class=\"wp-block-gallery has-nested-images columns-default is-cropped wp-block-gallery-1 is-layout-flex wp-block-gallery-is-layout-flex\">\n<figure class=\"wp-block-image size-large\"><img fetchpriority=\"high\" decoding=\"async\" width=\"768\" height=\"1024\" data-id=\"366\" src=\"https:\/\/staghorn.pl\/wp-content\/uploads\/2024\/05\/white-crystal-bag-3-768x1024.png\" alt=\"Bia\u0142a torebka z koralik\u00f3w z akrylowych koralik\u00f3w. Zapinana na magnes. Torebka do r\u0119ki z odpinanym paskiem umo\u017cliwiaj\u0105cym zaczepienie d\u0142u\u017cszego, dowolnego paska.\" class=\"wp-image-366\" srcset=\"https:\/\/staghorn.pl\/wp-content\/uploads\/2024\/05\/white-crystal-bag-3-768x1024.png 768w, https:\/\/staghorn.pl\/wp-content\/uploads\/2024\/05\/white-crystal-bag-3-scaled-600x800.png 600w, https:\/\/staghorn.pl\/wp-content\/uploads\/2024\/05\/white-crystal-bag-3-225x300.png 225w, https:\/\/staghorn.pl\/wp-content\/uploads\/2024\/05\/white-crystal-bag-3-1152x1536.png 1152w, https:\/\/staghorn.pl\/wp-content\/uploads\/2024\/05\/white-crystal-bag-3-1536x2048.png 1536w, https:\/\/staghorn.pl\/wp-content\/uploads\/2024\/05\/white-crystal-bag-3-scaled.png 1920w\" sizes=\"(max-width: 768px) 100vw, 768px\" \/><\/figure>\n\n\n\n<figure class=\"wp-block-image size-large\"><img decoding=\"async\" width=\"768\" height=\"1024\" data-id=\"365\" src=\"https:\/\/staghorn.pl\/wp-content\/uploads\/2024\/05\/beaded-bag-3-768x1024.png\" alt=\"Torebka z koralik\u00f3w w pomara\u0144czowym kolorze. Torebka do r\u0119ki, z zapi\u0119ciem na magnes..\" class=\"wp-image-365\" srcset=\"https:\/\/staghorn.pl\/wp-content\/uploads\/2024\/05\/beaded-bag-3-768x1024.png 768w, https:\/\/staghorn.pl\/wp-content\/uploads\/2024\/05\/beaded-bag-3-scaled-600x800.png 600w, https:\/\/staghorn.pl\/wp-content\/uploads\/2024\/05\/beaded-bag-3-225x300.png 225w, https:\/\/staghorn.pl\/wp-content\/uploads\/2024\/05\/beaded-bag-3-1152x1536.png 1152w, https:\/\/staghorn.pl\/wp-content\/uploads\/2024\/05\/beaded-bag-3-1536x2048.png 1536w, https:\/\/staghorn.pl\/wp-content\/uploads\/2024\/05\/beaded-bag-3-scaled.png 1920w\" sizes=\"(max-width: 768px) 100vw, 768px\" \/><\/figure>\n<\/figure>\n","protected":false},"excerpt":{"rendered":"","protected":false},"author":1,"featured_media":0,"parent":0,"menu_order":0,"comment_status":"closed","ping_status":"closed","template":"","meta":{"_kad_post_transparent":"","_kad_post_title":"","_kad_post_layout":"","_kad_post_sidebar_id":"","_kad_post_content_style":"","_kad_post_vertical_padding":"","_kad_post_feature":"","_kad_post_feature_position":"","_kad_post_header":false,"_kad_post_footer":false,"_kad_post_classname":"","footnotes":""},"class_list":["post-364","page","type-page","status-publish","hentry"],"yoast_head":"<!-- This site is optimized with the Yoast SEO plugin v27.4 - https:\/\/yoast.com\/product\/yoast-seo-wordpress\/ -->\n<title>Torebki - Staghorn<\/title>\n<meta name=\"robots\" content=\"index, follow, max-snippet:-1, max-image-preview:large, max-video-preview:-1\" \/>\n<link rel=\"canonical\" href=\"https:\/\/staghorn.pl\/?page_id=364\" \/>\n<meta property=\"og:locale\" content=\"pl_PL\" \/>\n<meta property=\"og:type\" content=\"article\" \/>\n<meta property=\"og:title\" content=\"Torebki - Staghorn\" \/>\n<meta property=\"og:url\" content=\"https:\/\/staghorn.pl\/?page_id=364\" \/>\n<meta property=\"og:site_name\" content=\"Staghorn\" \/>\n<meta property=\"article:modified_time\" content=\"2024-05-18T18:43:55+00:00\" \/>\n<meta property=\"og:image\" content=\"https:\/\/staghorn.pl\/wp-content\/uploads\/2024\/05\/white-crystal-bag-3-768x1024.png\" \/>\n<meta name=\"twitter:card\" content=\"summary_large_image\" \/>\n<script type=\"application\/ld+json\" class=\"yoast-schema-graph\">{\"@context\":\"https:\\\/\\\/schema.org\",\"@graph\":[{\"@type\":\"WebPage\",\"@id\":\"https:\\\/\\\/staghorn.pl\\\/?page_id=364\",\"url\":\"https:\\\/\\\/staghorn.pl\\\/?page_id=364\",\"name\":\"Torebki - Staghorn\",\"isPartOf\":{\"@id\":\"https:\\\/\\\/staghorn.pl\\\/#website\"},\"primaryImageOfPage\":{\"@id\":\"https:\\\/\\\/staghorn.pl\\\/?page_id=364#primaryimage\"},\"image\":{\"@id\":\"https:\\\/\\\/staghorn.pl\\\/?page_id=364#primaryimage\"},\"thumbnailUrl\":\"https:\\\/\\\/staghorn.pl\\\/wp-content\\\/uploads\\\/2024\\\/05\\\/white-crystal-bag-3-768x1024.png\",\"datePublished\":\"2024-05-18T18:42:29+00:00\",\"dateModified\":\"2024-05-18T18:43:55+00:00\",\"breadcrumb\":{\"@id\":\"https:\\\/\\\/staghorn.pl\\\/?page_id=364#breadcrumb\"},\"inLanguage\":\"pl-PL\",\"potentialAction\":[{\"@type\":\"ReadAction\",\"target\":[\"https:\\\/\\\/staghorn.pl\\\/?page_id=364\"]}]},{\"@type\":\"ImageObject\",\"inLanguage\":\"pl-PL\",\"@id\":\"https:\\\/\\\/staghorn.pl\\\/?page_id=364#primaryimage\",\"url\":\"https:\\\/\\\/staghorn.pl\\\/wp-content\\\/uploads\\\/2024\\\/05\\\/white-crystal-bag-3-scaled.png\",\"contentUrl\":\"https:\\\/\\\/staghorn.pl\\\/wp-content\\\/uploads\\\/2024\\\/05\\\/white-crystal-bag-3-scaled.png\",\"width\":1920,\"height\":2560,\"caption\":\"Bia\u0142a torebka z koralik\u00f3w z akrylowych koralik\u00f3w. Zapinana na magnes. Torebka do r\u0119ki z odpinanym paskiem umo\u017cliwiaj\u0105cym zaczepienie d\u0142u\u017cszego, dowolnego paska.\"},{\"@type\":\"BreadcrumbList\",\"@id\":\"https:\\\/\\\/staghorn.pl\\\/?page_id=364#breadcrumb\",\"itemListElement\":[{\"@type\":\"ListItem\",\"position\":1,\"name\":\"Strona g\u0142\u00f3wna\",\"item\":\"https:\\\/\\\/staghorn.pl\\\/\"},{\"@type\":\"ListItem\",\"position\":2,\"name\":\"Torebki\"}]},{\"@type\":\"WebSite\",\"@id\":\"https:\\\/\\\/staghorn.pl\\\/#website\",\"url\":\"https:\\\/\\\/staghorn.pl\\\/\",\"name\":\"Staghorn\",\"description\":\"\",\"publisher\":{\"@id\":\"https:\\\/\\\/staghorn.pl\\\/#\\\/schema\\\/person\\\/985c0f377b3807be4ab7ca84c02a0459\"},\"potentialAction\":[{\"@type\":\"SearchAction\",\"target\":{\"@type\":\"EntryPoint\",\"urlTemplate\":\"https:\\\/\\\/staghorn.pl\\\/?s={search_term_string}\"},\"query-input\":{\"@type\":\"PropertyValueSpecification\",\"valueRequired\":true,\"valueName\":\"search_term_string\"}}],\"inLanguage\":\"pl-PL\"},{\"@type\":[\"Person\",\"Organization\"],\"@id\":\"https:\\\/\\\/staghorn.pl\\\/#\\\/schema\\\/person\\\/985c0f377b3807be4ab7ca84c02a0459\",\"name\":\"Kasia\",\"image\":{\"@type\":\"ImageObject\",\"inLanguage\":\"pl-PL\",\"@id\":\"https:\\\/\\\/staghorn.pl\\\/wp-content\\\/uploads\\\/2024\\\/05\\\/cropped-2.png\",\"url\":\"https:\\\/\\\/staghorn.pl\\\/wp-content\\\/uploads\\\/2024\\\/05\\\/cropped-2.png\",\"contentUrl\":\"https:\\\/\\\/staghorn.pl\\\/wp-content\\\/uploads\\\/2024\\\/05\\\/cropped-2.png\",\"width\":512,\"height\":512,\"caption\":\"Kasia\"},\"logo\":{\"@id\":\"https:\\\/\\\/staghorn.pl\\\/wp-content\\\/uploads\\\/2024\\\/05\\\/cropped-2.png\"},\"sameAs\":[\"http:\\\/\\\/staghorn.pl\"]}]}<\/script>\n<!-- \/ Yoast SEO plugin. -->","yoast_head_json":{"title":"Torebki - Staghorn","robots":{"index":"index","follow":"follow","max-snippet":"max-snippet:-1","max-image-preview":"max-image-preview:large","max-video-preview":"max-video-preview:-1"},"canonical":"https:\/\/staghorn.pl\/?page_id=364","og_locale":"pl_PL","og_type":"article","og_title":"Torebki - Staghorn","og_url":"https:\/\/staghorn.pl\/?page_id=364","og_site_name":"Staghorn","article_modified_time":"2024-05-18T18:43:55+00:00","og_image":[{"url":"https:\/\/staghorn.pl\/wp-content\/uploads\/2024\/05\/white-crystal-bag-3-768x1024.png","type":"","width":"","height":""}],"twitter_card":"summary_large_image","schema":{"@context":"https:\/\/schema.org","@graph":[{"@type":"WebPage","@id":"https:\/\/staghorn.pl\/?page_id=364","url":"https:\/\/staghorn.pl\/?page_id=364","name":"Torebki - Staghorn","isPartOf":{"@id":"https:\/\/staghorn.pl\/#website"},"primaryImageOfPage":{"@id":"https:\/\/staghorn.pl\/?page_id=364#primaryimage"},"image":{"@id":"https:\/\/staghorn.pl\/?page_id=364#primaryimage"},"thumbnailUrl":"https:\/\/staghorn.pl\/wp-content\/uploads\/2024\/05\/white-crystal-bag-3-768x1024.png","datePublished":"2024-05-18T18:42:29+00:00","dateModified":"2024-05-18T18:43:55+00:00","breadcrumb":{"@id":"https:\/\/staghorn.pl\/?page_id=364#breadcrumb"},"inLanguage":"pl-PL","potentialAction":[{"@type":"ReadAction","target":["https:\/\/staghorn.pl\/?page_id=364"]}]},{"@type":"ImageObject","inLanguage":"pl-PL","@id":"https:\/\/staghorn.pl\/?page_id=364#primaryimage","url":"https:\/\/staghorn.pl\/wp-content\/uploads\/2024\/05\/white-crystal-bag-3-scaled.png","contentUrl":"https:\/\/staghorn.pl\/wp-content\/uploads\/2024\/05\/white-crystal-bag-3-scaled.png","width":1920,"height":2560,"caption":"Bia\u0142a torebka z koralik\u00f3w z akrylowych koralik\u00f3w. Zapinana na magnes. Torebka do r\u0119ki z odpinanym paskiem umo\u017cliwiaj\u0105cym zaczepienie d\u0142u\u017cszego, dowolnego paska."},{"@type":"BreadcrumbList","@id":"https:\/\/staghorn.pl\/?page_id=364#breadcrumb","itemListElement":[{"@type":"ListItem","position":1,"name":"Strona g\u0142\u00f3wna","item":"https:\/\/staghorn.pl\/"},{"@type":"ListItem","position":2,"name":"Torebki"}]},{"@type":"WebSite","@id":"https:\/\/staghorn.pl\/#website","url":"https:\/\/staghorn.pl\/","name":"Staghorn","description":"","publisher":{"@id":"https:\/\/staghorn.pl\/#\/schema\/person\/985c0f377b3807be4ab7ca84c02a0459"},"potentialAction":[{"@type":"SearchAction","target":{"@type":"EntryPoint","urlTemplate":"https:\/\/staghorn.pl\/?s={search_term_string}"},"query-input":{"@type":"PropertyValueSpecification","valueRequired":true,"valueName":"search_term_string"}}],"inLanguage":"pl-PL"},{"@type":["Person","Organization"],"@id":"https:\/\/staghorn.pl\/#\/schema\/person\/985c0f377b3807be4ab7ca84c02a0459","name":"Kasia","image":{"@type":"ImageObject","inLanguage":"pl-PL","@id":"https:\/\/staghorn.pl\/wp-content\/uploads\/2024\/05\/cropped-2.png","url":"https:\/\/staghorn.pl\/wp-content\/uploads\/2024\/05\/cropped-2.png","contentUrl":"https:\/\/staghorn.pl\/wp-content\/uploads\/2024\/05\/cropped-2.png","width":512,"height":512,"caption":"Kasia"},"logo":{"@id":"https:\/\/staghorn.pl\/wp-content\/uploads\/2024\/05\/cropped-2.png"},"sameAs":["http:\/\/staghorn.pl"]}]}},"jetpack_sharing_enabled":true,"_links":{"self":[{"href":"https:\/\/staghorn.pl\/index.php?rest_route=\/wp\/v2\/pages\/364","targetHints":{"allow":["GET"]}}],"collection":[{"href":"https:\/\/staghorn.pl\/index.php?rest_route=\/wp\/v2\/pages"}],"about":[{"href":"https:\/\/staghorn.pl\/index.php?rest_route=\/wp\/v2\/types\/page"}],"author":[{"embeddable":true,"href":"https:\/\/staghorn.pl\/index.php?rest_route=\/wp\/v2\/users\/1"}],"replies":[{"embeddable":true,"href":"https:\/\/staghorn.pl\/index.php?rest_route=%2Fwp%2Fv2%2Fcomments&post=364"}],"version-history":[{"count":2,"href":"https:\/\/staghorn.pl\/index.php?rest_route=\/wp\/v2\/pages\/364\/revisions"}],"predecessor-version":[{"id":370,"href":"https:\/\/staghorn.pl\/index.php?rest_route=\/wp\/v2\/pages\/364\/revisions\/370"}],"wp:attachment":[{"href":"https:\/\/staghorn.pl\/index.php?rest_route=%2Fwp%2Fv2%2Fmedia&parent=364"}],"curies":[{"name":"wp","href":"https:\/\/api.w.org\/{rel}","templated":true}]}}