{"id":1351,"date":"2024-10-16T10:32:42","date_gmt":"2024-10-16T08:32:42","guid":{"rendered":"https:\/\/staghorn.pl\/?post_type=product&#038;p=1351"},"modified":"2025-11-25T18:22:50","modified_gmt":"2025-11-25T17:22:50","slug":"zestaw-bizuterii-slubnej","status":"publish","type":"product","link":"https:\/\/staghorn.pl\/?product=zestaw-bizuterii-slubnej","title":{"rendered":"Zestaw Bi\u017cuterii \u015alubnej z Kryszta\u0142k\u00f3w"},"content":{"rendered":"<h1 style=\"text-align: center;\"><strong>Zestaw Bi\u017cuterii \u015alubnej z Kryszta\u0142k\u00f3w: Odkryj Magi\u0119 Chwili \u2728<\/strong><\/h1>\n<p>Czasem jeden detal potrafi zmieni\u0107 wszystko. Subtelny blask kryszta\u0142k\u00f3w, kt\u00f3ry roz\u015bwietla Twoj\u0105 sk\u00f3r\u0119 i dodaje ka\u017cdej stylizacji nut\u0119 elegancji \u2013 to bi\u017cuteria, kt\u00f3ra podkre\u015bla nie tylko urok wyj\u0105tkowych moment\u00f3w, ale i Twoj\u0105 osobowo\u015b\u0107. Gdy za\u0142o\u017cysz ten komplet, poczujesz si\u0119 jak ksi\u0119\u017cniczka, gotowa, by stawi\u0107 czo\u0142a najwa\u017cniejszym chwilom w \u017cyciu. Zestaw Bi\u017cuterii \u015alubnej nie tylko podkre\u015bli Tw\u00f3j wyj\u0105tkowy dzie\u0144, ale r\u00f3wnie\u017c wniesie odrobin\u0119 magii w ka\u017cd\u0105 okazj\u0119, kt\u00f3rej jeste\u015b cz\u0119\u015bci\u0105.<\/p>\n<hr \/>\n<h2 style=\"text-align: center;\"><strong>Bi\u017cuteria, kt\u00f3ra Opowiada Histori\u0119: Nie Tylko Na \u015alub \ud83d\udc8d<\/strong><\/h2>\n<p>Zar\u0119czyny, wiecz\u00f3r panie\u0144ski, czy poprawiny \u2013 ka\u017cda z tych chwil zas\u0142uguje na bi\u017cuteri\u0119, kt\u00f3ra b\u0119dzie m\u00f3wi\u0107 wi\u0119cej ni\u017c tysi\u0105c s\u0142\u00f3w. Gdy za\u0142o\u017cysz naszyjnik i bransoletk\u0119 z tego zestawu, ka\u017cda chwila stanie si\u0119 niezapomniana. To nie tylko \u015blubna bi\u017cuteria \u2013 to Twoje wspomnienia zakute w b\u0142ysk kryszta\u0142k\u00f3w, gotowe towarzyszy\u0107 Ci na ka\u017cdej drodze do szcz\u0119\u015bcia. Zestaw delikatny, ale pe\u0142en blasku \u2013 idealny, by b\u0142yszcze\u0107 w dzie\u0144 zar\u0119czyn i \u015bwi\u0119towa\u0107 mi\u0142o\u015b\u0107 w ka\u017cdym jej etapie.<\/p>\n<hr \/>\n<h2 style=\"text-align: center;\"><strong>Mieni\u0105ca si\u0119 Magia Zimy: Bi\u017cuteria na \u015awi\u0119ta i Sylwestra \u2744\ufe0f<\/strong><\/h2>\n<p>Wyobra\u017a sobie \u015bwi\u0105teczny wiecz\u00f3r \u2013 migotanie \u015bwiate\u0142, blask \u015bwiec, a Ty, ubrana w wyj\u0105tkowy zestaw bi\u017cuterii, przyci\u0105gasz wszystkie spojrzenia. Bia\u0142e, mieni\u0105ce si\u0119 kryszta\u0142ki s\u0105 niczym l\u015bni\u0105ce p\u0142atki \u015bniegu, dodaj\u0105ce magii zimowej stylizacji. Bi\u017cuteria idealna na \u015bwi\u0105teczny czas, Sylwestra czy uroczyst\u0105 kolacj\u0119. W ko\u0144cu biel to nie tylko kolor \u015blubny, ale tak\u017ce symbol \u015bwi\u0105tecznego blasku, czysto\u015bci i nadziei.<\/p>\n<hr \/>\n<h2 style=\"text-align: center;\"><strong>Subtelno\u015b\u0107 i Elegancja: Perfekcyjna na Ka\u017cd\u0105 Wyj\u0105tkow\u0105 Okazj\u0119 \ud83c\udf86<\/strong><\/h2>\n<p>Kiedy my\u015blisz o wyj\u0105tkowej nocy \u2013 balu studni\u00f3wkowym, eleganckiej randce, czy wyj\u015bciu na Sylwestra \u2013 zastanawiasz si\u0119, jak nada\u0107 swojej kreacji niepowtarzalnego blasku. Zestaw bi\u017cuterii z kryszta\u0142k\u00f3w to dodatek, kt\u00f3ry nie przyt\u0142acza, a jednocze\u015bnie dodaje nut\u0119 luksusu. B\u0142yszcz\u0105cy akcent, kt\u00f3ry podkre\u015bli Tw\u00f3j wyj\u0105tkowy charakter i sprawi, \u017ce poczujesz si\u0119 gotowa na ka\u017cd\u0105 wyj\u0105tkow\u0105 chwil\u0119.<\/p>\n<hr \/>\n<h3 style=\"text-align: center;\"><strong>Prezent, Kt\u00f3ry Roz\u015bwietli Ka\u017cde Serce \ud83c\udf81<\/strong><\/h3>\n<p>Szukasz pomys\u0142u na prezent, kt\u00f3ry poruszy serce? Ten delikatny, a zarazem efektowny zestaw to bi\u017cuteria, kt\u00f3ra zachwyci ka\u017cd\u0105 kobiet\u0119 ceni\u0105c\u0105 elegancj\u0119. Doskona\u0142y upominek na \u015awi\u0119ta, prezent zar\u0119czynowy czy podarunek dla \u015bwiadkowej \u2013 kryszta\u0142ki te maj\u0105 w sobie co\u015b wi\u0119cej ni\u017c tylko blask. To emocje zamkni\u0119te w najpi\u0119kniejszych formach, kt\u00f3re wzbogac\u0105 ka\u017cdy wa\u017cny moment w \u017cyciu.<\/p>\n<hr \/>\n<p>&nbsp;<\/p>\n<p>\ud83d\udce9 Je\u015bli masz jakiekolwiek pytania, mo\u017cesz skontaktowa\u0107 si\u0119 ze mn\u0105 za po\u015brednictwem <strong><a href=\"https:\/\/staghorn.pl\/?page_id=126\">formularza kontaktowego\u00a0<\/a><\/strong><\/p>\n<p>\ud83d\udcbb\u00a0 Pami\u0119taj, \u017ce ze wzgl\u0119du na efekty o\u015bwietleniowe, jasno\u015b\u0107 monitora, kontrast oraz inne ustawienia, mog\u0105 wyst\u0105pi\u0107 niewielkie r\u00f3\u017cnice w odcieniu koloru zdj\u0119cia na stronie internetowej a rzeczywistym produktem.<\/p>\n<p>&nbsp;<\/p>\n","protected":false},"excerpt":{"rendered":"<p>Zestaw bi\u017cuterii \u015blubnej z\u0142o\u017cony z naszyjnika i bransoletki, wykonany z eleganckich szklanych kryszta\u0142k\u00f3w i srebrnych koralik\u00f3w Toho. Naszyjnik ma d\u0142ugo\u015b\u0107 40-45 cm, a bransoletka idealnie pasuje na nadgarstek o obwodzie 15,5-17 cm. Stal nierdzewna zapewnia trwa\u0142o\u015b\u0107 i elegancj\u0119.<\/p>\n<p>\ud83d\udecd\ufe0f Buy on <a href=\"https:\/\/staghornpl.etsy.com\/listing\/1570480408\"><strong>ETSY<\/strong><\/a><\/p>\n","protected":false},"featured_media":1349,"comment_status":"open","ping_status":"closed","template":"","meta":{"_kad_post_transparent":"default","_kad_post_title":"","_kad_post_layout":"default","_kad_post_sidebar_id":"","_kad_post_content_style":"default","_kad_post_vertical_padding":"default","_kad_post_feature":"","_kad_post_feature_position":"","_kad_post_header":false,"_kad_post_footer":false,"_kad_post_classname":""},"product_brand":[],"product_cat":[20,154,24],"product_tag":[54,45,72,28,29,36,58,83,39,82,85,84,48,34,60],"class_list":{"0":"post-1351","1":"product","2":"type-product","3":"status-publish","4":"has-post-thumbnail","6":"product_cat-bizuteria-slubna","7":"product_cat-bizuteria-z-krysztalkow","8":"product_cat-zestawy-bizuterii","9":"product_tag-akcesoria-dla-kobiet","10":"product_tag-bizuteria-dla-kobiet","11":"product_tag-bizuteria-na-wieczorne-wyjscia","12":"product_tag-bizuteria-slubna","13":"product_tag-bizuteria-z-perel","14":"product_tag-delikatna-bizuteria","15":"product_tag-elegancka-bizuteria","16":"product_tag-kolczyki-i-bransoletka","17":"product_tag-moda-damska","18":"product_tag-perly","19":"product_tag-slub-w-bieli","20":"product_tag-slubne-dodatki","21":"product_tag-wiszace-kolczyki","22":"product_tag-zestaw-bizuterii","23":"product_tag-zlote-kolczyki","24":"product_shipping_class-male-gabaryty","26":"first","27":"instock","28":"shipping-taxable","29":"purchasable","30":"product-type-simple","31":"entry","32":"content-bg","33":"loop-entry"},"yoast_head":"<!-- This site is optimized with the Yoast SEO plugin v27.4 - https:\/\/yoast.com\/product\/yoast-seo-wordpress\/ -->\n<title>Zestaw Bi\u017cuterii \u015alubnej z Kryszta\u0142k\u00f3w - Staghorn<\/title>\n<meta name=\"description\" content=\"Elegancki Zestaw Bi\u017cuterii \u015alubnej z naszyjnikiem i bransoletk\u0105. Idealny na \u015blub, wiecz\u00f3r panie\u0144ski czy \u015bwi\u0119ta. Doskona\u0142y dodatek na wyj\u0105tkowe okazje.\" \/>\n<meta name=\"robots\" content=\"index, follow, max-snippet:-1, max-image-preview:large, max-video-preview:-1\" \/>\n<link rel=\"canonical\" href=\"https:\/\/staghorn.pl\/?product=zestaw-bizuterii-slubnej\" \/>\n<meta property=\"og:locale\" content=\"pl_PL\" \/>\n<meta property=\"og:type\" content=\"article\" \/>\n<meta property=\"og:title\" content=\"Zestaw Bi\u017cuterii \u015alubnej z Kryszta\u0142k\u00f3w - Staghorn\" \/>\n<meta property=\"og:description\" content=\"Elegancki Zestaw Bi\u017cuterii \u015alubnej z naszyjnikiem i bransoletk\u0105. Idealny na \u015blub, wiecz\u00f3r panie\u0144ski czy \u015bwi\u0119ta. Doskona\u0142y dodatek na wyj\u0105tkowe okazje.\" \/>\n<meta property=\"og:url\" content=\"https:\/\/staghorn.pl\/?product=zestaw-bizuterii-slubnej\" \/>\n<meta property=\"og:site_name\" content=\"Staghorn\" \/>\n<meta property=\"article:modified_time\" content=\"2025-11-25T17:22:50+00:00\" \/>\n<meta property=\"og:image\" content=\"https:\/\/staghorn.pl\/wp-content\/uploads\/2024\/10\/lsniacy-zestaw-bizuterii-na-Sylwestra.jpg\" \/>\n\t<meta property=\"og:image:width\" content=\"600\" \/>\n\t<meta property=\"og:image:height\" content=\"800\" \/>\n\t<meta property=\"og:image:type\" content=\"image\/jpeg\" \/>\n<meta name=\"twitter:card\" content=\"summary_large_image\" \/>\n<meta name=\"twitter:label1\" content=\"Szacowany czas czytania\" \/>\n\t<meta name=\"twitter:data1\" content=\"3 minuty\" \/>\n<script type=\"application\/ld+json\" class=\"yoast-schema-graph\">{\"@context\":\"https:\\\/\\\/schema.org\",\"@graph\":[{\"@type\":\"WebPage\",\"@id\":\"https:\\\/\\\/staghorn.pl\\\/?product=zestaw-bizuterii-slubnej\",\"url\":\"https:\\\/\\\/staghorn.pl\\\/?product=zestaw-bizuterii-slubnej\",\"name\":\"Zestaw Bi\u017cuterii \u015alubnej z Kryszta\u0142k\u00f3w - Staghorn\",\"isPartOf\":{\"@id\":\"https:\\\/\\\/staghorn.pl\\\/#website\"},\"primaryImageOfPage\":{\"@id\":\"https:\\\/\\\/staghorn.pl\\\/?product=zestaw-bizuterii-slubnej#primaryimage\"},\"image\":{\"@id\":\"https:\\\/\\\/staghorn.pl\\\/?product=zestaw-bizuterii-slubnej#primaryimage\"},\"thumbnailUrl\":\"https:\\\/\\\/staghorn.pl\\\/wp-content\\\/uploads\\\/2024\\\/10\\\/lsniacy-zestaw-bizuterii-na-Sylwestra.jpg\",\"datePublished\":\"2024-10-16T08:32:42+00:00\",\"dateModified\":\"2025-11-25T17:22:50+00:00\",\"description\":\"Elegancki Zestaw Bi\u017cuterii \u015alubnej z naszyjnikiem i bransoletk\u0105. Idealny na \u015blub, wiecz\u00f3r panie\u0144ski czy \u015bwi\u0119ta. Doskona\u0142y dodatek na wyj\u0105tkowe okazje.\",\"breadcrumb\":{\"@id\":\"https:\\\/\\\/staghorn.pl\\\/?product=zestaw-bizuterii-slubnej#breadcrumb\"},\"inLanguage\":\"pl-PL\",\"potentialAction\":[{\"@type\":\"ReadAction\",\"target\":[\"https:\\\/\\\/staghorn.pl\\\/?product=zestaw-bizuterii-slubnej\"]}]},{\"@type\":\"ImageObject\",\"inLanguage\":\"pl-PL\",\"@id\":\"https:\\\/\\\/staghorn.pl\\\/?product=zestaw-bizuterii-slubnej#primaryimage\",\"url\":\"https:\\\/\\\/staghorn.pl\\\/wp-content\\\/uploads\\\/2024\\\/10\\\/lsniacy-zestaw-bizuterii-na-Sylwestra.jpg\",\"contentUrl\":\"https:\\\/\\\/staghorn.pl\\\/wp-content\\\/uploads\\\/2024\\\/10\\\/lsniacy-zestaw-bizuterii-na-Sylwestra.jpg\",\"width\":600,\"height\":800,\"caption\":\"Delikatny naszyjnik i bransoletka \u015blubna z kryszta\u0142k\u00f3w mieni\u0105cych si\u0119 na r\u00f3\u017cne kolory. Elegancka bi\u017cuteria na \u015blub, wiecz\u00f3r panie\u0144ski, poprawiny, studni\u00f3wk\u0119, Sylwestra lub randk\u0119. Uniwersalny zestaw, kt\u00f3ry doda blasku ka\u017cdej stylizacji.\"},{\"@type\":\"BreadcrumbList\",\"@id\":\"https:\\\/\\\/staghorn.pl\\\/?product=zestaw-bizuterii-slubnej#breadcrumb\",\"itemListElement\":[{\"@type\":\"ListItem\",\"position\":1,\"name\":\"Strona g\u0142\u00f3wna\",\"item\":\"https:\\\/\\\/staghorn.pl\\\/\"},{\"@type\":\"ListItem\",\"position\":2,\"name\":\"Sklep\",\"item\":\"https:\\\/\\\/staghorn.pl\\\/?page_id=395\"},{\"@type\":\"ListItem\",\"position\":3,\"name\":\"Zestaw Bi\u017cuterii \u015alubnej z Kryszta\u0142k\u00f3w\"}]},{\"@type\":\"WebSite\",\"@id\":\"https:\\\/\\\/staghorn.pl\\\/#website\",\"url\":\"https:\\\/\\\/staghorn.pl\\\/\",\"name\":\"Staghorn\",\"description\":\"\",\"publisher\":{\"@id\":\"https:\\\/\\\/staghorn.pl\\\/#\\\/schema\\\/person\\\/985c0f377b3807be4ab7ca84c02a0459\"},\"potentialAction\":[{\"@type\":\"SearchAction\",\"target\":{\"@type\":\"EntryPoint\",\"urlTemplate\":\"https:\\\/\\\/staghorn.pl\\\/?s={search_term_string}\"},\"query-input\":{\"@type\":\"PropertyValueSpecification\",\"valueRequired\":true,\"valueName\":\"search_term_string\"}}],\"inLanguage\":\"pl-PL\"},{\"@type\":[\"Person\",\"Organization\"],\"@id\":\"https:\\\/\\\/staghorn.pl\\\/#\\\/schema\\\/person\\\/985c0f377b3807be4ab7ca84c02a0459\",\"name\":\"Kasia\",\"image\":{\"@type\":\"ImageObject\",\"inLanguage\":\"pl-PL\",\"@id\":\"https:\\\/\\\/staghorn.pl\\\/wp-content\\\/uploads\\\/2024\\\/05\\\/cropped-2.png\",\"url\":\"https:\\\/\\\/staghorn.pl\\\/wp-content\\\/uploads\\\/2024\\\/05\\\/cropped-2.png\",\"contentUrl\":\"https:\\\/\\\/staghorn.pl\\\/wp-content\\\/uploads\\\/2024\\\/05\\\/cropped-2.png\",\"width\":512,\"height\":512,\"caption\":\"Kasia\"},\"logo\":{\"@id\":\"https:\\\/\\\/staghorn.pl\\\/wp-content\\\/uploads\\\/2024\\\/05\\\/cropped-2.png\"},\"sameAs\":[\"http:\\\/\\\/staghorn.pl\"]}]}<\/script>\n<!-- \/ Yoast SEO plugin. -->","yoast_head_json":{"title":"Zestaw Bi\u017cuterii \u015alubnej z Kryszta\u0142k\u00f3w - Staghorn","description":"Elegancki Zestaw Bi\u017cuterii \u015alubnej z naszyjnikiem i bransoletk\u0105. Idealny na \u015blub, wiecz\u00f3r panie\u0144ski czy \u015bwi\u0119ta. Doskona\u0142y dodatek na wyj\u0105tkowe okazje.","robots":{"index":"index","follow":"follow","max-snippet":"max-snippet:-1","max-image-preview":"max-image-preview:large","max-video-preview":"max-video-preview:-1"},"canonical":"https:\/\/staghorn.pl\/?product=zestaw-bizuterii-slubnej","og_locale":"pl_PL","og_type":"article","og_title":"Zestaw Bi\u017cuterii \u015alubnej z Kryszta\u0142k\u00f3w - Staghorn","og_description":"Elegancki Zestaw Bi\u017cuterii \u015alubnej z naszyjnikiem i bransoletk\u0105. Idealny na \u015blub, wiecz\u00f3r panie\u0144ski czy \u015bwi\u0119ta. Doskona\u0142y dodatek na wyj\u0105tkowe okazje.","og_url":"https:\/\/staghorn.pl\/?product=zestaw-bizuterii-slubnej","og_site_name":"Staghorn","article_modified_time":"2025-11-25T17:22:50+00:00","og_image":[{"width":600,"height":800,"url":"https:\/\/staghorn.pl\/wp-content\/uploads\/2024\/10\/lsniacy-zestaw-bizuterii-na-Sylwestra.jpg","type":"image\/jpeg"}],"twitter_card":"summary_large_image","twitter_misc":{"Szacowany czas czytania":"3 minuty"},"schema":{"@context":"https:\/\/schema.org","@graph":[{"@type":"WebPage","@id":"https:\/\/staghorn.pl\/?product=zestaw-bizuterii-slubnej","url":"https:\/\/staghorn.pl\/?product=zestaw-bizuterii-slubnej","name":"Zestaw Bi\u017cuterii \u015alubnej z Kryszta\u0142k\u00f3w - Staghorn","isPartOf":{"@id":"https:\/\/staghorn.pl\/#website"},"primaryImageOfPage":{"@id":"https:\/\/staghorn.pl\/?product=zestaw-bizuterii-slubnej#primaryimage"},"image":{"@id":"https:\/\/staghorn.pl\/?product=zestaw-bizuterii-slubnej#primaryimage"},"thumbnailUrl":"https:\/\/staghorn.pl\/wp-content\/uploads\/2024\/10\/lsniacy-zestaw-bizuterii-na-Sylwestra.jpg","datePublished":"2024-10-16T08:32:42+00:00","dateModified":"2025-11-25T17:22:50+00:00","description":"Elegancki Zestaw Bi\u017cuterii \u015alubnej z naszyjnikiem i bransoletk\u0105. Idealny na \u015blub, wiecz\u00f3r panie\u0144ski czy \u015bwi\u0119ta. Doskona\u0142y dodatek na wyj\u0105tkowe okazje.","breadcrumb":{"@id":"https:\/\/staghorn.pl\/?product=zestaw-bizuterii-slubnej#breadcrumb"},"inLanguage":"pl-PL","potentialAction":[{"@type":"ReadAction","target":["https:\/\/staghorn.pl\/?product=zestaw-bizuterii-slubnej"]}]},{"@type":"ImageObject","inLanguage":"pl-PL","@id":"https:\/\/staghorn.pl\/?product=zestaw-bizuterii-slubnej#primaryimage","url":"https:\/\/staghorn.pl\/wp-content\/uploads\/2024\/10\/lsniacy-zestaw-bizuterii-na-Sylwestra.jpg","contentUrl":"https:\/\/staghorn.pl\/wp-content\/uploads\/2024\/10\/lsniacy-zestaw-bizuterii-na-Sylwestra.jpg","width":600,"height":800,"caption":"Delikatny naszyjnik i bransoletka \u015blubna z kryszta\u0142k\u00f3w mieni\u0105cych si\u0119 na r\u00f3\u017cne kolory. Elegancka bi\u017cuteria na \u015blub, wiecz\u00f3r panie\u0144ski, poprawiny, studni\u00f3wk\u0119, Sylwestra lub randk\u0119. Uniwersalny zestaw, kt\u00f3ry doda blasku ka\u017cdej stylizacji."},{"@type":"BreadcrumbList","@id":"https:\/\/staghorn.pl\/?product=zestaw-bizuterii-slubnej#breadcrumb","itemListElement":[{"@type":"ListItem","position":1,"name":"Strona g\u0142\u00f3wna","item":"https:\/\/staghorn.pl\/"},{"@type":"ListItem","position":2,"name":"Sklep","item":"https:\/\/staghorn.pl\/?page_id=395"},{"@type":"ListItem","position":3,"name":"Zestaw Bi\u017cuterii \u015alubnej z Kryszta\u0142k\u00f3w"}]},{"@type":"WebSite","@id":"https:\/\/staghorn.pl\/#website","url":"https:\/\/staghorn.pl\/","name":"Staghorn","description":"","publisher":{"@id":"https:\/\/staghorn.pl\/#\/schema\/person\/985c0f377b3807be4ab7ca84c02a0459"},"potentialAction":[{"@type":"SearchAction","target":{"@type":"EntryPoint","urlTemplate":"https:\/\/staghorn.pl\/?s={search_term_string}"},"query-input":{"@type":"PropertyValueSpecification","valueRequired":true,"valueName":"search_term_string"}}],"inLanguage":"pl-PL"},{"@type":["Person","Organization"],"@id":"https:\/\/staghorn.pl\/#\/schema\/person\/985c0f377b3807be4ab7ca84c02a0459","name":"Kasia","image":{"@type":"ImageObject","inLanguage":"pl-PL","@id":"https:\/\/staghorn.pl\/wp-content\/uploads\/2024\/05\/cropped-2.png","url":"https:\/\/staghorn.pl\/wp-content\/uploads\/2024\/05\/cropped-2.png","contentUrl":"https:\/\/staghorn.pl\/wp-content\/uploads\/2024\/05\/cropped-2.png","width":512,"height":512,"caption":"Kasia"},"logo":{"@id":"https:\/\/staghorn.pl\/wp-content\/uploads\/2024\/05\/cropped-2.png"},"sameAs":["http:\/\/staghorn.pl"]}]}},"jetpack_sharing_enabled":true,"_links":{"self":[{"href":"https:\/\/staghorn.pl\/index.php?rest_route=\/wp\/v2\/product\/1351","targetHints":{"allow":["GET"]}}],"collection":[{"href":"https:\/\/staghorn.pl\/index.php?rest_route=\/wp\/v2\/product"}],"about":[{"href":"https:\/\/staghorn.pl\/index.php?rest_route=\/wp\/v2\/types\/product"}],"replies":[{"embeddable":true,"href":"https:\/\/staghorn.pl\/index.php?rest_route=%2Fwp%2Fv2%2Fcomments&post=1351"}],"wp:featuredmedia":[{"embeddable":true,"href":"https:\/\/staghorn.pl\/index.php?rest_route=\/wp\/v2\/media\/1349"}],"wp:attachment":[{"href":"https:\/\/staghorn.pl\/index.php?rest_route=%2Fwp%2Fv2%2Fmedia&parent=1351"}],"wp:term":[{"taxonomy":"product_brand","embeddable":true,"href":"https:\/\/staghorn.pl\/index.php?rest_route=%2Fwp%2Fv2%2Fproduct_brand&post=1351"},{"taxonomy":"product_cat","embeddable":true,"href":"https:\/\/staghorn.pl\/index.php?rest_route=%2Fwp%2Fv2%2Fproduct_cat&post=1351"},{"taxonomy":"product_tag","embeddable":true,"href":"https:\/\/staghorn.pl\/index.php?rest_route=%2Fwp%2Fv2%2Fproduct_tag&post=1351"}],"curies":[{"name":"wp","href":"https:\/\/api.w.org\/{rel}","templated":true}]}}