{"id":1724,"date":"2025-06-11T17:40:27","date_gmt":"2025-06-11T15:40:27","guid":{"rendered":"https:\/\/staghorn.pl\/?post_type=product&#038;p=1724"},"modified":"2025-11-25T18:12:37","modified_gmt":"2025-11-25T17:12:37","slug":"krysztalkowy-komplet-slubn","status":"publish","type":"product","link":"https:\/\/staghorn.pl\/?product=krysztalkowy-komplet-slubn","title":{"rendered":"Kryszta\u0142kowy Komplet \u015alubny &#8211; Bransoletka i Kolczyki"},"content":{"rendered":"<h1 style=\"text-align: center;\"><strong>\ud83e\udd0d Kryszta\u0142kowy komplet \u015blubny \u2013 lekko\u015b\u0107 \u015bwiat\u0142a, si\u0142a detalu<\/strong><\/h1>\n<p data-start=\"354\" data-end=\"471\">Nie wszystko musi b\u0142yszcze\u0107 od razu.<br data-start=\"390\" data-end=\"393\" \/>Czasem wystarczy jeden subtelny akcent, by spojrzenia zacz\u0119\u0142y si\u0119 zatrzymywa\u0107.<\/p>\n<p data-start=\"473\" data-end=\"717\">Kryszta\u0142kowy komplet \u015blubny to propozycja dla kobiet, kt\u00f3re lubi\u0105 mie\u0107 wyb\u00f3r \u2013 mi\u0119dzy b\u0142yskiem a delikatno\u015bci\u0105, mi\u0119dzy klasyk\u0105 a czym\u015b <em data-start=\"614\" data-end=\"621\">swoim<\/em>.<br data-start=\"622\" data-end=\"625\" \/>To zestaw, kt\u00f3ry nie krzyczy: \u201epatrz na mnie\u201d, tylko szepcze: \u201ejestem gotowa na Tw\u00f3j dzie\u0144\u201d.<\/p>\n<p data-start=\"719\" data-end=\"937\">R\u0119cznie wykonana bransoletka i kolczyki z kryszta\u0142k\u00f3w Preciosa Crystal AB opalizuj\u0105 w \u015bwietle \u2013 raz ch\u0142odnym, raz ciep\u0142ym. To w\u0142a\u015bnie ich sekret. Nie da si\u0119 ich jednoznacznie opisa\u0107 \u2013 ale \u0142atwo si\u0119 w nich zakocha\u0107.<\/p>\n<hr \/>\n<h2 style=\"text-align: center;\"><strong>\u2728 R\u0119kodzie\u0142o, kt\u00f3re nosi si\u0119 lekko<\/strong><\/h2>\n<p data-start=\"983\" data-end=\"994\">W zestawie:<\/p>\n<ul data-start=\"995\" data-end=\"1198\">\n<li data-start=\"995\" data-end=\"1106\">\n<p data-start=\"997\" data-end=\"1106\"><strong data-start=\"997\" data-end=\"1012\">Bransoletka<\/strong> \u2013 szeroko\u015b\u0107 ok. 0,7 cm, d\u0142ugo\u015b\u0107 idealna na nadgarstek 14,5\u201316,5 cm (mo\u017cliwa personalizacja)<\/p>\n<\/li>\n<li data-start=\"1107\" data-end=\"1198\">\n<p data-start=\"1109\" data-end=\"1198\"><strong data-start=\"1109\" data-end=\"1121\">Kolczyki<\/strong> \u2013 d\u0142ugo\u015b\u0107 ok. 5,5 cm, mo\u017cliwo\u015b\u0107 zamiany bigli na sztyfty lub inne zapi\u0119cia<\/p>\n<\/li>\n<\/ul>\n<p data-start=\"1200\" data-end=\"1408\">Materia\u0142y:<br \/>\n\u2714 Kryszta\u0142ki Preciosa Crystal AB \u2013 mieni\u0105ce si\u0119 delikatnie pod ka\u017cdym k\u0105tem<br data-start=\"1286\" data-end=\"1289\" \/>\u2714 Koraliki Miyuki Delica \u2013 w odcieniu jasnego srebra<br data-start=\"1341\" data-end=\"1344\" \/>\u2714 Stal nierdzewna \u2013 hipoalergiczna, trwa\u0142a, bezpieczna dla sk\u00f3ry<\/p>\n<p data-start=\"1410\" data-end=\"1571\">Ca\u0142o\u015b\u0107 sprawia wra\u017cenie lekkiej koronki utkanej ze \u015bwiat\u0142a.<br data-start=\"1469\" data-end=\"1472\" \/>Bi\u017cuteria, kt\u00f3r\u0105 mo\u017cesz za\u0142o\u017cy\u0107 rano, ta\u0144czy\u0107 w niej do nocy, jednocze\u015bnie zapominaj\u0105c, \u017ce masz co\u015b na sobie.<\/p>\n<hr \/>\n<h2 style=\"text-align: center;\"><strong>\ud83e\udd0d \u015alub? A mo\u017ce po prostu pi\u0119kny dzie\u0144?<\/strong><\/h2>\n<p data-start=\"1622\" data-end=\"1910\">Nie ograniczaj tego zestawu do jednego dnia.<br data-start=\"1666\" data-end=\"1669\" \/>\u015awietnie sprawdzi si\u0119:<br \/>\n\u2013 jako subtelna bi\u017cuteria \u015blubna<br data-start=\"1724\" data-end=\"1727\" \/>\u2013 na wiecz\u00f3r panie\u0144ski, gal\u0119, rocznic\u0119<br data-start=\"1765\" data-end=\"1768\" \/>\u2013 jako dodatek do bieli, pasteli, ch\u0142odnych szaro\u015bci<br data-start=\"1820\" data-end=\"1823\" \/>\u2013 jako prezent \u2013 od siebie dla siebie, albo dla tej, kt\u00f3ra zas\u0142uguje na co\u015b wyj\u0105tkowego<\/p>\n<p data-start=\"1912\" data-end=\"1960\">To <strong data-start=\"1915\" data-end=\"1959\">bi\u017cuteria na emocje, nie tylko na okazje<\/strong>.<\/p>\n<hr \/>\n<h2 style=\"text-align: center;\"><strong>\ud83d\udee0\ufe0f Chcesz co\u015b zmieni\u0107? Jasne!<\/strong><\/h2>\n<p>\u2714 Zmieni\u0119 bigle \u2013 je\u015bli wolisz sztyfty lub klasyczne zapi\u0119cia<br data-start=\"2064\" data-end=\"2067\" \/>\u2714 Dopasuj\u0119 d\u0142ugo\u015b\u0107 bransoletki \u2013 wystarczy poda\u0107 obw\u00f3d nadgarstka<br data-start=\"2134\" data-end=\"2137\" \/>\u2714 Mog\u0119 przygotowa\u0107 dla Ciebie wersj\u0119 spersonalizowan\u0105 \u2013 napisz, co Ci w duszy gra<\/p>\n<hr \/>\n<h3 style=\"text-align: center;\"><strong>Prezent, Kt\u00f3ry Zawsze Zachwyca \ud83c\udf81<\/strong><\/h3>\n<p>Zapakowany z trosk\u0105. Gotowy, by wr\u0119czy\u0107 \u2013 lub zatrzyma\u0107.<br data-start=\"2328\" data-end=\"2331\" \/>Bez zb\u0119dnych ozdobnik\u00f3w. Bez ci\u0119\u017caru.<br data-start=\"2368\" data-end=\"2371\" \/>Tylko <strong data-start=\"2377\" data-end=\"2411\">blask, detal i kobieca lekko\u015b\u0107<\/strong>, kt\u00f3r\u0105 mo\u017cna nosi\u0107 nie tylko raz w \u017cyciu.<\/p>\n<hr \/>\n<p>&nbsp;<\/p>\n<p>\ud83d\udce9 Je\u015bli masz jakiekolwiek pytania, mo\u017cesz skontaktowa\u0107 si\u0119 ze mn\u0105 za po\u015brednictwem <strong><a href=\"https:\/\/staghorn.pl\/?page_id=126\">formularza kontaktowego\u00a0<\/a><\/strong><\/p>\n<p>\ud83d\udecd\ufe0f Buy on <a href=\"https:\/\/staghornpl.etsy.com\/listing\/4315471821\"><strong>ETSY<\/strong><\/a><\/p>\n<p>\ud83d\udcbb\u00a0 Pami\u0119taj, \u017ce ze wzgl\u0119du na efekty o\u015bwietleniowe, jasno\u015b\u0107 monitora, kontrast oraz inne ustawienia, mog\u0105 wyst\u0105pi\u0107 niewielkie r\u00f3\u017cnice w odcieniu koloru zdj\u0119cia na stronie internetowej a rzeczywistym produktem.<\/p>\n<p>&nbsp;<\/p>\n","protected":false},"excerpt":{"rendered":"<p data-start=\"83\" data-end=\"337\">\u2714\u00a0 Komplet bi\u017cuterii: bransoletka + kolczyki<br data-start=\"126\" data-end=\"129\" \/>\u2714 Kryszta\u0142ki Preciosa Crystal AB + koraliki Miyuki<br data-start=\"179\" data-end=\"182\" \/>\u2714 Bransoletka: na nadgarstek 14,5\u201316,5 cm (mo\u017cliwo\u015b\u0107 dopasowania)<br data-start=\"247\" data-end=\"250\" \/>\u2714 Kolczyki: 5,5 cm (mo\u017cliwo\u015b\u0107 zmiany bigli)<br data-start=\"293\" data-end=\"296\" \/>\u2714 Stal nierdzewna \u2013 bezpieczna i trwa\u0142a<\/p>\n<p data-start=\"339\" data-end=\"405\">\ud83d\udc8d Delikatny blask, elegancki detal \u2013 idealny na \u015blub i nie tylko.<\/p>\n<p>\ud83d\udecd\ufe0f Buy on <a href=\"https:\/\/staghornpl.etsy.com\/listing\/4315471821\"><strong>ETSY<\/strong><\/a><\/p>\n<p>&nbsp;<\/p>\n","protected":false},"featured_media":1718,"comment_status":"open","ping_status":"closed","template":"","meta":{"_kad_post_transparent":"default","_kad_post_title":"","_kad_post_layout":"default","_kad_post_sidebar_id":"","_kad_post_content_style":"default","_kad_post_vertical_padding":"default","_kad_post_feature":"","_kad_post_feature_position":"","_kad_post_header":false,"_kad_post_footer":false,"_kad_post_classname":""},"product_brand":[],"product_cat":[20,154,24],"product_tag":[54,45,72,28,29,36,58,83,39,82,85,84,48,34,60],"class_list":{"0":"post-1724","1":"product","2":"type-product","3":"status-publish","4":"has-post-thumbnail","6":"product_cat-bizuteria-slubna","7":"product_cat-bizuteria-z-krysztalkow","8":"product_cat-zestawy-bizuterii","9":"product_tag-akcesoria-dla-kobiet","10":"product_tag-bizuteria-dla-kobiet","11":"product_tag-bizuteria-na-wieczorne-wyjscia","12":"product_tag-bizuteria-slubna","13":"product_tag-bizuteria-z-perel","14":"product_tag-delikatna-bizuteria","15":"product_tag-elegancka-bizuteria","16":"product_tag-kolczyki-i-bransoletka","17":"product_tag-moda-damska","18":"product_tag-perly","19":"product_tag-slub-w-bieli","20":"product_tag-slubne-dodatki","21":"product_tag-wiszace-kolczyki","22":"product_tag-zestaw-bizuterii","23":"product_tag-zlote-kolczyki","24":"product_shipping_class-male-gabaryty","26":"first","27":"instock","28":"shipping-taxable","29":"purchasable","30":"product-type-simple","31":"entry","32":"content-bg","33":"loop-entry"},"yoast_head":"<!-- This site is optimized with the Yoast SEO plugin v27.4 - https:\/\/yoast.com\/product\/yoast-seo-wordpress\/ -->\n<title>Kryszta\u0142kowy Komplet \u015alubny - Bransoletka i Kolczyki - Staghorn<\/title>\n<meta name=\"description\" content=\"Kryszta\u0142kowy komplet \u015blubny z kolczykami i bransoletk\u0105. Delikatny, kobiecy blask w eleganckim wydaniu. Zam\u00f3w zestaw handmade, kt\u00f3ry dope\u0142ni wyj\u0105tkowy dzie\u0144.\" \/>\n<meta name=\"robots\" content=\"index, follow, max-snippet:-1, max-image-preview:large, max-video-preview:-1\" \/>\n<link rel=\"canonical\" href=\"https:\/\/staghorn.pl\/?product=krysztalkowy-komplet-slubn\" \/>\n<meta property=\"og:locale\" content=\"pl_PL\" \/>\n<meta property=\"og:type\" content=\"article\" \/>\n<meta property=\"og:title\" content=\"Kryszta\u0142kowy Komplet \u015alubny - Bransoletka i Kolczyki - Staghorn\" \/>\n<meta property=\"og:description\" content=\"Kryszta\u0142kowy komplet \u015blubny z kolczykami i bransoletk\u0105. Delikatny, kobiecy blask w eleganckim wydaniu. Zam\u00f3w zestaw handmade, kt\u00f3ry dope\u0142ni wyj\u0105tkowy dzie\u0144.\" \/>\n<meta property=\"og:url\" content=\"https:\/\/staghorn.pl\/?product=krysztalkowy-komplet-slubn\" \/>\n<meta property=\"og:site_name\" content=\"Staghorn\" \/>\n<meta property=\"article:modified_time\" content=\"2025-11-25T17:12:37+00:00\" \/>\n<meta property=\"og:image\" content=\"https:\/\/staghorn.pl\/wp-content\/uploads\/2025\/06\/5.jpg\" \/>\n\t<meta property=\"og:image:width\" content=\"640\" \/>\n\t<meta property=\"og:image:height\" content=\"800\" \/>\n\t<meta property=\"og:image:type\" content=\"image\/jpeg\" \/>\n<meta name=\"twitter:card\" content=\"summary_large_image\" \/>\n<meta name=\"twitter:label1\" content=\"Szacowany czas czytania\" \/>\n\t<meta name=\"twitter:data1\" content=\"3 minuty\" \/>\n<script type=\"application\/ld+json\" class=\"yoast-schema-graph\">{\"@context\":\"https:\\\/\\\/schema.org\",\"@graph\":[{\"@type\":\"WebPage\",\"@id\":\"https:\\\/\\\/staghorn.pl\\\/?product=krysztalkowy-komplet-slubn\",\"url\":\"https:\\\/\\\/staghorn.pl\\\/?product=krysztalkowy-komplet-slubn\",\"name\":\"Kryszta\u0142kowy Komplet \u015alubny - Bransoletka i Kolczyki - Staghorn\",\"isPartOf\":{\"@id\":\"https:\\\/\\\/staghorn.pl\\\/#website\"},\"primaryImageOfPage\":{\"@id\":\"https:\\\/\\\/staghorn.pl\\\/?product=krysztalkowy-komplet-slubn#primaryimage\"},\"image\":{\"@id\":\"https:\\\/\\\/staghorn.pl\\\/?product=krysztalkowy-komplet-slubn#primaryimage\"},\"thumbnailUrl\":\"https:\\\/\\\/staghorn.pl\\\/wp-content\\\/uploads\\\/2025\\\/06\\\/5.jpg\",\"datePublished\":\"2025-06-11T15:40:27+00:00\",\"dateModified\":\"2025-11-25T17:12:37+00:00\",\"description\":\"Kryszta\u0142kowy komplet \u015blubny z kolczykami i bransoletk\u0105. Delikatny, kobiecy blask w eleganckim wydaniu. Zam\u00f3w zestaw handmade, kt\u00f3ry dope\u0142ni wyj\u0105tkowy dzie\u0144.\",\"breadcrumb\":{\"@id\":\"https:\\\/\\\/staghorn.pl\\\/?product=krysztalkowy-komplet-slubn#breadcrumb\"},\"inLanguage\":\"pl-PL\",\"potentialAction\":[{\"@type\":\"ReadAction\",\"target\":[\"https:\\\/\\\/staghorn.pl\\\/?product=krysztalkowy-komplet-slubn\"]}]},{\"@type\":\"ImageObject\",\"inLanguage\":\"pl-PL\",\"@id\":\"https:\\\/\\\/staghorn.pl\\\/?product=krysztalkowy-komplet-slubn#primaryimage\",\"url\":\"https:\\\/\\\/staghorn.pl\\\/wp-content\\\/uploads\\\/2025\\\/06\\\/5.jpg\",\"contentUrl\":\"https:\\\/\\\/staghorn.pl\\\/wp-content\\\/uploads\\\/2025\\\/06\\\/5.jpg\",\"width\":640,\"height\":800,\"caption\":\"Migocz\u0105ce detale kryszta\u0142k\u00f3w Crystal AB w bi\u017cuterii \u015blubnej.\"},{\"@type\":\"BreadcrumbList\",\"@id\":\"https:\\\/\\\/staghorn.pl\\\/?product=krysztalkowy-komplet-slubn#breadcrumb\",\"itemListElement\":[{\"@type\":\"ListItem\",\"position\":1,\"name\":\"Strona g\u0142\u00f3wna\",\"item\":\"https:\\\/\\\/staghorn.pl\\\/\"},{\"@type\":\"ListItem\",\"position\":2,\"name\":\"Sklep\",\"item\":\"https:\\\/\\\/staghorn.pl\\\/?page_id=395\"},{\"@type\":\"ListItem\",\"position\":3,\"name\":\"Kryszta\u0142kowy Komplet \u015alubny &#8211; Bransoletka i Kolczyki\"}]},{\"@type\":\"WebSite\",\"@id\":\"https:\\\/\\\/staghorn.pl\\\/#website\",\"url\":\"https:\\\/\\\/staghorn.pl\\\/\",\"name\":\"Staghorn\",\"description\":\"\",\"publisher\":{\"@id\":\"https:\\\/\\\/staghorn.pl\\\/#\\\/schema\\\/person\\\/985c0f377b3807be4ab7ca84c02a0459\"},\"potentialAction\":[{\"@type\":\"SearchAction\",\"target\":{\"@type\":\"EntryPoint\",\"urlTemplate\":\"https:\\\/\\\/staghorn.pl\\\/?s={search_term_string}\"},\"query-input\":{\"@type\":\"PropertyValueSpecification\",\"valueRequired\":true,\"valueName\":\"search_term_string\"}}],\"inLanguage\":\"pl-PL\"},{\"@type\":[\"Person\",\"Organization\"],\"@id\":\"https:\\\/\\\/staghorn.pl\\\/#\\\/schema\\\/person\\\/985c0f377b3807be4ab7ca84c02a0459\",\"name\":\"Kasia\",\"image\":{\"@type\":\"ImageObject\",\"inLanguage\":\"pl-PL\",\"@id\":\"https:\\\/\\\/staghorn.pl\\\/wp-content\\\/uploads\\\/2024\\\/05\\\/cropped-2.png\",\"url\":\"https:\\\/\\\/staghorn.pl\\\/wp-content\\\/uploads\\\/2024\\\/05\\\/cropped-2.png\",\"contentUrl\":\"https:\\\/\\\/staghorn.pl\\\/wp-content\\\/uploads\\\/2024\\\/05\\\/cropped-2.png\",\"width\":512,\"height\":512,\"caption\":\"Kasia\"},\"logo\":{\"@id\":\"https:\\\/\\\/staghorn.pl\\\/wp-content\\\/uploads\\\/2024\\\/05\\\/cropped-2.png\"},\"sameAs\":[\"http:\\\/\\\/staghorn.pl\"]}]}<\/script>\n<!-- \/ Yoast SEO plugin. -->","yoast_head_json":{"title":"Kryszta\u0142kowy Komplet \u015alubny - Bransoletka i Kolczyki - Staghorn","description":"Kryszta\u0142kowy komplet \u015blubny z kolczykami i bransoletk\u0105. Delikatny, kobiecy blask w eleganckim wydaniu. Zam\u00f3w zestaw handmade, kt\u00f3ry dope\u0142ni wyj\u0105tkowy dzie\u0144.","robots":{"index":"index","follow":"follow","max-snippet":"max-snippet:-1","max-image-preview":"max-image-preview:large","max-video-preview":"max-video-preview:-1"},"canonical":"https:\/\/staghorn.pl\/?product=krysztalkowy-komplet-slubn","og_locale":"pl_PL","og_type":"article","og_title":"Kryszta\u0142kowy Komplet \u015alubny - Bransoletka i Kolczyki - Staghorn","og_description":"Kryszta\u0142kowy komplet \u015blubny z kolczykami i bransoletk\u0105. Delikatny, kobiecy blask w eleganckim wydaniu. Zam\u00f3w zestaw handmade, kt\u00f3ry dope\u0142ni wyj\u0105tkowy dzie\u0144.","og_url":"https:\/\/staghorn.pl\/?product=krysztalkowy-komplet-slubn","og_site_name":"Staghorn","article_modified_time":"2025-11-25T17:12:37+00:00","og_image":[{"width":640,"height":800,"url":"https:\/\/staghorn.pl\/wp-content\/uploads\/2025\/06\/5.jpg","type":"image\/jpeg"}],"twitter_card":"summary_large_image","twitter_misc":{"Szacowany czas czytania":"3 minuty"},"schema":{"@context":"https:\/\/schema.org","@graph":[{"@type":"WebPage","@id":"https:\/\/staghorn.pl\/?product=krysztalkowy-komplet-slubn","url":"https:\/\/staghorn.pl\/?product=krysztalkowy-komplet-slubn","name":"Kryszta\u0142kowy Komplet \u015alubny - Bransoletka i Kolczyki - Staghorn","isPartOf":{"@id":"https:\/\/staghorn.pl\/#website"},"primaryImageOfPage":{"@id":"https:\/\/staghorn.pl\/?product=krysztalkowy-komplet-slubn#primaryimage"},"image":{"@id":"https:\/\/staghorn.pl\/?product=krysztalkowy-komplet-slubn#primaryimage"},"thumbnailUrl":"https:\/\/staghorn.pl\/wp-content\/uploads\/2025\/06\/5.jpg","datePublished":"2025-06-11T15:40:27+00:00","dateModified":"2025-11-25T17:12:37+00:00","description":"Kryszta\u0142kowy komplet \u015blubny z kolczykami i bransoletk\u0105. Delikatny, kobiecy blask w eleganckim wydaniu. Zam\u00f3w zestaw handmade, kt\u00f3ry dope\u0142ni wyj\u0105tkowy dzie\u0144.","breadcrumb":{"@id":"https:\/\/staghorn.pl\/?product=krysztalkowy-komplet-slubn#breadcrumb"},"inLanguage":"pl-PL","potentialAction":[{"@type":"ReadAction","target":["https:\/\/staghorn.pl\/?product=krysztalkowy-komplet-slubn"]}]},{"@type":"ImageObject","inLanguage":"pl-PL","@id":"https:\/\/staghorn.pl\/?product=krysztalkowy-komplet-slubn#primaryimage","url":"https:\/\/staghorn.pl\/wp-content\/uploads\/2025\/06\/5.jpg","contentUrl":"https:\/\/staghorn.pl\/wp-content\/uploads\/2025\/06\/5.jpg","width":640,"height":800,"caption":"Migocz\u0105ce detale kryszta\u0142k\u00f3w Crystal AB w bi\u017cuterii \u015blubnej."},{"@type":"BreadcrumbList","@id":"https:\/\/staghorn.pl\/?product=krysztalkowy-komplet-slubn#breadcrumb","itemListElement":[{"@type":"ListItem","position":1,"name":"Strona g\u0142\u00f3wna","item":"https:\/\/staghorn.pl\/"},{"@type":"ListItem","position":2,"name":"Sklep","item":"https:\/\/staghorn.pl\/?page_id=395"},{"@type":"ListItem","position":3,"name":"Kryszta\u0142kowy Komplet \u015alubny &#8211; Bransoletka i Kolczyki"}]},{"@type":"WebSite","@id":"https:\/\/staghorn.pl\/#website","url":"https:\/\/staghorn.pl\/","name":"Staghorn","description":"","publisher":{"@id":"https:\/\/staghorn.pl\/#\/schema\/person\/985c0f377b3807be4ab7ca84c02a0459"},"potentialAction":[{"@type":"SearchAction","target":{"@type":"EntryPoint","urlTemplate":"https:\/\/staghorn.pl\/?s={search_term_string}"},"query-input":{"@type":"PropertyValueSpecification","valueRequired":true,"valueName":"search_term_string"}}],"inLanguage":"pl-PL"},{"@type":["Person","Organization"],"@id":"https:\/\/staghorn.pl\/#\/schema\/person\/985c0f377b3807be4ab7ca84c02a0459","name":"Kasia","image":{"@type":"ImageObject","inLanguage":"pl-PL","@id":"https:\/\/staghorn.pl\/wp-content\/uploads\/2024\/05\/cropped-2.png","url":"https:\/\/staghorn.pl\/wp-content\/uploads\/2024\/05\/cropped-2.png","contentUrl":"https:\/\/staghorn.pl\/wp-content\/uploads\/2024\/05\/cropped-2.png","width":512,"height":512,"caption":"Kasia"},"logo":{"@id":"https:\/\/staghorn.pl\/wp-content\/uploads\/2024\/05\/cropped-2.png"},"sameAs":["http:\/\/staghorn.pl"]}]}},"jetpack_sharing_enabled":true,"_links":{"self":[{"href":"https:\/\/staghorn.pl\/index.php?rest_route=\/wp\/v2\/product\/1724","targetHints":{"allow":["GET"]}}],"collection":[{"href":"https:\/\/staghorn.pl\/index.php?rest_route=\/wp\/v2\/product"}],"about":[{"href":"https:\/\/staghorn.pl\/index.php?rest_route=\/wp\/v2\/types\/product"}],"replies":[{"embeddable":true,"href":"https:\/\/staghorn.pl\/index.php?rest_route=%2Fwp%2Fv2%2Fcomments&post=1724"}],"wp:featuredmedia":[{"embeddable":true,"href":"https:\/\/staghorn.pl\/index.php?rest_route=\/wp\/v2\/media\/1718"}],"wp:attachment":[{"href":"https:\/\/staghorn.pl\/index.php?rest_route=%2Fwp%2Fv2%2Fmedia&parent=1724"}],"wp:term":[{"taxonomy":"product_brand","embeddable":true,"href":"https:\/\/staghorn.pl\/index.php?rest_route=%2Fwp%2Fv2%2Fproduct_brand&post=1724"},{"taxonomy":"product_cat","embeddable":true,"href":"https:\/\/staghorn.pl\/index.php?rest_route=%2Fwp%2Fv2%2Fproduct_cat&post=1724"},{"taxonomy":"product_tag","embeddable":true,"href":"https:\/\/staghorn.pl\/index.php?rest_route=%2Fwp%2Fv2%2Fproduct_tag&post=1724"}],"curies":[{"name":"wp","href":"https:\/\/api.w.org\/{rel}","templated":true}]}}