{"id":1733,"date":"2025-06-25T11:27:09","date_gmt":"2025-06-25T09:27:09","guid":{"rendered":"https:\/\/staghorn.pl\/?post_type=product&#038;p=1733"},"modified":"2026-03-14T20:30:51","modified_gmt":"2026-03-14T19:30:51","slug":"komplet-slubny-z-krysztalkow","status":"publish","type":"product","link":"https:\/\/staghorn.pl\/?product=komplet-slubny-z-krysztalkow","title":{"rendered":"Komplet \u015alubny z Kryszta\u0142k\u00f3w &#8211; Bransoletka i Du\u017ce kolczyki"},"content":{"rendered":"<h1 style=\"text-align: center;\"><strong>\ud83d\udc8d Komplet \u015alubny z Kryszta\u0142k\u00f3w \u2013 Bo L\u015bni\u0107 Mo\u017cna po Swojemu<\/strong><\/h1>\n<p data-start=\"348\" data-end=\"671\">Nie ka\u017cda panna m\u0142oda marzy o diamentowej tiarze. Ale ka\u017cda zas\u0142uguje na bi\u017cuteri\u0119, w kt\u00f3rej poczuje si\u0119 wyj\u0105tkowo \u2013 jak w swojej najlepszej wersji.<br data-start=\"496\" data-end=\"499\" \/>Ten komplet \u015blubny z kryszta\u0142k\u00f3w Preciosa w odcieniu Crystal AB zosta\u0142 stworzony w\u0142a\u015bnie na takie momenty: gdy emocje s\u0105 wielkie, a blask powinien pod\u0105\u017ca\u0107 za Tob\u0105 \u2013 nie odwrotnie.<\/p>\n<p data-start=\"673\" data-end=\"829\">Kolczyki i bransoletka \u0142\u0105cz\u0105 lekko\u015b\u0107 formy z klasycznym po\u0142yskiem, tworz\u0105c duet, kt\u00f3ry odnajdzie si\u0119 zar\u00f3wno w stylizacji \u015blubnej, jak i tej \u201epo godzinach\u201d.<\/p>\n<hr \/>\n<h2 style=\"text-align: center;\"><strong>\u2728 Elegancka Bi\u017cuteria \u015alubna Handmade \u2013 Kryszta\u0142y, Kt\u00f3re Graj\u0105 G\u0142\u00f3wn\u0105 Rol\u0119<\/strong><\/h2>\n<p data-start=\"917\" data-end=\"940\">W komplecie znajdziesz:<\/p>\n<p data-start=\"942\" data-end=\"1438\">\ud83d\udd39 <strong data-start=\"945\" data-end=\"980\">Bransoletk\u0119 o szeroko\u015bci 0,7 cm<\/strong> \u2013 idealn\u0105 na nadgarstek 14,5\u201316,5 cm (z mo\u017cliwo\u015bci\u0105 personalizacji d\u0142ugo\u015bci).<br data-start=\"1058\" data-end=\"1061\" \/>\ud83d\udd39 <strong data-start=\"1064\" data-end=\"1118\">Kolczyki o d\u0142ugo\u015bci ok. 6,2 cm i szeroko\u015bci 1,9 cm<\/strong> \u2013 z efektownym, a zarazem lekkim wyko\u0144czeniem. D\u0142ugo\u015b\u0107 bez bigli: ok. 4 cm.<br data-start=\"1194\" data-end=\"1197\" \/>\ud83d\udd39 <strong data-start=\"1200\" data-end=\"1234\">Kryszta\u0142ki Preciosa Crystal AB<\/strong> \u2013 mieni\u0105ce si\u0119 ciep\u0142ym, t\u0119czowym blaskiem, z \u0142ezkowymi zawieszkami o subtelnym, ale wyrazistym po\u0142ysku.<br data-start=\"1338\" data-end=\"1341\" \/>\ud83d\udd39 <strong data-start=\"1344\" data-end=\"1396\">Srebrne koraliki Miyuki Delica i stal nierdzewna<\/strong> \u2013 dla trwa\u0142o\u015bci, klasy i wygody noszenia.<\/p>\n<p data-start=\"1440\" data-end=\"1528\">\ud83d\udc49 Chcesz zmieni\u0107 bigle na sztyfty lub klipsy? Daj zna\u0107 \u2013 dopasuj\u0119 je do Twoich potrzeb.<\/p>\n<hr \/>\n<h2 style=\"text-align: center;\">\ud83d\udca1<strong> Kiedy Za\u0142o\u017cy\u0107 Komplet z Kryszta\u0142k\u00f3w Preciosa? Nie Tylko do \u015alubu<\/strong><\/h2>\n<p data-start=\"1609\" data-end=\"1659\">To nie jest bi\u017cuteria \u201ena raz\u201d.<br data-start=\"1640\" data-end=\"1643\" \/>Ten komplet no\u015b:<\/p>\n<p data-start=\"1661\" data-end=\"1881\">\u2714 w dzie\u0144 \u015blubu \u2013 do sukni, kt\u00f3r\u0105 sama wybra\u0142a\u015b,<br data-start=\"1709\" data-end=\"1712\" \/>\u2714 na poprawiny \u2013 z lekkim koczkiem i u\u015bmiechem,<br data-start=\"1759\" data-end=\"1762\" \/>\u2714 na romantyczn\u0105 kolacj\u0119 lub bal,<br data-start=\"1795\" data-end=\"1798\" \/>\u2714 do bia\u0142ej koszuli, kiedy chcesz, by wszystko wok\u00f3\u0142 by\u0142o odrobin\u0119 bardziej <em data-start=\"1874\" data-end=\"1880\">glam<\/em>.<\/p>\n<p data-start=\"1883\" data-end=\"1948\">Bo Twoja bi\u017cuteria mo\u017ce mie\u0107 wi\u0119cej ni\u017c jedno \u017cycie \u2013 tak jak Ty.<\/p>\n<hr \/>\n<h2 style=\"text-align: center;\"><strong>\ud83d\udc9d Bi\u017cuteria Handmade z Pracowni \u2013 Detal, kt\u00f3ry Ma Znaczenie<\/strong><\/h2>\n<p data-start=\"2022\" data-end=\"2329\">\u2714 R\u0119cznie wykonany komplet \u2013 z pasj\u0105 i dba\u0142o\u015bci\u0105 o najmniejsze szczeg\u00f3\u0142y.<br data-start=\"2094\" data-end=\"2097\" \/>\u2714 Starannie dobrane komponenty \u2013 kryszta\u0142y Preciosa, Miyuki Delica, stal nierdzewna.<br data-start=\"2180\" data-end=\"2183\" \/>\u2714 Uniwersalny styl \u2013 pasuje do klasycznych, romantycznych i nowoczesnych sukien.<br data-start=\"2262\" data-end=\"2265\" \/>\u2714 Personalizacja \u2013 zmiana d\u0142ugo\u015bci bransoletki, bigli i wi\u0119cej<\/p>\n<p data-start=\"2331\" data-end=\"2406\">Zapakowany z trosk\u0105 \u2013 gotowy, by wr\u0119czy\u0107 go (sobie albo komu\u015b wyj\u0105tkowemu).<\/p>\n<hr \/>\n<h2 style=\"text-align: center;\"><strong>\ud83d\udee0\ufe0f Chcesz co\u015b zmieni\u0107? Jasne!<\/strong><\/h2>\n<p>\u2714 Zmieni\u0119 bigle \u2013 je\u015bli wolisz sztyfty lub klasyczne zapi\u0119cia<br data-start=\"2064\" data-end=\"2067\" \/>\u2714 Dopasuj\u0119 d\u0142ugo\u015b\u0107 bransoletki \u2013 wystarczy poda\u0107 obw\u00f3d nadgarstka<br data-start=\"2134\" data-end=\"2137\" \/>\u2714 Mog\u0119 przygotowa\u0107 dla Ciebie wersj\u0119 spersonalizowan\u0105 \u2013 napisz, co Ci w duszy gra<\/p>\n<hr \/>\n<p>Chcesz, by Twoja bi\u017cuteria m\u00f3wi\u0142a wi\u0119cej ni\u017c s\u0142owa?<br data-start=\"2464\" data-end=\"2467\" \/>Ten komplet \u015blubny z kryszta\u0142k\u00f3w w\u0142a\u015bnie to potrafi.<br data-start=\"2523\" data-end=\"2526\" \/>I z przyjemno\u015bci\u0105 zagra drugie skrzypce w Twoim wielkim dniu.<\/p>\n<hr \/>\n<p>&nbsp;<\/p>\n<p>\ud83d\udce9 Je\u015bli masz jakiekolwiek pytania, mo\u017cesz skontaktowa\u0107 si\u0119 ze mn\u0105 za po\u015brednictwem <strong><a href=\"https:\/\/staghorn.pl\/?page_id=126\">formularza kontaktowego\u00a0<\/a><\/strong><\/p>\n<p>\ud83d\udecd\ufe0f Buy on <a href=\"https:\/\/staghornpl.etsy.com\/listing\/4316924273\"><strong>ETSY<\/strong><\/a><\/p>\n<p>\ud83d\udcbb\u00a0 Pami\u0119taj, \u017ce ze wzgl\u0119du na efekty o\u015bwietleniowe, jasno\u015b\u0107 monitora, kontrast oraz inne ustawienia, mog\u0105 wyst\u0105pi\u0107 niewielkie r\u00f3\u017cnice w odcieniu koloru zdj\u0119cia na stronie internetowej a rzeczywistym produktem.<\/p>\n<p>&nbsp;<\/p>\n","protected":false},"excerpt":{"rendered":"<p data-start=\"166\" data-end=\"437\">\u2714 Komplet bi\u017cuterii: bransoletka + kolczyki<br data-start=\"209\" data-end=\"212\" \/>\u2714 Kryszta\u0142ki Preciosa Crystal AB + koraliki Miyuki<br data-start=\"262\" data-end=\"265\" \/>\u2714 Bransoletka: na nadgarstek 14,5\u201316,5 cm (mo\u017cliwo\u015b\u0107 dopasowania)<br data-start=\"330\" data-end=\"333\" \/>\u2714 Kolczyki: 6,2 cm \/ 4 cm bez bigli (mo\u017cliwo\u015b\u0107 zmiany bigli)<br data-start=\"393\" data-end=\"396\" \/>\u2714 Stal nierdzewna \u2013 bezpieczna i trwa\u0142a<\/p>\n<p data-start=\"439\" data-end=\"505\">\ud83d\udc8d Delikatny blask, elegancki detal \u2013 idealny na \u015blub i nie tylko!<\/p>\n<p>\ud83d\udecd\ufe0f Buy on <a href=\"https:\/\/staghornpl.etsy.com\/listing\/4316924273\"><strong>ETSY<\/strong><\/a><\/p>\n<p>&nbsp;<\/p>\n","protected":false},"featured_media":1727,"comment_status":"open","ping_status":"closed","template":"","meta":{"_kad_post_transparent":"default","_kad_post_title":"","_kad_post_layout":"default","_kad_post_sidebar_id":"","_kad_post_content_style":"default","_kad_post_vertical_padding":"default","_kad_post_feature":"","_kad_post_feature_position":"","_kad_post_header":false,"_kad_post_footer":false,"_kad_post_classname":""},"product_brand":[],"product_cat":[20,154,24],"product_tag":[54,45,72,28,50,36,58,83,39,82,85,84,48,34,60],"class_list":{"0":"post-1733","1":"product","2":"type-product","3":"status-publish","4":"has-post-thumbnail","6":"product_cat-bizuteria-slubna","7":"product_cat-bizuteria-z-krysztalkow","8":"product_cat-zestawy-bizuterii","9":"product_tag-akcesoria-dla-kobiet","10":"product_tag-bizuteria-dla-kobiet","11":"product_tag-bizuteria-na-wieczorne-wyjscia","12":"product_tag-bizuteria-slubna","13":"product_tag-bizuteria-z-krysztalkow","14":"product_tag-delikatna-bizuteria","15":"product_tag-elegancka-bizuteria","16":"product_tag-kolczyki-i-bransoletka","17":"product_tag-moda-damska","18":"product_tag-perly","19":"product_tag-slub-w-bieli","20":"product_tag-slubne-dodatki","21":"product_tag-wiszace-kolczyki","22":"product_tag-zestaw-bizuterii","23":"product_tag-zlote-kolczyki","24":"product_shipping_class-male-gabaryty","26":"first","27":"instock","28":"shipping-taxable","29":"purchasable","30":"product-type-simple","31":"entry","32":"content-bg","33":"loop-entry"},"yoast_head":"<!-- This site is optimized with the Yoast SEO plugin v27.4 - https:\/\/yoast.com\/product\/yoast-seo-wordpress\/ -->\n<title>Komplet \u015alubny z Kryszta\u0142k\u00f3w - Bransoletka i Du\u017ce kolczyki - Staghorn<\/title>\n<meta name=\"description\" content=\"Komplet \u015alubny z Kryszta\u0142k\u00f3w Preciosa Crystal AB. Elegancja, lekko\u015b\u0107 i subtelny blask. Idealny na \u015blub i wyj\u0105tkowe chwile. Sprawd\u017a, czy to Tw\u00f3j b\u0142ysk!\" \/>\n<meta name=\"robots\" content=\"index, follow, max-snippet:-1, max-image-preview:large, max-video-preview:-1\" \/>\n<link rel=\"canonical\" href=\"https:\/\/staghorn.pl\/?product=komplet-slubny-z-krysztalkow\" \/>\n<meta property=\"og:locale\" content=\"pl_PL\" \/>\n<meta property=\"og:type\" content=\"article\" \/>\n<meta property=\"og:title\" content=\"Komplet \u015alubny z Kryszta\u0142k\u00f3w - Bransoletka i Du\u017ce kolczyki - Staghorn\" \/>\n<meta property=\"og:description\" content=\"Komplet \u015alubny z Kryszta\u0142k\u00f3w Preciosa Crystal AB. Elegancja, lekko\u015b\u0107 i subtelny blask. Idealny na \u015blub i wyj\u0105tkowe chwile. Sprawd\u017a, czy to Tw\u00f3j b\u0142ysk!\" \/>\n<meta property=\"og:url\" content=\"https:\/\/staghorn.pl\/?product=komplet-slubny-z-krysztalkow\" \/>\n<meta property=\"og:site_name\" content=\"Staghorn\" \/>\n<meta property=\"article:modified_time\" content=\"2026-03-14T19:30:51+00:00\" \/>\n<meta property=\"og:image\" content=\"https:\/\/staghorn.pl\/wp-content\/uploads\/2025\/06\/3-3.jpg\" \/>\n\t<meta property=\"og:image:width\" content=\"640\" \/>\n\t<meta property=\"og:image:height\" content=\"800\" \/>\n\t<meta property=\"og:image:type\" content=\"image\/jpeg\" \/>\n<meta name=\"twitter:card\" content=\"summary_large_image\" \/>\n<meta name=\"twitter:label1\" content=\"Szacowany czas czytania\" \/>\n\t<meta name=\"twitter:data1\" content=\"3 minuty\" \/>\n<script type=\"application\/ld+json\" class=\"yoast-schema-graph\">{\"@context\":\"https:\\\/\\\/schema.org\",\"@graph\":[{\"@type\":\"WebPage\",\"@id\":\"https:\\\/\\\/staghorn.pl\\\/?product=komplet-slubny-z-krysztalkow\",\"url\":\"https:\\\/\\\/staghorn.pl\\\/?product=komplet-slubny-z-krysztalkow\",\"name\":\"Komplet \u015alubny z Kryszta\u0142k\u00f3w - Bransoletka i Du\u017ce kolczyki - Staghorn\",\"isPartOf\":{\"@id\":\"https:\\\/\\\/staghorn.pl\\\/#website\"},\"primaryImageOfPage\":{\"@id\":\"https:\\\/\\\/staghorn.pl\\\/?product=komplet-slubny-z-krysztalkow#primaryimage\"},\"image\":{\"@id\":\"https:\\\/\\\/staghorn.pl\\\/?product=komplet-slubny-z-krysztalkow#primaryimage\"},\"thumbnailUrl\":\"https:\\\/\\\/staghorn.pl\\\/wp-content\\\/uploads\\\/2025\\\/06\\\/3-3.jpg\",\"datePublished\":\"2025-06-25T09:27:09+00:00\",\"dateModified\":\"2026-03-14T19:30:51+00:00\",\"description\":\"Komplet \u015alubny z Kryszta\u0142k\u00f3w Preciosa Crystal AB. Elegancja, lekko\u015b\u0107 i subtelny blask. Idealny na \u015blub i wyj\u0105tkowe chwile. Sprawd\u017a, czy to Tw\u00f3j b\u0142ysk!\",\"breadcrumb\":{\"@id\":\"https:\\\/\\\/staghorn.pl\\\/?product=komplet-slubny-z-krysztalkow#breadcrumb\"},\"inLanguage\":\"pl-PL\",\"potentialAction\":[{\"@type\":\"ReadAction\",\"target\":[\"https:\\\/\\\/staghorn.pl\\\/?product=komplet-slubny-z-krysztalkow\"]}]},{\"@type\":\"ImageObject\",\"inLanguage\":\"pl-PL\",\"@id\":\"https:\\\/\\\/staghorn.pl\\\/?product=komplet-slubny-z-krysztalkow#primaryimage\",\"url\":\"https:\\\/\\\/staghorn.pl\\\/wp-content\\\/uploads\\\/2025\\\/06\\\/3-3.jpg\",\"contentUrl\":\"https:\\\/\\\/staghorn.pl\\\/wp-content\\\/uploads\\\/2025\\\/06\\\/3-3.jpg\",\"width\":640,\"height\":800,\"caption\":\"Kolczyki handmade z b\u0142yszcz\u0105cych kryszta\u0142k\u00f3w \u2013 subtelny akcent do \u015blubnej stylizacji.\"},{\"@type\":\"BreadcrumbList\",\"@id\":\"https:\\\/\\\/staghorn.pl\\\/?product=komplet-slubny-z-krysztalkow#breadcrumb\",\"itemListElement\":[{\"@type\":\"ListItem\",\"position\":1,\"name\":\"Strona g\u0142\u00f3wna\",\"item\":\"https:\\\/\\\/staghorn.pl\\\/\"},{\"@type\":\"ListItem\",\"position\":2,\"name\":\"Sklep\",\"item\":\"https:\\\/\\\/staghorn.pl\\\/?page_id=395\"},{\"@type\":\"ListItem\",\"position\":3,\"name\":\"Komplet \u015alubny z Kryszta\u0142k\u00f3w &#8211; Bransoletka i Du\u017ce kolczyki\"}]},{\"@type\":\"WebSite\",\"@id\":\"https:\\\/\\\/staghorn.pl\\\/#website\",\"url\":\"https:\\\/\\\/staghorn.pl\\\/\",\"name\":\"Staghorn\",\"description\":\"\",\"publisher\":{\"@id\":\"https:\\\/\\\/staghorn.pl\\\/#\\\/schema\\\/person\\\/985c0f377b3807be4ab7ca84c02a0459\"},\"potentialAction\":[{\"@type\":\"SearchAction\",\"target\":{\"@type\":\"EntryPoint\",\"urlTemplate\":\"https:\\\/\\\/staghorn.pl\\\/?s={search_term_string}\"},\"query-input\":{\"@type\":\"PropertyValueSpecification\",\"valueRequired\":true,\"valueName\":\"search_term_string\"}}],\"inLanguage\":\"pl-PL\"},{\"@type\":[\"Person\",\"Organization\"],\"@id\":\"https:\\\/\\\/staghorn.pl\\\/#\\\/schema\\\/person\\\/985c0f377b3807be4ab7ca84c02a0459\",\"name\":\"Kasia\",\"image\":{\"@type\":\"ImageObject\",\"inLanguage\":\"pl-PL\",\"@id\":\"https:\\\/\\\/staghorn.pl\\\/wp-content\\\/uploads\\\/2024\\\/05\\\/cropped-2.png\",\"url\":\"https:\\\/\\\/staghorn.pl\\\/wp-content\\\/uploads\\\/2024\\\/05\\\/cropped-2.png\",\"contentUrl\":\"https:\\\/\\\/staghorn.pl\\\/wp-content\\\/uploads\\\/2024\\\/05\\\/cropped-2.png\",\"width\":512,\"height\":512,\"caption\":\"Kasia\"},\"logo\":{\"@id\":\"https:\\\/\\\/staghorn.pl\\\/wp-content\\\/uploads\\\/2024\\\/05\\\/cropped-2.png\"},\"sameAs\":[\"http:\\\/\\\/staghorn.pl\"]}]}<\/script>\n<!-- \/ Yoast SEO plugin. -->","yoast_head_json":{"title":"Komplet \u015alubny z Kryszta\u0142k\u00f3w - Bransoletka i Du\u017ce kolczyki - Staghorn","description":"Komplet \u015alubny z Kryszta\u0142k\u00f3w Preciosa Crystal AB. Elegancja, lekko\u015b\u0107 i subtelny blask. Idealny na \u015blub i wyj\u0105tkowe chwile. Sprawd\u017a, czy to Tw\u00f3j b\u0142ysk!","robots":{"index":"index","follow":"follow","max-snippet":"max-snippet:-1","max-image-preview":"max-image-preview:large","max-video-preview":"max-video-preview:-1"},"canonical":"https:\/\/staghorn.pl\/?product=komplet-slubny-z-krysztalkow","og_locale":"pl_PL","og_type":"article","og_title":"Komplet \u015alubny z Kryszta\u0142k\u00f3w - Bransoletka i Du\u017ce kolczyki - Staghorn","og_description":"Komplet \u015alubny z Kryszta\u0142k\u00f3w Preciosa Crystal AB. Elegancja, lekko\u015b\u0107 i subtelny blask. Idealny na \u015blub i wyj\u0105tkowe chwile. Sprawd\u017a, czy to Tw\u00f3j b\u0142ysk!","og_url":"https:\/\/staghorn.pl\/?product=komplet-slubny-z-krysztalkow","og_site_name":"Staghorn","article_modified_time":"2026-03-14T19:30:51+00:00","og_image":[{"width":640,"height":800,"url":"https:\/\/staghorn.pl\/wp-content\/uploads\/2025\/06\/3-3.jpg","type":"image\/jpeg"}],"twitter_card":"summary_large_image","twitter_misc":{"Szacowany czas czytania":"3 minuty"},"schema":{"@context":"https:\/\/schema.org","@graph":[{"@type":"WebPage","@id":"https:\/\/staghorn.pl\/?product=komplet-slubny-z-krysztalkow","url":"https:\/\/staghorn.pl\/?product=komplet-slubny-z-krysztalkow","name":"Komplet \u015alubny z Kryszta\u0142k\u00f3w - Bransoletka i Du\u017ce kolczyki - Staghorn","isPartOf":{"@id":"https:\/\/staghorn.pl\/#website"},"primaryImageOfPage":{"@id":"https:\/\/staghorn.pl\/?product=komplet-slubny-z-krysztalkow#primaryimage"},"image":{"@id":"https:\/\/staghorn.pl\/?product=komplet-slubny-z-krysztalkow#primaryimage"},"thumbnailUrl":"https:\/\/staghorn.pl\/wp-content\/uploads\/2025\/06\/3-3.jpg","datePublished":"2025-06-25T09:27:09+00:00","dateModified":"2026-03-14T19:30:51+00:00","description":"Komplet \u015alubny z Kryszta\u0142k\u00f3w Preciosa Crystal AB. Elegancja, lekko\u015b\u0107 i subtelny blask. Idealny na \u015blub i wyj\u0105tkowe chwile. Sprawd\u017a, czy to Tw\u00f3j b\u0142ysk!","breadcrumb":{"@id":"https:\/\/staghorn.pl\/?product=komplet-slubny-z-krysztalkow#breadcrumb"},"inLanguage":"pl-PL","potentialAction":[{"@type":"ReadAction","target":["https:\/\/staghorn.pl\/?product=komplet-slubny-z-krysztalkow"]}]},{"@type":"ImageObject","inLanguage":"pl-PL","@id":"https:\/\/staghorn.pl\/?product=komplet-slubny-z-krysztalkow#primaryimage","url":"https:\/\/staghorn.pl\/wp-content\/uploads\/2025\/06\/3-3.jpg","contentUrl":"https:\/\/staghorn.pl\/wp-content\/uploads\/2025\/06\/3-3.jpg","width":640,"height":800,"caption":"Kolczyki handmade z b\u0142yszcz\u0105cych kryszta\u0142k\u00f3w \u2013 subtelny akcent do \u015blubnej stylizacji."},{"@type":"BreadcrumbList","@id":"https:\/\/staghorn.pl\/?product=komplet-slubny-z-krysztalkow#breadcrumb","itemListElement":[{"@type":"ListItem","position":1,"name":"Strona g\u0142\u00f3wna","item":"https:\/\/staghorn.pl\/"},{"@type":"ListItem","position":2,"name":"Sklep","item":"https:\/\/staghorn.pl\/?page_id=395"},{"@type":"ListItem","position":3,"name":"Komplet \u015alubny z Kryszta\u0142k\u00f3w &#8211; Bransoletka i Du\u017ce kolczyki"}]},{"@type":"WebSite","@id":"https:\/\/staghorn.pl\/#website","url":"https:\/\/staghorn.pl\/","name":"Staghorn","description":"","publisher":{"@id":"https:\/\/staghorn.pl\/#\/schema\/person\/985c0f377b3807be4ab7ca84c02a0459"},"potentialAction":[{"@type":"SearchAction","target":{"@type":"EntryPoint","urlTemplate":"https:\/\/staghorn.pl\/?s={search_term_string}"},"query-input":{"@type":"PropertyValueSpecification","valueRequired":true,"valueName":"search_term_string"}}],"inLanguage":"pl-PL"},{"@type":["Person","Organization"],"@id":"https:\/\/staghorn.pl\/#\/schema\/person\/985c0f377b3807be4ab7ca84c02a0459","name":"Kasia","image":{"@type":"ImageObject","inLanguage":"pl-PL","@id":"https:\/\/staghorn.pl\/wp-content\/uploads\/2024\/05\/cropped-2.png","url":"https:\/\/staghorn.pl\/wp-content\/uploads\/2024\/05\/cropped-2.png","contentUrl":"https:\/\/staghorn.pl\/wp-content\/uploads\/2024\/05\/cropped-2.png","width":512,"height":512,"caption":"Kasia"},"logo":{"@id":"https:\/\/staghorn.pl\/wp-content\/uploads\/2024\/05\/cropped-2.png"},"sameAs":["http:\/\/staghorn.pl"]}]}},"jetpack_sharing_enabled":true,"_links":{"self":[{"href":"https:\/\/staghorn.pl\/index.php?rest_route=\/wp\/v2\/product\/1733","targetHints":{"allow":["GET"]}}],"collection":[{"href":"https:\/\/staghorn.pl\/index.php?rest_route=\/wp\/v2\/product"}],"about":[{"href":"https:\/\/staghorn.pl\/index.php?rest_route=\/wp\/v2\/types\/product"}],"replies":[{"embeddable":true,"href":"https:\/\/staghorn.pl\/index.php?rest_route=%2Fwp%2Fv2%2Fcomments&post=1733"}],"wp:featuredmedia":[{"embeddable":true,"href":"https:\/\/staghorn.pl\/index.php?rest_route=\/wp\/v2\/media\/1727"}],"wp:attachment":[{"href":"https:\/\/staghorn.pl\/index.php?rest_route=%2Fwp%2Fv2%2Fmedia&parent=1733"}],"wp:term":[{"taxonomy":"product_brand","embeddable":true,"href":"https:\/\/staghorn.pl\/index.php?rest_route=%2Fwp%2Fv2%2Fproduct_brand&post=1733"},{"taxonomy":"product_cat","embeddable":true,"href":"https:\/\/staghorn.pl\/index.php?rest_route=%2Fwp%2Fv2%2Fproduct_cat&post=1733"},{"taxonomy":"product_tag","embeddable":true,"href":"https:\/\/staghorn.pl\/index.php?rest_route=%2Fwp%2Fv2%2Fproduct_tag&post=1733"}],"curies":[{"name":"wp","href":"https:\/\/api.w.org\/{rel}","templated":true}]}}