{"id":1736,"date":"2025-06-25T12:03:19","date_gmt":"2025-06-25T10:03:19","guid":{"rendered":"https:\/\/staghorn.pl\/?post_type=product&#038;p=1736"},"modified":"2026-03-14T20:30:43","modified_gmt":"2026-03-14T19:30:43","slug":"slubna-bransoletka-z-krysztalkow","status":"publish","type":"product","link":"https:\/\/staghorn.pl\/?product=slubna-bransoletka-z-krysztalkow","title":{"rendered":"\u015alubna Bransoletka z Kryszta\u0142k\u00f3w Preciosa Crystal AB"},"content":{"rendered":"<h1 style=\"text-align: center;\">\ud83d\udc8e \u015alubna Bransoletka z Kryszta\u0142k\u00f3w Preciosa Crystal AB \u2013 Lekko\u015b\u0107, kt\u00f3ra L\u015bni<\/h1>\n<p data-start=\"128\" data-end=\"352\">Nie musisz obwiesza\u0107 si\u0119 b\u0142yskotkami, by wygl\u0105da\u0107 zjawiskowo.<br data-start=\"189\" data-end=\"192\" \/>Wystarczy jeden detal \u2013 delikatna, r\u0119cznie wykonana bransoletka, kt\u00f3ra \u0142apie \u015bwiat\u0142o jak poranna rosa. To dodatek, kt\u00f3ry m\u00f3wi: <em data-start=\"319\" data-end=\"349\">jestem gotowa na sw\u00f3j moment<\/em>.<\/p>\n<p data-start=\"354\" data-end=\"662\"><strong data-start=\"354\" data-end=\"410\">\u015alubna bransoletka z kryszta\u0142k\u00f3w Preciosa Crystal AB<\/strong> \u0142\u0105czy w sobie lekko\u015b\u0107 i blask. Kryszta\u0142ki w odcieniu Crystal AB delikatnie opalizuj\u0105 \u2013 raz ch\u0142odne, raz ciep\u0142e, zawsze \u015bwietliste. Srebrne koraliki Miyuki Delica dodaj\u0105 kompozycji elegancji, a stal nierdzewna dba o komfort noszenia przez ca\u0142y dzie\u0144.<\/p>\n<p data-start=\"664\" data-end=\"780\">\u2728 D\u0142ugo\u015b\u0107 bransoletki mo\u017cna dopasowa\u0107 do nadgarstka \u2013 bo ka\u017cda z nas jest inna, a wygoda jest r\u00f3wnie wa\u017cna jak styl.<\/p>\n<hr \/>\n<h2 style=\"text-align: center;\"><strong>\ud83e\udd0d Subtelna Bi\u017cuteria \u015alubna Handmade \u2013 Do Sukni i Na Co Dzie\u0144<\/strong><\/h2>\n<p>Ta bransoletka to idealny dodatek do stylizacji \u015blubnej \u2013 pasuje do sukni klasycznej, boho, nowoczesnej.<br data-start=\"959\" data-end=\"962\" \/>Ale nie musi czeka\u0107 na specjalne okazje \u2013 no\u015b j\u0105 na romantyczn\u0105 kolacj\u0119, do lnianej koszuli, a nawet do bia\u0142ego t-shirta. Delikatna forma i neutralny blask sprawiaj\u0105, \u017ce to bi\u017cuteria na lata \u2013 nie tylko na jeden dzie\u0144.<\/p>\n<hr \/>\n<h3 style=\"text-align: center;\"><strong>\ud83c\udf80 Personalizacja? Oczywi\u015bcie<\/strong><\/h3>\n<p>\u2714 Bransoletka pasuje na nadgarstek 14,5\u201316,5 cm<br data-start=\"1269\" data-end=\"1272\" \/>\u2714 Potrzebujesz innej d\u0142ugo\u015bci? Napisz \u2013 dostosuj\u0119 j\u0105 do Ciebie<\/p>\n<hr \/>\n<h3 style=\"text-align: center;\"><strong>\ud83d\udc8d W Zestawie \u2013 Jeszcze Wi\u0119cej Blasku, Mniej Koszt\u00f3w<\/strong><\/h3>\n<p data-start=\"1477\" data-end=\"1690\">Ta bransoletka to cz\u0119\u015b\u0107 wi\u0119kszej ca\u0142o\u015bci!<br data-start=\"1518\" data-end=\"1521\" \/>W sklepie znajdziesz <strong data-start=\"1542\" data-end=\"1565\">dwa komplety \u015blubne<\/strong> z jej udzia\u0142em \u2013 r\u00f3\u017cni\u0105ce si\u0119 stylem kolczyk\u00f3w:<br data-start=\"1613\" data-end=\"1616\" \/>\ud83d\udd39 <a href=\"https:\/\/staghorn.pl\/?product=krysztalkowy-komplet-slubn\">jeden<\/a> z delikatniejszymi kolczykami,<br data-start=\"1655\" data-end=\"1658\" \/>\ud83d\udd39 <a href=\"https:\/\/staghorn.pl\/?product=komplet-slubny-z-krysztalkow\">drugi<\/a> z nieco bardziej okaza\u0142ymi.<\/p>\n<p data-start=\"1692\" data-end=\"1864\">Decyduj\u0105c si\u0119 na <strong data-start=\"1709\" data-end=\"1719\">zestaw<\/strong>, zyskujesz stylow\u0105 sp\u00f3jno\u015b\u0107 i oszcz\u0119dzasz nawet <strong data-start=\"1768\" data-end=\"1777\">29 z\u0142<\/strong>.<br data-start=\"1778\" data-end=\"1781\" \/>Zajrzyj do kategorii \u201e<a href=\"https:\/\/staghorn.pl\/?product_cat=zestawy-bizuterii\">zestawy bi\u017cuterii<\/a>\u201d i wybierz ten, kt\u00f3ry najlepiej odda Tw\u00f3j charakter.<\/p>\n<hr \/>\n<h3 style=\"text-align: center;\"><strong>\ud83c\udf81 Idealny Prezent Dla Panny M\u0142odej (lub&#8230; dla Ciebie)<\/strong><\/h3>\n<p>Szukasz subtelnego prezentu handmade na \u015blub, wiecz\u00f3r panie\u0144ski albo rocznic\u0119? A mo\u017ce po prostu chcesz sprawi\u0107 sobie co\u015b wyj\u0105tkowego?<br data-start=\"2065\" data-end=\"2068\" \/>Bransoletka z kryszta\u0142k\u00f3w Preciosa to prezent, kt\u00f3ry ma lekko\u015b\u0107 i blask \u2013 ale te\u017c serce i osobisty charakter.<\/p>\n<hr \/>\n<p>\ud83d\udce9 Je\u015bli masz jakiekolwiek pytania, mo\u017cesz skontaktowa\u0107 si\u0119 ze mn\u0105 za po\u015brednictwem<strong>\u00a0<a href=\"https:\/\/staghorn.pl\/?page_id=126\">formularza kontaktowego<\/a>.<\/strong><\/p>\n<p>\ud83d\udcbb Pami\u0119taj, \u017ce ze wzgl\u0119du na efekty o\u015bwietleniowe, jasno\u015b\u0107 monitora, kontrast oraz inne ustawienia, mog\u0105 wyst\u0105pi\u0107 drobne r\u00f3\u017cnice w odcieniu koloru zdj\u0119cia na stronie internetowej a rzeczywistym produktem.<\/p>\n","protected":false},"excerpt":{"rendered":"<p data-start=\"83\" data-end=\"327\">\u2714 Bransoletka \u015alubna Szyta R\u0119cznie<br data-start=\"130\" data-end=\"133\" \/>\u2714 Kryszta\u0142ki Preciosa Crystal AB + Koraliki Miyuki Delica + stal nierdzewna<br data-start=\"175\" data-end=\"178\" \/>\u2714 Pasuje na nadgarstek 14,5\u201316,5 cm (mo\u017cliwo\u015b\u0107 dopasowania)<br data-start=\"237\" data-end=\"240\" \/>\u2714 R\u0119kodzie\u0142o \u2013 lekka, elegancka i wygodna<br data-start=\"281\" data-end=\"284\" \/>\u2714 Dost\u0119pna w zestawach \u2013 zyskaj nawet 29 z\u0142<\/p>\n<p data-start=\"329\" data-end=\"393\">\ud83d\udc8e Subtelny blask i \u015blubna elegancja \u2013 nie tylko na jeden dzie\u0144.<\/p>\n","protected":false},"featured_media":1722,"comment_status":"open","ping_status":"closed","template":"","meta":{"_kad_post_transparent":"default","_kad_post_title":"","_kad_post_layout":"default","_kad_post_sidebar_id":"","_kad_post_content_style":"default","_kad_post_vertical_padding":"default","_kad_post_feature":"","_kad_post_feature_position":"","_kad_post_header":false,"_kad_post_footer":false,"_kad_post_classname":""},"product_brand":[],"product_cat":[20,154,23,136],"product_tag":[54,42,28,50,41,36,58,39,46,37,59],"class_list":{"0":"post-1736","1":"product","2":"type-product","3":"status-publish","4":"has-post-thumbnail","6":"product_cat-bizuteria-slubna","7":"product_cat-bizuteria-z-krysztalkow","8":"product_cat-bransoletki","9":"product_cat-bransoletki-z-krysztalkow","10":"product_tag-akcesoria-dla-kobiet","11":"product_tag-bizuteria-na-co-dzien","12":"product_tag-bizuteria-slubna","13":"product_tag-bizuteria-z-krysztalkow","14":"product_tag-bransoletka-z-koralikow","15":"product_tag-delikatna-bizuteria","16":"product_tag-elegancka-bizuteria","17":"product_tag-moda-damska","18":"product_tag-modne-dodatki","19":"product_tag-prezent-dla-niej","20":"product_tag-srebrna-bizuteria","21":"product_shipping_class-male-gabaryty","23":"first","24":"instock","25":"shipping-taxable","26":"purchasable","27":"product-type-simple","28":"entry","29":"content-bg","30":"loop-entry"},"yoast_head":"<!-- This site is optimized with the Yoast SEO plugin v27.4 - https:\/\/yoast.com\/product\/yoast-seo-wordpress\/ -->\n<title>\u015alubna Bransoletka z Kryszta\u0142k\u00f3w Preciosa Crystal AB - Staghorn<\/title>\n<meta name=\"description\" content=\"Delikatna \u015blubna bransoletka z kryszta\u0142k\u00f3w Preciosa Crystal AB i koralik\u00f3w Miyuki. Lekka, b\u0142yszcz\u0105ca, idealna do sukni \u015blubnej i codziennych stylizacji.\" \/>\n<meta name=\"robots\" content=\"index, follow, max-snippet:-1, max-image-preview:large, max-video-preview:-1\" \/>\n<link rel=\"canonical\" href=\"https:\/\/staghorn.pl\/?product=slubna-bransoletka-z-krysztalkow\" \/>\n<meta property=\"og:locale\" content=\"pl_PL\" \/>\n<meta property=\"og:type\" content=\"article\" \/>\n<meta property=\"og:title\" content=\"\u015alubna Bransoletka z Kryszta\u0142k\u00f3w Preciosa Crystal AB - Staghorn\" \/>\n<meta property=\"og:description\" content=\"Delikatna \u015blubna bransoletka z kryszta\u0142k\u00f3w Preciosa Crystal AB i koralik\u00f3w Miyuki. Lekka, b\u0142yszcz\u0105ca, idealna do sukni \u015blubnej i codziennych stylizacji.\" \/>\n<meta property=\"og:url\" content=\"https:\/\/staghorn.pl\/?product=slubna-bransoletka-z-krysztalkow\" \/>\n<meta property=\"og:site_name\" content=\"Staghorn\" \/>\n<meta property=\"article:modified_time\" content=\"2026-03-14T19:30:43+00:00\" \/>\n<meta property=\"og:image\" content=\"https:\/\/staghorn.pl\/wp-content\/uploads\/2025\/06\/1-2.jpg\" \/>\n\t<meta property=\"og:image:width\" content=\"640\" \/>\n\t<meta property=\"og:image:height\" content=\"800\" \/>\n\t<meta property=\"og:image:type\" content=\"image\/jpeg\" \/>\n<meta name=\"twitter:card\" content=\"summary_large_image\" \/>\n<meta name=\"twitter:label1\" content=\"Szacowany czas czytania\" \/>\n\t<meta name=\"twitter:data1\" content=\"3 minuty\" \/>\n<script type=\"application\/ld+json\" class=\"yoast-schema-graph\">{\"@context\":\"https:\\\/\\\/schema.org\",\"@graph\":[{\"@type\":\"WebPage\",\"@id\":\"https:\\\/\\\/staghorn.pl\\\/?product=slubna-bransoletka-z-krysztalkow\",\"url\":\"https:\\\/\\\/staghorn.pl\\\/?product=slubna-bransoletka-z-krysztalkow\",\"name\":\"\u015alubna Bransoletka z Kryszta\u0142k\u00f3w Preciosa Crystal AB - Staghorn\",\"isPartOf\":{\"@id\":\"https:\\\/\\\/staghorn.pl\\\/#website\"},\"primaryImageOfPage\":{\"@id\":\"https:\\\/\\\/staghorn.pl\\\/?product=slubna-bransoletka-z-krysztalkow#primaryimage\"},\"image\":{\"@id\":\"https:\\\/\\\/staghorn.pl\\\/?product=slubna-bransoletka-z-krysztalkow#primaryimage\"},\"thumbnailUrl\":\"https:\\\/\\\/staghorn.pl\\\/wp-content\\\/uploads\\\/2025\\\/06\\\/1-2.jpg\",\"datePublished\":\"2025-06-25T10:03:19+00:00\",\"dateModified\":\"2026-03-14T19:30:43+00:00\",\"description\":\"Delikatna \u015blubna bransoletka z kryszta\u0142k\u00f3w Preciosa Crystal AB i koralik\u00f3w Miyuki. Lekka, b\u0142yszcz\u0105ca, idealna do sukni \u015blubnej i codziennych stylizacji.\",\"breadcrumb\":{\"@id\":\"https:\\\/\\\/staghorn.pl\\\/?product=slubna-bransoletka-z-krysztalkow#breadcrumb\"},\"inLanguage\":\"pl-PL\",\"potentialAction\":[{\"@type\":\"ReadAction\",\"target\":[\"https:\\\/\\\/staghorn.pl\\\/?product=slubna-bransoletka-z-krysztalkow\"]}]},{\"@type\":\"ImageObject\",\"inLanguage\":\"pl-PL\",\"@id\":\"https:\\\/\\\/staghorn.pl\\\/?product=slubna-bransoletka-z-krysztalkow#primaryimage\",\"url\":\"https:\\\/\\\/staghorn.pl\\\/wp-content\\\/uploads\\\/2025\\\/06\\\/1-2.jpg\",\"contentUrl\":\"https:\\\/\\\/staghorn.pl\\\/wp-content\\\/uploads\\\/2025\\\/06\\\/1-2.jpg\",\"width\":640,\"height\":800,\"caption\":\"Bransoletka handmade z Preciosa Crystal AB \u2013 d\u0142ugo\u015b\u0107 14,5\u201316,5 cm.\"},{\"@type\":\"BreadcrumbList\",\"@id\":\"https:\\\/\\\/staghorn.pl\\\/?product=slubna-bransoletka-z-krysztalkow#breadcrumb\",\"itemListElement\":[{\"@type\":\"ListItem\",\"position\":1,\"name\":\"Strona g\u0142\u00f3wna\",\"item\":\"https:\\\/\\\/staghorn.pl\\\/\"},{\"@type\":\"ListItem\",\"position\":2,\"name\":\"Sklep\",\"item\":\"https:\\\/\\\/staghorn.pl\\\/?page_id=395\"},{\"@type\":\"ListItem\",\"position\":3,\"name\":\"\u015alubna Bransoletka z Kryszta\u0142k\u00f3w Preciosa Crystal AB\"}]},{\"@type\":\"WebSite\",\"@id\":\"https:\\\/\\\/staghorn.pl\\\/#website\",\"url\":\"https:\\\/\\\/staghorn.pl\\\/\",\"name\":\"Staghorn\",\"description\":\"\",\"publisher\":{\"@id\":\"https:\\\/\\\/staghorn.pl\\\/#\\\/schema\\\/person\\\/985c0f377b3807be4ab7ca84c02a0459\"},\"potentialAction\":[{\"@type\":\"SearchAction\",\"target\":{\"@type\":\"EntryPoint\",\"urlTemplate\":\"https:\\\/\\\/staghorn.pl\\\/?s={search_term_string}\"},\"query-input\":{\"@type\":\"PropertyValueSpecification\",\"valueRequired\":true,\"valueName\":\"search_term_string\"}}],\"inLanguage\":\"pl-PL\"},{\"@type\":[\"Person\",\"Organization\"],\"@id\":\"https:\\\/\\\/staghorn.pl\\\/#\\\/schema\\\/person\\\/985c0f377b3807be4ab7ca84c02a0459\",\"name\":\"Kasia\",\"image\":{\"@type\":\"ImageObject\",\"inLanguage\":\"pl-PL\",\"@id\":\"https:\\\/\\\/staghorn.pl\\\/wp-content\\\/uploads\\\/2024\\\/05\\\/cropped-2.png\",\"url\":\"https:\\\/\\\/staghorn.pl\\\/wp-content\\\/uploads\\\/2024\\\/05\\\/cropped-2.png\",\"contentUrl\":\"https:\\\/\\\/staghorn.pl\\\/wp-content\\\/uploads\\\/2024\\\/05\\\/cropped-2.png\",\"width\":512,\"height\":512,\"caption\":\"Kasia\"},\"logo\":{\"@id\":\"https:\\\/\\\/staghorn.pl\\\/wp-content\\\/uploads\\\/2024\\\/05\\\/cropped-2.png\"},\"sameAs\":[\"http:\\\/\\\/staghorn.pl\"]}]}<\/script>\n<!-- \/ Yoast SEO plugin. -->","yoast_head_json":{"title":"\u015alubna Bransoletka z Kryszta\u0142k\u00f3w Preciosa Crystal AB - Staghorn","description":"Delikatna \u015blubna bransoletka z kryszta\u0142k\u00f3w Preciosa Crystal AB i koralik\u00f3w Miyuki. Lekka, b\u0142yszcz\u0105ca, idealna do sukni \u015blubnej i codziennych stylizacji.","robots":{"index":"index","follow":"follow","max-snippet":"max-snippet:-1","max-image-preview":"max-image-preview:large","max-video-preview":"max-video-preview:-1"},"canonical":"https:\/\/staghorn.pl\/?product=slubna-bransoletka-z-krysztalkow","og_locale":"pl_PL","og_type":"article","og_title":"\u015alubna Bransoletka z Kryszta\u0142k\u00f3w Preciosa Crystal AB - Staghorn","og_description":"Delikatna \u015blubna bransoletka z kryszta\u0142k\u00f3w Preciosa Crystal AB i koralik\u00f3w Miyuki. Lekka, b\u0142yszcz\u0105ca, idealna do sukni \u015blubnej i codziennych stylizacji.","og_url":"https:\/\/staghorn.pl\/?product=slubna-bransoletka-z-krysztalkow","og_site_name":"Staghorn","article_modified_time":"2026-03-14T19:30:43+00:00","og_image":[{"width":640,"height":800,"url":"https:\/\/staghorn.pl\/wp-content\/uploads\/2025\/06\/1-2.jpg","type":"image\/jpeg"}],"twitter_card":"summary_large_image","twitter_misc":{"Szacowany czas czytania":"3 minuty"},"schema":{"@context":"https:\/\/schema.org","@graph":[{"@type":"WebPage","@id":"https:\/\/staghorn.pl\/?product=slubna-bransoletka-z-krysztalkow","url":"https:\/\/staghorn.pl\/?product=slubna-bransoletka-z-krysztalkow","name":"\u015alubna Bransoletka z Kryszta\u0142k\u00f3w Preciosa Crystal AB - Staghorn","isPartOf":{"@id":"https:\/\/staghorn.pl\/#website"},"primaryImageOfPage":{"@id":"https:\/\/staghorn.pl\/?product=slubna-bransoletka-z-krysztalkow#primaryimage"},"image":{"@id":"https:\/\/staghorn.pl\/?product=slubna-bransoletka-z-krysztalkow#primaryimage"},"thumbnailUrl":"https:\/\/staghorn.pl\/wp-content\/uploads\/2025\/06\/1-2.jpg","datePublished":"2025-06-25T10:03:19+00:00","dateModified":"2026-03-14T19:30:43+00:00","description":"Delikatna \u015blubna bransoletka z kryszta\u0142k\u00f3w Preciosa Crystal AB i koralik\u00f3w Miyuki. Lekka, b\u0142yszcz\u0105ca, idealna do sukni \u015blubnej i codziennych stylizacji.","breadcrumb":{"@id":"https:\/\/staghorn.pl\/?product=slubna-bransoletka-z-krysztalkow#breadcrumb"},"inLanguage":"pl-PL","potentialAction":[{"@type":"ReadAction","target":["https:\/\/staghorn.pl\/?product=slubna-bransoletka-z-krysztalkow"]}]},{"@type":"ImageObject","inLanguage":"pl-PL","@id":"https:\/\/staghorn.pl\/?product=slubna-bransoletka-z-krysztalkow#primaryimage","url":"https:\/\/staghorn.pl\/wp-content\/uploads\/2025\/06\/1-2.jpg","contentUrl":"https:\/\/staghorn.pl\/wp-content\/uploads\/2025\/06\/1-2.jpg","width":640,"height":800,"caption":"Bransoletka handmade z Preciosa Crystal AB \u2013 d\u0142ugo\u015b\u0107 14,5\u201316,5 cm."},{"@type":"BreadcrumbList","@id":"https:\/\/staghorn.pl\/?product=slubna-bransoletka-z-krysztalkow#breadcrumb","itemListElement":[{"@type":"ListItem","position":1,"name":"Strona g\u0142\u00f3wna","item":"https:\/\/staghorn.pl\/"},{"@type":"ListItem","position":2,"name":"Sklep","item":"https:\/\/staghorn.pl\/?page_id=395"},{"@type":"ListItem","position":3,"name":"\u015alubna Bransoletka z Kryszta\u0142k\u00f3w Preciosa Crystal AB"}]},{"@type":"WebSite","@id":"https:\/\/staghorn.pl\/#website","url":"https:\/\/staghorn.pl\/","name":"Staghorn","description":"","publisher":{"@id":"https:\/\/staghorn.pl\/#\/schema\/person\/985c0f377b3807be4ab7ca84c02a0459"},"potentialAction":[{"@type":"SearchAction","target":{"@type":"EntryPoint","urlTemplate":"https:\/\/staghorn.pl\/?s={search_term_string}"},"query-input":{"@type":"PropertyValueSpecification","valueRequired":true,"valueName":"search_term_string"}}],"inLanguage":"pl-PL"},{"@type":["Person","Organization"],"@id":"https:\/\/staghorn.pl\/#\/schema\/person\/985c0f377b3807be4ab7ca84c02a0459","name":"Kasia","image":{"@type":"ImageObject","inLanguage":"pl-PL","@id":"https:\/\/staghorn.pl\/wp-content\/uploads\/2024\/05\/cropped-2.png","url":"https:\/\/staghorn.pl\/wp-content\/uploads\/2024\/05\/cropped-2.png","contentUrl":"https:\/\/staghorn.pl\/wp-content\/uploads\/2024\/05\/cropped-2.png","width":512,"height":512,"caption":"Kasia"},"logo":{"@id":"https:\/\/staghorn.pl\/wp-content\/uploads\/2024\/05\/cropped-2.png"},"sameAs":["http:\/\/staghorn.pl"]}]}},"jetpack_sharing_enabled":true,"_links":{"self":[{"href":"https:\/\/staghorn.pl\/index.php?rest_route=\/wp\/v2\/product\/1736","targetHints":{"allow":["GET"]}}],"collection":[{"href":"https:\/\/staghorn.pl\/index.php?rest_route=\/wp\/v2\/product"}],"about":[{"href":"https:\/\/staghorn.pl\/index.php?rest_route=\/wp\/v2\/types\/product"}],"replies":[{"embeddable":true,"href":"https:\/\/staghorn.pl\/index.php?rest_route=%2Fwp%2Fv2%2Fcomments&post=1736"}],"wp:featuredmedia":[{"embeddable":true,"href":"https:\/\/staghorn.pl\/index.php?rest_route=\/wp\/v2\/media\/1722"}],"wp:attachment":[{"href":"https:\/\/staghorn.pl\/index.php?rest_route=%2Fwp%2Fv2%2Fmedia&parent=1736"}],"wp:term":[{"taxonomy":"product_brand","embeddable":true,"href":"https:\/\/staghorn.pl\/index.php?rest_route=%2Fwp%2Fv2%2Fproduct_brand&post=1736"},{"taxonomy":"product_cat","embeddable":true,"href":"https:\/\/staghorn.pl\/index.php?rest_route=%2Fwp%2Fv2%2Fproduct_cat&post=1736"},{"taxonomy":"product_tag","embeddable":true,"href":"https:\/\/staghorn.pl\/index.php?rest_route=%2Fwp%2Fv2%2Fproduct_tag&post=1736"}],"curies":[{"name":"wp","href":"https:\/\/api.w.org\/{rel}","templated":true}]}}