{"id":1743,"date":"2025-07-01T15:14:57","date_gmt":"2025-07-01T13:14:57","guid":{"rendered":"https:\/\/staghorn.pl\/?post_type=product&#038;p=1743"},"modified":"2025-11-25T18:11:26","modified_gmt":"2025-11-25T17:11:26","slug":"duze-zielone-kolczyki-kola","status":"publish","type":"product","link":"https:\/\/staghorn.pl\/?product=duze-zielone-kolczyki-kola","title":{"rendered":"Du\u017ce Zielone Kolczyki Ko\u0142a z Kryszta\u0142kami"},"content":{"rendered":"<h1 style=\"text-align: center;\"><strong>\ud83d\udc9a Du\u017ce Zielone Kolczyki Ko\u0142a z Kryszta\u0142kami \u2013 Bo Czasem Liczy si\u0119 Efekt<\/strong><\/h1>\n<p data-start=\"516\" data-end=\"671\">Niekt\u00f3re dni a\u017c si\u0119 prosz\u0105 o co\u015b wi\u0119kszego. Wi\u0119kszy entuzjazm, wi\u0119ksz\u0105 kaw\u0119&#8230; i wi\u0119ksze kolczyki.<br data-start=\"614\" data-end=\"617\" \/>A je\u015bli maj\u0105 b\u0142yszcze\u0107 i przyci\u0105ga\u0107 wzrok? Tym lepiej.<\/p>\n<p data-start=\"673\" data-end=\"1037\">Te <strong data-start=\"676\" data-end=\"721\">du\u017ce zielone kolczyki ko\u0142a z kryszta\u0142kami<\/strong> powsta\u0142y z my\u015bl\u0105 o tych, kt\u00f3re nie boj\u0105 si\u0119 akcentu z charakterem. Ka\u017cdy kolczyk zosta\u0142 r\u0119cznie opleciony na okr\u0105g\u0142ej bazie ze stali nierdzewnej \u2013 koralikami TOHO, b\u0142yszcz\u0105cymi firepolish i szklanymi kryszta\u0142kami w odcieniach zieleni i srebra.<br data-start=\"965\" data-end=\"968\" \/>To lekka konstrukcja, kt\u00f3ra daje mocny efekt \u2013 bez uczucia ci\u0119\u017cko\u015bci.<\/p>\n<p data-start=\"1039\" data-end=\"1243\">S\u0105 nieco ekstrawaganckie, ale nadal eleganckie. Do \u015bwi\u0105tecznej sukienki, lnianej koszuli, prostego T-shirtu albo&#8230; dla prze\u0142amania szaro\u015bci poniedzia\u0142ku. Nie musisz mie\u0107 planu. Wystarczy, \u017ce je za\u0142o\u017cysz.<\/p>\n<hr \/>\n<h2 style=\"text-align: center;\"><strong>\u2728 R\u0119kodzie\u0142o, kt\u00f3re robi wra\u017cenie \u2013 i to nie tylko od \u015bwi\u0119ta<\/strong><\/h2>\n<p data-start=\"1119\" data-end=\"1369\">Niech nie zwiedzie Ci\u0119 ich rozmiar \u2013 te kolczyki s\u0105 lekkie, wygodne i stabilne. Oparte na okr\u0105g\u0142ej bazie ze stali nierdzewnej, oplecione koralikami i r\u0119cznie szyte \u2013 nie przesuwaj\u0105 si\u0119 i nie obci\u0105\u017caj\u0105 ucha. Daj\u0105 uczucie pewno\u015bci \u2013 dok\u0142adnie tyle, ile trzeba.<\/p>\n<p data-start=\"1371\" data-end=\"1545\">W subtelnych kryszta\u0142kach odbija si\u0119 \u015bwiat\u0142o \u2013 czasem delikatnie, czasem b\u0142yskotliwie. W zale\u017cno\u015bci od stylizacji \u2013 mog\u0105 gra\u0107 pierwsze skrzypce albo by\u0107 dope\u0142nieniem ca\u0142o\u015bci.<\/p>\n<hr \/>\n<h3 style=\"text-align: center;\"><strong>\ud83c\udf3f Dla minimalistek z pazurem i maksymalistek z planem<\/strong><\/h3>\n<p data-start=\"1612\" data-end=\"1678\"><strong data-start=\"1612\" data-end=\"1653\">Du\u017ce zielone kolczyki ko\u0142a<\/strong>\u00a0to idealny wyb\u00f3r, je\u015bli:<\/p>\n<ul data-start=\"1680\" data-end=\"1929\">\n<li data-start=\"1680\" data-end=\"1722\">\n<p data-start=\"1682\" data-end=\"1722\">lubisz dodatki handmade z charakterem,<\/p>\n<\/li>\n<li data-start=\"1723\" data-end=\"1778\">\n<p data-start=\"1725\" data-end=\"1778\">chcesz prze\u0142ama\u0107 prost\u0105 stylizacj\u0119 mocnym akcentem,<\/p>\n<\/li>\n<li data-start=\"1779\" data-end=\"1839\">\n<p data-start=\"1781\" data-end=\"1839\">masz ochot\u0119 na co\u015b niebanalnego, ale wci\u0105\u017c eleganckiego,<\/p>\n<\/li>\n<li data-start=\"1840\" data-end=\"1929\">\n<p data-start=\"1842\" data-end=\"1929\">szukasz czego\u015b, co pasuje do bieli, czerni, szaro\u015bci i z\u0142amanej czerwieni (sprawdzone!)<\/p>\n<\/li>\n<\/ul>\n<p data-start=\"1931\" data-end=\"2034\">Mo\u017cesz je nosi\u0107 solo albo po\u0142\u0105czy\u0107 z ulubion\u0105 bransoletk\u0105 lub pier\u015bcionkiem \u2013 zielony lubi towarzystwo.<\/p>\n<hr \/>\n<h3 style=\"text-align: center;\"><strong>\ud83c\udf81 Pomys\u0142 na prezent (albo prezent dla samej siebie)<\/strong><\/h3>\n<p data-start=\"2379\" data-end=\"2581\">Nie zawsze musisz mie\u0107 okazj\u0119. Ale je\u015bli j\u0105 masz \u2013 to \u015bwietnie.<br data-start=\"2442\" data-end=\"2445\" \/>Du\u017ce zielone kolczyki ko\u0142a z kryszta\u0142kami zapakuj\u0119 tak, \u017ce mo\u017cesz je od razu wr\u0119czy\u0107 (lub wyj\u0105\u0107 i za\u0142o\u017cy\u0107).<br data-start=\"2556\" data-end=\"2559\" \/>Dobrze wygl\u0105daj\u0105 jako:<\/p>\n<ul data-start=\"2583\" data-end=\"2780\">\n<li data-start=\"2583\" data-end=\"2626\">\n<p data-start=\"2585\" data-end=\"2626\">prezent dla przyjaci\u00f3\u0142ki, siostry, mamy<\/p>\n<\/li>\n<li data-start=\"2627\" data-end=\"2667\">\n<p data-start=\"2629\" data-end=\"2667\">drobny upominek, kt\u00f3ry robi wra\u017cenie<\/p>\n<\/li>\n<li data-start=\"2668\" data-end=\"2716\">\n<p data-start=\"2670\" data-end=\"2716\">detal stylizacji \u015bwi\u0105tecznej lub wieczorowej<\/p>\n<\/li>\n<li data-start=\"2717\" data-end=\"2780\">\n<p data-start=\"2719\" data-end=\"2780\">ozdoba dnia, kiedy brakuje Ci energii \u2013 zielony robi swoje \ud83c\udf31<\/p>\n<\/li>\n<\/ul>\n<hr \/>\n<p data-start=\"2787\" data-end=\"2946\">Marzysz o podobnym wzorze w innej kolorystyce?<br data-start=\"2857\" data-end=\"2860\" \/><strong data-start=\"2860\" data-end=\"2878\">Napisz do mnie<\/strong> \u2013 bi\u017cuteria handmade ma to do siebie, \u017ce mo\u017cna j\u0105 tworzy\u0107 razem. \ud83d\udc9a<\/p>\n<hr \/>\n<p>\ud83d\udecd\ufe0f Buy on <a href=\"https:\/\/staghornpl.etsy.com\/listing\/4311245612\"><strong>ETSY<\/strong><\/a><\/p>\n<p>\ud83d\udce9 Je\u015bli masz jakiekolwiek pytania, mo\u017cesz skontaktowa\u0107 si\u0119 ze mn\u0105 za po\u015brednictwem <a href=\"https:\/\/staghorn.pl\/?page_id=126\">formularza kontaktowego<\/a><\/p>\n<p>\ud83d\udcbb\u00a0 Pami\u0119taj, \u017ce ze wzgl\u0119du na efekty o\u015bwietleniowe, jasno\u015b\u0107 monitora, kontrast oraz inne ustawienia, mog\u0105 wyst\u0105pi\u0107 niewielkie r\u00f3\u017cnice w odcieniu koloru zdj\u0119cia na stronie internetowej a rzeczywistym produktem.<\/p>\n<p>&nbsp;<\/p>\n","protected":false},"excerpt":{"rendered":"<p data-start=\"162\" data-end=\"397\">\u2714 Du\u017ce kolczyki ko\u0142a \u2013 \u015brednica ok. 5 cm<br data-start=\"202\" data-end=\"205\" \/>\u2714 Zielone kryszta\u0142ki + koraliki TOHO i firepolish<br data-start=\"254\" data-end=\"257\" \/>\u2714 Okr\u0105g\u0142a baza + bigle ze stali nierdzewnej<br data-start=\"300\" data-end=\"303\" \/>\u2714 R\u0119kodzie\u0142o \u2013 lekkie, efektowne, wygodne<br data-start=\"344\" data-end=\"347\" \/>\u2714 Idealne na prezent lub mocny akcent stylizacji<\/p>\n<p data-start=\"399\" data-end=\"451\">\ud83d\udc9a Z\u0142ap odwag\u0119 w kolorze \u2013 i no\u015b je tak, jak lubisz.<\/p>\n<p>\ud83d\udecd\ufe0f Buy on <a href=\"https:\/\/staghornpl.etsy.com\/listing\/4311245612\"><strong>ETSY<\/strong><\/a><\/p>\n","protected":false},"featured_media":1741,"comment_status":"open","ping_status":"closed","template":"","meta":{"_kad_post_transparent":"default","_kad_post_title":"","_kad_post_layout":"default","_kad_post_sidebar_id":"","_kad_post_content_style":"default","_kad_post_vertical_padding":"default","_kad_post_feature":"","_kad_post_feature_position":"","_kad_post_header":false,"_kad_post_footer":false,"_kad_post_classname":""},"product_brand":[],"product_cat":[153,154,21],"product_tag":[54,45,42,72,71,36,58,75,44,39,46,117,116,68,37,62,115],"class_list":{"0":"post-1743","1":"product","2":"type-product","3":"status-publish","4":"has-post-thumbnail","6":"product_cat-bizuteria-z-koralikow","7":"product_cat-bizuteria-z-krysztalkow","8":"product_cat-kolczyki","9":"product_tag-akcesoria-dla-kobiet","10":"product_tag-bizuteria-dla-kobiet","11":"product_tag-bizuteria-na-co-dzien","12":"product_tag-bizuteria-na-wieczorne-wyjscia","13":"product_tag-bransoletka-do-pracy","14":"product_tag-delikatna-bizuteria","15":"product_tag-elegancka-bizuteria","16":"product_tag-geometryczna-bizuteria","17":"product_tag-kolczyki","18":"product_tag-moda-damska","19":"product_tag-modne-dodatki","20":"product_tag-motyw-kola","21":"product_tag-okragle-kolczyki","22":"product_tag-prezent-dla-dziewczynki","23":"product_tag-prezent-dla-niej","24":"product_tag-wiosenne-stylizacje","25":"product_tag-zielone-kolczyki","26":"product_shipping_class-male-gabaryty","28":"first","29":"instock","30":"shipping-taxable","31":"purchasable","32":"product-type-simple","33":"entry","34":"content-bg","35":"loop-entry"},"yoast_head":"<!-- This site is optimized with the Yoast SEO plugin v27.4 - https:\/\/yoast.com\/product\/yoast-seo-wordpress\/ -->\n<title>Du\u017ce Zielone Kolczyki Ko\u0142a z Kryszta\u0142kami - Staghorn<\/title>\n<meta name=\"description\" content=\"Du\u017ce zielone kolczyki ko\u0142a z kryszta\u0142kam. R\u0119kodzie\u0142o z charakterem \u2013 lekkie, b\u0142yszcz\u0105ce, idealne na prezent lub wyj\u0105tkow\u0105 stylizacj\u0119. Sprawd\u017a!\" \/>\n<meta name=\"robots\" content=\"index, follow, max-snippet:-1, max-image-preview:large, max-video-preview:-1\" \/>\n<link rel=\"canonical\" href=\"https:\/\/staghorn.pl\/?product=duze-zielone-kolczyki-kola\" \/>\n<meta property=\"og:locale\" content=\"pl_PL\" \/>\n<meta property=\"og:type\" content=\"article\" \/>\n<meta property=\"og:title\" content=\"Du\u017ce Zielone Kolczyki Ko\u0142a z Kryszta\u0142kami - Staghorn\" \/>\n<meta property=\"og:description\" content=\"Du\u017ce zielone kolczyki ko\u0142a z kryszta\u0142kam. R\u0119kodzie\u0142o z charakterem \u2013 lekkie, b\u0142yszcz\u0105ce, idealne na prezent lub wyj\u0105tkow\u0105 stylizacj\u0119. Sprawd\u017a!\" \/>\n<meta property=\"og:url\" content=\"https:\/\/staghorn.pl\/?product=duze-zielone-kolczyki-kola\" \/>\n<meta property=\"og:site_name\" content=\"Staghorn\" \/>\n<meta property=\"article:modified_time\" content=\"2025-11-25T17:11:26+00:00\" \/>\n<meta property=\"og:image\" content=\"https:\/\/staghorn.pl\/wp-content\/uploads\/2025\/07\/8.jpg\" \/>\n\t<meta property=\"og:image:width\" content=\"640\" \/>\n\t<meta property=\"og:image:height\" content=\"800\" \/>\n\t<meta property=\"og:image:type\" content=\"image\/jpeg\" \/>\n<meta name=\"twitter:card\" content=\"summary_large_image\" \/>\n<meta name=\"twitter:label1\" content=\"Szacowany czas czytania\" \/>\n\t<meta name=\"twitter:data1\" content=\"3 minuty\" \/>\n<script type=\"application\/ld+json\" class=\"yoast-schema-graph\">{\"@context\":\"https:\\\/\\\/schema.org\",\"@graph\":[{\"@type\":\"WebPage\",\"@id\":\"https:\\\/\\\/staghorn.pl\\\/?product=duze-zielone-kolczyki-kola\",\"url\":\"https:\\\/\\\/staghorn.pl\\\/?product=duze-zielone-kolczyki-kola\",\"name\":\"Du\u017ce Zielone Kolczyki Ko\u0142a z Kryszta\u0142kami - Staghorn\",\"isPartOf\":{\"@id\":\"https:\\\/\\\/staghorn.pl\\\/#website\"},\"primaryImageOfPage\":{\"@id\":\"https:\\\/\\\/staghorn.pl\\\/?product=duze-zielone-kolczyki-kola#primaryimage\"},\"image\":{\"@id\":\"https:\\\/\\\/staghorn.pl\\\/?product=duze-zielone-kolczyki-kola#primaryimage\"},\"thumbnailUrl\":\"https:\\\/\\\/staghorn.pl\\\/wp-content\\\/uploads\\\/2025\\\/07\\\/8.jpg\",\"datePublished\":\"2025-07-01T13:14:57+00:00\",\"dateModified\":\"2025-11-25T17:11:26+00:00\",\"description\":\"Du\u017ce zielone kolczyki ko\u0142a z kryszta\u0142kam. R\u0119kodzie\u0142o z charakterem \u2013 lekkie, b\u0142yszcz\u0105ce, idealne na prezent lub wyj\u0105tkow\u0105 stylizacj\u0119. Sprawd\u017a!\",\"breadcrumb\":{\"@id\":\"https:\\\/\\\/staghorn.pl\\\/?product=duze-zielone-kolczyki-kola#breadcrumb\"},\"inLanguage\":\"pl-PL\",\"potentialAction\":[{\"@type\":\"ReadAction\",\"target\":[\"https:\\\/\\\/staghorn.pl\\\/?product=duze-zielone-kolczyki-kola\"]}]},{\"@type\":\"ImageObject\",\"inLanguage\":\"pl-PL\",\"@id\":\"https:\\\/\\\/staghorn.pl\\\/?product=duze-zielone-kolczyki-kola#primaryimage\",\"url\":\"https:\\\/\\\/staghorn.pl\\\/wp-content\\\/uploads\\\/2025\\\/07\\\/8.jpg\",\"contentUrl\":\"https:\\\/\\\/staghorn.pl\\\/wp-content\\\/uploads\\\/2025\\\/07\\\/8.jpg\",\"width\":640,\"height\":800,\"caption\":\"Zielone ko\u0142a z kryszta\u0142kami \u2013 styl, kt\u00f3ry przyci\u0105ga spojrzenia\"},{\"@type\":\"BreadcrumbList\",\"@id\":\"https:\\\/\\\/staghorn.pl\\\/?product=duze-zielone-kolczyki-kola#breadcrumb\",\"itemListElement\":[{\"@type\":\"ListItem\",\"position\":1,\"name\":\"Strona g\u0142\u00f3wna\",\"item\":\"https:\\\/\\\/staghorn.pl\\\/\"},{\"@type\":\"ListItem\",\"position\":2,\"name\":\"Sklep\",\"item\":\"https:\\\/\\\/staghorn.pl\\\/?page_id=395\"},{\"@type\":\"ListItem\",\"position\":3,\"name\":\"Du\u017ce Zielone Kolczyki Ko\u0142a z Kryszta\u0142kami\"}]},{\"@type\":\"WebSite\",\"@id\":\"https:\\\/\\\/staghorn.pl\\\/#website\",\"url\":\"https:\\\/\\\/staghorn.pl\\\/\",\"name\":\"Staghorn\",\"description\":\"\",\"publisher\":{\"@id\":\"https:\\\/\\\/staghorn.pl\\\/#\\\/schema\\\/person\\\/985c0f377b3807be4ab7ca84c02a0459\"},\"potentialAction\":[{\"@type\":\"SearchAction\",\"target\":{\"@type\":\"EntryPoint\",\"urlTemplate\":\"https:\\\/\\\/staghorn.pl\\\/?s={search_term_string}\"},\"query-input\":{\"@type\":\"PropertyValueSpecification\",\"valueRequired\":true,\"valueName\":\"search_term_string\"}}],\"inLanguage\":\"pl-PL\"},{\"@type\":[\"Person\",\"Organization\"],\"@id\":\"https:\\\/\\\/staghorn.pl\\\/#\\\/schema\\\/person\\\/985c0f377b3807be4ab7ca84c02a0459\",\"name\":\"Kasia\",\"image\":{\"@type\":\"ImageObject\",\"inLanguage\":\"pl-PL\",\"@id\":\"https:\\\/\\\/staghorn.pl\\\/wp-content\\\/uploads\\\/2024\\\/05\\\/cropped-2.png\",\"url\":\"https:\\\/\\\/staghorn.pl\\\/wp-content\\\/uploads\\\/2024\\\/05\\\/cropped-2.png\",\"contentUrl\":\"https:\\\/\\\/staghorn.pl\\\/wp-content\\\/uploads\\\/2024\\\/05\\\/cropped-2.png\",\"width\":512,\"height\":512,\"caption\":\"Kasia\"},\"logo\":{\"@id\":\"https:\\\/\\\/staghorn.pl\\\/wp-content\\\/uploads\\\/2024\\\/05\\\/cropped-2.png\"},\"sameAs\":[\"http:\\\/\\\/staghorn.pl\"]}]}<\/script>\n<!-- \/ Yoast SEO plugin. -->","yoast_head_json":{"title":"Du\u017ce Zielone Kolczyki Ko\u0142a z Kryszta\u0142kami - Staghorn","description":"Du\u017ce zielone kolczyki ko\u0142a z kryszta\u0142kam. R\u0119kodzie\u0142o z charakterem \u2013 lekkie, b\u0142yszcz\u0105ce, idealne na prezent lub wyj\u0105tkow\u0105 stylizacj\u0119. Sprawd\u017a!","robots":{"index":"index","follow":"follow","max-snippet":"max-snippet:-1","max-image-preview":"max-image-preview:large","max-video-preview":"max-video-preview:-1"},"canonical":"https:\/\/staghorn.pl\/?product=duze-zielone-kolczyki-kola","og_locale":"pl_PL","og_type":"article","og_title":"Du\u017ce Zielone Kolczyki Ko\u0142a z Kryszta\u0142kami - Staghorn","og_description":"Du\u017ce zielone kolczyki ko\u0142a z kryszta\u0142kam. R\u0119kodzie\u0142o z charakterem \u2013 lekkie, b\u0142yszcz\u0105ce, idealne na prezent lub wyj\u0105tkow\u0105 stylizacj\u0119. Sprawd\u017a!","og_url":"https:\/\/staghorn.pl\/?product=duze-zielone-kolczyki-kola","og_site_name":"Staghorn","article_modified_time":"2025-11-25T17:11:26+00:00","og_image":[{"width":640,"height":800,"url":"https:\/\/staghorn.pl\/wp-content\/uploads\/2025\/07\/8.jpg","type":"image\/jpeg"}],"twitter_card":"summary_large_image","twitter_misc":{"Szacowany czas czytania":"3 minuty"},"schema":{"@context":"https:\/\/schema.org","@graph":[{"@type":"WebPage","@id":"https:\/\/staghorn.pl\/?product=duze-zielone-kolczyki-kola","url":"https:\/\/staghorn.pl\/?product=duze-zielone-kolczyki-kola","name":"Du\u017ce Zielone Kolczyki Ko\u0142a z Kryszta\u0142kami - Staghorn","isPartOf":{"@id":"https:\/\/staghorn.pl\/#website"},"primaryImageOfPage":{"@id":"https:\/\/staghorn.pl\/?product=duze-zielone-kolczyki-kola#primaryimage"},"image":{"@id":"https:\/\/staghorn.pl\/?product=duze-zielone-kolczyki-kola#primaryimage"},"thumbnailUrl":"https:\/\/staghorn.pl\/wp-content\/uploads\/2025\/07\/8.jpg","datePublished":"2025-07-01T13:14:57+00:00","dateModified":"2025-11-25T17:11:26+00:00","description":"Du\u017ce zielone kolczyki ko\u0142a z kryszta\u0142kam. R\u0119kodzie\u0142o z charakterem \u2013 lekkie, b\u0142yszcz\u0105ce, idealne na prezent lub wyj\u0105tkow\u0105 stylizacj\u0119. Sprawd\u017a!","breadcrumb":{"@id":"https:\/\/staghorn.pl\/?product=duze-zielone-kolczyki-kola#breadcrumb"},"inLanguage":"pl-PL","potentialAction":[{"@type":"ReadAction","target":["https:\/\/staghorn.pl\/?product=duze-zielone-kolczyki-kola"]}]},{"@type":"ImageObject","inLanguage":"pl-PL","@id":"https:\/\/staghorn.pl\/?product=duze-zielone-kolczyki-kola#primaryimage","url":"https:\/\/staghorn.pl\/wp-content\/uploads\/2025\/07\/8.jpg","contentUrl":"https:\/\/staghorn.pl\/wp-content\/uploads\/2025\/07\/8.jpg","width":640,"height":800,"caption":"Zielone ko\u0142a z kryszta\u0142kami \u2013 styl, kt\u00f3ry przyci\u0105ga spojrzenia"},{"@type":"BreadcrumbList","@id":"https:\/\/staghorn.pl\/?product=duze-zielone-kolczyki-kola#breadcrumb","itemListElement":[{"@type":"ListItem","position":1,"name":"Strona g\u0142\u00f3wna","item":"https:\/\/staghorn.pl\/"},{"@type":"ListItem","position":2,"name":"Sklep","item":"https:\/\/staghorn.pl\/?page_id=395"},{"@type":"ListItem","position":3,"name":"Du\u017ce Zielone Kolczyki Ko\u0142a z Kryszta\u0142kami"}]},{"@type":"WebSite","@id":"https:\/\/staghorn.pl\/#website","url":"https:\/\/staghorn.pl\/","name":"Staghorn","description":"","publisher":{"@id":"https:\/\/staghorn.pl\/#\/schema\/person\/985c0f377b3807be4ab7ca84c02a0459"},"potentialAction":[{"@type":"SearchAction","target":{"@type":"EntryPoint","urlTemplate":"https:\/\/staghorn.pl\/?s={search_term_string}"},"query-input":{"@type":"PropertyValueSpecification","valueRequired":true,"valueName":"search_term_string"}}],"inLanguage":"pl-PL"},{"@type":["Person","Organization"],"@id":"https:\/\/staghorn.pl\/#\/schema\/person\/985c0f377b3807be4ab7ca84c02a0459","name":"Kasia","image":{"@type":"ImageObject","inLanguage":"pl-PL","@id":"https:\/\/staghorn.pl\/wp-content\/uploads\/2024\/05\/cropped-2.png","url":"https:\/\/staghorn.pl\/wp-content\/uploads\/2024\/05\/cropped-2.png","contentUrl":"https:\/\/staghorn.pl\/wp-content\/uploads\/2024\/05\/cropped-2.png","width":512,"height":512,"caption":"Kasia"},"logo":{"@id":"https:\/\/staghorn.pl\/wp-content\/uploads\/2024\/05\/cropped-2.png"},"sameAs":["http:\/\/staghorn.pl"]}]}},"jetpack_sharing_enabled":true,"_links":{"self":[{"href":"https:\/\/staghorn.pl\/index.php?rest_route=\/wp\/v2\/product\/1743","targetHints":{"allow":["GET"]}}],"collection":[{"href":"https:\/\/staghorn.pl\/index.php?rest_route=\/wp\/v2\/product"}],"about":[{"href":"https:\/\/staghorn.pl\/index.php?rest_route=\/wp\/v2\/types\/product"}],"replies":[{"embeddable":true,"href":"https:\/\/staghorn.pl\/index.php?rest_route=%2Fwp%2Fv2%2Fcomments&post=1743"}],"wp:featuredmedia":[{"embeddable":true,"href":"https:\/\/staghorn.pl\/index.php?rest_route=\/wp\/v2\/media\/1741"}],"wp:attachment":[{"href":"https:\/\/staghorn.pl\/index.php?rest_route=%2Fwp%2Fv2%2Fmedia&parent=1743"}],"wp:term":[{"taxonomy":"product_brand","embeddable":true,"href":"https:\/\/staghorn.pl\/index.php?rest_route=%2Fwp%2Fv2%2Fproduct_brand&post=1743"},{"taxonomy":"product_cat","embeddable":true,"href":"https:\/\/staghorn.pl\/index.php?rest_route=%2Fwp%2Fv2%2Fproduct_cat&post=1743"},{"taxonomy":"product_tag","embeddable":true,"href":"https:\/\/staghorn.pl\/index.php?rest_route=%2Fwp%2Fv2%2Fproduct_tag&post=1743"}],"curies":[{"name":"wp","href":"https:\/\/api.w.org\/{rel}","templated":true}]}}