{"id":1748,"date":"2025-07-08T21:18:48","date_gmt":"2025-07-08T19:18:48","guid":{"rendered":"https:\/\/staghorn.pl\/?post_type=product&#038;p=1748"},"modified":"2025-11-25T18:11:06","modified_gmt":"2025-11-25T17:11:06","slug":"bransoletka-spokoj-i-harmonia-z-kamieni-naturalnych-seria-bransoletki-mocy","status":"publish","type":"product","link":"https:\/\/staghorn.pl\/?product=bransoletka-spokoj-i-harmonia-z-kamieni-naturalnych-seria-bransoletki-mocy","title":{"rendered":"Bransoletka &#8222;Spok\u00f3j i Harmonia&#8221; z kamieni naturalnych &#8211; seria Bransoletki Mocy"},"content":{"rendered":"<h1 style=\"text-align: center;\"><b>\ud83d\udc99 Bransoletka Spok\u00f3j i Harmonia \u2013 Oddech w \u015awiecie Pe\u0142nym D\u017awi\u0119k\u00f3w<\/b><\/h1>\n<p><span style=\"font-weight: 400;\">Masz czasem ochot\u0119 wylogowa\u0107 si\u0119 ze \u015bwiata, zrobi\u0107 sobie herbat\u0119 i\u2026 po prostu by\u0107? Ta bransoletka nie uciszy ha\u0142asu wok\u00f3\u0142, nie wy\u0142\u0105czy powiadomie\u0144 \u2013 ale mo\u017ce delikatnie przypomnie\u0107: <\/span><b>oddychaj. W swoim tempie.<\/b><\/p>\n<p><b>Bransoletka Spok\u00f3j i Harmonia<\/b><span style=\"font-weight: 400;\"> to bi\u017cuteria z przes\u0142aniem \u2013 r\u0119cznie wykonana, z naturalnych kamieni, kt\u00f3re wspieraj\u0105 wyciszenie, emocjonaln\u0105 r\u00f3wnowag\u0119 i codzienny balans. Dyskretna, ale symboliczna. Subtelna, ale znacz\u0105ca. Idealna, je\u015bli potrzebujesz chwili tylko dla siebie. Albo ma\u0142ego prezentu dla kogo\u015b, kto w\u0142a\u015bnie \u201ema za du\u017co na g\u0142owie\u201d.<\/span><\/p>\n<p><span style=\"font-weight: 400;\">Bo czasem warto najpierw z\u0142apa\u0107 oddech. Potem dzia\u0142a\u0107.<\/span><\/p>\n<hr \/>\n<h2 style=\"text-align: center;\"><b>\ud83d\udc8e Kamienie o mocy \u2013 Jak dzia\u0142a bransoletka Spok\u00f3j i Harmonia?<\/b><\/h2>\n<p><span style=\"font-weight: 400;\">Ta bransoletka powsta\u0142a z trzech kamieni, kt\u00f3re w nurcie litoterapii s\u0105 znane jako wspieraj\u0105ce harmoni\u0119 i spok\u00f3j:<\/span><\/p>\n<ul>\n<li style=\"font-weight: 400;\" aria-level=\"1\"><b>Howlit<\/b><span style=\"font-weight: 400;\"> \u2013 koi napi\u0119cia, pomaga zasn\u0105\u0107, \u0142agodzi emocjonalny chaos.<\/span><span style=\"font-weight: 400;\">\n<p><\/span><\/li>\n<li style=\"font-weight: 400;\" aria-level=\"1\"><b>Akwamaryn<\/b><span style=\"font-weight: 400;\"> \u2013 niesie spok\u00f3j, wspiera komunikacj\u0119 i redukuje stres.<\/span><span style=\"font-weight: 400;\">\n<p><\/span><\/li>\n<li style=\"font-weight: 400;\" aria-level=\"1\"><b>Ametyst<\/b><span style=\"font-weight: 400;\"> \u2013 duchowa r\u00f3wnowaga, wyciszenie i dystans do trudnych spraw.<\/span><span style=\"font-weight: 400;\">\n<p><\/span><\/li>\n<\/ul>\n<p><span style=\"font-weight: 400;\">Po\u0142\u0105czone razem tworz\u0105 lekk\u0105 \u201etarcz\u0119\u201d przed codziennym zam\u0119tem. A Ty zyskujesz bi\u017cuteri\u0119, kt\u00f3ra nie tylko \u0142adnie wygl\u0105da \u2013 ale i dobrze si\u0119 nosi.<\/span><\/p>\n<hr \/>\n<h3 style=\"text-align: center;\"><b>\ud83c\udf3f Delikatna forma, codzienna przypominajka<\/b><\/h3>\n<p><span style=\"font-weight: 400;\">Bransoletka ma minimalistyczn\u0105 konstrukcj\u0119 \u2013 drobne kamienie nawleczone na <\/span><b>cienki makramowy sznurek<\/b><span style=\"font-weight: 400;\"> z regulowanym wi\u0105zaniem. Dzi\u0119ki temu \u0142atwo dopasowa\u0107 j\u0105 do ka\u017cdego nadgarstka.<\/span><\/p>\n<p><span style=\"font-weight: 400;\">Pasuje do d\u017cins\u00f3w, sukienki, dresu i garnituru. Bo przecie\u017c spok\u00f3j nie ma dress code\u2019u.<\/span><\/p>\n<p><span style=\"font-weight: 400;\">Mo\u017cesz j\u0105 nosi\u0107 na co dzie\u0144 jako osobisty talizman albo podarowa\u0107 komu\u015b w ge\u015bcie troski. Nie trzeba wielkich s\u0142\u00f3w \u2013 czasem wystarczy sznurek i intencja.<\/span><\/p>\n<hr \/>\n<h3 style=\"text-align: center;\"><b>\ud83c\udf81 Prezent z przes\u0142aniem? Tak, prosz\u0119<\/b><\/h3>\n<p><b>Bransoletka Spok\u00f3j i Harmonia<\/b><span style=\"font-weight: 400;\"> \u015bwietnie sprawdzi si\u0119 jako:<\/span><\/p>\n<ul>\n<li style=\"font-weight: 400;\" aria-level=\"1\"><span style=\"font-weight: 400;\">prezent dla przyjaci\u00f3\u0142ki, siostry, mamy,<\/span><span style=\"font-weight: 400;\">\n<p><\/span><\/li>\n<li style=\"font-weight: 400;\" aria-level=\"1\"><span style=\"font-weight: 400;\">podarunek na egzamin, przeprowadzk\u0119, nowy pocz\u0105tek,<\/span><span style=\"font-weight: 400;\">\n<p><\/span><\/li>\n<li style=\"font-weight: 400;\" aria-level=\"1\"><span style=\"font-weight: 400;\">upominek\u2026 bez okazji, za to od serca.<\/span><span style=\"font-weight: 400;\">\n<p><\/span><\/li>\n<\/ul>\n<p><span style=\"font-weight: 400;\">Ka\u017cdy egzemplarz zapakowany jest estetycznie i z czu\u0142o\u015bci\u0105 \u2013 gotowy, by go wr\u0119czy\u0107 (albo zatrzyma\u0107 dla siebie, bo czemu nie?).<\/span><\/p>\n<hr \/>\n<p style=\"text-align: center;\"><span style=\"font-weight: 400;\">\u2728 Zatrzymaj si\u0119. Oddychaj. Spok\u00f3j mo\u017cesz mie\u0107 przy sobie \u2013 codziennie<\/span><\/p>\n<hr \/>\n<p>\ud83d\udce9 Je\u015bli masz jakiekolwiek pytania, mo\u017cesz skontaktowa\u0107 si\u0119 ze mn\u0105 za po\u015brednictwem <a href=\"https:\/\/staghorn.pl\/?page_id=126\">formularza kontaktowego<\/a><\/p>\n<p>\ud83d\udcbb\u00a0 Pami\u0119taj, \u017ce ze wzgl\u0119du na efekty o\u015bwietleniowe, jasno\u015b\u0107 monitora, kontrast oraz inne ustawienia, mog\u0105 wyst\u0105pi\u0107 niewielkie r\u00f3\u017cnice w odcieniu koloru zdj\u0119cia na stronie internetowej a rzeczywistym produktem.<\/p>\n","protected":false},"excerpt":{"rendered":"<p>\u2726 Szczeg\u00f3\u0142y produktu:<br \/>\n<span style=\"font-weight: 400;\">\u2714 Bransoletka Spok\u00f3j i Harmonia z howlitu, ametystu i akwamarynu;<\/span><span style=\"font-weight: 400;\"><br \/>\n<\/span><span style=\"font-weight: 400;\"> \u2714 Makramowy sznurek z regulowanym wi\u0105zaniem;<\/span><span style=\"font-weight: 400;\"><br \/>\n<\/span><span style=\"font-weight: 400;\"> \u2714 Uniwersalny rozmiar \u2013 pasuje na ka\u017cdy nadgarstek;<\/span><span style=\"font-weight: 400;\"><br \/>\n<\/span><span style=\"font-weight: 400;\"> \u2714 Naturalne kamienie \u2013 codzienna kotwica r\u00f3wnowagi<\/span><\/p>\n<p><span style=\"font-weight: 400;\">\ud83c\udf3f Bi\u017cuteria z przes\u0142aniem \u2013 kiedy potrzebujesz oddechu i harmonii.<\/span><\/p>\n","protected":false},"featured_media":1745,"comment_status":"open","ping_status":"closed","template":"","meta":{"_kad_post_transparent":"default","_kad_post_title":"","_kad_post_layout":"default","_kad_post_sidebar_id":"","_kad_post_content_style":"default","_kad_post_vertical_padding":"default","_kad_post_feature":"","_kad_post_feature_position":"","_kad_post_header":false,"_kad_post_footer":false,"_kad_post_classname":""},"product_brand":[],"product_cat":[112,23,152],"product_tag":[120,118,124,123,122,128,121,125,119,65,126,127],"class_list":{"0":"post-1748","1":"product","2":"type-product","3":"status-publish","4":"has-post-thumbnail","6":"product_cat-bizuteria-z-kamieni","7":"product_cat-bransoletki","8":"product_cat-bransoletki-z-kamieni","9":"product_tag-akwamaryn","10":"product_tag-ametyst","11":"product_tag-bizuteria-z-przeslaniem","12":"product_tag-bransoletka-energetyczna","13":"product_tag-bransoletka-mocy","14":"product_tag-bransoletka-spokoju","15":"product_tag-bransoletka-z-kamieni","16":"product_tag-delikatna-bransoletka","17":"product_tag-howlit","18":"product_tag-kamienie-naturalne","19":"product_tag-makrama","20":"product_tag-makramowa-bransoletka","21":"product_shipping_class-male-gabaryty","23":"first","24":"instock","25":"shipping-taxable","26":"purchasable","27":"product-type-simple","28":"entry","29":"content-bg","30":"loop-entry"},"yoast_head":"<!-- This site is optimized with the Yoast SEO plugin v27.4 - https:\/\/yoast.com\/product\/yoast-seo-wordpress\/ -->\n<title>Bransoletka &quot;Spok\u00f3j i Harmonia&quot; z kamieni naturalnych - seria Bransoletki Mocy - Staghorn<\/title>\n<meta name=\"description\" content=\"Bransoletka Spok\u00f3j i Harmonia - Howlit, Ametyst, Akwamaryn. Wspiera wyciszenie i balans. Idealna na prezent lub codzienn\u0105 dawk\u0119 spokoju.\" \/>\n<meta name=\"robots\" content=\"index, follow, max-snippet:-1, max-image-preview:large, max-video-preview:-1\" \/>\n<link rel=\"canonical\" href=\"https:\/\/staghorn.pl\/?product=bransoletka-spokoj-i-harmonia-z-kamieni-naturalnych-seria-bransoletki-mocy\" \/>\n<meta property=\"og:locale\" content=\"pl_PL\" \/>\n<meta property=\"og:type\" content=\"article\" \/>\n<meta property=\"og:title\" content=\"Bransoletka &quot;Spok\u00f3j i Harmonia&quot; z kamieni naturalnych - seria Bransoletki Mocy - Staghorn\" \/>\n<meta property=\"og:description\" content=\"Bransoletka Spok\u00f3j i Harmonia - Howlit, Ametyst, Akwamaryn. Wspiera wyciszenie i balans. Idealna na prezent lub codzienn\u0105 dawk\u0119 spokoju.\" \/>\n<meta property=\"og:url\" content=\"https:\/\/staghorn.pl\/?product=bransoletka-spokoj-i-harmonia-z-kamieni-naturalnych-seria-bransoletki-mocy\" \/>\n<meta property=\"og:site_name\" content=\"Staghorn\" \/>\n<meta property=\"article:modified_time\" content=\"2025-11-25T17:11:06+00:00\" \/>\n<meta property=\"og:image\" content=\"https:\/\/staghorn.pl\/wp-content\/uploads\/2025\/07\/1-1.jpg\" \/>\n\t<meta property=\"og:image:width\" content=\"640\" \/>\n\t<meta property=\"og:image:height\" content=\"800\" \/>\n\t<meta property=\"og:image:type\" content=\"image\/jpeg\" \/>\n<meta name=\"twitter:card\" content=\"summary_large_image\" \/>\n<meta name=\"twitter:label1\" content=\"Szacowany czas czytania\" \/>\n\t<meta name=\"twitter:data1\" content=\"3 minuty\" \/>\n<script type=\"application\/ld+json\" class=\"yoast-schema-graph\">{\"@context\":\"https:\\\/\\\/schema.org\",\"@graph\":[{\"@type\":\"WebPage\",\"@id\":\"https:\\\/\\\/staghorn.pl\\\/?product=bransoletka-spokoj-i-harmonia-z-kamieni-naturalnych-seria-bransoletki-mocy\",\"url\":\"https:\\\/\\\/staghorn.pl\\\/?product=bransoletka-spokoj-i-harmonia-z-kamieni-naturalnych-seria-bransoletki-mocy\",\"name\":\"Bransoletka \\\"Spok\u00f3j i Harmonia\\\" z kamieni naturalnych - seria Bransoletki Mocy - Staghorn\",\"isPartOf\":{\"@id\":\"https:\\\/\\\/staghorn.pl\\\/#website\"},\"primaryImageOfPage\":{\"@id\":\"https:\\\/\\\/staghorn.pl\\\/?product=bransoletka-spokoj-i-harmonia-z-kamieni-naturalnych-seria-bransoletki-mocy#primaryimage\"},\"image\":{\"@id\":\"https:\\\/\\\/staghorn.pl\\\/?product=bransoletka-spokoj-i-harmonia-z-kamieni-naturalnych-seria-bransoletki-mocy#primaryimage\"},\"thumbnailUrl\":\"https:\\\/\\\/staghorn.pl\\\/wp-content\\\/uploads\\\/2025\\\/07\\\/1-1.jpg\",\"datePublished\":\"2025-07-08T19:18:48+00:00\",\"dateModified\":\"2025-11-25T17:11:06+00:00\",\"description\":\"Bransoletka Spok\u00f3j i Harmonia - Howlit, Ametyst, Akwamaryn. Wspiera wyciszenie i balans. Idealna na prezent lub codzienn\u0105 dawk\u0119 spokoju.\",\"breadcrumb\":{\"@id\":\"https:\\\/\\\/staghorn.pl\\\/?product=bransoletka-spokoj-i-harmonia-z-kamieni-naturalnych-seria-bransoletki-mocy#breadcrumb\"},\"inLanguage\":\"pl-PL\",\"potentialAction\":[{\"@type\":\"ReadAction\",\"target\":[\"https:\\\/\\\/staghorn.pl\\\/?product=bransoletka-spokoj-i-harmonia-z-kamieni-naturalnych-seria-bransoletki-mocy\"]}]},{\"@type\":\"ImageObject\",\"inLanguage\":\"pl-PL\",\"@id\":\"https:\\\/\\\/staghorn.pl\\\/?product=bransoletka-spokoj-i-harmonia-z-kamieni-naturalnych-seria-bransoletki-mocy#primaryimage\",\"url\":\"https:\\\/\\\/staghorn.pl\\\/wp-content\\\/uploads\\\/2025\\\/07\\\/1-1.jpg\",\"contentUrl\":\"https:\\\/\\\/staghorn.pl\\\/wp-content\\\/uploads\\\/2025\\\/07\\\/1-1.jpg\",\"width\":640,\"height\":800,\"caption\":\"Bransoletka z naturalnych kamieni na regulowanym sznurku\"},{\"@type\":\"BreadcrumbList\",\"@id\":\"https:\\\/\\\/staghorn.pl\\\/?product=bransoletka-spokoj-i-harmonia-z-kamieni-naturalnych-seria-bransoletki-mocy#breadcrumb\",\"itemListElement\":[{\"@type\":\"ListItem\",\"position\":1,\"name\":\"Strona g\u0142\u00f3wna\",\"item\":\"https:\\\/\\\/staghorn.pl\\\/\"},{\"@type\":\"ListItem\",\"position\":2,\"name\":\"Sklep\",\"item\":\"https:\\\/\\\/staghorn.pl\\\/?page_id=395\"},{\"@type\":\"ListItem\",\"position\":3,\"name\":\"Bransoletka &#8222;Spok\u00f3j i Harmonia&#8221; z kamieni naturalnych &#8211; seria Bransoletki Mocy\"}]},{\"@type\":\"WebSite\",\"@id\":\"https:\\\/\\\/staghorn.pl\\\/#website\",\"url\":\"https:\\\/\\\/staghorn.pl\\\/\",\"name\":\"Staghorn\",\"description\":\"\",\"publisher\":{\"@id\":\"https:\\\/\\\/staghorn.pl\\\/#\\\/schema\\\/person\\\/985c0f377b3807be4ab7ca84c02a0459\"},\"potentialAction\":[{\"@type\":\"SearchAction\",\"target\":{\"@type\":\"EntryPoint\",\"urlTemplate\":\"https:\\\/\\\/staghorn.pl\\\/?s={search_term_string}\"},\"query-input\":{\"@type\":\"PropertyValueSpecification\",\"valueRequired\":true,\"valueName\":\"search_term_string\"}}],\"inLanguage\":\"pl-PL\"},{\"@type\":[\"Person\",\"Organization\"],\"@id\":\"https:\\\/\\\/staghorn.pl\\\/#\\\/schema\\\/person\\\/985c0f377b3807be4ab7ca84c02a0459\",\"name\":\"Kasia\",\"image\":{\"@type\":\"ImageObject\",\"inLanguage\":\"pl-PL\",\"@id\":\"https:\\\/\\\/staghorn.pl\\\/wp-content\\\/uploads\\\/2024\\\/05\\\/cropped-2.png\",\"url\":\"https:\\\/\\\/staghorn.pl\\\/wp-content\\\/uploads\\\/2024\\\/05\\\/cropped-2.png\",\"contentUrl\":\"https:\\\/\\\/staghorn.pl\\\/wp-content\\\/uploads\\\/2024\\\/05\\\/cropped-2.png\",\"width\":512,\"height\":512,\"caption\":\"Kasia\"},\"logo\":{\"@id\":\"https:\\\/\\\/staghorn.pl\\\/wp-content\\\/uploads\\\/2024\\\/05\\\/cropped-2.png\"},\"sameAs\":[\"http:\\\/\\\/staghorn.pl\"]}]}<\/script>\n<!-- \/ Yoast SEO plugin. -->","yoast_head_json":{"title":"Bransoletka \"Spok\u00f3j i Harmonia\" z kamieni naturalnych - seria Bransoletki Mocy - Staghorn","description":"Bransoletka Spok\u00f3j i Harmonia - Howlit, Ametyst, Akwamaryn. Wspiera wyciszenie i balans. Idealna na prezent lub codzienn\u0105 dawk\u0119 spokoju.","robots":{"index":"index","follow":"follow","max-snippet":"max-snippet:-1","max-image-preview":"max-image-preview:large","max-video-preview":"max-video-preview:-1"},"canonical":"https:\/\/staghorn.pl\/?product=bransoletka-spokoj-i-harmonia-z-kamieni-naturalnych-seria-bransoletki-mocy","og_locale":"pl_PL","og_type":"article","og_title":"Bransoletka \"Spok\u00f3j i Harmonia\" z kamieni naturalnych - seria Bransoletki Mocy - Staghorn","og_description":"Bransoletka Spok\u00f3j i Harmonia - Howlit, Ametyst, Akwamaryn. Wspiera wyciszenie i balans. Idealna na prezent lub codzienn\u0105 dawk\u0119 spokoju.","og_url":"https:\/\/staghorn.pl\/?product=bransoletka-spokoj-i-harmonia-z-kamieni-naturalnych-seria-bransoletki-mocy","og_site_name":"Staghorn","article_modified_time":"2025-11-25T17:11:06+00:00","og_image":[{"width":640,"height":800,"url":"https:\/\/staghorn.pl\/wp-content\/uploads\/2025\/07\/1-1.jpg","type":"image\/jpeg"}],"twitter_card":"summary_large_image","twitter_misc":{"Szacowany czas czytania":"3 minuty"},"schema":{"@context":"https:\/\/schema.org","@graph":[{"@type":"WebPage","@id":"https:\/\/staghorn.pl\/?product=bransoletka-spokoj-i-harmonia-z-kamieni-naturalnych-seria-bransoletki-mocy","url":"https:\/\/staghorn.pl\/?product=bransoletka-spokoj-i-harmonia-z-kamieni-naturalnych-seria-bransoletki-mocy","name":"Bransoletka \"Spok\u00f3j i Harmonia\" z kamieni naturalnych - seria Bransoletki Mocy - Staghorn","isPartOf":{"@id":"https:\/\/staghorn.pl\/#website"},"primaryImageOfPage":{"@id":"https:\/\/staghorn.pl\/?product=bransoletka-spokoj-i-harmonia-z-kamieni-naturalnych-seria-bransoletki-mocy#primaryimage"},"image":{"@id":"https:\/\/staghorn.pl\/?product=bransoletka-spokoj-i-harmonia-z-kamieni-naturalnych-seria-bransoletki-mocy#primaryimage"},"thumbnailUrl":"https:\/\/staghorn.pl\/wp-content\/uploads\/2025\/07\/1-1.jpg","datePublished":"2025-07-08T19:18:48+00:00","dateModified":"2025-11-25T17:11:06+00:00","description":"Bransoletka Spok\u00f3j i Harmonia - Howlit, Ametyst, Akwamaryn. Wspiera wyciszenie i balans. Idealna na prezent lub codzienn\u0105 dawk\u0119 spokoju.","breadcrumb":{"@id":"https:\/\/staghorn.pl\/?product=bransoletka-spokoj-i-harmonia-z-kamieni-naturalnych-seria-bransoletki-mocy#breadcrumb"},"inLanguage":"pl-PL","potentialAction":[{"@type":"ReadAction","target":["https:\/\/staghorn.pl\/?product=bransoletka-spokoj-i-harmonia-z-kamieni-naturalnych-seria-bransoletki-mocy"]}]},{"@type":"ImageObject","inLanguage":"pl-PL","@id":"https:\/\/staghorn.pl\/?product=bransoletka-spokoj-i-harmonia-z-kamieni-naturalnych-seria-bransoletki-mocy#primaryimage","url":"https:\/\/staghorn.pl\/wp-content\/uploads\/2025\/07\/1-1.jpg","contentUrl":"https:\/\/staghorn.pl\/wp-content\/uploads\/2025\/07\/1-1.jpg","width":640,"height":800,"caption":"Bransoletka z naturalnych kamieni na regulowanym sznurku"},{"@type":"BreadcrumbList","@id":"https:\/\/staghorn.pl\/?product=bransoletka-spokoj-i-harmonia-z-kamieni-naturalnych-seria-bransoletki-mocy#breadcrumb","itemListElement":[{"@type":"ListItem","position":1,"name":"Strona g\u0142\u00f3wna","item":"https:\/\/staghorn.pl\/"},{"@type":"ListItem","position":2,"name":"Sklep","item":"https:\/\/staghorn.pl\/?page_id=395"},{"@type":"ListItem","position":3,"name":"Bransoletka &#8222;Spok\u00f3j i Harmonia&#8221; z kamieni naturalnych &#8211; seria Bransoletki Mocy"}]},{"@type":"WebSite","@id":"https:\/\/staghorn.pl\/#website","url":"https:\/\/staghorn.pl\/","name":"Staghorn","description":"","publisher":{"@id":"https:\/\/staghorn.pl\/#\/schema\/person\/985c0f377b3807be4ab7ca84c02a0459"},"potentialAction":[{"@type":"SearchAction","target":{"@type":"EntryPoint","urlTemplate":"https:\/\/staghorn.pl\/?s={search_term_string}"},"query-input":{"@type":"PropertyValueSpecification","valueRequired":true,"valueName":"search_term_string"}}],"inLanguage":"pl-PL"},{"@type":["Person","Organization"],"@id":"https:\/\/staghorn.pl\/#\/schema\/person\/985c0f377b3807be4ab7ca84c02a0459","name":"Kasia","image":{"@type":"ImageObject","inLanguage":"pl-PL","@id":"https:\/\/staghorn.pl\/wp-content\/uploads\/2024\/05\/cropped-2.png","url":"https:\/\/staghorn.pl\/wp-content\/uploads\/2024\/05\/cropped-2.png","contentUrl":"https:\/\/staghorn.pl\/wp-content\/uploads\/2024\/05\/cropped-2.png","width":512,"height":512,"caption":"Kasia"},"logo":{"@id":"https:\/\/staghorn.pl\/wp-content\/uploads\/2024\/05\/cropped-2.png"},"sameAs":["http:\/\/staghorn.pl"]}]}},"jetpack_sharing_enabled":true,"_links":{"self":[{"href":"https:\/\/staghorn.pl\/index.php?rest_route=\/wp\/v2\/product\/1748","targetHints":{"allow":["GET"]}}],"collection":[{"href":"https:\/\/staghorn.pl\/index.php?rest_route=\/wp\/v2\/product"}],"about":[{"href":"https:\/\/staghorn.pl\/index.php?rest_route=\/wp\/v2\/types\/product"}],"replies":[{"embeddable":true,"href":"https:\/\/staghorn.pl\/index.php?rest_route=%2Fwp%2Fv2%2Fcomments&post=1748"}],"wp:featuredmedia":[{"embeddable":true,"href":"https:\/\/staghorn.pl\/index.php?rest_route=\/wp\/v2\/media\/1745"}],"wp:attachment":[{"href":"https:\/\/staghorn.pl\/index.php?rest_route=%2Fwp%2Fv2%2Fmedia&parent=1748"}],"wp:term":[{"taxonomy":"product_brand","embeddable":true,"href":"https:\/\/staghorn.pl\/index.php?rest_route=%2Fwp%2Fv2%2Fproduct_brand&post=1748"},{"taxonomy":"product_cat","embeddable":true,"href":"https:\/\/staghorn.pl\/index.php?rest_route=%2Fwp%2Fv2%2Fproduct_cat&post=1748"},{"taxonomy":"product_tag","embeddable":true,"href":"https:\/\/staghorn.pl\/index.php?rest_route=%2Fwp%2Fv2%2Fproduct_tag&post=1748"}],"curies":[{"name":"wp","href":"https:\/\/api.w.org\/{rel}","templated":true}]}}