{"id":2127,"date":"2025-11-27T10:54:03","date_gmt":"2025-11-27T09:54:03","guid":{"rendered":"https:\/\/staghorn.pl\/?post_type=product&#038;p=2127"},"modified":"2026-03-16T11:46:47","modified_gmt":"2026-03-16T10:46:47","slug":"kolczyki-montana-vitrail","status":"publish","type":"product","link":"https:\/\/staghorn.pl\/?product=kolczyki-montana-vitrail","title":{"rendered":"Kolczyki Montana Vitrail \u2013 seria Filigree Weave"},"content":{"rendered":"<h1 style=\"text-align: center;\"><strong>Kolczyki Montana Vitrail \u2013 z kryszta\u0142k\u00f3w Preciosa w granacie i srebrze<\/strong><\/h1>\n<p style=\"text-align: left;\"><strong data-start=\"677\" data-end=\"696\">Montana Vitrail<\/strong> to r\u0119cznie wykonane kolczyki z kryszta\u0142k\u00f3w Preciosa, utrzymane w ch\u0142odnej, granatowej palecie z opalizuj\u0105cymi refleksami. To po\u0142\u0105czenie elegancji z lekko\u015bci\u0105 \u2014 bi\u017cuteria, kt\u00f3ra potrafi by\u0107 wieczorowa, ale nieprzesadna; efektowna, ale wci\u0105\u017c subtelna. Granat Montany prze\u0142amany b\u0142yskiem Crystal Vitrail Light tworzy kompozycj\u0119 g\u0142\u0119bok\u0105, hipnotyzuj\u0105c\u0105, jak tafla jeziora tu\u017c przed zachodem s\u0142o\u0144ca.<\/p>\n<hr \/>\n<h2 style=\"text-align: center;\">\u2727 <strong data-start=\"1166\" data-end=\"1201\">\u015awiat\u0142o zamkni\u0119te w kryszta\u0142ach<\/strong><\/h2>\n<h2 style=\"text-align: left;\"><span style=\"font-size: 17px;\">Kolczyki zosta\u0142y wykonane r\u0119cznie z kryszta\u0142k\u00f3w <\/span><strong style=\"font-size: 17px;\" data-start=\"1199\" data-end=\"1218\">Preciosa Bicone<\/strong><span style=\"font-size: 17px;\"> w dw\u00f3ch odcieniach:<\/span><\/h2>\n<div>\n<ul data-start=\"1240\" data-end=\"1400\">\n<li data-start=\"1240\" data-end=\"1302\">\n<p data-start=\"1242\" data-end=\"1302\"><strong data-start=\"1242\" data-end=\"1261\">Montana AB 3 mm<\/strong> \u2013 ch\u0142odny granat z grafitowym cieniem,<\/p>\n<\/li>\n<li data-start=\"1303\" data-end=\"1400\">\n<p data-start=\"1305\" data-end=\"1400\"><strong data-start=\"1305\" data-end=\"1335\">Crystal Vitrail Light 4 mm<\/strong> \u2013 kryszta\u0142 o migotliwej grze barw: b\u0142\u0119kit, r\u00f3\u017c, seledyn, srebro.<\/p>\n<\/li>\n<\/ul>\n<p data-start=\"1402\" data-end=\"1656\">Pomi\u0119dzy nimi znajduj\u0105 si\u0119 drobne, srebrne koraliki <strong data-start=\"1454\" data-end=\"1471\">Miyuki Delica<\/strong>, kt\u00f3re nadaj\u0105 kompozycji rytm i optyczn\u0105 lekko\u015b\u0107.<br data-start=\"1521\" data-end=\"1524\" \/>Ca\u0142o\u015b\u0107 domyka fasetowana <strong data-start=\"1549\" data-end=\"1567\">kropla Montana<\/strong>, kt\u00f3ra wyd\u0142u\u017ca lini\u0119 kolczyka i nadaje projektowi elegancki, harmonijny ci\u0119\u017car optyczny.<\/p>\n<p data-start=\"1658\" data-end=\"1773\">Kolczyki zawieszone s\u0105 na elementach ze stali nierdzewnej \u2014 trwa\u0142ych, wygodnych i odpowiednich dla sk\u00f3ry wra\u017cliwej.<\/p>\n<\/div>\n<hr \/>\n<h2 style=\"text-align: center;\">\u2727 <strong data-start=\"2175\" data-end=\"2205\">Dla kogo i na jak\u0105 okazj\u0119<\/strong><\/h2>\n<p style=\"text-align: left;\"><strong data-start=\"2264\" data-end=\"2283\">Montana Vitrail<\/strong> to propozycja dla kobiet, kt\u00f3re lubi\u0105 elegancj\u0119, ale nie chc\u0105 rezygnowa\u0107 z koloru i g\u0142\u0119bi.<br data-start=\"2374\" data-end=\"2377\" \/>To model dla os\u00f3b wybieraj\u0105cych balans zamiast krzykliwo\u015bci \u2014 bi\u017cuteri\u0119, kt\u00f3ra dopasowuje si\u0119 do nastroju i okazji.<\/p>\n<p data-start=\"2494\" data-end=\"2518\">\u015awietnie sprawdzi si\u0119:<\/p>\n<ul data-start=\"2519\" data-end=\"2713\">\n<li data-start=\"2519\" data-end=\"2559\">\n<p data-start=\"2521\" data-end=\"2559\">do zimowych i jesiennych stylizacji,<\/p>\n<\/li>\n<li data-start=\"2560\" data-end=\"2606\">\n<p data-start=\"2562\" data-end=\"2606\">do we\u0142nianych swetr\u00f3w i ciemnych p\u0142aszczy,<\/p>\n<\/li>\n<li data-start=\"2607\" data-end=\"2666\">\n<p data-start=\"2609\" data-end=\"2666\">do granatowej, czarnej i srebrnej wieczorowej sukienki,<\/p>\n<\/li>\n<li data-start=\"2667\" data-end=\"2713\">\n<p data-start=\"2669\" data-end=\"2713\">na \u015bwi\u0119ta, kolacj\u0119, uroczysto\u015b\u0107 lub prezent.<\/p>\n<\/li>\n<\/ul>\n<p data-start=\"2715\" data-end=\"2784\">To kolczyki, kt\u00f3re potrafi\u0105 by\u0107 codzienne \u2014 i wyj\u0105tkowe jednocze\u015bnie.<\/p>\n<hr \/>\n<p>\ud83d\udce9 Je\u015bli masz jakiekolwiek pytania, mo\u017cesz skontaktowa\u0107 si\u0119 ze mn\u0105 za po\u015brednictwem <a href=\"https:\/\/staghorn.pl\/?page_id=126\">formularza kontaktowego<\/a><\/p>\n<p>\ud83d\udcbb\u00a0 Pami\u0119taj, \u017ce ze wzgl\u0119du na efekty o\u015bwietleniowe, jasno\u015b\u0107 monitora, kontrast oraz inne ustawienia, mog\u0105 wyst\u0105pi\u0107 niewielkie r\u00f3\u017cnice w odcieniu koloru zdj\u0119cia na stronie internetowej a rzeczywistym produktem.<\/p>\n","protected":false},"excerpt":{"rendered":"<p>\u2727 <strong data-start=\"1518\" data-end=\"1543\">Materia\u0142y i wykonanie<\/strong><\/p>\n<ul data-start=\"1811\" data-end=\"2082\">\n<li data-start=\"1811\" data-end=\"1901\">\n<p data-start=\"1813\" data-end=\"1901\">kryszta\u0142ki Preciosa Bicone:<br data-start=\"1840\" data-end=\"1843\" \/>\u2013 Montana AB (3 mm)<br data-start=\"1864\" data-end=\"1867\" \/>\u2013 Crystal Vitrail Light (4 mm)<\/p>\n<\/li>\n<li data-start=\"1902\" data-end=\"1940\">\n<p data-start=\"1904\" data-end=\"1940\">fasetowana kropla Preciosa Montana<\/p>\n<\/li>\n<li data-start=\"1941\" data-end=\"1975\">\n<p data-start=\"1943\" data-end=\"1975\">srebrne koraliki Miyuki Delica<\/p>\n<\/li>\n<li data-start=\"1976\" data-end=\"2017\">\n<p data-start=\"1978\" data-end=\"2017\">stal nierdzewna (bigle + wyko\u0144czenia)<\/p>\n<\/li>\n<li data-start=\"2018\" data-end=\"2039\">\n<p data-start=\"2020\" data-end=\"2039\">d\u0142ugo\u015b\u0107: ok. 6 cm<\/p>\n<\/li>\n<li data-start=\"2040\" data-end=\"2082\">\n<p data-start=\"2042\" data-end=\"2082\">wykonanie r\u0119czne, seria Filigree Weave<\/p>\n<\/li>\n<\/ul>\n<p data-start=\"2084\" data-end=\"2205\">Kolczyki s\u0105 lekkie, stabilne i zaprojektowane tak, aby by\u0142y komfortowe nawet przy ca\u0142odziennym (lub ca\u0142onocnym) noszeniu.<\/p>\n","protected":false},"featured_media":2091,"comment_status":"open","ping_status":"closed","template":"","meta":{"_kad_post_transparent":"default","_kad_post_title":"","_kad_post_layout":"default","_kad_post_sidebar_id":"","_kad_post_content_style":"default","_kad_post_vertical_padding":"default","_kad_post_feature":"","_kad_post_feature_position":"","_kad_post_header":false,"_kad_post_footer":false,"_kad_post_classname":""},"product_brand":[],"product_cat":[154,137,156,21],"product_tag":[54,45,42,72,71,36,58,75,143,44,39,46,68,37,145,158,62],"class_list":{"0":"post-2127","1":"product","2":"type-product","3":"status-publish","4":"has-post-thumbnail","6":"product_cat-bizuteria-z-krysztalkow","7":"product_cat-dlugie-kolczyki","8":"product_cat-filigree-weave","9":"product_cat-kolczyki","10":"product_tag-akcesoria-dla-kobiet","11":"product_tag-bizuteria-dla-kobiet","12":"product_tag-bizuteria-na-co-dzien","13":"product_tag-bizuteria-na-wieczorne-wyjscia","14":"product_tag-bransoletka-do-pracy","15":"product_tag-delikatna-bizuteria","16":"product_tag-elegancka-bizuteria","17":"product_tag-geometryczna-bizuteria","18":"product_tag-granatowa-bizuteria","19":"product_tag-kolczyki","20":"product_tag-moda-damska","21":"product_tag-modne-dodatki","22":"product_tag-prezent-dla-dziewczynki","23":"product_tag-prezent-dla-niej","24":"product_tag-srebrne-kolczyki","25":"product_tag-wieczorowe-kolczyki","26":"product_tag-wiosenne-stylizacje","27":"product_shipping_class-male-gabaryty","29":"first","30":"instock","31":"shipping-taxable","32":"purchasable","33":"product-type-simple","34":"entry","35":"content-bg","36":"loop-entry"},"yoast_head":"<!-- This site is optimized with the Yoast SEO plugin v27.4 - https:\/\/yoast.com\/product\/yoast-seo-wordpress\/ -->\n<title>Kolczyki Montana Vitrail \u2013 seria Filigree Weave - Staghorn<\/title>\n<meta name=\"description\" content=\"Eleganckie granatowe kolczyki Montana Vitrail. R\u0119cznie wykonana bi\u017cuteria handmade \u2013 lekkie, efektowne i idealne na wiecz\u00f3r lub na prezent.\" \/>\n<meta name=\"robots\" content=\"index, follow, max-snippet:-1, max-image-preview:large, max-video-preview:-1\" \/>\n<link rel=\"canonical\" href=\"https:\/\/staghorn.pl\/?product=kolczyki-montana-vitrail\" \/>\n<meta property=\"og:locale\" content=\"pl_PL\" \/>\n<meta property=\"og:type\" content=\"article\" \/>\n<meta property=\"og:title\" content=\"Kolczyki Montana Vitrail \u2013 seria Filigree Weave - Staghorn\" \/>\n<meta property=\"og:description\" content=\"Eleganckie granatowe kolczyki Montana Vitrail. R\u0119cznie wykonana bi\u017cuteria handmade \u2013 lekkie, efektowne i idealne na wiecz\u00f3r lub na prezent.\" \/>\n<meta property=\"og:url\" content=\"https:\/\/staghorn.pl\/?product=kolczyki-montana-vitrail\" \/>\n<meta property=\"og:site_name\" content=\"Staghorn\" \/>\n<meta property=\"article:modified_time\" content=\"2026-03-16T10:46:47+00:00\" \/>\n<meta property=\"og:image\" content=\"https:\/\/staghorn.pl\/wp-content\/uploads\/2025\/11\/2-7.jpg\" \/>\n\t<meta property=\"og:image:width\" content=\"640\" \/>\n\t<meta property=\"og:image:height\" content=\"800\" \/>\n\t<meta property=\"og:image:type\" content=\"image\/jpeg\" \/>\n<meta name=\"twitter:card\" content=\"summary_large_image\" \/>\n<meta name=\"twitter:label1\" content=\"Szacowany czas czytania\" \/>\n\t<meta name=\"twitter:data1\" content=\"2 minuty\" \/>\n<script type=\"application\/ld+json\" class=\"yoast-schema-graph\">{\"@context\":\"https:\\\/\\\/schema.org\",\"@graph\":[{\"@type\":\"WebPage\",\"@id\":\"https:\\\/\\\/staghorn.pl\\\/?product=kolczyki-montana-vitrail\",\"url\":\"https:\\\/\\\/staghorn.pl\\\/?product=kolczyki-montana-vitrail\",\"name\":\"Kolczyki Montana Vitrail \u2013 seria Filigree Weave - Staghorn\",\"isPartOf\":{\"@id\":\"https:\\\/\\\/staghorn.pl\\\/#website\"},\"primaryImageOfPage\":{\"@id\":\"https:\\\/\\\/staghorn.pl\\\/?product=kolczyki-montana-vitrail#primaryimage\"},\"image\":{\"@id\":\"https:\\\/\\\/staghorn.pl\\\/?product=kolczyki-montana-vitrail#primaryimage\"},\"thumbnailUrl\":\"https:\\\/\\\/staghorn.pl\\\/wp-content\\\/uploads\\\/2025\\\/11\\\/2-7.jpg\",\"datePublished\":\"2025-11-27T09:54:03+00:00\",\"dateModified\":\"2026-03-16T10:46:47+00:00\",\"description\":\"Eleganckie granatowe kolczyki Montana Vitrail. R\u0119cznie wykonana bi\u017cuteria handmade \u2013 lekkie, efektowne i idealne na wiecz\u00f3r lub na prezent.\",\"breadcrumb\":{\"@id\":\"https:\\\/\\\/staghorn.pl\\\/?product=kolczyki-montana-vitrail#breadcrumb\"},\"inLanguage\":\"pl-PL\",\"potentialAction\":[{\"@type\":\"ReadAction\",\"target\":[\"https:\\\/\\\/staghorn.pl\\\/?product=kolczyki-montana-vitrail\"]}]},{\"@type\":\"ImageObject\",\"inLanguage\":\"pl-PL\",\"@id\":\"https:\\\/\\\/staghorn.pl\\\/?product=kolczyki-montana-vitrail#primaryimage\",\"url\":\"https:\\\/\\\/staghorn.pl\\\/wp-content\\\/uploads\\\/2025\\\/11\\\/2-7.jpg\",\"contentUrl\":\"https:\\\/\\\/staghorn.pl\\\/wp-content\\\/uploads\\\/2025\\\/11\\\/2-7.jpg\",\"width\":640,\"height\":800,\"caption\":\"Granatowe kolczyki wieczorowe z kryszta\u0142kami Preciosa.\"},{\"@type\":\"BreadcrumbList\",\"@id\":\"https:\\\/\\\/staghorn.pl\\\/?product=kolczyki-montana-vitrail#breadcrumb\",\"itemListElement\":[{\"@type\":\"ListItem\",\"position\":1,\"name\":\"Strona g\u0142\u00f3wna\",\"item\":\"https:\\\/\\\/staghorn.pl\\\/\"},{\"@type\":\"ListItem\",\"position\":2,\"name\":\"Sklep\",\"item\":\"https:\\\/\\\/staghorn.pl\\\/?page_id=395\"},{\"@type\":\"ListItem\",\"position\":3,\"name\":\"Kolczyki Montana Vitrail \u2013 seria Filigree Weave\"}]},{\"@type\":\"WebSite\",\"@id\":\"https:\\\/\\\/staghorn.pl\\\/#website\",\"url\":\"https:\\\/\\\/staghorn.pl\\\/\",\"name\":\"Staghorn\",\"description\":\"\",\"publisher\":{\"@id\":\"https:\\\/\\\/staghorn.pl\\\/#\\\/schema\\\/person\\\/985c0f377b3807be4ab7ca84c02a0459\"},\"potentialAction\":[{\"@type\":\"SearchAction\",\"target\":{\"@type\":\"EntryPoint\",\"urlTemplate\":\"https:\\\/\\\/staghorn.pl\\\/?s={search_term_string}\"},\"query-input\":{\"@type\":\"PropertyValueSpecification\",\"valueRequired\":true,\"valueName\":\"search_term_string\"}}],\"inLanguage\":\"pl-PL\"},{\"@type\":[\"Person\",\"Organization\"],\"@id\":\"https:\\\/\\\/staghorn.pl\\\/#\\\/schema\\\/person\\\/985c0f377b3807be4ab7ca84c02a0459\",\"name\":\"Kasia\",\"image\":{\"@type\":\"ImageObject\",\"inLanguage\":\"pl-PL\",\"@id\":\"https:\\\/\\\/staghorn.pl\\\/wp-content\\\/uploads\\\/2024\\\/05\\\/cropped-2.png\",\"url\":\"https:\\\/\\\/staghorn.pl\\\/wp-content\\\/uploads\\\/2024\\\/05\\\/cropped-2.png\",\"contentUrl\":\"https:\\\/\\\/staghorn.pl\\\/wp-content\\\/uploads\\\/2024\\\/05\\\/cropped-2.png\",\"width\":512,\"height\":512,\"caption\":\"Kasia\"},\"logo\":{\"@id\":\"https:\\\/\\\/staghorn.pl\\\/wp-content\\\/uploads\\\/2024\\\/05\\\/cropped-2.png\"},\"sameAs\":[\"http:\\\/\\\/staghorn.pl\"]}]}<\/script>\n<!-- \/ Yoast SEO plugin. -->","yoast_head_json":{"title":"Kolczyki Montana Vitrail \u2013 seria Filigree Weave - Staghorn","description":"Eleganckie granatowe kolczyki Montana Vitrail. R\u0119cznie wykonana bi\u017cuteria handmade \u2013 lekkie, efektowne i idealne na wiecz\u00f3r lub na prezent.","robots":{"index":"index","follow":"follow","max-snippet":"max-snippet:-1","max-image-preview":"max-image-preview:large","max-video-preview":"max-video-preview:-1"},"canonical":"https:\/\/staghorn.pl\/?product=kolczyki-montana-vitrail","og_locale":"pl_PL","og_type":"article","og_title":"Kolczyki Montana Vitrail \u2013 seria Filigree Weave - Staghorn","og_description":"Eleganckie granatowe kolczyki Montana Vitrail. R\u0119cznie wykonana bi\u017cuteria handmade \u2013 lekkie, efektowne i idealne na wiecz\u00f3r lub na prezent.","og_url":"https:\/\/staghorn.pl\/?product=kolczyki-montana-vitrail","og_site_name":"Staghorn","article_modified_time":"2026-03-16T10:46:47+00:00","og_image":[{"width":640,"height":800,"url":"https:\/\/staghorn.pl\/wp-content\/uploads\/2025\/11\/2-7.jpg","type":"image\/jpeg"}],"twitter_card":"summary_large_image","twitter_misc":{"Szacowany czas czytania":"2 minuty"},"schema":{"@context":"https:\/\/schema.org","@graph":[{"@type":"WebPage","@id":"https:\/\/staghorn.pl\/?product=kolczyki-montana-vitrail","url":"https:\/\/staghorn.pl\/?product=kolczyki-montana-vitrail","name":"Kolczyki Montana Vitrail \u2013 seria Filigree Weave - Staghorn","isPartOf":{"@id":"https:\/\/staghorn.pl\/#website"},"primaryImageOfPage":{"@id":"https:\/\/staghorn.pl\/?product=kolczyki-montana-vitrail#primaryimage"},"image":{"@id":"https:\/\/staghorn.pl\/?product=kolczyki-montana-vitrail#primaryimage"},"thumbnailUrl":"https:\/\/staghorn.pl\/wp-content\/uploads\/2025\/11\/2-7.jpg","datePublished":"2025-11-27T09:54:03+00:00","dateModified":"2026-03-16T10:46:47+00:00","description":"Eleganckie granatowe kolczyki Montana Vitrail. R\u0119cznie wykonana bi\u017cuteria handmade \u2013 lekkie, efektowne i idealne na wiecz\u00f3r lub na prezent.","breadcrumb":{"@id":"https:\/\/staghorn.pl\/?product=kolczyki-montana-vitrail#breadcrumb"},"inLanguage":"pl-PL","potentialAction":[{"@type":"ReadAction","target":["https:\/\/staghorn.pl\/?product=kolczyki-montana-vitrail"]}]},{"@type":"ImageObject","inLanguage":"pl-PL","@id":"https:\/\/staghorn.pl\/?product=kolczyki-montana-vitrail#primaryimage","url":"https:\/\/staghorn.pl\/wp-content\/uploads\/2025\/11\/2-7.jpg","contentUrl":"https:\/\/staghorn.pl\/wp-content\/uploads\/2025\/11\/2-7.jpg","width":640,"height":800,"caption":"Granatowe kolczyki wieczorowe z kryszta\u0142kami Preciosa."},{"@type":"BreadcrumbList","@id":"https:\/\/staghorn.pl\/?product=kolczyki-montana-vitrail#breadcrumb","itemListElement":[{"@type":"ListItem","position":1,"name":"Strona g\u0142\u00f3wna","item":"https:\/\/staghorn.pl\/"},{"@type":"ListItem","position":2,"name":"Sklep","item":"https:\/\/staghorn.pl\/?page_id=395"},{"@type":"ListItem","position":3,"name":"Kolczyki Montana Vitrail \u2013 seria Filigree Weave"}]},{"@type":"WebSite","@id":"https:\/\/staghorn.pl\/#website","url":"https:\/\/staghorn.pl\/","name":"Staghorn","description":"","publisher":{"@id":"https:\/\/staghorn.pl\/#\/schema\/person\/985c0f377b3807be4ab7ca84c02a0459"},"potentialAction":[{"@type":"SearchAction","target":{"@type":"EntryPoint","urlTemplate":"https:\/\/staghorn.pl\/?s={search_term_string}"},"query-input":{"@type":"PropertyValueSpecification","valueRequired":true,"valueName":"search_term_string"}}],"inLanguage":"pl-PL"},{"@type":["Person","Organization"],"@id":"https:\/\/staghorn.pl\/#\/schema\/person\/985c0f377b3807be4ab7ca84c02a0459","name":"Kasia","image":{"@type":"ImageObject","inLanguage":"pl-PL","@id":"https:\/\/staghorn.pl\/wp-content\/uploads\/2024\/05\/cropped-2.png","url":"https:\/\/staghorn.pl\/wp-content\/uploads\/2024\/05\/cropped-2.png","contentUrl":"https:\/\/staghorn.pl\/wp-content\/uploads\/2024\/05\/cropped-2.png","width":512,"height":512,"caption":"Kasia"},"logo":{"@id":"https:\/\/staghorn.pl\/wp-content\/uploads\/2024\/05\/cropped-2.png"},"sameAs":["http:\/\/staghorn.pl"]}]}},"jetpack_sharing_enabled":true,"_links":{"self":[{"href":"https:\/\/staghorn.pl\/index.php?rest_route=\/wp\/v2\/product\/2127","targetHints":{"allow":["GET"]}}],"collection":[{"href":"https:\/\/staghorn.pl\/index.php?rest_route=\/wp\/v2\/product"}],"about":[{"href":"https:\/\/staghorn.pl\/index.php?rest_route=\/wp\/v2\/types\/product"}],"replies":[{"embeddable":true,"href":"https:\/\/staghorn.pl\/index.php?rest_route=%2Fwp%2Fv2%2Fcomments&post=2127"}],"wp:featuredmedia":[{"embeddable":true,"href":"https:\/\/staghorn.pl\/index.php?rest_route=\/wp\/v2\/media\/2091"}],"wp:attachment":[{"href":"https:\/\/staghorn.pl\/index.php?rest_route=%2Fwp%2Fv2%2Fmedia&parent=2127"}],"wp:term":[{"taxonomy":"product_brand","embeddable":true,"href":"https:\/\/staghorn.pl\/index.php?rest_route=%2Fwp%2Fv2%2Fproduct_brand&post=2127"},{"taxonomy":"product_cat","embeddable":true,"href":"https:\/\/staghorn.pl\/index.php?rest_route=%2Fwp%2Fv2%2Fproduct_cat&post=2127"},{"taxonomy":"product_tag","embeddable":true,"href":"https:\/\/staghorn.pl\/index.php?rest_route=%2Fwp%2Fv2%2Fproduct_tag&post=2127"}],"curies":[{"name":"wp","href":"https:\/\/api.w.org\/{rel}","templated":true}]}}