{"id":2156,"date":"2025-11-27T14:20:40","date_gmt":"2025-11-27T13:20:40","guid":{"rendered":"https:\/\/staghorn.pl\/?post_type=product&#038;p=2156"},"modified":"2026-01-14T11:36:46","modified_gmt":"2026-01-14T10:36:46","slug":"bransoletka-fuchsia-bloom","status":"publish","type":"product","link":"https:\/\/staghorn.pl\/?product=bransoletka-fuchsia-bloom","title":{"rendered":"Bransoletka Fuchsia Bloom \u2013 seria Filigree Weave"},"content":{"rendered":"<h1 style=\"text-align: center;\"><strong>Bransoletka Fuchsia Bloom \u2013 z kryszta\u0142k\u00f3w Preciosa w intensywnym r\u00f3\u017cu i z\u0142ocie<\/strong><\/h1>\n<div><strong data-start=\"637\" data-end=\"654\">Fuchsia Bloom<\/strong> to bransoletka, kt\u00f3ra \u0142\u0105czy nasycon\u0105 energi\u0119 r\u00f3\u017cu z eleganckim blaskiem z\u0142ota. Jej misterny, rytmiczny splot charakterystyczny dla serii <strong data-start=\"792\" data-end=\"810\">Filigree Weave<\/strong> sprawia, \u017ce forma jest subtelna, a jednocze\u015bnie pe\u0142na \u015bwiat\u0142a. To bransoletka, kt\u00f3ra dodaje stylizacji wyrazisto\u015bci, ale w spos\u00f3b kobiecy, lekki i perfekcyjnie wywa\u017cony.<\/div>\n<hr \/>\n<h2 style=\"text-align: center;\">\u2727 <strong data-start=\"1166\" data-end=\"1201\">\u015awiat\u0142o zamkni\u0119te w kryszta\u0142ach<\/strong><\/h2>\n<div>\n<p data-start=\"1025\" data-end=\"1306\">Bransoletka zosta\u0142a wykonana r\u0119cznie z kryszta\u0142k\u00f3w <strong data-start=\"1076\" data-end=\"1106\">Preciosa Bicone Fuchsia AB <\/strong>(4 mm), kt\u00f3rych soczysty, g\u0142\u0119boki odcie\u0144 migocze przy ka\u017cdym ruchu nadgarstka.<br data-start=\"1178\" data-end=\"1181\" \/>Mi\u0119dzy kryszta\u0142kami znajduj\u0105 si\u0119 drobne, z\u0142ote koraliki <strong data-start=\"1237\" data-end=\"1254\">Miyuki Delica<\/strong>, nadaj\u0105ce ca\u0142o\u015bci eleganckiej lekko\u015bci i struktury.<\/p>\n<p data-start=\"1308\" data-end=\"1423\">Wyko\u0144czenie w postaci delikatnego, z\u0142otego \u0142a\u0144cuszka i element\u00f3w ze stali nierdzewnej dodaje jej klasy i trwa\u0142o\u015bci.<\/p>\n<\/div>\n<hr \/>\n<h2 style=\"text-align: center;\"><strong>\u2727 Dopasowanie do Ciebie<\/strong><\/h2>\n<p>Je\u015bli chcesz, aby bransoletka le\u017ca\u0142a idealnie, wystarczy, \u017ce wybierzesz odpowiedni dla Ciebie rozmiar:<\/p>\n<p><strong>S:<\/strong> 14,5\u201316 cm (realizacja 1\u20132 dni robocze)<br data-start=\"1895\" data-end=\"1898\" \/><strong>M:<\/strong> 16\u201317,5 cm (realizacja 1\u20132 dni robocze)<br data-start=\"1944\" data-end=\"1947\" \/><strong>L:<\/strong> 17,5\u201319 cm (realizacja 1\u20132 dni robocze)<br data-start=\"1993\" data-end=\"1996\" \/><strong>XL<\/strong>: 19\u201320,5 cm (realizacja 1\u20132 dni robocze)<br data-start=\"2043\" data-end=\"2046\" \/><strong>Inny rozmiar:<\/strong> Podaj obw\u00f3d nadgarstka w notce do zam\u00f3wienia \u2013 dopasuj\u0119 d\u0142ugo\u015b\u0107 indywidualnie <em data-start=\"2138\" data-end=\"2160\">(realizacja 2\u20134 dni)<\/em>.<\/p>\n<hr \/>\n<h2 style=\"text-align: center;\">\u2727 <strong data-start=\"2175\" data-end=\"2205\">Dla kogo i na jak\u0105 okazj\u0119?<\/strong><\/h2>\n<div>\n<p data-start=\"2198\" data-end=\"2309\"><strong data-start=\"2198\" data-end=\"2215\">Fuchsia Bloom<\/strong> to bransoletka dla kobiet, kt\u00f3re lubi\u0105 intensywne, ale elegancko podane kolory. Sprawdzi si\u0119:<\/p>\n<ul data-start=\"2311\" data-end=\"2528\">\n<li data-start=\"2311\" data-end=\"2339\">\n<p data-start=\"2313\" data-end=\"2339\">do pastelowych sukienek,<\/p>\n<\/li>\n<li data-start=\"2340\" data-end=\"2379\">\n<p data-start=\"2342\" data-end=\"2379\">do letnich i wiosennych stylizacji,<\/p>\n<\/li>\n<li data-start=\"2380\" data-end=\"2422\">\n<p data-start=\"2382\" data-end=\"2422\">jako kontrast do bieli, be\u017cu i czerni,<\/p>\n<\/li>\n<li data-start=\"2423\" data-end=\"2468\">\n<p data-start=\"2425\" data-end=\"2468\">jako delikatnie energetyczny akcent zim\u0105,<\/p>\n<\/li>\n<li data-start=\"2469\" data-end=\"2528\">\n<p data-start=\"2471\" data-end=\"2528\">jako prezent dla osoby, kt\u00f3ra lubi kobiece formy i blask.<\/p>\n<\/li>\n<\/ul>\n<p data-start=\"2530\" data-end=\"2610\">To bi\u017cuteria, kt\u00f3ra potrafi doda\u0107 energii ca\u0142emu dniu \u2014 subtelnie, bez przesady.<\/p>\n<\/div>\n<hr \/>\n<p>\ud83d\udce9 Je\u015bli masz jakiekolwiek pytania, mo\u017cesz skontaktowa\u0107 si\u0119 ze mn\u0105 za po\u015brednictwem <a href=\"https:\/\/staghorn.pl\/?page_id=126\">formularza kontaktowego<\/a><\/p>\n<p>\ud83d\udcbb\u00a0 Pami\u0119taj, \u017ce ze wzgl\u0119du na efekty o\u015bwietleniowe, jasno\u015b\u0107 monitora, kontrast oraz inne ustawienia, mog\u0105 wyst\u0105pi\u0107 niewielkie r\u00f3\u017cnice w odcieniu koloru zdj\u0119cia na stronie internetowej a rzeczywistym produktem.<\/p>\n","protected":false},"excerpt":{"rendered":"<p>\u2727 <strong data-start=\"1518\" data-end=\"1543\">Materia\u0142y i wykonanie<\/strong><\/p>\n<ul>\n<li data-start=\"1461\" data-end=\"1512\">\n<p data-start=\"1463\" data-end=\"1512\">kryszta\u0142ki Preciosa Bicone Fuchsia AB<\/p>\n<\/li>\n<li data-start=\"1513\" data-end=\"1545\">\n<p data-start=\"1515\" data-end=\"1545\">z\u0142ote koraliki Miyuki Delica<\/p>\n<\/li>\n<li data-start=\"1546\" data-end=\"1601\">\n<p data-start=\"1548\" data-end=\"1601\">stal nierdzewna<\/p>\n<\/li>\n<li data-start=\"1628\" data-end=\"1670\">\n<p data-start=\"1630\" data-end=\"1670\">r\u0119czne wykonanie, seria Filigree Weave<\/p>\n<\/li>\n<li data-start=\"1671\" data-end=\"1701\">\n<p data-start=\"1673\" data-end=\"1701\">lekka, wygodna, pe\u0142na blasku<\/p>\n<\/li>\n<\/ul>\n<p data-start=\"1969\" data-end=\"2054\">Ka\u017cdy element zosta\u0142 precyzyjnie utkany, aby zachowa\u0107 lekko\u015b\u0107 i trwa\u0142o\u015b\u0107 konstrukcji.<\/p>\n","protected":false},"featured_media":2073,"comment_status":"open","ping_status":"closed","template":"","meta":{"_kad_post_transparent":"default","_kad_post_title":"","_kad_post_layout":"default","_kad_post_sidebar_id":"","_kad_post_content_style":"default","_kad_post_vertical_padding":"default","_kad_post_feature":"","_kad_post_feature_position":"","_kad_post_header":false,"_kad_post_footer":false,"_kad_post_classname":""},"product_brand":[],"product_cat":[154,23,136,156],"product_tag":[54,45,42,72,160,71,159,36,58,39,46,162,68,37,145,62,161],"class_list":{"0":"post-2156","1":"product","2":"type-product","3":"status-publish","4":"has-post-thumbnail","6":"product_cat-bizuteria-z-krysztalkow","7":"product_cat-bransoletki","8":"product_cat-bransoletki-z-krysztalkow","9":"product_cat-filigree-weave","10":"product_tag-akcesoria-dla-kobiet","11":"product_tag-bizuteria-dla-kobiet","12":"product_tag-bizuteria-na-co-dzien","13":"product_tag-bizuteria-na-wieczorne-wyjscia","14":"product_tag-blekitne-krysztalki","15":"product_tag-bransoletka-do-pracy","16":"product_tag-bransoletka-z-krysztalkow","17":"product_tag-delikatna-bizuteria","18":"product_tag-elegancka-bizuteria","19":"product_tag-moda-damska","20":"product_tag-modne-dodatki","21":"product_tag-niebieska-bransoletka","22":"product_tag-prezent-dla-dziewczynki","23":"product_tag-prezent-dla-niej","24":"product_tag-srebrne-kolczyki","25":"product_tag-wiosenne-stylizacje","26":"product_tag-zimowa-bizuteria","27":"product_shipping_class-male-gabaryty","29":"first","30":"instock","31":"shipping-taxable","32":"purchasable","33":"product-type-variable","34":"entry","35":"content-bg","36":"loop-entry"},"yoast_head":"<!-- This site is optimized with the Yoast SEO plugin v27.4 - https:\/\/yoast.com\/product\/yoast-seo-wordpress\/ -->\n<title>Bransoletka Fuchsia Bloom \u2013 seria Filigree Weave - Staghorn<\/title>\n<meta name=\"description\" content=\"R\u0119cznie wykonana bransoletka Fuchsia Bloom z kryszta\u0142k\u00f3w Preciosa. Lekka, kobieca \u2013 idealna na prezent lub do wiosennych stylizacji.\" \/>\n<meta name=\"robots\" content=\"index, follow, max-snippet:-1, max-image-preview:large, max-video-preview:-1\" \/>\n<link rel=\"canonical\" href=\"https:\/\/staghorn.pl\/?product=bransoletka-fuchsia-bloom\" \/>\n<meta property=\"og:locale\" content=\"pl_PL\" \/>\n<meta property=\"og:type\" content=\"article\" \/>\n<meta property=\"og:title\" content=\"Bransoletka Fuchsia Bloom \u2013 seria Filigree Weave - Staghorn\" \/>\n<meta property=\"og:description\" content=\"R\u0119cznie wykonana bransoletka Fuchsia Bloom z kryszta\u0142k\u00f3w Preciosa. Lekka, kobieca \u2013 idealna na prezent lub do wiosennych stylizacji.\" \/>\n<meta property=\"og:url\" content=\"https:\/\/staghorn.pl\/?product=bransoletka-fuchsia-bloom\" \/>\n<meta property=\"og:site_name\" content=\"Staghorn\" \/>\n<meta property=\"article:modified_time\" content=\"2026-01-14T10:36:46+00:00\" \/>\n<meta property=\"og:image\" content=\"https:\/\/staghorn.pl\/wp-content\/uploads\/2025\/11\/7-1.jpg\" \/>\n\t<meta property=\"og:image:width\" content=\"640\" \/>\n\t<meta property=\"og:image:height\" content=\"800\" \/>\n\t<meta property=\"og:image:type\" content=\"image\/jpeg\" \/>\n<meta name=\"twitter:card\" content=\"summary_large_image\" \/>\n<meta name=\"twitter:label1\" content=\"Szacowany czas czytania\" \/>\n\t<meta name=\"twitter:data1\" content=\"2 minuty\" \/>\n<script type=\"application\/ld+json\" class=\"yoast-schema-graph\">{\"@context\":\"https:\\\/\\\/schema.org\",\"@graph\":[{\"@type\":\"WebPage\",\"@id\":\"https:\\\/\\\/staghorn.pl\\\/?product=bransoletka-fuchsia-bloom\",\"url\":\"https:\\\/\\\/staghorn.pl\\\/?product=bransoletka-fuchsia-bloom\",\"name\":\"Bransoletka Fuchsia Bloom \u2013 seria Filigree Weave - Staghorn\",\"isPartOf\":{\"@id\":\"https:\\\/\\\/staghorn.pl\\\/#website\"},\"primaryImageOfPage\":{\"@id\":\"https:\\\/\\\/staghorn.pl\\\/?product=bransoletka-fuchsia-bloom#primaryimage\"},\"image\":{\"@id\":\"https:\\\/\\\/staghorn.pl\\\/?product=bransoletka-fuchsia-bloom#primaryimage\"},\"thumbnailUrl\":\"https:\\\/\\\/staghorn.pl\\\/wp-content\\\/uploads\\\/2025\\\/11\\\/7-1.jpg\",\"datePublished\":\"2025-11-27T13:20:40+00:00\",\"dateModified\":\"2026-01-14T10:36:46+00:00\",\"description\":\"R\u0119cznie wykonana bransoletka Fuchsia Bloom z kryszta\u0142k\u00f3w Preciosa. Lekka, kobieca \u2013 idealna na prezent lub do wiosennych stylizacji.\",\"breadcrumb\":{\"@id\":\"https:\\\/\\\/staghorn.pl\\\/?product=bransoletka-fuchsia-bloom#breadcrumb\"},\"inLanguage\":\"pl-PL\",\"potentialAction\":[{\"@type\":\"ReadAction\",\"target\":[\"https:\\\/\\\/staghorn.pl\\\/?product=bransoletka-fuchsia-bloom\"]}]},{\"@type\":\"ImageObject\",\"inLanguage\":\"pl-PL\",\"@id\":\"https:\\\/\\\/staghorn.pl\\\/?product=bransoletka-fuchsia-bloom#primaryimage\",\"url\":\"https:\\\/\\\/staghorn.pl\\\/wp-content\\\/uploads\\\/2025\\\/11\\\/7-1.jpg\",\"contentUrl\":\"https:\\\/\\\/staghorn.pl\\\/wp-content\\\/uploads\\\/2025\\\/11\\\/7-1.jpg\",\"width\":640,\"height\":800,\"caption\":\"Wieczorowa bransoletka Fuchsia \u2013 elegancja i blask.\"},{\"@type\":\"BreadcrumbList\",\"@id\":\"https:\\\/\\\/staghorn.pl\\\/?product=bransoletka-fuchsia-bloom#breadcrumb\",\"itemListElement\":[{\"@type\":\"ListItem\",\"position\":1,\"name\":\"Strona g\u0142\u00f3wna\",\"item\":\"https:\\\/\\\/staghorn.pl\\\/\"},{\"@type\":\"ListItem\",\"position\":2,\"name\":\"Sklep\",\"item\":\"https:\\\/\\\/staghorn.pl\\\/?page_id=395\"},{\"@type\":\"ListItem\",\"position\":3,\"name\":\"Bransoletka Fuchsia Bloom \u2013 seria Filigree Weave\"}]},{\"@type\":\"WebSite\",\"@id\":\"https:\\\/\\\/staghorn.pl\\\/#website\",\"url\":\"https:\\\/\\\/staghorn.pl\\\/\",\"name\":\"Staghorn\",\"description\":\"\",\"publisher\":{\"@id\":\"https:\\\/\\\/staghorn.pl\\\/#\\\/schema\\\/person\\\/985c0f377b3807be4ab7ca84c02a0459\"},\"potentialAction\":[{\"@type\":\"SearchAction\",\"target\":{\"@type\":\"EntryPoint\",\"urlTemplate\":\"https:\\\/\\\/staghorn.pl\\\/?s={search_term_string}\"},\"query-input\":{\"@type\":\"PropertyValueSpecification\",\"valueRequired\":true,\"valueName\":\"search_term_string\"}}],\"inLanguage\":\"pl-PL\"},{\"@type\":[\"Person\",\"Organization\"],\"@id\":\"https:\\\/\\\/staghorn.pl\\\/#\\\/schema\\\/person\\\/985c0f377b3807be4ab7ca84c02a0459\",\"name\":\"Kasia\",\"image\":{\"@type\":\"ImageObject\",\"inLanguage\":\"pl-PL\",\"@id\":\"https:\\\/\\\/staghorn.pl\\\/wp-content\\\/uploads\\\/2024\\\/05\\\/cropped-2.png\",\"url\":\"https:\\\/\\\/staghorn.pl\\\/wp-content\\\/uploads\\\/2024\\\/05\\\/cropped-2.png\",\"contentUrl\":\"https:\\\/\\\/staghorn.pl\\\/wp-content\\\/uploads\\\/2024\\\/05\\\/cropped-2.png\",\"width\":512,\"height\":512,\"caption\":\"Kasia\"},\"logo\":{\"@id\":\"https:\\\/\\\/staghorn.pl\\\/wp-content\\\/uploads\\\/2024\\\/05\\\/cropped-2.png\"},\"sameAs\":[\"http:\\\/\\\/staghorn.pl\"]}]}<\/script>\n<!-- \/ Yoast SEO plugin. -->","yoast_head_json":{"title":"Bransoletka Fuchsia Bloom \u2013 seria Filigree Weave - Staghorn","description":"R\u0119cznie wykonana bransoletka Fuchsia Bloom z kryszta\u0142k\u00f3w Preciosa. Lekka, kobieca \u2013 idealna na prezent lub do wiosennych stylizacji.","robots":{"index":"index","follow":"follow","max-snippet":"max-snippet:-1","max-image-preview":"max-image-preview:large","max-video-preview":"max-video-preview:-1"},"canonical":"https:\/\/staghorn.pl\/?product=bransoletka-fuchsia-bloom","og_locale":"pl_PL","og_type":"article","og_title":"Bransoletka Fuchsia Bloom \u2013 seria Filigree Weave - Staghorn","og_description":"R\u0119cznie wykonana bransoletka Fuchsia Bloom z kryszta\u0142k\u00f3w Preciosa. Lekka, kobieca \u2013 idealna na prezent lub do wiosennych stylizacji.","og_url":"https:\/\/staghorn.pl\/?product=bransoletka-fuchsia-bloom","og_site_name":"Staghorn","article_modified_time":"2026-01-14T10:36:46+00:00","og_image":[{"width":640,"height":800,"url":"https:\/\/staghorn.pl\/wp-content\/uploads\/2025\/11\/7-1.jpg","type":"image\/jpeg"}],"twitter_card":"summary_large_image","twitter_misc":{"Szacowany czas czytania":"2 minuty"},"schema":{"@context":"https:\/\/schema.org","@graph":[{"@type":"WebPage","@id":"https:\/\/staghorn.pl\/?product=bransoletka-fuchsia-bloom","url":"https:\/\/staghorn.pl\/?product=bransoletka-fuchsia-bloom","name":"Bransoletka Fuchsia Bloom \u2013 seria Filigree Weave - Staghorn","isPartOf":{"@id":"https:\/\/staghorn.pl\/#website"},"primaryImageOfPage":{"@id":"https:\/\/staghorn.pl\/?product=bransoletka-fuchsia-bloom#primaryimage"},"image":{"@id":"https:\/\/staghorn.pl\/?product=bransoletka-fuchsia-bloom#primaryimage"},"thumbnailUrl":"https:\/\/staghorn.pl\/wp-content\/uploads\/2025\/11\/7-1.jpg","datePublished":"2025-11-27T13:20:40+00:00","dateModified":"2026-01-14T10:36:46+00:00","description":"R\u0119cznie wykonana bransoletka Fuchsia Bloom z kryszta\u0142k\u00f3w Preciosa. Lekka, kobieca \u2013 idealna na prezent lub do wiosennych stylizacji.","breadcrumb":{"@id":"https:\/\/staghorn.pl\/?product=bransoletka-fuchsia-bloom#breadcrumb"},"inLanguage":"pl-PL","potentialAction":[{"@type":"ReadAction","target":["https:\/\/staghorn.pl\/?product=bransoletka-fuchsia-bloom"]}]},{"@type":"ImageObject","inLanguage":"pl-PL","@id":"https:\/\/staghorn.pl\/?product=bransoletka-fuchsia-bloom#primaryimage","url":"https:\/\/staghorn.pl\/wp-content\/uploads\/2025\/11\/7-1.jpg","contentUrl":"https:\/\/staghorn.pl\/wp-content\/uploads\/2025\/11\/7-1.jpg","width":640,"height":800,"caption":"Wieczorowa bransoletka Fuchsia \u2013 elegancja i blask."},{"@type":"BreadcrumbList","@id":"https:\/\/staghorn.pl\/?product=bransoletka-fuchsia-bloom#breadcrumb","itemListElement":[{"@type":"ListItem","position":1,"name":"Strona g\u0142\u00f3wna","item":"https:\/\/staghorn.pl\/"},{"@type":"ListItem","position":2,"name":"Sklep","item":"https:\/\/staghorn.pl\/?page_id=395"},{"@type":"ListItem","position":3,"name":"Bransoletka Fuchsia Bloom \u2013 seria Filigree Weave"}]},{"@type":"WebSite","@id":"https:\/\/staghorn.pl\/#website","url":"https:\/\/staghorn.pl\/","name":"Staghorn","description":"","publisher":{"@id":"https:\/\/staghorn.pl\/#\/schema\/person\/985c0f377b3807be4ab7ca84c02a0459"},"potentialAction":[{"@type":"SearchAction","target":{"@type":"EntryPoint","urlTemplate":"https:\/\/staghorn.pl\/?s={search_term_string}"},"query-input":{"@type":"PropertyValueSpecification","valueRequired":true,"valueName":"search_term_string"}}],"inLanguage":"pl-PL"},{"@type":["Person","Organization"],"@id":"https:\/\/staghorn.pl\/#\/schema\/person\/985c0f377b3807be4ab7ca84c02a0459","name":"Kasia","image":{"@type":"ImageObject","inLanguage":"pl-PL","@id":"https:\/\/staghorn.pl\/wp-content\/uploads\/2024\/05\/cropped-2.png","url":"https:\/\/staghorn.pl\/wp-content\/uploads\/2024\/05\/cropped-2.png","contentUrl":"https:\/\/staghorn.pl\/wp-content\/uploads\/2024\/05\/cropped-2.png","width":512,"height":512,"caption":"Kasia"},"logo":{"@id":"https:\/\/staghorn.pl\/wp-content\/uploads\/2024\/05\/cropped-2.png"},"sameAs":["http:\/\/staghorn.pl"]}]}},"jetpack_sharing_enabled":true,"_links":{"self":[{"href":"https:\/\/staghorn.pl\/index.php?rest_route=\/wp\/v2\/product\/2156","targetHints":{"allow":["GET"]}}],"collection":[{"href":"https:\/\/staghorn.pl\/index.php?rest_route=\/wp\/v2\/product"}],"about":[{"href":"https:\/\/staghorn.pl\/index.php?rest_route=\/wp\/v2\/types\/product"}],"replies":[{"embeddable":true,"href":"https:\/\/staghorn.pl\/index.php?rest_route=%2Fwp%2Fv2%2Fcomments&post=2156"}],"wp:featuredmedia":[{"embeddable":true,"href":"https:\/\/staghorn.pl\/index.php?rest_route=\/wp\/v2\/media\/2073"}],"wp:attachment":[{"href":"https:\/\/staghorn.pl\/index.php?rest_route=%2Fwp%2Fv2%2Fmedia&parent=2156"}],"wp:term":[{"taxonomy":"product_brand","embeddable":true,"href":"https:\/\/staghorn.pl\/index.php?rest_route=%2Fwp%2Fv2%2Fproduct_brand&post=2156"},{"taxonomy":"product_cat","embeddable":true,"href":"https:\/\/staghorn.pl\/index.php?rest_route=%2Fwp%2Fv2%2Fproduct_cat&post=2156"},{"taxonomy":"product_tag","embeddable":true,"href":"https:\/\/staghorn.pl\/index.php?rest_route=%2Fwp%2Fv2%2Fproduct_tag&post=2156"}],"curies":[{"name":"wp","href":"https:\/\/api.w.org\/{rel}","templated":true}]}}