{"id":2294,"date":"2026-01-08T09:57:40","date_gmt":"2026-01-08T08:57:40","guid":{"rendered":"https:\/\/staghorn.pl\/?post_type=product&#038;p=2294"},"modified":"2026-01-10T10:53:15","modified_gmt":"2026-01-10T09:53:15","slug":"bransoletka-zodiakalna-baran","status":"publish","type":"product","link":"https:\/\/staghorn.pl\/?product=bransoletka-zodiakalna-baran","title":{"rendered":"Bransoletka Zodiakalna \u201eBaran\u201d"},"content":{"rendered":"<h1 data-start=\"168\" data-end=\"230\"><strong>\u2728 Bransoletka Zodiakalna \u201eBaran\u201d \u2013 karneol, hematyt i granat<\/strong><\/h1>\n<p data-start=\"232\" data-end=\"752\">Bransoletka Zodiakalna \u201eBaran\u201d to energetyczna, wyrazista kompozycja stworzona z my\u015bl\u0105 o osobach urodzonych pod znakiem Barana \u2014 odwa\u017cnych, pe\u0142nych pasji, niezale\u017cnych i gotowych do dzia\u0142ania. Po\u0142\u0105czenie ognistych ton\u00f3w karneolu z g\u0142\u0119bok\u0105 czerwieni\u0105 granatu doskonale oddaje \u017cywio\u0142 Ognia, kt\u00f3ry definiuje ten znak. Ch\u0142odny po\u0142ysk hematytu wprowadza r\u00f3wnowag\u0119 i symboliczne uziemienie, tworz\u0105c bi\u017cuteri\u0119, kt\u00f3ra wzmacnia si\u0142\u0119 charakteru, ale nie przyt\u0142acza. To osobisty talizman energii, determinacji i wewn\u0119trznego ognia.<\/p>\n<hr data-start=\"754\" data-end=\"757\" \/>\n<h2 data-start=\"759\" data-end=\"796\"><strong>\u2727 Energia i symbolika znaku Barana<\/strong><\/h2>\n<p data-start=\"798\" data-end=\"1144\">Baran to pierwszy znak zodiaku \u2014 symbol pocz\u0105tku, odwagi i impulsu do dzia\u0142ania. Osoby spod tego znaku cechuje naturalna charyzma, spontaniczno\u015b\u0107 i potrzeba pod\u0105\u017cania w\u0142asn\u0105 drog\u0105. Bransoletka zodiakalna dla Barana zosta\u0142a zaprojektowana tak, by wspiera\u0107 jego dynamik\u0119 i pewno\u015b\u0107 siebie, a jednocze\u015bnie pomaga\u0107 w zachowaniu emocjonalnej r\u00f3wnowagi.<\/p>\n<hr data-start=\"1146\" data-end=\"1149\" \/>\n<h2 data-start=\"1151\" data-end=\"1190\"><strong>\u2727 Kamienie dobrane do energii Barana<\/strong><\/h2>\n<p data-start=\"1192\" data-end=\"1254\">Ka\u017cdy z minera\u0142\u00f3w wzmacnia inn\u0105 stron\u0119 ognistej natury Barana:<\/p>\n<ul data-start=\"1256\" data-end=\"1568\">\n<li data-start=\"1256\" data-end=\"1366\">\n<p data-start=\"1258\" data-end=\"1366\"><strong data-start=\"1258\" data-end=\"1269\">Karneol<\/strong> \u2013 wzmacnia odwag\u0119, motywacj\u0119 i pewno\u015b\u0107 siebie; dodaje energii do dzia\u0142ania i realizacji cel\u00f3w.<\/p>\n<\/li>\n<li data-start=\"1367\" data-end=\"1469\">\n<p data-start=\"1369\" data-end=\"1469\"><strong data-start=\"1369\" data-end=\"1380\">Hematyt<\/strong> \u2013 uziemia, stabilizuje i pomaga zachowa\u0107 r\u00f3wnowag\u0119 emocjonaln\u0105, \u0142agodz\u0105c impulsywno\u015b\u0107.<\/p>\n<\/li>\n<li data-start=\"1470\" data-end=\"1568\">\n<p data-start=\"1472\" data-end=\"1568\"><strong data-start=\"1472\" data-end=\"1482\">Granat<\/strong> \u2013 symbol pasji, witalno\u015bci i si\u0142y \u017cyciowej; wzmacnia determinacj\u0119 i wewn\u0119trzny ogie\u0144.<\/p>\n<\/li>\n<\/ul>\n<p data-start=\"1570\" data-end=\"1633\">Razem tworz\u0105 harmonijn\u0105 kompozycj\u0119 energii, si\u0142y i stabilno\u015bci.<\/p>\n<hr data-start=\"1635\" data-end=\"1638\" \/>\n<h2 data-start=\"1640\" data-end=\"1672\"><strong>\u2727 Dost\u0119pna w dw\u00f3ch wariantach<\/strong><\/h2>\n<p data-start=\"1674\" data-end=\"1752\">Bransoletka Zodiakalna \u201eBaran\u201d dost\u0119pna jest w dw\u00f3ch wersjach kolorystycznych:<\/p>\n<ul data-start=\"1753\" data-end=\"1901\">\n<li data-start=\"1753\" data-end=\"1825\">\n<p data-start=\"1755\" data-end=\"1825\"><strong data-start=\"1755\" data-end=\"1765\">z\u0142otej<\/strong> \u2014 z koralikami Miyuki Delica i stalow\u0105 zawieszk\u0105 w kolorze z\u0142ota,<\/p>\n<\/li>\n<li data-start=\"1826\" data-end=\"1901\">\n<p data-start=\"1828\" data-end=\"1901\"><strong data-start=\"1828\" data-end=\"1840\">srebrnej<\/strong> \u2014 z koralikami Miyuki Delica i stalow\u0105 zawieszk\u0105 w kolorze srebra.<\/p>\n<\/li>\n<\/ul>\n<p data-start=\"1903\" data-end=\"2021\">Uk\u0142ad kamieni i energetyczny charakter bransoletki pozostaj\u0105 niezmienne \u2014 r\u00f3\u017cni si\u0119 jedynie kolor metalicznych detali.<\/p>\n<hr data-start=\"2023\" data-end=\"2026\" \/>\n<h2 data-start=\"2028\" data-end=\"2054\"><strong>\u2727 Materia\u0142y i wykonanie<\/strong><\/h2>\n<ul data-start=\"2056\" data-end=\"2323\">\n<li data-start=\"2056\" data-end=\"2109\">\n<p data-start=\"2058\" data-end=\"2109\">Naturalne kamienie: <strong data-start=\"2078\" data-end=\"2106\">karneol, hematyt, granat<\/strong>.<\/p>\n<\/li>\n<li data-start=\"2110\" data-end=\"2170\">\n<p data-start=\"2112\" data-end=\"2170\"><strong data-start=\"2112\" data-end=\"2138\">Koraliki Miyuki Delica<\/strong> w wersji z\u0142otej lub srebrnej.<\/p>\n<\/li>\n<li data-start=\"2171\" data-end=\"2244\">\n<p data-start=\"2173\" data-end=\"2244\">Zawieszka z symbolem znaku <strong data-start=\"2200\" data-end=\"2210\">Barana<\/strong>, wykonana ze stali nierdzewnej.<\/p>\n<\/li>\n<li data-start=\"2245\" data-end=\"2323\">\n<p data-start=\"2247\" data-end=\"2323\">Regulowany sznurek makramowy \u2014 <strong data-start=\"2278\" data-end=\"2320\">bransoletka pasuje na ka\u017cdy nadgarstek<\/strong>.<\/p>\n<\/li>\n<\/ul>\n<p data-start=\"2325\" data-end=\"2395\">Bransoletka wykonywana jest r\u0119cznie z dba\u0142o\u015bci\u0105 o trwa\u0142o\u015b\u0107 i estetyk\u0119.<\/p>\n<hr data-start=\"2397\" data-end=\"2400\" \/>\n<h2 data-start=\"2402\" data-end=\"2415\"><strong>\u2727 Dla kogo<\/strong><\/h2>\n<p data-start=\"2417\" data-end=\"2474\">To idealna bransoletka dla os\u00f3b spod znaku Barana, kt\u00f3re:<\/p>\n<ul data-start=\"2475\" data-end=\"2656\">\n<li data-start=\"2475\" data-end=\"2542\">\n<p data-start=\"2477\" data-end=\"2542\">chc\u0105 nosi\u0107 bi\u017cuteri\u0119 dopasowan\u0105 do swojej energii i charakteru,<\/p>\n<\/li>\n<li data-start=\"2543\" data-end=\"2597\">\n<p data-start=\"2545\" data-end=\"2597\">ceni\u0105 naturalne kamienie o symbolicznym znaczeniu,<\/p>\n<\/li>\n<li data-start=\"2598\" data-end=\"2656\">\n<p data-start=\"2600\" data-end=\"2656\">szukaj\u0105 osobistego talizmanu lub wyj\u0105tkowego prezentu.<\/p>\n<\/li>\n<\/ul>\n<p data-start=\"2658\" data-end=\"2721\">Sprawdzi si\u0119 zar\u00f3wno na co dzie\u0144, jak i jako znacz\u0105cy upominek.<\/p>\n<hr \/>\n<p>\ud83d\udce9 Je\u015bli masz jakiekolwiek pytania, mo\u017cesz skontaktowa\u0107 si\u0119 ze mn\u0105 za po\u015brednictwem\u00a0<a href=\"https:\/\/staghorn.pl\/?page_id=126\"><strong>formularza kontaktowego<\/strong><\/a>.<\/p>\n<p>\ud83d\udcbb Pami\u0119taj, \u017ce ze wzgl\u0119du na efekty o\u015bwietleniowe, jasno\u015b\u0107 monitora, kontrast oraz inne ustawienia, mog\u0105 wyst\u0105pi\u0107 drobne r\u00f3\u017cnice w odcieniu koloru zdj\u0119cia na stronie internetowej a rzeczywistym produktem.<\/p>\n","protected":false},"excerpt":{"rendered":"<p>Energetyczna bransoletka zodiakalna dla Barana, wykonana z karneolu, hematytu i granatu. Symbol odwagi, pasji i wewn\u0119trznej si\u0142y \u2013 osobisty talizman dla os\u00f3b, kt\u00f3re id\u0105 w\u0142asn\u0105 drog\u0105.<\/p>\n<p>\ud83d\udecd\ufe0f Buy on <a href=\"https:\/\/staghornpl.etsy.com\/listing\/4431935610\"><strong>ETSY<\/strong><\/a><\/p>\n","protected":false},"featured_media":2228,"comment_status":"open","ping_status":"closed","template":"","meta":{"_kad_post_transparent":"default","_kad_post_title":"","_kad_post_layout":"default","_kad_post_sidebar_id":"","_kad_post_content_style":"default","_kad_post_vertical_padding":"default","_kad_post_feature":"","_kad_post_feature_position":"","_kad_post_header":false,"_kad_post_footer":false,"_kad_post_classname":""},"product_brand":[],"product_cat":[112,23,135,152,167],"product_tag":[168,131,172,65,171,126,177,108,173,176,174,37,175,170,169],"class_list":{"0":"post-2294","1":"product","2":"type-product","3":"status-publish","4":"has-post-thumbnail","6":"product_cat-bizuteria-z-kamieni","7":"product_cat-bransoletki","8":"product_cat-bransoletki-makramowe","9":"product_cat-bransoletki-z-kamieni","10":"product_cat-zodiaki","11":"product_tag-bransoletka-zodiakalna","12":"product_tag-granat","13":"product_tag-hematyt","14":"product_tag-kamienie-naturalne","15":"product_tag-karneol","16":"product_tag-makrama","17":"product_tag-makramowa-bizuteria","18":"product_tag-minimalistyczna-bizuteria","19":"product_tag-na-co-dzien","20":"product_tag-pomaranczowy","21":"product_tag-prezent-dla-barana","22":"product_tag-prezent-dla-niej","23":"product_tag-prezent-dla-zodiakary","24":"product_tag-znak-zodiaku-baran","25":"product_tag-zodiak-baran","26":"product_shipping_class-male-gabaryty","28":"first","29":"instock","30":"shipping-taxable","31":"purchasable","32":"product-type-variable","33":"entry","34":"content-bg","35":"loop-entry"},"yoast_head":"<!-- This site is optimized with the Yoast SEO plugin v27.4 - https:\/\/yoast.com\/product\/yoast-seo-wordpress\/ -->\n<title>Bransoletka Zodiakalna \u201eBaran\u201d - Staghorn<\/title>\n<meta name=\"description\" content=\"Bransoletka zodiakalna dla Barana z karneolem, hematytem i granatem. R\u0119cznie wykonana bi\u017cuteria z kamieni naturalnych \u2013 symbol odwagi, energii i si\u0142y.\" \/>\n<meta name=\"robots\" content=\"index, follow, max-snippet:-1, max-image-preview:large, max-video-preview:-1\" \/>\n<link rel=\"canonical\" href=\"https:\/\/staghorn.pl\/?product=bransoletka-zodiakalna-baran\" \/>\n<meta property=\"og:locale\" content=\"pl_PL\" \/>\n<meta property=\"og:type\" content=\"article\" \/>\n<meta property=\"og:title\" content=\"Bransoletka Zodiakalna \u201eBaran\u201d - Staghorn\" \/>\n<meta property=\"og:description\" content=\"Bransoletka zodiakalna dla Barana z karneolem, hematytem i granatem. R\u0119cznie wykonana bi\u017cuteria z kamieni naturalnych \u2013 symbol odwagi, energii i si\u0142y.\" \/>\n<meta property=\"og:url\" content=\"https:\/\/staghorn.pl\/?product=bransoletka-zodiakalna-baran\" \/>\n<meta property=\"og:site_name\" content=\"Staghorn\" \/>\n<meta property=\"article:modified_time\" content=\"2026-01-10T09:53:15+00:00\" \/>\n<meta property=\"og:image\" content=\"https:\/\/staghorn.pl\/wp-content\/uploads\/2026\/01\/3.jpg\" \/>\n\t<meta property=\"og:image:width\" content=\"640\" \/>\n\t<meta property=\"og:image:height\" content=\"800\" \/>\n\t<meta property=\"og:image:type\" content=\"image\/jpeg\" \/>\n<meta name=\"twitter:card\" content=\"summary_large_image\" \/>\n<meta name=\"twitter:label1\" content=\"Szacowany czas czytania\" \/>\n\t<meta name=\"twitter:data1\" content=\"3 minuty\" \/>\n<script type=\"application\/ld+json\" class=\"yoast-schema-graph\">{\"@context\":\"https:\\\/\\\/schema.org\",\"@graph\":[{\"@type\":\"WebPage\",\"@id\":\"https:\\\/\\\/staghorn.pl\\\/?product=bransoletka-zodiakalna-baran\",\"url\":\"https:\\\/\\\/staghorn.pl\\\/?product=bransoletka-zodiakalna-baran\",\"name\":\"Bransoletka Zodiakalna \u201eBaran\u201d - Staghorn\",\"isPartOf\":{\"@id\":\"https:\\\/\\\/staghorn.pl\\\/#website\"},\"primaryImageOfPage\":{\"@id\":\"https:\\\/\\\/staghorn.pl\\\/?product=bransoletka-zodiakalna-baran#primaryimage\"},\"image\":{\"@id\":\"https:\\\/\\\/staghorn.pl\\\/?product=bransoletka-zodiakalna-baran#primaryimage\"},\"thumbnailUrl\":\"https:\\\/\\\/staghorn.pl\\\/wp-content\\\/uploads\\\/2026\\\/01\\\/3.jpg\",\"datePublished\":\"2026-01-08T08:57:40+00:00\",\"dateModified\":\"2026-01-10T09:53:15+00:00\",\"description\":\"Bransoletka zodiakalna dla Barana z karneolem, hematytem i granatem. R\u0119cznie wykonana bi\u017cuteria z kamieni naturalnych \u2013 symbol odwagi, energii i si\u0142y.\",\"breadcrumb\":{\"@id\":\"https:\\\/\\\/staghorn.pl\\\/?product=bransoletka-zodiakalna-baran#breadcrumb\"},\"inLanguage\":\"pl-PL\",\"potentialAction\":[{\"@type\":\"ReadAction\",\"target\":[\"https:\\\/\\\/staghorn.pl\\\/?product=bransoletka-zodiakalna-baran\"]}]},{\"@type\":\"ImageObject\",\"inLanguage\":\"pl-PL\",\"@id\":\"https:\\\/\\\/staghorn.pl\\\/?product=bransoletka-zodiakalna-baran#primaryimage\",\"url\":\"https:\\\/\\\/staghorn.pl\\\/wp-content\\\/uploads\\\/2026\\\/01\\\/3.jpg\",\"contentUrl\":\"https:\\\/\\\/staghorn.pl\\\/wp-content\\\/uploads\\\/2026\\\/01\\\/3.jpg\",\"width\":640,\"height\":800,\"caption\":\"Bransoletka z kamieni naturalnych dla znaku Barana, wykonana z karneolu, granatu i hematytu, ozdobiona zawieszk\u0105 ze stali nierdzewnej z symbolem zodiaku. Regulowany sznurek makramowy zapewnia wygodne dopasowanie do nadgarstka. Stylowa bi\u017cuteria zodiakalna o silnej, energetycznej symbolice.\"},{\"@type\":\"BreadcrumbList\",\"@id\":\"https:\\\/\\\/staghorn.pl\\\/?product=bransoletka-zodiakalna-baran#breadcrumb\",\"itemListElement\":[{\"@type\":\"ListItem\",\"position\":1,\"name\":\"Strona g\u0142\u00f3wna\",\"item\":\"https:\\\/\\\/staghorn.pl\\\/\"},{\"@type\":\"ListItem\",\"position\":2,\"name\":\"Sklep\",\"item\":\"https:\\\/\\\/staghorn.pl\\\/?page_id=395\"},{\"@type\":\"ListItem\",\"position\":3,\"name\":\"Bransoletka Zodiakalna \u201eBaran\u201d\"}]},{\"@type\":\"WebSite\",\"@id\":\"https:\\\/\\\/staghorn.pl\\\/#website\",\"url\":\"https:\\\/\\\/staghorn.pl\\\/\",\"name\":\"Staghorn\",\"description\":\"\",\"publisher\":{\"@id\":\"https:\\\/\\\/staghorn.pl\\\/#\\\/schema\\\/person\\\/985c0f377b3807be4ab7ca84c02a0459\"},\"potentialAction\":[{\"@type\":\"SearchAction\",\"target\":{\"@type\":\"EntryPoint\",\"urlTemplate\":\"https:\\\/\\\/staghorn.pl\\\/?s={search_term_string}\"},\"query-input\":{\"@type\":\"PropertyValueSpecification\",\"valueRequired\":true,\"valueName\":\"search_term_string\"}}],\"inLanguage\":\"pl-PL\"},{\"@type\":[\"Person\",\"Organization\"],\"@id\":\"https:\\\/\\\/staghorn.pl\\\/#\\\/schema\\\/person\\\/985c0f377b3807be4ab7ca84c02a0459\",\"name\":\"Kasia\",\"image\":{\"@type\":\"ImageObject\",\"inLanguage\":\"pl-PL\",\"@id\":\"https:\\\/\\\/staghorn.pl\\\/wp-content\\\/uploads\\\/2024\\\/05\\\/cropped-2.png\",\"url\":\"https:\\\/\\\/staghorn.pl\\\/wp-content\\\/uploads\\\/2024\\\/05\\\/cropped-2.png\",\"contentUrl\":\"https:\\\/\\\/staghorn.pl\\\/wp-content\\\/uploads\\\/2024\\\/05\\\/cropped-2.png\",\"width\":512,\"height\":512,\"caption\":\"Kasia\"},\"logo\":{\"@id\":\"https:\\\/\\\/staghorn.pl\\\/wp-content\\\/uploads\\\/2024\\\/05\\\/cropped-2.png\"},\"sameAs\":[\"http:\\\/\\\/staghorn.pl\"]}]}<\/script>\n<!-- \/ Yoast SEO plugin. -->","yoast_head_json":{"title":"Bransoletka Zodiakalna \u201eBaran\u201d - Staghorn","description":"Bransoletka zodiakalna dla Barana z karneolem, hematytem i granatem. R\u0119cznie wykonana bi\u017cuteria z kamieni naturalnych \u2013 symbol odwagi, energii i si\u0142y.","robots":{"index":"index","follow":"follow","max-snippet":"max-snippet:-1","max-image-preview":"max-image-preview:large","max-video-preview":"max-video-preview:-1"},"canonical":"https:\/\/staghorn.pl\/?product=bransoletka-zodiakalna-baran","og_locale":"pl_PL","og_type":"article","og_title":"Bransoletka Zodiakalna \u201eBaran\u201d - Staghorn","og_description":"Bransoletka zodiakalna dla Barana z karneolem, hematytem i granatem. R\u0119cznie wykonana bi\u017cuteria z kamieni naturalnych \u2013 symbol odwagi, energii i si\u0142y.","og_url":"https:\/\/staghorn.pl\/?product=bransoletka-zodiakalna-baran","og_site_name":"Staghorn","article_modified_time":"2026-01-10T09:53:15+00:00","og_image":[{"width":640,"height":800,"url":"https:\/\/staghorn.pl\/wp-content\/uploads\/2026\/01\/3.jpg","type":"image\/jpeg"}],"twitter_card":"summary_large_image","twitter_misc":{"Szacowany czas czytania":"3 minuty"},"schema":{"@context":"https:\/\/schema.org","@graph":[{"@type":"WebPage","@id":"https:\/\/staghorn.pl\/?product=bransoletka-zodiakalna-baran","url":"https:\/\/staghorn.pl\/?product=bransoletka-zodiakalna-baran","name":"Bransoletka Zodiakalna \u201eBaran\u201d - Staghorn","isPartOf":{"@id":"https:\/\/staghorn.pl\/#website"},"primaryImageOfPage":{"@id":"https:\/\/staghorn.pl\/?product=bransoletka-zodiakalna-baran#primaryimage"},"image":{"@id":"https:\/\/staghorn.pl\/?product=bransoletka-zodiakalna-baran#primaryimage"},"thumbnailUrl":"https:\/\/staghorn.pl\/wp-content\/uploads\/2026\/01\/3.jpg","datePublished":"2026-01-08T08:57:40+00:00","dateModified":"2026-01-10T09:53:15+00:00","description":"Bransoletka zodiakalna dla Barana z karneolem, hematytem i granatem. R\u0119cznie wykonana bi\u017cuteria z kamieni naturalnych \u2013 symbol odwagi, energii i si\u0142y.","breadcrumb":{"@id":"https:\/\/staghorn.pl\/?product=bransoletka-zodiakalna-baran#breadcrumb"},"inLanguage":"pl-PL","potentialAction":[{"@type":"ReadAction","target":["https:\/\/staghorn.pl\/?product=bransoletka-zodiakalna-baran"]}]},{"@type":"ImageObject","inLanguage":"pl-PL","@id":"https:\/\/staghorn.pl\/?product=bransoletka-zodiakalna-baran#primaryimage","url":"https:\/\/staghorn.pl\/wp-content\/uploads\/2026\/01\/3.jpg","contentUrl":"https:\/\/staghorn.pl\/wp-content\/uploads\/2026\/01\/3.jpg","width":640,"height":800,"caption":"Bransoletka z kamieni naturalnych dla znaku Barana, wykonana z karneolu, granatu i hematytu, ozdobiona zawieszk\u0105 ze stali nierdzewnej z symbolem zodiaku. Regulowany sznurek makramowy zapewnia wygodne dopasowanie do nadgarstka. Stylowa bi\u017cuteria zodiakalna o silnej, energetycznej symbolice."},{"@type":"BreadcrumbList","@id":"https:\/\/staghorn.pl\/?product=bransoletka-zodiakalna-baran#breadcrumb","itemListElement":[{"@type":"ListItem","position":1,"name":"Strona g\u0142\u00f3wna","item":"https:\/\/staghorn.pl\/"},{"@type":"ListItem","position":2,"name":"Sklep","item":"https:\/\/staghorn.pl\/?page_id=395"},{"@type":"ListItem","position":3,"name":"Bransoletka Zodiakalna \u201eBaran\u201d"}]},{"@type":"WebSite","@id":"https:\/\/staghorn.pl\/#website","url":"https:\/\/staghorn.pl\/","name":"Staghorn","description":"","publisher":{"@id":"https:\/\/staghorn.pl\/#\/schema\/person\/985c0f377b3807be4ab7ca84c02a0459"},"potentialAction":[{"@type":"SearchAction","target":{"@type":"EntryPoint","urlTemplate":"https:\/\/staghorn.pl\/?s={search_term_string}"},"query-input":{"@type":"PropertyValueSpecification","valueRequired":true,"valueName":"search_term_string"}}],"inLanguage":"pl-PL"},{"@type":["Person","Organization"],"@id":"https:\/\/staghorn.pl\/#\/schema\/person\/985c0f377b3807be4ab7ca84c02a0459","name":"Kasia","image":{"@type":"ImageObject","inLanguage":"pl-PL","@id":"https:\/\/staghorn.pl\/wp-content\/uploads\/2024\/05\/cropped-2.png","url":"https:\/\/staghorn.pl\/wp-content\/uploads\/2024\/05\/cropped-2.png","contentUrl":"https:\/\/staghorn.pl\/wp-content\/uploads\/2024\/05\/cropped-2.png","width":512,"height":512,"caption":"Kasia"},"logo":{"@id":"https:\/\/staghorn.pl\/wp-content\/uploads\/2024\/05\/cropped-2.png"},"sameAs":["http:\/\/staghorn.pl"]}]}},"jetpack_sharing_enabled":true,"_links":{"self":[{"href":"https:\/\/staghorn.pl\/index.php?rest_route=\/wp\/v2\/product\/2294","targetHints":{"allow":["GET"]}}],"collection":[{"href":"https:\/\/staghorn.pl\/index.php?rest_route=\/wp\/v2\/product"}],"about":[{"href":"https:\/\/staghorn.pl\/index.php?rest_route=\/wp\/v2\/types\/product"}],"replies":[{"embeddable":true,"href":"https:\/\/staghorn.pl\/index.php?rest_route=%2Fwp%2Fv2%2Fcomments&post=2294"}],"wp:featuredmedia":[{"embeddable":true,"href":"https:\/\/staghorn.pl\/index.php?rest_route=\/wp\/v2\/media\/2228"}],"wp:attachment":[{"href":"https:\/\/staghorn.pl\/index.php?rest_route=%2Fwp%2Fv2%2Fmedia&parent=2294"}],"wp:term":[{"taxonomy":"product_brand","embeddable":true,"href":"https:\/\/staghorn.pl\/index.php?rest_route=%2Fwp%2Fv2%2Fproduct_brand&post=2294"},{"taxonomy":"product_cat","embeddable":true,"href":"https:\/\/staghorn.pl\/index.php?rest_route=%2Fwp%2Fv2%2Fproduct_cat&post=2294"},{"taxonomy":"product_tag","embeddable":true,"href":"https:\/\/staghorn.pl\/index.php?rest_route=%2Fwp%2Fv2%2Fproduct_tag&post=2294"}],"curies":[{"name":"wp","href":"https:\/\/api.w.org\/{rel}","templated":true}]}}