{"id":530,"date":"2024-07-17T13:44:56","date_gmt":"2024-07-17T11:44:56","guid":{"rendered":"https:\/\/staghorn.pl\/?post_type=product&#038;p=530"},"modified":"2026-01-10T12:05:22","modified_gmt":"2026-01-10T11:05:22","slug":"kolczyki","status":"publish","type":"product","link":"https:\/\/staghorn.pl\/?product=kolczyki","title":{"rendered":"Eleganckie kolczyki z kryszta\u0142kami &#8222;Double Sapphire Crystal Maxima&#8221;"},"content":{"rendered":"<h1 style=\"text-align: center;\"><strong>Eleganckie Kolczyki z Kryszta\u0142kami Preciosa \u2013 Luksusowy Dodatek na Ka\u017cd\u0105 Okazj\u0119 \u2728<\/strong><\/h1>\n<p>Wzboga\u0107 swoj\u0105 stylizacj\u0119 o eleganckie kolczyki z kryszta\u0142kami po\u0142\u0105czonymi z kunsztownymi koralikami Miyuki, tworz\u0105c elegancki i wyrafinowany dodatek. Kolczyki zaprojektowano z my\u015bl\u0105 o kobietach pragn\u0105cych subtelnie wyr\u00f3\u017cnia\u0107 si\u0119 na ka\u017cdej uroczysto\u015bci, dodaj\u0105c stylizacji szlachetno\u015bci i wyj\u0105tkowego charakteru. Wykonane r\u0119cznie, te kolczyki \u0142\u0105cz\u0105 w sobie klasyczny wdzi\u0119k i wsp\u00f3\u0142czesn\u0105 elegancj\u0119, czyni\u0105c je niepowtarzalnym akcesorium, kt\u00f3re doskonale wkomponuje si\u0119 w wyj\u0105tkowe okazje, a jednocze\u015bnie \u015bwietnie uzupe\u0142ni bardziej codzienne outfity.<\/p>\n<hr \/>\n<h2 style=\"text-align: center;\"><strong>R\u0119cznie Tworzony Luksus z Pasj\u0105 \ud83d\udc8e<\/strong><\/h2>\n<p>Ka\u017cdy kolczyk to ma\u0142e dzie\u0142o sztuki \u2013 z\u0142o\u017cony z dw\u00f3ch l\u015bni\u0105cych kamieni Preciosa Rivoli, z kt\u00f3rych ka\u017cdy zachwyca swoj\u0105 g\u0142\u0119bi\u0105 i czysto\u015bci\u0105. Kamienie o r\u00f3\u017cnych rozmiarach zdobione s\u0105 b\u0142yszcz\u0105cymi kryszta\u0142kami Preciosa oraz z\u0142otymi koralikami Miyuki, kt\u00f3re dodaj\u0105 im ekskluzywno\u015bci i klasy. Precyzyjne, r\u0119czne wykonanie podkre\u015bla wyj\u0105tkowy charakter tej bi\u017cuterii, dzi\u0119ki czemu ka\u017cdy detal jest perfekcyjny, a efekt ko\u0144cowy \u2013 osza\u0142amiaj\u0105cy. Stonowane odcienie niebieskiego w po\u0142\u0105czeniu z blaskiem z\u0142ota nadaj\u0105 kolczykom elegancji i wyrafinowania, czyni\u0105c z nich dodatek, kt\u00f3ry pasuje do stylu zar\u00f3wno klasycznego, jak i wsp\u00f3\u0142czesnego.<\/p>\n<hr \/>\n<h2 style=\"text-align: center;\"><strong>Kolczyki Dla Kobiet, Kt\u00f3re Ceni\u0105 Styl i Charakter \ud83c\udf1f<\/strong><\/h2>\n<p>Ten model kolczyk\u00f3w to propozycja stworzona z my\u015bl\u0105 o kobietach, kt\u00f3re na co dzie\u0144 ceni\u0105 elegancj\u0119 oraz indywidualny charakter. Doskonale komponuj\u0105 si\u0119 z oficjalnymi, biznesowymi stylizacjami, dodaj\u0105c im odrobin\u0119 luksusu i przyci\u0105gaj\u0105cego spojrzenia blasku. Jednocze\u015bnie s\u0105 to kolczyki, kt\u00f3re \u015bwietnie odnajd\u0105 si\u0119 w zestawieniu z wieczorowymi kreacjami \u2013 ich wyrazista d\u0142ugo\u015b\u0107 5,7 cm sprawia, \u017ce subtelnie oprawiaj\u0105 twarz, a jednocze\u015bnie delikatnie wysmuklaj\u0105 szyj\u0119. To dodatek stworzony z my\u015bl\u0105 o kobietach, kt\u00f3re lubi\u0105 wyr\u00f3\u017cnia\u0107 si\u0119 w spos\u00f3b elegancki i z klas\u0105, bez zb\u0119dnego przepychu.<\/p>\n<hr \/>\n<h3 style=\"text-align: center;\"><strong>Doskona\u0142y Pomys\u0142 na Prezent \ud83c\udf81<\/strong><\/h3>\n<p>Je\u015bli szukasz prezentu, kt\u00f3ry oczaruje swoj\u0105 elegancj\u0105 i jako\u015bci\u0105, te kolczyki b\u0119d\u0105 doskona\u0142ym wyborem. To wyj\u0105tkowy upominek, kt\u00f3ry pokazuje trosk\u0119 i dba\u0142o\u015b\u0107 o szczeg\u00f3\u0142y \u2013 od doskona\u0142ej jako\u015bci materia\u0142\u00f3w, po eleganckie opakowanie, kt\u00f3re podkre\u015bla luksusowy charakter bi\u017cuterii. Ka\u017cdy element zosta\u0142 stworzony z pasj\u0105, co czyni te kolczyki nie tylko pi\u0119knym, ale i emocjonalnym prezentem, kt\u00f3ry na d\u0142ugo pozostanie w pami\u0119ci obdarowanej osoby.<\/p>\n<hr \/>\n<h3 style=\"text-align: center;\"><strong>Wszechstronno\u015b\u0107 i Elegancja na Ka\u017cd\u0105 Okazj\u0119 \ud83d\udc57<\/strong><\/h3>\n<p>Kolczyki te wyr\u00f3\u017cniaj\u0105 si\u0119 nie tylko elegancj\u0105, ale i wszechstronno\u015bci\u0105. Mo\u017cesz je za\u0142o\u017cy\u0107 na wa\u017cne spotkanie, do eleganckiej sukienki, dzi\u0119ki czemu dodadz\u0105 Ci pewno\u015bci siebie i profesjonalizmu. B\u0119d\u0105 r\u00f3nie\u017c idealnie wsp\u00f3\u0142gra\u0107 z casualow\u0105 bluzk\u0105 i jeansami, tworz\u0105c modny i stylowy look na wieczorne wyj\u015bcie. Ich wywa\u017cony design oraz klasyczne kolory sprawiaj\u0105, \u017ce s\u0105 idealnym dope\u0142nieniem niemal ka\u017cdej stylizacji. To uniwersalny dodatek, kt\u00f3ry z pewno\u015bci\u0105 stanie si\u0119 jednym z ulubionych element\u00f3w Twojej kolekcji. Wybierz kolczyki, kt\u00f3re dodadz\u0105 Twojemu stylowi blasku i podkre\u015bl\u0105 Tw\u00f3j niepowtarzalny charakter!<\/p>\n<hr \/>\n<p>\ud83d\udce9 Je\u015bli masz jakiekolwiek pytania, mo\u017cesz skontaktowa\u0107 si\u0119 ze mn\u0105 za po\u015brednictwem <a href=\"https:\/\/staghorn.pl\/?page_id=126\">formularza kontaktowego<\/a>.<\/p>\n<p>\ud83d\udcbb Pami\u0119taj, \u017ce ze wzgl\u0119du na efekty o\u015bwietleniowe, jasno\u015b\u0107 monitora, kontrast oraz inne ustawienia, mog\u0105 wyst\u0105pi\u0107 drobne r\u00f3\u017cnice w odcieniu koloru zdj\u0119cia na stronie internetowej a rzeczywistym produktem.<\/p>\n","protected":false},"excerpt":{"rendered":"<p><strong>\u2726 Szczeg\u00f3\u0142y produktu:<\/strong><br \/>\n\u2714 Wykonane z Preciosa Rivoli, Preciosa Bicone i Miyuki Delika<br \/>\n\u2714 D\u0142ugo\u015b\u0107: 5,7cm<br \/>\n\u2714Szeroko\u015b\u0107: 2cm<br \/>\n\u2714 Metalowe elementy ze stali nierdzewnej.<\/p>\n<p>\ud83d\udecd\ufe0f <strong>Buy on<a href=\"https:\/\/staghornpl.etsy.com\/listing\/1580322579\"> ETSY<\/a><\/strong><\/p>\n","protected":false},"featured_media":1454,"comment_status":"open","ping_status":"closed","template":"","meta":{"_kad_post_transparent":"default","_kad_post_title":"","_kad_post_layout":"default","_kad_post_sidebar_id":"","_kad_post_content_style":"default","_kad_post_vertical_padding":"default","_kad_post_feature":"","_kad_post_feature_position":"","_kad_post_header":false,"_kad_post_footer":false,"_kad_post_classname":""},"product_brand":[],"product_cat":[154,148,21,110],"product_tag":[45,47,44,39,46,37],"class_list":{"0":"post-530","1":"product","2":"type-product","3":"status-publish","4":"has-post-thumbnail","6":"product_cat-bizuteria-z-krysztalkow","7":"product_cat-crystal-maxima-kolczyki","8":"product_cat-kolczyki","9":"product_cat-seria-crystal-maxima","10":"product_tag-bizuteria-dla-kobiet","11":"product_tag-dlugie-kolczyki","12":"product_tag-kolczyki","13":"product_tag-moda-damska","14":"product_tag-modne-dodatki","15":"product_tag-prezent-dla-niej","16":"product_shipping_class-male-gabaryty","18":"first","19":"outofstock","20":"shipping-taxable","21":"purchasable","22":"product-type-simple","23":"entry","24":"content-bg","25":"loop-entry"},"yoast_head":"<!-- This site is optimized with the Yoast SEO plugin v27.4 - https:\/\/yoast.com\/product\/yoast-seo-wordpress\/ -->\n<title>Eleganckie kolczyki z kryszta\u0142kami &quot;Double Sapphire Crystal Maxima&quot; - Staghorn<\/title>\n<meta name=\"description\" content=\"Wykonane z najwy\u017cszej jako\u015bci materia\u0142\u00f3w, te eleganckie kolczyki zaprojektowane s\u0105 tak, aby\u015b zawsze wyr\u00f3\u017cnia\u0142a si\u0119 na ka\u017cdej uroczysto\u015bci.\" \/>\n<meta name=\"robots\" content=\"index, follow, max-snippet:-1, max-image-preview:large, max-video-preview:-1\" \/>\n<link rel=\"canonical\" href=\"https:\/\/staghorn.pl\/?product=kolczyki\" \/>\n<meta property=\"og:locale\" content=\"pl_PL\" \/>\n<meta property=\"og:type\" content=\"article\" \/>\n<meta property=\"og:title\" content=\"Eleganckie kolczyki z kryszta\u0142kami &quot;Double Sapphire Crystal Maxima&quot; - Staghorn\" \/>\n<meta property=\"og:description\" content=\"Wykonane z najwy\u017cszej jako\u015bci materia\u0142\u00f3w, te eleganckie kolczyki zaprojektowane s\u0105 tak, aby\u015b zawsze wyr\u00f3\u017cnia\u0142a si\u0119 na ka\u017cdej uroczysto\u015bci.\" \/>\n<meta property=\"og:url\" content=\"https:\/\/staghorn.pl\/?product=kolczyki\" \/>\n<meta property=\"og:site_name\" content=\"Staghorn\" \/>\n<meta property=\"article:modified_time\" content=\"2026-01-10T11:05:22+00:00\" \/>\n<meta property=\"og:image\" content=\"https:\/\/staghorn.pl\/wp-content\/uploads\/2024\/11\/dlugie-wieczorowe-kolczyki-z-krysztalkami.jpg\" \/>\n\t<meta property=\"og:image:width\" content=\"640\" \/>\n\t<meta property=\"og:image:height\" content=\"800\" \/>\n\t<meta property=\"og:image:type\" content=\"image\/jpeg\" \/>\n<meta name=\"twitter:card\" content=\"summary_large_image\" \/>\n<meta name=\"twitter:label1\" content=\"Szacowany czas czytania\" \/>\n\t<meta name=\"twitter:data1\" content=\"3 minuty\" \/>\n<script type=\"application\/ld+json\" class=\"yoast-schema-graph\">{\"@context\":\"https:\\\/\\\/schema.org\",\"@graph\":[{\"@type\":\"WebPage\",\"@id\":\"https:\\\/\\\/staghorn.pl\\\/?product=kolczyki\",\"url\":\"https:\\\/\\\/staghorn.pl\\\/?product=kolczyki\",\"name\":\"Eleganckie kolczyki z kryszta\u0142kami \\\"Double Sapphire Crystal Maxima\\\" - Staghorn\",\"isPartOf\":{\"@id\":\"https:\\\/\\\/staghorn.pl\\\/#website\"},\"primaryImageOfPage\":{\"@id\":\"https:\\\/\\\/staghorn.pl\\\/?product=kolczyki#primaryimage\"},\"image\":{\"@id\":\"https:\\\/\\\/staghorn.pl\\\/?product=kolczyki#primaryimage\"},\"thumbnailUrl\":\"https:\\\/\\\/staghorn.pl\\\/wp-content\\\/uploads\\\/2024\\\/11\\\/dlugie-wieczorowe-kolczyki-z-krysztalkami.jpg\",\"datePublished\":\"2024-07-17T11:44:56+00:00\",\"dateModified\":\"2026-01-10T11:05:22+00:00\",\"description\":\"Wykonane z najwy\u017cszej jako\u015bci materia\u0142\u00f3w, te eleganckie kolczyki zaprojektowane s\u0105 tak, aby\u015b zawsze wyr\u00f3\u017cnia\u0142a si\u0119 na ka\u017cdej uroczysto\u015bci.\",\"breadcrumb\":{\"@id\":\"https:\\\/\\\/staghorn.pl\\\/?product=kolczyki#breadcrumb\"},\"inLanguage\":\"pl-PL\",\"potentialAction\":[{\"@type\":\"ReadAction\",\"target\":[\"https:\\\/\\\/staghorn.pl\\\/?product=kolczyki\"]}]},{\"@type\":\"ImageObject\",\"inLanguage\":\"pl-PL\",\"@id\":\"https:\\\/\\\/staghorn.pl\\\/?product=kolczyki#primaryimage\",\"url\":\"https:\\\/\\\/staghorn.pl\\\/wp-content\\\/uploads\\\/2024\\\/11\\\/dlugie-wieczorowe-kolczyki-z-krysztalkami.jpg\",\"contentUrl\":\"https:\\\/\\\/staghorn.pl\\\/wp-content\\\/uploads\\\/2024\\\/11\\\/dlugie-wieczorowe-kolczyki-z-krysztalkami.jpg\",\"width\":640,\"height\":800,\"caption\":\"Niebieskie i z\u0142ote kolczyki wisz\u0105ce, wykonane r\u0119cznie z dba\u0142o\u015bci\u0105 o szczeg\u00f3\u0142y. Idealne na oficjalne okazje, spotkania biznesowe lub niezobowi\u0105zuj\u0105ce wyj\u015bcia z nutk\u0105 elegancji.\"},{\"@type\":\"BreadcrumbList\",\"@id\":\"https:\\\/\\\/staghorn.pl\\\/?product=kolczyki#breadcrumb\",\"itemListElement\":[{\"@type\":\"ListItem\",\"position\":1,\"name\":\"Strona g\u0142\u00f3wna\",\"item\":\"https:\\\/\\\/staghorn.pl\\\/\"},{\"@type\":\"ListItem\",\"position\":2,\"name\":\"Sklep\",\"item\":\"https:\\\/\\\/staghorn.pl\\\/?page_id=395\"},{\"@type\":\"ListItem\",\"position\":3,\"name\":\"Eleganckie kolczyki z kryszta\u0142kami &#8222;Double Sapphire Crystal Maxima&#8221;\"}]},{\"@type\":\"WebSite\",\"@id\":\"https:\\\/\\\/staghorn.pl\\\/#website\",\"url\":\"https:\\\/\\\/staghorn.pl\\\/\",\"name\":\"Staghorn\",\"description\":\"\",\"publisher\":{\"@id\":\"https:\\\/\\\/staghorn.pl\\\/#\\\/schema\\\/person\\\/985c0f377b3807be4ab7ca84c02a0459\"},\"potentialAction\":[{\"@type\":\"SearchAction\",\"target\":{\"@type\":\"EntryPoint\",\"urlTemplate\":\"https:\\\/\\\/staghorn.pl\\\/?s={search_term_string}\"},\"query-input\":{\"@type\":\"PropertyValueSpecification\",\"valueRequired\":true,\"valueName\":\"search_term_string\"}}],\"inLanguage\":\"pl-PL\"},{\"@type\":[\"Person\",\"Organization\"],\"@id\":\"https:\\\/\\\/staghorn.pl\\\/#\\\/schema\\\/person\\\/985c0f377b3807be4ab7ca84c02a0459\",\"name\":\"Kasia\",\"image\":{\"@type\":\"ImageObject\",\"inLanguage\":\"pl-PL\",\"@id\":\"https:\\\/\\\/staghorn.pl\\\/wp-content\\\/uploads\\\/2024\\\/05\\\/cropped-2.png\",\"url\":\"https:\\\/\\\/staghorn.pl\\\/wp-content\\\/uploads\\\/2024\\\/05\\\/cropped-2.png\",\"contentUrl\":\"https:\\\/\\\/staghorn.pl\\\/wp-content\\\/uploads\\\/2024\\\/05\\\/cropped-2.png\",\"width\":512,\"height\":512,\"caption\":\"Kasia\"},\"logo\":{\"@id\":\"https:\\\/\\\/staghorn.pl\\\/wp-content\\\/uploads\\\/2024\\\/05\\\/cropped-2.png\"},\"sameAs\":[\"http:\\\/\\\/staghorn.pl\"]}]}<\/script>\n<!-- \/ Yoast SEO plugin. -->","yoast_head_json":{"title":"Eleganckie kolczyki z kryszta\u0142kami \"Double Sapphire Crystal Maxima\" - Staghorn","description":"Wykonane z najwy\u017cszej jako\u015bci materia\u0142\u00f3w, te eleganckie kolczyki zaprojektowane s\u0105 tak, aby\u015b zawsze wyr\u00f3\u017cnia\u0142a si\u0119 na ka\u017cdej uroczysto\u015bci.","robots":{"index":"index","follow":"follow","max-snippet":"max-snippet:-1","max-image-preview":"max-image-preview:large","max-video-preview":"max-video-preview:-1"},"canonical":"https:\/\/staghorn.pl\/?product=kolczyki","og_locale":"pl_PL","og_type":"article","og_title":"Eleganckie kolczyki z kryszta\u0142kami \"Double Sapphire Crystal Maxima\" - Staghorn","og_description":"Wykonane z najwy\u017cszej jako\u015bci materia\u0142\u00f3w, te eleganckie kolczyki zaprojektowane s\u0105 tak, aby\u015b zawsze wyr\u00f3\u017cnia\u0142a si\u0119 na ka\u017cdej uroczysto\u015bci.","og_url":"https:\/\/staghorn.pl\/?product=kolczyki","og_site_name":"Staghorn","article_modified_time":"2026-01-10T11:05:22+00:00","og_image":[{"width":640,"height":800,"url":"https:\/\/staghorn.pl\/wp-content\/uploads\/2024\/11\/dlugie-wieczorowe-kolczyki-z-krysztalkami.jpg","type":"image\/jpeg"}],"twitter_card":"summary_large_image","twitter_misc":{"Szacowany czas czytania":"3 minuty"},"schema":{"@context":"https:\/\/schema.org","@graph":[{"@type":"WebPage","@id":"https:\/\/staghorn.pl\/?product=kolczyki","url":"https:\/\/staghorn.pl\/?product=kolczyki","name":"Eleganckie kolczyki z kryszta\u0142kami \"Double Sapphire Crystal Maxima\" - Staghorn","isPartOf":{"@id":"https:\/\/staghorn.pl\/#website"},"primaryImageOfPage":{"@id":"https:\/\/staghorn.pl\/?product=kolczyki#primaryimage"},"image":{"@id":"https:\/\/staghorn.pl\/?product=kolczyki#primaryimage"},"thumbnailUrl":"https:\/\/staghorn.pl\/wp-content\/uploads\/2024\/11\/dlugie-wieczorowe-kolczyki-z-krysztalkami.jpg","datePublished":"2024-07-17T11:44:56+00:00","dateModified":"2026-01-10T11:05:22+00:00","description":"Wykonane z najwy\u017cszej jako\u015bci materia\u0142\u00f3w, te eleganckie kolczyki zaprojektowane s\u0105 tak, aby\u015b zawsze wyr\u00f3\u017cnia\u0142a si\u0119 na ka\u017cdej uroczysto\u015bci.","breadcrumb":{"@id":"https:\/\/staghorn.pl\/?product=kolczyki#breadcrumb"},"inLanguage":"pl-PL","potentialAction":[{"@type":"ReadAction","target":["https:\/\/staghorn.pl\/?product=kolczyki"]}]},{"@type":"ImageObject","inLanguage":"pl-PL","@id":"https:\/\/staghorn.pl\/?product=kolczyki#primaryimage","url":"https:\/\/staghorn.pl\/wp-content\/uploads\/2024\/11\/dlugie-wieczorowe-kolczyki-z-krysztalkami.jpg","contentUrl":"https:\/\/staghorn.pl\/wp-content\/uploads\/2024\/11\/dlugie-wieczorowe-kolczyki-z-krysztalkami.jpg","width":640,"height":800,"caption":"Niebieskie i z\u0142ote kolczyki wisz\u0105ce, wykonane r\u0119cznie z dba\u0142o\u015bci\u0105 o szczeg\u00f3\u0142y. Idealne na oficjalne okazje, spotkania biznesowe lub niezobowi\u0105zuj\u0105ce wyj\u015bcia z nutk\u0105 elegancji."},{"@type":"BreadcrumbList","@id":"https:\/\/staghorn.pl\/?product=kolczyki#breadcrumb","itemListElement":[{"@type":"ListItem","position":1,"name":"Strona g\u0142\u00f3wna","item":"https:\/\/staghorn.pl\/"},{"@type":"ListItem","position":2,"name":"Sklep","item":"https:\/\/staghorn.pl\/?page_id=395"},{"@type":"ListItem","position":3,"name":"Eleganckie kolczyki z kryszta\u0142kami &#8222;Double Sapphire Crystal Maxima&#8221;"}]},{"@type":"WebSite","@id":"https:\/\/staghorn.pl\/#website","url":"https:\/\/staghorn.pl\/","name":"Staghorn","description":"","publisher":{"@id":"https:\/\/staghorn.pl\/#\/schema\/person\/985c0f377b3807be4ab7ca84c02a0459"},"potentialAction":[{"@type":"SearchAction","target":{"@type":"EntryPoint","urlTemplate":"https:\/\/staghorn.pl\/?s={search_term_string}"},"query-input":{"@type":"PropertyValueSpecification","valueRequired":true,"valueName":"search_term_string"}}],"inLanguage":"pl-PL"},{"@type":["Person","Organization"],"@id":"https:\/\/staghorn.pl\/#\/schema\/person\/985c0f377b3807be4ab7ca84c02a0459","name":"Kasia","image":{"@type":"ImageObject","inLanguage":"pl-PL","@id":"https:\/\/staghorn.pl\/wp-content\/uploads\/2024\/05\/cropped-2.png","url":"https:\/\/staghorn.pl\/wp-content\/uploads\/2024\/05\/cropped-2.png","contentUrl":"https:\/\/staghorn.pl\/wp-content\/uploads\/2024\/05\/cropped-2.png","width":512,"height":512,"caption":"Kasia"},"logo":{"@id":"https:\/\/staghorn.pl\/wp-content\/uploads\/2024\/05\/cropped-2.png"},"sameAs":["http:\/\/staghorn.pl"]}]}},"jetpack_sharing_enabled":true,"_links":{"self":[{"href":"https:\/\/staghorn.pl\/index.php?rest_route=\/wp\/v2\/product\/530","targetHints":{"allow":["GET"]}}],"collection":[{"href":"https:\/\/staghorn.pl\/index.php?rest_route=\/wp\/v2\/product"}],"about":[{"href":"https:\/\/staghorn.pl\/index.php?rest_route=\/wp\/v2\/types\/product"}],"replies":[{"embeddable":true,"href":"https:\/\/staghorn.pl\/index.php?rest_route=%2Fwp%2Fv2%2Fcomments&post=530"}],"wp:featuredmedia":[{"embeddable":true,"href":"https:\/\/staghorn.pl\/index.php?rest_route=\/wp\/v2\/media\/1454"}],"wp:attachment":[{"href":"https:\/\/staghorn.pl\/index.php?rest_route=%2Fwp%2Fv2%2Fmedia&parent=530"}],"wp:term":[{"taxonomy":"product_brand","embeddable":true,"href":"https:\/\/staghorn.pl\/index.php?rest_route=%2Fwp%2Fv2%2Fproduct_brand&post=530"},{"taxonomy":"product_cat","embeddable":true,"href":"https:\/\/staghorn.pl\/index.php?rest_route=%2Fwp%2Fv2%2Fproduct_cat&post=530"},{"taxonomy":"product_tag","embeddable":true,"href":"https:\/\/staghorn.pl\/index.php?rest_route=%2Fwp%2Fv2%2Fproduct_tag&post=530"}],"curies":[{"name":"wp","href":"https:\/\/api.w.org\/{rel}","templated":true}]}}