{"id":804,"date":"2024-08-19T18:25:19","date_gmt":"2024-08-19T16:25:19","guid":{"rendered":"https:\/\/staghorn.pl\/?post_type=product&#038;p=804"},"modified":"2025-03-27T17:29:59","modified_gmt":"2025-03-27T16:29:59","slug":"niebieskie-kolczyki","status":"publish","type":"product","link":"https:\/\/staghorn.pl\/?product=niebieskie-kolczyki","title":{"rendered":"Niebieskie Kolczyki K\u00f3\u0142ka"},"content":{"rendered":"<h5><strong>\u2728 Niebieskie Kolczyki &#8211; Elegancja i Wyj\u0105tkowo\u015b\u0107 \u2728<\/strong><\/h5>\n<p>Odkryj elegancj\u0119 i wyj\u0105tkowo\u015b\u0107\u00a0 r\u0119cznie robionych niebiesko-srebrnych kolczyk\u00f3w k\u00f3\u0142ek. Te minimalistyczne kolczyki \u0142\u0105cz\u0105 subtelno\u015b\u0107 z luksusem, dzi\u0119ki czemu stanowi\u0105 doskona\u0142y wyb\u00f3r zar\u00f3wno na co dzie\u0144, jak i na specjalne okazje. Wykonane z najwy\u017cszej jako\u015bci japo\u0144skich koralik\u00f3w TOHO oraz czeskich koralik\u00f3w SuperDuo, wyr\u00f3\u017cniaj\u0105 si\u0119 doskona\u0142ym wykonaniem oraz unikalnym designem.<\/p>\n<h5><strong>\ud83d\udee0\ufe0f Precyzyjne R\u0119czne Wykonanie\u00a0<\/strong><\/h5>\n<p>Ka\u017cda para kolczyk\u00f3w powstaje dzi\u0119ki starannej pracy r\u0105k, co zapewnia ich wyj\u0105tkowo\u015b\u0107 i dba\u0142o\u015b\u0107 o ka\u017cdy detal. Koraliki w kolorze niebieskim i srebrnym, tworz\u0105 kszta\u0142t eleganckich k\u00f3\u0142ek, kt\u00f3re doskonale komponuj\u0105 si\u0119 z r\u00f3\u017cnymi stylizacjami. Kolczyki s\u0105 zamontowane na solidnych sztyftach ze stali nierdzewnej, co zapewnia ich trwa\u0142o\u015b\u0107 i komfort noszenia przez ca\u0142y dzie\u0144. Dzi\u0119ki precyzyjnemu rzemios\u0142u, ka\u017cdy element kolczyk\u00f3w jest starannie dopasowany, dzi\u0119ki czemu \u017ce bi\u017cuteria prezentuje si\u0119 naprawd\u0119 wyj\u0105tkowo.<\/p>\n<h5><strong>\ud83c\udf08 Znaczenie Koloru Niebieskiego<\/strong><\/h5>\n<p>Kolor niebieski, kt\u00f3ry dominuje w tych kolczykach, ma niezwyk\u0142e znaczenie, poniewa\u017c symbolizuje spok\u00f3j, harmoni\u0119 i intuicj\u0119. Noszenie niebieskiego mo\u017ce pom\u00f3c w osi\u0105gni\u0119ciu wewn\u0119trznego spokoju, zwi\u0119ksza poczucie bezpiecze\u0144stwa i wspiera zdolno\u015bci komunikacyjne . Niebieski kolor kojarzy si\u0119 r\u00f3wnie\u017c z profesjonalizmem i elegancj\u0105, co czyni te kolczyki idealnym wyborem na r\u00f3\u017cne okazje \u2013 od formalnych wydarze\u0144 po codzienne spotkania.<\/p>\n<h5><strong>\ud83c\udf81 Idealny Prezent<\/strong><\/h5>\n<p>Kolczyki zapakowane s\u0105 w eleganckie pude\u0142ko z logo sklepu. Dzi\u0119ki temu s\u0105 doskona\u0142ym prezentem dla bliskiej osoby lub wyj\u0105tkowym dodatkiem do w\u0142asnej kolekcji. Ich eleganckie opakowanie oraz unikalny design sprawiaj\u0105, \u017ce stanowi\u0105 one znakomity wyb\u00f3r na ka\u017cd\u0105 okazj\u0119 \u2013 urodziny, rocznice, czy \u015bwi\u0119ta.<\/p>\n<p>Dodaj odrobin\u0119 luksusu do swojej bi\u017cuterii i ciesz si\u0119 wyj\u0105tkowym stylem ka\u017cdego dnia zak\u0142adaj\u0105c te niebieskie kolczyki k\u00f3\u0142ka.<\/p>\n<h1>\u2014\u2014\u2014\u2014\u2014\u2014\u2014\u2014<\/h1>\n<p>\ud83d\udce9 Je\u015bli masz jakiekolwiek pytania, mo\u017cesz skontaktowa\u0107 si\u0119 ze mn\u0105 za po\u015brednictwem\u00a0<a href=\"https:\/\/staghorn.pl\/?page_id=126\"><strong>formularza kontaktowego<\/strong><\/a>.<\/p>\n<p>\ud83d\udcbb Pami\u0119taj, \u017ce ze wzgl\u0119du na efekty o\u015bwietleniowe, jasno\u015b\u0107 monitora, kontrast oraz inne ustawienia, mog\u0105 wyst\u0105pi\u0107 drobne r\u00f3\u017cnice w odcieniu koloru zdj\u0119cia na stronie internetowej a rzeczywistym produktem.<\/p>\n","protected":false},"excerpt":{"rendered":"<p>\u2726 Wykorzystane Materia\u0142y:<br \/>\n\u2714 Koraliki Toho i SuperDuo<br \/>\n\u2714 Stal nierdzewna<\/p>\n<p>\u2726 Wymiary kolczyk\u00f3w:<br \/>\n\u2714D\u0142ugo\u015b\u0107: 3,5 cm<br \/>\n\u2714Szeroko\u015b\u0107: 2,3 cm<\/p>\n","protected":false},"featured_media":807,"comment_status":"open","ping_status":"closed","template":"","meta":{"_kad_post_transparent":"default","_kad_post_title":"","_kad_post_layout":"default","_kad_post_sidebar_id":"","_kad_post_content_style":"default","_kad_post_vertical_padding":"default","_kad_post_feature":"","_kad_post_feature_position":"","_kad_post_header":false,"_kad_post_footer":false,"_kad_post_classname":""},"product_brand":[],"product_cat":[21],"product_tag":[54,26,45,42,36,47,58,44,57,39,46,37,59,62],"class_list":{"0":"post-804","1":"product","2":"type-product","3":"status-publish","4":"has-post-thumbnail","6":"product_cat-kolczyki","7":"product_tag-akcesoria-dla-kobiet","8":"product_tag-bizuteria","9":"product_tag-bizuteria-dla-kobiet","10":"product_tag-bizuteria-na-co-dzien","11":"product_tag-delikatna-bizuteria","12":"product_tag-dlugie-kolczyki","13":"product_tag-elegancka-bizuteria","14":"product_tag-kolczyki","15":"product_tag-kolczyki-na-sztyfcie","16":"product_tag-moda-damska","17":"product_tag-modne-dodatki","18":"product_tag-prezent-dla-niej","19":"product_tag-srebrna-bizuteria","20":"product_tag-wiosenne-stylizacje","21":"product_shipping_class-male-gabaryty","23":"first","24":"outofstock","25":"shipping-taxable","26":"purchasable","27":"product-type-simple","28":"entry","29":"content-bg","30":"loop-entry"},"yoast_head":"<!-- This site is optimized with the Yoast SEO plugin v27.4 - https:\/\/yoast.com\/product\/yoast-seo-wordpress\/ -->\n<title>Niebieskie Kolczyki K\u00f3\u0142ka - Staghorn<\/title>\n<meta name=\"description\" content=\"Odkryj elegancj\u0119 i wyj\u0105tkowo\u015b\u0107 r\u0119kodzia\u0142a . Te niebieskie kolczyki o minimalistycznym designie \u0142\u0105cz\u0105 subtelno\u015b\u0107 z luksusem.\" \/>\n<meta name=\"robots\" content=\"index, follow, max-snippet:-1, max-image-preview:large, max-video-preview:-1\" \/>\n<link rel=\"canonical\" href=\"https:\/\/staghorn.pl\/?product=niebieskie-kolczyki\" \/>\n<meta property=\"og:locale\" content=\"pl_PL\" \/>\n<meta property=\"og:type\" content=\"article\" \/>\n<meta property=\"og:title\" content=\"Niebieskie Kolczyki K\u00f3\u0142ka - Staghorn\" \/>\n<meta property=\"og:description\" content=\"Odkryj elegancj\u0119 i wyj\u0105tkowo\u015b\u0107 r\u0119kodzia\u0142a . Te niebieskie kolczyki o minimalistycznym designie \u0142\u0105cz\u0105 subtelno\u015b\u0107 z luksusem.\" \/>\n<meta property=\"og:url\" content=\"https:\/\/staghorn.pl\/?product=niebieskie-kolczyki\" \/>\n<meta property=\"og:site_name\" content=\"Staghorn\" \/>\n<meta property=\"article:modified_time\" content=\"2025-03-27T16:29:59+00:00\" \/>\n<meta property=\"og:image\" content=\"https:\/\/staghorn.pl\/wp-content\/uploads\/2024\/08\/casual-earrings-7-scaled.jpg\" \/>\n\t<meta property=\"og:image:width\" content=\"1920\" \/>\n\t<meta property=\"og:image:height\" content=\"2560\" \/>\n\t<meta property=\"og:image:type\" content=\"image\/jpeg\" \/>\n<meta name=\"twitter:card\" content=\"summary_large_image\" \/>\n<meta name=\"twitter:label1\" content=\"Szacowany czas czytania\" \/>\n\t<meta name=\"twitter:data1\" content=\"2 minuty\" \/>\n<script type=\"application\/ld+json\" class=\"yoast-schema-graph\">{\"@context\":\"https:\\\/\\\/schema.org\",\"@graph\":[{\"@type\":\"WebPage\",\"@id\":\"https:\\\/\\\/staghorn.pl\\\/?product=niebieskie-kolczyki\",\"url\":\"https:\\\/\\\/staghorn.pl\\\/?product=niebieskie-kolczyki\",\"name\":\"Niebieskie Kolczyki K\u00f3\u0142ka - Staghorn\",\"isPartOf\":{\"@id\":\"https:\\\/\\\/staghorn.pl\\\/#website\"},\"primaryImageOfPage\":{\"@id\":\"https:\\\/\\\/staghorn.pl\\\/?product=niebieskie-kolczyki#primaryimage\"},\"image\":{\"@id\":\"https:\\\/\\\/staghorn.pl\\\/?product=niebieskie-kolczyki#primaryimage\"},\"thumbnailUrl\":\"https:\\\/\\\/staghorn.pl\\\/wp-content\\\/uploads\\\/2024\\\/08\\\/casual-earrings-7-scaled.jpg\",\"datePublished\":\"2024-08-19T16:25:19+00:00\",\"dateModified\":\"2025-03-27T16:29:59+00:00\",\"description\":\"Odkryj elegancj\u0119 i wyj\u0105tkowo\u015b\u0107 r\u0119kodzia\u0142a . Te niebieskie kolczyki o minimalistycznym designie \u0142\u0105cz\u0105 subtelno\u015b\u0107 z luksusem.\",\"breadcrumb\":{\"@id\":\"https:\\\/\\\/staghorn.pl\\\/?product=niebieskie-kolczyki#breadcrumb\"},\"inLanguage\":\"pl-PL\",\"potentialAction\":[{\"@type\":\"ReadAction\",\"target\":[\"https:\\\/\\\/staghorn.pl\\\/?product=niebieskie-kolczyki\"]}]},{\"@type\":\"ImageObject\",\"inLanguage\":\"pl-PL\",\"@id\":\"https:\\\/\\\/staghorn.pl\\\/?product=niebieskie-kolczyki#primaryimage\",\"url\":\"https:\\\/\\\/staghorn.pl\\\/wp-content\\\/uploads\\\/2024\\\/08\\\/casual-earrings-7-scaled.jpg\",\"contentUrl\":\"https:\\\/\\\/staghorn.pl\\\/wp-content\\\/uploads\\\/2024\\\/08\\\/casual-earrings-7-scaled.jpg\",\"width\":1920,\"height\":2560,\"caption\":\"Stylowe niebiesko-srebrne kolczyki k\u00f3\u0142ka w eleganckim pude\u0142ku\"},{\"@type\":\"BreadcrumbList\",\"@id\":\"https:\\\/\\\/staghorn.pl\\\/?product=niebieskie-kolczyki#breadcrumb\",\"itemListElement\":[{\"@type\":\"ListItem\",\"position\":1,\"name\":\"Strona g\u0142\u00f3wna\",\"item\":\"https:\\\/\\\/staghorn.pl\\\/\"},{\"@type\":\"ListItem\",\"position\":2,\"name\":\"Sklep\",\"item\":\"https:\\\/\\\/staghorn.pl\\\/?page_id=395\"},{\"@type\":\"ListItem\",\"position\":3,\"name\":\"Niebieskie Kolczyki K\u00f3\u0142ka\"}]},{\"@type\":\"WebSite\",\"@id\":\"https:\\\/\\\/staghorn.pl\\\/#website\",\"url\":\"https:\\\/\\\/staghorn.pl\\\/\",\"name\":\"Staghorn\",\"description\":\"\",\"publisher\":{\"@id\":\"https:\\\/\\\/staghorn.pl\\\/#\\\/schema\\\/person\\\/985c0f377b3807be4ab7ca84c02a0459\"},\"potentialAction\":[{\"@type\":\"SearchAction\",\"target\":{\"@type\":\"EntryPoint\",\"urlTemplate\":\"https:\\\/\\\/staghorn.pl\\\/?s={search_term_string}\"},\"query-input\":{\"@type\":\"PropertyValueSpecification\",\"valueRequired\":true,\"valueName\":\"search_term_string\"}}],\"inLanguage\":\"pl-PL\"},{\"@type\":[\"Person\",\"Organization\"],\"@id\":\"https:\\\/\\\/staghorn.pl\\\/#\\\/schema\\\/person\\\/985c0f377b3807be4ab7ca84c02a0459\",\"name\":\"Kasia\",\"image\":{\"@type\":\"ImageObject\",\"inLanguage\":\"pl-PL\",\"@id\":\"https:\\\/\\\/staghorn.pl\\\/wp-content\\\/uploads\\\/2024\\\/05\\\/cropped-2.png\",\"url\":\"https:\\\/\\\/staghorn.pl\\\/wp-content\\\/uploads\\\/2024\\\/05\\\/cropped-2.png\",\"contentUrl\":\"https:\\\/\\\/staghorn.pl\\\/wp-content\\\/uploads\\\/2024\\\/05\\\/cropped-2.png\",\"width\":512,\"height\":512,\"caption\":\"Kasia\"},\"logo\":{\"@id\":\"https:\\\/\\\/staghorn.pl\\\/wp-content\\\/uploads\\\/2024\\\/05\\\/cropped-2.png\"},\"sameAs\":[\"http:\\\/\\\/staghorn.pl\"]}]}<\/script>\n<!-- \/ Yoast SEO plugin. -->","yoast_head_json":{"title":"Niebieskie Kolczyki K\u00f3\u0142ka - Staghorn","description":"Odkryj elegancj\u0119 i wyj\u0105tkowo\u015b\u0107 r\u0119kodzia\u0142a . Te niebieskie kolczyki o minimalistycznym designie \u0142\u0105cz\u0105 subtelno\u015b\u0107 z luksusem.","robots":{"index":"index","follow":"follow","max-snippet":"max-snippet:-1","max-image-preview":"max-image-preview:large","max-video-preview":"max-video-preview:-1"},"canonical":"https:\/\/staghorn.pl\/?product=niebieskie-kolczyki","og_locale":"pl_PL","og_type":"article","og_title":"Niebieskie Kolczyki K\u00f3\u0142ka - Staghorn","og_description":"Odkryj elegancj\u0119 i wyj\u0105tkowo\u015b\u0107 r\u0119kodzia\u0142a . Te niebieskie kolczyki o minimalistycznym designie \u0142\u0105cz\u0105 subtelno\u015b\u0107 z luksusem.","og_url":"https:\/\/staghorn.pl\/?product=niebieskie-kolczyki","og_site_name":"Staghorn","article_modified_time":"2025-03-27T16:29:59+00:00","og_image":[{"width":1920,"height":2560,"url":"https:\/\/staghorn.pl\/wp-content\/uploads\/2024\/08\/casual-earrings-7-scaled.jpg","type":"image\/jpeg"}],"twitter_card":"summary_large_image","twitter_misc":{"Szacowany czas czytania":"2 minuty"},"schema":{"@context":"https:\/\/schema.org","@graph":[{"@type":"WebPage","@id":"https:\/\/staghorn.pl\/?product=niebieskie-kolczyki","url":"https:\/\/staghorn.pl\/?product=niebieskie-kolczyki","name":"Niebieskie Kolczyki K\u00f3\u0142ka - Staghorn","isPartOf":{"@id":"https:\/\/staghorn.pl\/#website"},"primaryImageOfPage":{"@id":"https:\/\/staghorn.pl\/?product=niebieskie-kolczyki#primaryimage"},"image":{"@id":"https:\/\/staghorn.pl\/?product=niebieskie-kolczyki#primaryimage"},"thumbnailUrl":"https:\/\/staghorn.pl\/wp-content\/uploads\/2024\/08\/casual-earrings-7-scaled.jpg","datePublished":"2024-08-19T16:25:19+00:00","dateModified":"2025-03-27T16:29:59+00:00","description":"Odkryj elegancj\u0119 i wyj\u0105tkowo\u015b\u0107 r\u0119kodzia\u0142a . Te niebieskie kolczyki o minimalistycznym designie \u0142\u0105cz\u0105 subtelno\u015b\u0107 z luksusem.","breadcrumb":{"@id":"https:\/\/staghorn.pl\/?product=niebieskie-kolczyki#breadcrumb"},"inLanguage":"pl-PL","potentialAction":[{"@type":"ReadAction","target":["https:\/\/staghorn.pl\/?product=niebieskie-kolczyki"]}]},{"@type":"ImageObject","inLanguage":"pl-PL","@id":"https:\/\/staghorn.pl\/?product=niebieskie-kolczyki#primaryimage","url":"https:\/\/staghorn.pl\/wp-content\/uploads\/2024\/08\/casual-earrings-7-scaled.jpg","contentUrl":"https:\/\/staghorn.pl\/wp-content\/uploads\/2024\/08\/casual-earrings-7-scaled.jpg","width":1920,"height":2560,"caption":"Stylowe niebiesko-srebrne kolczyki k\u00f3\u0142ka w eleganckim pude\u0142ku"},{"@type":"BreadcrumbList","@id":"https:\/\/staghorn.pl\/?product=niebieskie-kolczyki#breadcrumb","itemListElement":[{"@type":"ListItem","position":1,"name":"Strona g\u0142\u00f3wna","item":"https:\/\/staghorn.pl\/"},{"@type":"ListItem","position":2,"name":"Sklep","item":"https:\/\/staghorn.pl\/?page_id=395"},{"@type":"ListItem","position":3,"name":"Niebieskie Kolczyki K\u00f3\u0142ka"}]},{"@type":"WebSite","@id":"https:\/\/staghorn.pl\/#website","url":"https:\/\/staghorn.pl\/","name":"Staghorn","description":"","publisher":{"@id":"https:\/\/staghorn.pl\/#\/schema\/person\/985c0f377b3807be4ab7ca84c02a0459"},"potentialAction":[{"@type":"SearchAction","target":{"@type":"EntryPoint","urlTemplate":"https:\/\/staghorn.pl\/?s={search_term_string}"},"query-input":{"@type":"PropertyValueSpecification","valueRequired":true,"valueName":"search_term_string"}}],"inLanguage":"pl-PL"},{"@type":["Person","Organization"],"@id":"https:\/\/staghorn.pl\/#\/schema\/person\/985c0f377b3807be4ab7ca84c02a0459","name":"Kasia","image":{"@type":"ImageObject","inLanguage":"pl-PL","@id":"https:\/\/staghorn.pl\/wp-content\/uploads\/2024\/05\/cropped-2.png","url":"https:\/\/staghorn.pl\/wp-content\/uploads\/2024\/05\/cropped-2.png","contentUrl":"https:\/\/staghorn.pl\/wp-content\/uploads\/2024\/05\/cropped-2.png","width":512,"height":512,"caption":"Kasia"},"logo":{"@id":"https:\/\/staghorn.pl\/wp-content\/uploads\/2024\/05\/cropped-2.png"},"sameAs":["http:\/\/staghorn.pl"]}]}},"jetpack_sharing_enabled":true,"_links":{"self":[{"href":"https:\/\/staghorn.pl\/index.php?rest_route=\/wp\/v2\/product\/804","targetHints":{"allow":["GET"]}}],"collection":[{"href":"https:\/\/staghorn.pl\/index.php?rest_route=\/wp\/v2\/product"}],"about":[{"href":"https:\/\/staghorn.pl\/index.php?rest_route=\/wp\/v2\/types\/product"}],"replies":[{"embeddable":true,"href":"https:\/\/staghorn.pl\/index.php?rest_route=%2Fwp%2Fv2%2Fcomments&post=804"}],"wp:featuredmedia":[{"embeddable":true,"href":"https:\/\/staghorn.pl\/index.php?rest_route=\/wp\/v2\/media\/807"}],"wp:attachment":[{"href":"https:\/\/staghorn.pl\/index.php?rest_route=%2Fwp%2Fv2%2Fmedia&parent=804"}],"wp:term":[{"taxonomy":"product_brand","embeddable":true,"href":"https:\/\/staghorn.pl\/index.php?rest_route=%2Fwp%2Fv2%2Fproduct_brand&post=804"},{"taxonomy":"product_cat","embeddable":true,"href":"https:\/\/staghorn.pl\/index.php?rest_route=%2Fwp%2Fv2%2Fproduct_cat&post=804"},{"taxonomy":"product_tag","embeddable":true,"href":"https:\/\/staghorn.pl\/index.php?rest_route=%2Fwp%2Fv2%2Fproduct_tag&post=804"}],"curies":[{"name":"wp","href":"https:\/\/api.w.org\/{rel}","templated":true}]}}