{"id":811,"date":"2024-08-20T11:11:34","date_gmt":"2024-08-20T09:11:34","guid":{"rendered":"https:\/\/staghorn.pl\/?post_type=product&#038;p=811"},"modified":"2025-11-25T18:35:46","modified_gmt":"2025-11-25T17:35:46","slug":"zestaw-bransoletek-2","status":"publish","type":"product","link":"https:\/\/staghorn.pl\/?product=zestaw-bransoletek-2","title":{"rendered":"Zestaw Szarych Bransoletek"},"content":{"rendered":"<h5>\ud83d\udc8e <strong>Zestaw szarych bransoletek<\/strong> \ud83d\udc8e<\/h5>\n<p>Ten wyj\u0105tkowy zestaw szarych bransoletek to idealne po\u0142\u0105czenie elegancji, wygody i funkcjonalno\u015bci. Ka\u017cda bransoletka w tym zestawie zosta\u0142a r\u0119cznie wykonana z najwy\u017cszej jako\u015bci materia\u0142\u00f3w: koralik\u00f3w Miyuki, hematytowych serduszek i gwiazdki oraz b\u0142yszcz\u0105cych kryszta\u0142k\u00f3w. Ca\u0142o\u015b\u0107 tworzy sp\u00f3jn\u0105 kompozycj\u0119, kt\u00f3ra doskonale uzupe\u0142nia codzienne stylizacje.<\/p>\n<h5>\ud83c\udf1f <strong>Uniwersalno\u015b\u0107 i komfort noszenia<\/strong> \ud83c\udf1f<\/h5>\n<p>Zestaw szarych bransoletek to doskona\u0142y wyb\u00f3r dla kobiet w ka\u017cdym wieku, kt\u00f3re ceni\u0105 sobie elegancj\u0119 w codziennym wydaniu. Bransoletki s\u0105 regulowane dzi\u0119ki makramowemu wi\u0105zaniu, co zapewnia wygodne i \u0142atwe dopasowanie do ka\u017cdego nadgarstka. Neutralne odcienie szaro\u015bci, srebra i czerni sprawiaj\u0105, \u017ce bransoletki idealnie komponuj\u0105 si\u0119 z r\u00f3\u017cnymi stylizacjami \u2013 zar\u00f3wno na co dzie\u0144, jak i do pracy.<\/p>\n<h5>\u2728 <strong>Hematyt i szaro\u015b\u0107 \u2013 symbolika i korzy\u015bci<\/strong> \u2728<\/h5>\n<p>Hematyt, z kt\u00f3rego wykonano elementy bransoletek, to kamie\u0144 znany ze swoich w\u0142a\u015bciwo\u015bci ochronnych. Uwa\u017ca si\u0119, \u017ce wzmacnia pewno\u015b\u0107 siebie, poprawia koncentracj\u0119 i dodaje energii. Szary kolor, b\u0119d\u0105cy dominuj\u0105cym odcieniem w zestawie, symbolizuje r\u00f3wnowag\u0119 i harmoni\u0119. Noszenie bi\u017cuterii w szarym kolorze mo\u017ce pom\u00f3c w zachowaniu spokoju i stabilno\u015bci w codziennym \u017cyciu. Wzmocni r\u00f3wnie\u017c zdolno\u015b\u0107 do podejmowania racjonalnych decyzji.<\/p>\n<h5>\ud83c\udf81 <strong>Gotowe na prezent<\/strong> \ud83c\udf81<\/h5>\n<p>Ka\u017cdy zestaw bransoletek jest starannie zapakowany w eleganckie pude\u0142ko. To czyni go idealnym prezentem na r\u00f3\u017cne okazje \u2013 urodziny, rocznice czy po prostu jako wyraz wdzi\u0119czno\u015bci. Je\u015bli masz ochot\u0119 na co\u015b bardziej spersonalizowanego\u00a0 \u2013 wystarczy, \u017ce skontaktujesz si\u0119 z nami przez wiadomo\u015b\u0107.<\/p>\n<h5>\ud83c\udf08 <strong>Dlaczego warto wybra\u0107 nasz zestaw?<\/strong> \ud83c\udf08<\/h5>\n<p>Ka\u017cda bransoletka to efekt wielogodzinnej pracy, precyzji i pasji do r\u0119kodzie\u0142a. Produkty tworz\u0119 z my\u015bl\u0105 o klientkach, kt\u00f3re poszukuj\u0105 czego\u015b wyj\u0105tkowego, trwa\u0142ego i pi\u0119knego. Wybieraj\u0105c zestaw szarych bransoletek, zyskujesz nie tylko stylowy dodatek. Mo\u017cesz mie\u0107 pewno\u015b\u0107, \u017ce otrzymasz tak\u017ce bi\u017cuteri\u0119 o symbolicznym znaczeniu, kt\u00f3ra pozytywnie wp\u0142ynie na Twoje samopoczucie.<\/p>\n<hr \/>\n<p>\ud83d\udce9 Je\u015bli masz jakiekolwiek pytania, mo\u017cesz skontaktowa\u0107 si\u0119 ze mn\u0105 za po\u015brednictwem\u00a0<a href=\"https:\/\/staghorn.pl\/?page_id=126\"><strong>formularza kontaktowego<\/strong><\/a>.<\/p>\n<p>\ud83d\udcbb Pami\u0119taj, \u017ce ze wzgl\u0119du na efekty o\u015bwietleniowe, jasno\u015b\u0107 monitora, kontrast oraz inne ustawienia, mog\u0105 wyst\u0105pi\u0107 drobne r\u00f3\u017cnice w odcieniu koloru zdj\u0119cia na stronie internetowej a rzeczywistym produktem.<\/p>\n","protected":false},"excerpt":{"rendered":"<p><strong>\u2726 Szczeg\u00f3\u0142y produktu:<\/strong><br \/>\n\u2714 Koraliki Miyuki, Hematyt, Czeskie krysztaki<br \/>\n\u2714 Sznurek makramowy i ni\u0107 beadingowa<br \/>\n\u2714 Idealne na nadgarstek o obwodzie 15-17 cm<\/p>\n<p>\u2726 Szeroko\u015b\u0107 Bransoletek:<br \/>\n\u2714 Bransoletka z kryszta\u0142kami: ok 0,4 cm<br \/>\n\u2714 Bransoletka z hematytowymi przek\u0142adkami: ok. 0,4 cm<br \/>\n\u2714 Bransoletka z koralikami: ok 1 cm<\/p>\n<p>\ud83d\udecd\ufe0f <strong>Buy on <a href=\"https:\/\/staghornpl.etsy.com\/listing\/1717497255\">ETSY<\/a><\/strong><\/p>\n","protected":false},"featured_media":812,"comment_status":"open","ping_status":"closed","template":"","meta":{"_kad_post_transparent":"default","_kad_post_title":"","_kad_post_layout":"default","_kad_post_sidebar_id":"","_kad_post_content_style":"default","_kad_post_vertical_padding":"default","_kad_post_feature":"","_kad_post_feature_position":"","_kad_post_header":false,"_kad_post_footer":false,"_kad_post_classname":""},"product_brand":[],"product_cat":[23,135,155,136,24,147],"product_tag":[54,45,42,50,40,41,36,58,65,43,39,46,37,62,34,38],"class_list":{"0":"post-811","1":"product","2":"type-product","3":"status-publish","4":"has-post-thumbnail","6":"product_cat-bransoletki","7":"product_cat-bransoletki-makramowe","8":"product_cat-bransoletki-z-koralikow","9":"product_cat-bransoletki-z-krysztalkow","10":"product_cat-zestawy-bizuterii","11":"product_cat-zestawy-bransoletek","12":"product_tag-akcesoria-dla-kobiet","13":"product_tag-bizuteria-dla-kobiet","14":"product_tag-bizuteria-na-co-dzien","15":"product_tag-bizuteria-z-krysztalkow","16":"product_tag-bransoletka-makramowa","17":"product_tag-bransoletka-z-koralikow","18":"product_tag-delikatna-bizuteria","19":"product_tag-elegancka-bizuteria","20":"product_tag-kamienie-naturalne","21":"product_tag-komplet-bizuterii","22":"product_tag-moda-damska","23":"product_tag-modne-dodatki","24":"product_tag-prezent-dla-niej","25":"product_tag-wiosenne-stylizacje","26":"product_tag-zestaw-bizuterii","27":"product_tag-zestaw-bransoletek","28":"product_shipping_class-male-gabaryty","30":"first","31":"outofstock","32":"shipping-taxable","33":"purchasable","34":"product-type-simple","35":"entry","36":"content-bg","37":"loop-entry"},"yoast_head":"<!-- This site is optimized with the Yoast SEO plugin v27.4 - https:\/\/yoast.com\/product\/yoast-seo-wordpress\/ -->\n<title>Zestaw Szarych Bransoletek - Staghorn<\/title>\n<meta name=\"description\" content=\"Ten wyj\u0105tkowy zestaw szarych bransoletek to idealne po\u0142\u0105czenie elegancji, wygody i funkcjonalno\u015bci. Stworzony z najwy\u017cszej jako\u015bci materia\u0142\u00f3w.\" \/>\n<meta name=\"robots\" content=\"index, follow, max-snippet:-1, max-image-preview:large, max-video-preview:-1\" \/>\n<link rel=\"canonical\" href=\"https:\/\/staghorn.pl\/?product=zestaw-bransoletek-2\" \/>\n<meta property=\"og:locale\" content=\"pl_PL\" \/>\n<meta property=\"og:type\" content=\"article\" \/>\n<meta property=\"og:title\" content=\"Zestaw Szarych Bransoletek - Staghorn\" \/>\n<meta property=\"og:description\" content=\"Ten wyj\u0105tkowy zestaw szarych bransoletek to idealne po\u0142\u0105czenie elegancji, wygody i funkcjonalno\u015bci. Stworzony z najwy\u017cszej jako\u015bci materia\u0142\u00f3w.\" \/>\n<meta property=\"og:url\" content=\"https:\/\/staghorn.pl\/?product=zestaw-bransoletek-2\" \/>\n<meta property=\"og:site_name\" content=\"Staghorn\" \/>\n<meta property=\"article:modified_time\" content=\"2025-11-25T17:35:46+00:00\" \/>\n<meta property=\"og:image\" content=\"https:\/\/staghorn.pl\/wp-content\/uploads\/2024\/08\/casual-bracelet-set-2-768x1024.png\" \/>\n\t<meta property=\"og:image:width\" content=\"768\" \/>\n\t<meta property=\"og:image:height\" content=\"1024\" \/>\n\t<meta property=\"og:image:type\" content=\"image\/png\" \/>\n<meta name=\"twitter:card\" content=\"summary_large_image\" \/>\n<meta name=\"twitter:label1\" content=\"Szacowany czas czytania\" \/>\n\t<meta name=\"twitter:data1\" content=\"3 minuty\" \/>\n<script type=\"application\/ld+json\" class=\"yoast-schema-graph\">{\"@context\":\"https:\\\/\\\/schema.org\",\"@graph\":[{\"@type\":\"WebPage\",\"@id\":\"https:\\\/\\\/staghorn.pl\\\/?product=zestaw-bransoletek-2\",\"url\":\"https:\\\/\\\/staghorn.pl\\\/?product=zestaw-bransoletek-2\",\"name\":\"Zestaw Szarych Bransoletek - Staghorn\",\"isPartOf\":{\"@id\":\"https:\\\/\\\/staghorn.pl\\\/#website\"},\"primaryImageOfPage\":{\"@id\":\"https:\\\/\\\/staghorn.pl\\\/?product=zestaw-bransoletek-2#primaryimage\"},\"image\":{\"@id\":\"https:\\\/\\\/staghorn.pl\\\/?product=zestaw-bransoletek-2#primaryimage\"},\"thumbnailUrl\":\"https:\\\/\\\/staghorn.pl\\\/wp-content\\\/uploads\\\/2024\\\/08\\\/casual-bracelet-set-2-scaled.png\",\"datePublished\":\"2024-08-20T09:11:34+00:00\",\"dateModified\":\"2025-11-25T17:35:46+00:00\",\"description\":\"Ten wyj\u0105tkowy zestaw szarych bransoletek to idealne po\u0142\u0105czenie elegancji, wygody i funkcjonalno\u015bci. Stworzony z najwy\u017cszej jako\u015bci materia\u0142\u00f3w.\",\"breadcrumb\":{\"@id\":\"https:\\\/\\\/staghorn.pl\\\/?product=zestaw-bransoletek-2#breadcrumb\"},\"inLanguage\":\"pl-PL\",\"potentialAction\":[{\"@type\":\"ReadAction\",\"target\":[\"https:\\\/\\\/staghorn.pl\\\/?product=zestaw-bransoletek-2\"]}]},{\"@type\":\"ImageObject\",\"inLanguage\":\"pl-PL\",\"@id\":\"https:\\\/\\\/staghorn.pl\\\/?product=zestaw-bransoletek-2#primaryimage\",\"url\":\"https:\\\/\\\/staghorn.pl\\\/wp-content\\\/uploads\\\/2024\\\/08\\\/casual-bracelet-set-2-scaled.png\",\"contentUrl\":\"https:\\\/\\\/staghorn.pl\\\/wp-content\\\/uploads\\\/2024\\\/08\\\/casual-bracelet-set-2-scaled.png\",\"width\":1920,\"height\":2560,\"caption\":\"Delikatne, r\u0119cznie robione bransoletki z szarymi koralikami i makramowym wi\u0105zaniem.\"},{\"@type\":\"BreadcrumbList\",\"@id\":\"https:\\\/\\\/staghorn.pl\\\/?product=zestaw-bransoletek-2#breadcrumb\",\"itemListElement\":[{\"@type\":\"ListItem\",\"position\":1,\"name\":\"Strona g\u0142\u00f3wna\",\"item\":\"https:\\\/\\\/staghorn.pl\\\/\"},{\"@type\":\"ListItem\",\"position\":2,\"name\":\"Sklep\",\"item\":\"https:\\\/\\\/staghorn.pl\\\/?page_id=395\"},{\"@type\":\"ListItem\",\"position\":3,\"name\":\"Zestaw Szarych Bransoletek\"}]},{\"@type\":\"WebSite\",\"@id\":\"https:\\\/\\\/staghorn.pl\\\/#website\",\"url\":\"https:\\\/\\\/staghorn.pl\\\/\",\"name\":\"Staghorn\",\"description\":\"\",\"publisher\":{\"@id\":\"https:\\\/\\\/staghorn.pl\\\/#\\\/schema\\\/person\\\/985c0f377b3807be4ab7ca84c02a0459\"},\"potentialAction\":[{\"@type\":\"SearchAction\",\"target\":{\"@type\":\"EntryPoint\",\"urlTemplate\":\"https:\\\/\\\/staghorn.pl\\\/?s={search_term_string}\"},\"query-input\":{\"@type\":\"PropertyValueSpecification\",\"valueRequired\":true,\"valueName\":\"search_term_string\"}}],\"inLanguage\":\"pl-PL\"},{\"@type\":[\"Person\",\"Organization\"],\"@id\":\"https:\\\/\\\/staghorn.pl\\\/#\\\/schema\\\/person\\\/985c0f377b3807be4ab7ca84c02a0459\",\"name\":\"Kasia\",\"image\":{\"@type\":\"ImageObject\",\"inLanguage\":\"pl-PL\",\"@id\":\"https:\\\/\\\/staghorn.pl\\\/wp-content\\\/uploads\\\/2024\\\/05\\\/cropped-2.png\",\"url\":\"https:\\\/\\\/staghorn.pl\\\/wp-content\\\/uploads\\\/2024\\\/05\\\/cropped-2.png\",\"contentUrl\":\"https:\\\/\\\/staghorn.pl\\\/wp-content\\\/uploads\\\/2024\\\/05\\\/cropped-2.png\",\"width\":512,\"height\":512,\"caption\":\"Kasia\"},\"logo\":{\"@id\":\"https:\\\/\\\/staghorn.pl\\\/wp-content\\\/uploads\\\/2024\\\/05\\\/cropped-2.png\"},\"sameAs\":[\"http:\\\/\\\/staghorn.pl\"]}]}<\/script>\n<!-- \/ Yoast SEO plugin. -->","yoast_head_json":{"title":"Zestaw Szarych Bransoletek - Staghorn","description":"Ten wyj\u0105tkowy zestaw szarych bransoletek to idealne po\u0142\u0105czenie elegancji, wygody i funkcjonalno\u015bci. Stworzony z najwy\u017cszej jako\u015bci materia\u0142\u00f3w.","robots":{"index":"index","follow":"follow","max-snippet":"max-snippet:-1","max-image-preview":"max-image-preview:large","max-video-preview":"max-video-preview:-1"},"canonical":"https:\/\/staghorn.pl\/?product=zestaw-bransoletek-2","og_locale":"pl_PL","og_type":"article","og_title":"Zestaw Szarych Bransoletek - Staghorn","og_description":"Ten wyj\u0105tkowy zestaw szarych bransoletek to idealne po\u0142\u0105czenie elegancji, wygody i funkcjonalno\u015bci. Stworzony z najwy\u017cszej jako\u015bci materia\u0142\u00f3w.","og_url":"https:\/\/staghorn.pl\/?product=zestaw-bransoletek-2","og_site_name":"Staghorn","article_modified_time":"2025-11-25T17:35:46+00:00","og_image":[{"width":768,"height":1024,"url":"https:\/\/staghorn.pl\/wp-content\/uploads\/2024\/08\/casual-bracelet-set-2-768x1024.png","type":"image\/png"}],"twitter_card":"summary_large_image","twitter_misc":{"Szacowany czas czytania":"3 minuty"},"schema":{"@context":"https:\/\/schema.org","@graph":[{"@type":"WebPage","@id":"https:\/\/staghorn.pl\/?product=zestaw-bransoletek-2","url":"https:\/\/staghorn.pl\/?product=zestaw-bransoletek-2","name":"Zestaw Szarych Bransoletek - Staghorn","isPartOf":{"@id":"https:\/\/staghorn.pl\/#website"},"primaryImageOfPage":{"@id":"https:\/\/staghorn.pl\/?product=zestaw-bransoletek-2#primaryimage"},"image":{"@id":"https:\/\/staghorn.pl\/?product=zestaw-bransoletek-2#primaryimage"},"thumbnailUrl":"https:\/\/staghorn.pl\/wp-content\/uploads\/2024\/08\/casual-bracelet-set-2-scaled.png","datePublished":"2024-08-20T09:11:34+00:00","dateModified":"2025-11-25T17:35:46+00:00","description":"Ten wyj\u0105tkowy zestaw szarych bransoletek to idealne po\u0142\u0105czenie elegancji, wygody i funkcjonalno\u015bci. Stworzony z najwy\u017cszej jako\u015bci materia\u0142\u00f3w.","breadcrumb":{"@id":"https:\/\/staghorn.pl\/?product=zestaw-bransoletek-2#breadcrumb"},"inLanguage":"pl-PL","potentialAction":[{"@type":"ReadAction","target":["https:\/\/staghorn.pl\/?product=zestaw-bransoletek-2"]}]},{"@type":"ImageObject","inLanguage":"pl-PL","@id":"https:\/\/staghorn.pl\/?product=zestaw-bransoletek-2#primaryimage","url":"https:\/\/staghorn.pl\/wp-content\/uploads\/2024\/08\/casual-bracelet-set-2-scaled.png","contentUrl":"https:\/\/staghorn.pl\/wp-content\/uploads\/2024\/08\/casual-bracelet-set-2-scaled.png","width":1920,"height":2560,"caption":"Delikatne, r\u0119cznie robione bransoletki z szarymi koralikami i makramowym wi\u0105zaniem."},{"@type":"BreadcrumbList","@id":"https:\/\/staghorn.pl\/?product=zestaw-bransoletek-2#breadcrumb","itemListElement":[{"@type":"ListItem","position":1,"name":"Strona g\u0142\u00f3wna","item":"https:\/\/staghorn.pl\/"},{"@type":"ListItem","position":2,"name":"Sklep","item":"https:\/\/staghorn.pl\/?page_id=395"},{"@type":"ListItem","position":3,"name":"Zestaw Szarych Bransoletek"}]},{"@type":"WebSite","@id":"https:\/\/staghorn.pl\/#website","url":"https:\/\/staghorn.pl\/","name":"Staghorn","description":"","publisher":{"@id":"https:\/\/staghorn.pl\/#\/schema\/person\/985c0f377b3807be4ab7ca84c02a0459"},"potentialAction":[{"@type":"SearchAction","target":{"@type":"EntryPoint","urlTemplate":"https:\/\/staghorn.pl\/?s={search_term_string}"},"query-input":{"@type":"PropertyValueSpecification","valueRequired":true,"valueName":"search_term_string"}}],"inLanguage":"pl-PL"},{"@type":["Person","Organization"],"@id":"https:\/\/staghorn.pl\/#\/schema\/person\/985c0f377b3807be4ab7ca84c02a0459","name":"Kasia","image":{"@type":"ImageObject","inLanguage":"pl-PL","@id":"https:\/\/staghorn.pl\/wp-content\/uploads\/2024\/05\/cropped-2.png","url":"https:\/\/staghorn.pl\/wp-content\/uploads\/2024\/05\/cropped-2.png","contentUrl":"https:\/\/staghorn.pl\/wp-content\/uploads\/2024\/05\/cropped-2.png","width":512,"height":512,"caption":"Kasia"},"logo":{"@id":"https:\/\/staghorn.pl\/wp-content\/uploads\/2024\/05\/cropped-2.png"},"sameAs":["http:\/\/staghorn.pl"]}]}},"jetpack_sharing_enabled":true,"_links":{"self":[{"href":"https:\/\/staghorn.pl\/index.php?rest_route=\/wp\/v2\/product\/811","targetHints":{"allow":["GET"]}}],"collection":[{"href":"https:\/\/staghorn.pl\/index.php?rest_route=\/wp\/v2\/product"}],"about":[{"href":"https:\/\/staghorn.pl\/index.php?rest_route=\/wp\/v2\/types\/product"}],"replies":[{"embeddable":true,"href":"https:\/\/staghorn.pl\/index.php?rest_route=%2Fwp%2Fv2%2Fcomments&post=811"}],"wp:featuredmedia":[{"embeddable":true,"href":"https:\/\/staghorn.pl\/index.php?rest_route=\/wp\/v2\/media\/812"}],"wp:attachment":[{"href":"https:\/\/staghorn.pl\/index.php?rest_route=%2Fwp%2Fv2%2Fmedia&parent=811"}],"wp:term":[{"taxonomy":"product_brand","embeddable":true,"href":"https:\/\/staghorn.pl\/index.php?rest_route=%2Fwp%2Fv2%2Fproduct_brand&post=811"},{"taxonomy":"product_cat","embeddable":true,"href":"https:\/\/staghorn.pl\/index.php?rest_route=%2Fwp%2Fv2%2Fproduct_cat&post=811"},{"taxonomy":"product_tag","embeddable":true,"href":"https:\/\/staghorn.pl\/index.php?rest_route=%2Fwp%2Fv2%2Fproduct_tag&post=811"}],"curies":[{"name":"wp","href":"https:\/\/api.w.org\/{rel}","templated":true}]}}