{"id":962,"date":"2024-09-19T14:44:53","date_gmt":"2024-09-19T12:44:53","guid":{"rendered":"https:\/\/staghorn.pl\/?post_type=product&#038;p=962"},"modified":"2025-11-25T18:33:56","modified_gmt":"2025-11-25T17:33:56","slug":"fioletowe-trojkatne-sztyfty","status":"publish","type":"product","link":"https:\/\/staghorn.pl\/?product=fioletowe-trojkatne-sztyfty","title":{"rendered":"Fioletowe Tr\u00f3jk\u0105tne Sztyfty"},"content":{"rendered":"<h1 style=\"text-align: center;\"><strong>Fioletowe Tr\u00f3jk\u0105tne Sztyfty \u2013 Subtelna Elegancja w Nowoczesnym Wydaniu \u2728<\/strong><\/h1>\n<p>Wyj\u0105tkowe, fioletowe tr\u00f3jk\u0105tne sztyfty to doskona\u0142y wyb\u00f3r dla kobiet, kt\u00f3re szukaj\u0105 bi\u017cuterii \u0142\u0105cz\u0105cej w sobie subtelno\u015b\u0107, nowoczesno\u015b\u0107 i oryginalno\u015b\u0107. Wykonane r\u0119cznie z najwy\u017cszej jako\u015bci koralik\u00f3w Miyuki Delica, te niewielkie, lecz wyraziste kolczyki to ma\u0142e dzie\u0142a sztuki. Ich geometryczny kszta\u0142t w formie tr\u00f3jk\u0105ta przyci\u0105ga uwag\u0119 i podkre\u015bla wyj\u0105tkowo\u015b\u0107 ka\u017cdej stylizacji, zar\u00f3wno codziennej, jak i wieczorowej. Po\u0142\u0105czenie g\u0142\u0119bokiego fioletu i z\u0142ota dodaje kolczykom elegancji i luksusowego charakteru, dzi\u0119ki czemu stanowi\u0105 idealny wyb\u00f3r na ka\u017cd\u0105 okazj\u0119.<\/p>\n<hr \/>\n<h2 style=\"text-align: center;\"><strong>\ud83d\udc9c Symbolika Kolor\u00f3w, Kt\u00f3ra Doda Twojej Stylizacji Wyj\u0105tkowego Wyrazu<\/strong><\/h2>\n<p>Kolory, kt\u00f3re zdobi\u0105 te kolczyki, kryj\u0105 w sobie g\u0142\u0119bok\u0105 symbolik\u0119. Fiolet jest od wiek\u00f3w kojarzony z duchowo\u015bci\u0105, kreatywno\u015bci\u0105 i tajemniczo\u015bci\u0105, a jednocze\u015bnie emanuje luksusem i elegancj\u0105. Z\u0142oto natomiast symbolizuje bogactwo, sukces i pewno\u015b\u0107 siebie, wnosz\u0105c do stylizacji ciep\u0142y blask i ponadczasow\u0105 elegancj\u0119. Wsp\u00f3lnie tworz\u0105 harmonijn\u0105 ca\u0142o\u015b\u0107, kt\u00f3ra pasuje zar\u00f3wno do minimalistycznych, jak i bardziej wyrazistych stylizacji. Nosz\u0105c te kolczyki, mo\u017cesz podkre\u015bli\u0107 swoj\u0105 indywidualno\u015b\u0107, dodaj\u0105c jednocze\u015bnie swojej kreacji subtelnego szyku.<\/p>\n<hr \/>\n<h2 style=\"text-align: center;\"><strong>\ud83d\udc8e Perfekcja R\u0119kodzie\u0142a \u2013 R\u0119cznie Tworzone Ma\u0142e Dzie\u0142a Sztuki<\/strong><\/h2>\n<p>Ka\u017cda para kolczyk\u00f3w jest wykonana r\u0119cznie, co sprawia, \u017ce ka\u017cdy egzemplarz jest niepowtarzalny. Koraliki zosta\u0142y utkane za pomoc\u0105 tradycyjnego \u015bciegu peyote, co nadaje bi\u017cuterii wyj\u0105tkow\u0105 trwa\u0142o\u015b\u0107 i precyzj\u0119 wykonania. Dzi\u0119ki geometrycznemu, tr\u00f3jk\u0105tnemu kszta\u0142towi kolczyki s\u0105 jednocze\u015bnie nowoczesne i minimalistyczne, a ich wywa\u017cone proporcje sprawiaj\u0105, \u017ce doskonale prezentuj\u0105 si\u0119 na uchu, niezale\u017cnie od kszta\u0142tu twarzy. To po\u0142\u0105czenie tradycyjnego rzemios\u0142a z nowoczesnym designem, kt\u00f3re zachwyca w ka\u017cdym szczeg\u00f3le.<\/p>\n<hr \/>\n<h3 style=\"text-align: center;\"><strong>\ud83c\udf1f Komfort i Bezpiecze\u0144stwo \u2013 Bi\u017cuteria Stworzona z My\u015bl\u0105 o Twojej Sk\u00f3rze<\/strong><\/h3>\n<p>Stal nierdzewna czyni je idealnym wyborem nawet dla os\u00f3b o wra\u017cliwej sk\u00f3rze. Dzi\u0119ki lekkiej konstrukcji s\u0105 niezwykle wygodne w noszeniu, a ich delikatny po\u0142ysk sprawia, \u017ce stanowi\u0105 subtelny, ale efektowny akcent ka\u017cdej stylizacji. Mo\u017cesz nosi\u0107 je przez ca\u0142y dzie\u0144, nie odczuwaj\u0105c dyskomfortu, a ich trwa\u0142o\u015b\u0107 gwarantuje, \u017ce b\u0119d\u0105 cieszy\u0107 oko przez lata.<\/p>\n<hr \/>\n<h3 style=\"text-align: center;\"><strong>\ud83c\udf81 Wyj\u0105tkowy Prezent, Kt\u00f3ry Zachwyci Elegancj\u0105 i Oryginalno\u015bci\u0105<\/strong><\/h3>\n<p>Fioletowe tr\u00f3jk\u0105tne sztyfty to doskona\u0142y pomys\u0142 na prezent, kt\u00f3ry zachwyci swoj\u0105 elegancj\u0105 i wyj\u0105tkowym charakterem. Idealne na urodziny, rocznice, Dzie\u0144 Matki czy inne wa\u017cne okazje, s\u0105 bi\u017cuteri\u0105, kt\u00f3ra sprawi rado\u015b\u0107 ka\u017cdej kobiecie ceni\u0105cej pi\u0119kno i unikalno\u015b\u0107. Zapakowane w eleganckie pude\u0142ko, s\u0105 gotowe do wr\u0119czenia, stanowi\u0105c upominek, kt\u00f3ry na d\u0142ugo pozostanie w pami\u0119ci obdarowanej osoby.<\/p>\n<hr \/>\n<h3 style=\"text-align: center;\"><strong>\ud83c\udf08 R\u00f3\u017cnorodno\u015b\u0107 Kolor\u00f3w \u2013 Wybierz Wariant, Kt\u00f3ry Podkre\u015bli Twoj\u0105 Indywidualno\u015b\u0107<\/strong><\/h3>\n<p>Je\u015bli fiolet nie jest Twoim ulubionym kolorem, te geometryczne sztyfty s\u0105 dost\u0119pne r\u00f3wnie\u017c w innych wariantach kolorystycznych. <a href=\"https:\/\/staghorn.pl\/?product=niebieskie-trojkatne-sztyfty\"><strong>Niebieskie kolczyki<\/strong><\/a> zachwycaj\u0105 g\u0142\u0119bi\u0105 i ch\u0142odnym wyrafinowaniem, idealnie pasuj\u0105cym do bardziej stonowanych stylizacji. Z kolei <a href=\"https:\/\/staghorn.pl\/?product=bezowe-trojkatne-sztyfty\"><strong>br\u0105zowo-z\u0142ote sztyfty<\/strong><\/a> przyci\u0105gaj\u0105 ciep\u0142em i ziemistymi tonami, doskona\u0142ymi dla mi\u0142o\u015bniczek naturalnych barw. Niezale\u017cnie od wyboru, mo\u017cesz mie\u0107 pewno\u015b\u0107, \u017ce ka\u017cdy wariant b\u0119dzie wykonany z tak\u0105 sam\u0105 dba\u0142o\u015bci\u0105 o detale i jako\u015b\u0107.<\/p>\n<hr \/>\n<h3 style=\"text-align: center;\"><strong>\u2728 Komplet Doskona\u0142y \u2013 Po\u0142\u0105cz Kolczyki z Pasuj\u0105c\u0105 Bransoletk\u0105<\/strong><\/h3>\n<p>Te tr\u00f3jk\u0105tne sztyfty mo\u017cesz r\u00f3wnie\u017c kupi\u0107 w <a href=\"https:\/\/staghorn.pl\/?product=komplet-bizuterii\"><strong>zestawie<\/strong><\/a> z pasuj\u0105c\u0105 bransoletk\u0105, kt\u00f3ra dope\u0142ni Twoj\u0105 stylizacj\u0119 i stworzy sp\u00f3jn\u0105, eleganck\u0105 ca\u0142o\u015b\u0107. Bransoletka, utrzymana w tej samej kolorystyce, to idealny wyb\u00f3r dla kobiet ceni\u0105cych harmoni\u0119 i wyj\u0105tkowe dodatki. Zestaw ten sprawdzi si\u0119 nie tylko jako ozdoba na co dzie\u0144, ale tak\u017ce jako bi\u017cuteria na specjalne okazje, kt\u00f3ra podkre\u015bli Twoj\u0105 klas\u0119 i wyczucie stylu.<\/p>\n<hr \/>\n<p>&nbsp;<\/p>\n<p>\ud83d\udce9 Je\u015bli masz jakiekolwiek pytania, mo\u017cesz skontaktowa\u0107 si\u0119 ze mn\u0105 za po\u015brednictwem <a href=\"https:\/\/staghorn.pl\/?page_id=126\">formularza kontaktowego<\/a><\/p>\n<p>\ud83d\udcbb\u00a0 Pami\u0119taj, \u017ce ze wzgl\u0119du na efekty o\u015bwietleniowe, jasno\u015b\u0107 monitora, kontrast oraz inne ustawienia, mog\u0105 wyst\u0105pi\u0107 niewielkie r\u00f3\u017cnice w odcieniu koloru zdj\u0119cia na stronie internetowej a rzeczywistym produktem.<\/p>\n<p>&nbsp;<\/p>\n","protected":false},"excerpt":{"rendered":"<p><strong>\u2726 Szczeg\u00f3\u0142y produktu:<br \/>\n<\/strong>\u2714 <strong>Materia\u0142y:<\/strong> Koraliki Miyuki Delica, stal nierdzewna<br \/>\n\u2714 <strong style=\"font-family: var(--global-body-font-family);\">Kolory:<\/strong><span style=\"font-family: var(--global-body-font-family);\"> Odcienie fioletu i z\u0142ota<br \/>\n<\/span>\u2714<strong>\u00a0Typ:<\/strong> Kolczyki sztyfty<br \/>\n\u2714\u00a0 <strong>Kszta\u0142t:<\/strong> Tr\u00f3jk\u0105t<br \/>\n\u2714\u00a0 <strong style=\"font-family: var(--global-body-font-family);\">Wymiary:<\/strong><span style=\"font-family: var(--global-body-font-family);\"> 1,5 x 1,5 cm<br \/>\n\u2714 <\/span><strong style=\"font-family: var(--global-body-font-family);\">Technika:<\/strong><span style=\"font-family: var(--global-body-font-family);\"> Peyote<br \/>\n<\/span><\/p>\n<p>\ud83d\udecd\ufe0f <strong>Buy on <a href=\"https:\/\/staghornpl.etsy.com\/listing\/1732797017\">ETSY<\/a><\/strong><\/p>\n","protected":false},"featured_media":964,"comment_status":"open","ping_status":"closed","template":"","meta":{"_kad_post_transparent":"default","_kad_post_title":"","_kad_post_layout":"default","_kad_post_sidebar_id":"","_kad_post_content_style":"default","_kad_post_vertical_padding":"default","_kad_post_feature":"","_kad_post_feature_position":"","_kad_post_header":false,"_kad_post_footer":false,"_kad_post_classname":""},"product_brand":[],"product_cat":[153,21,138,111,113],"product_tag":[54,45,42,72,71,36,58,77,75,44,57,39,46,68,37,76,62,70,60],"class_list":{"0":"post-962","1":"product","2":"type-product","3":"status-publish","4":"has-post-thumbnail","6":"product_cat-bizuteria-z-koralikow","7":"product_cat-kolczyki","8":"product_cat-kolczyki-seria-chevron","9":"product_cat-male-sztyfty","10":"product_cat-seria-chevron","11":"product_tag-akcesoria-dla-kobiet","12":"product_tag-bizuteria-dla-kobiet","13":"product_tag-bizuteria-na-co-dzien","14":"product_tag-bizuteria-na-wieczorne-wyjscia","15":"product_tag-bransoletka-do-pracy","16":"product_tag-delikatna-bizuteria","17":"product_tag-elegancka-bizuteria","18":"product_tag-fioletowa-bizuteria","19":"product_tag-geometryczna-bizuteria","20":"product_tag-kolczyki","21":"product_tag-kolczyki-na-sztyfcie","22":"product_tag-moda-damska","23":"product_tag-modne-dodatki","24":"product_tag-prezent-dla-dziewczynki","25":"product_tag-prezent-dla-niej","26":"product_tag-trojktne-sztyfty","27":"product_tag-wiosenne-stylizacje","28":"product_tag-zlota-bizuteria","29":"product_tag-zlote-kolczyki","30":"product_shipping_class-male-gabaryty","32":"first","33":"instock","34":"shipping-taxable","35":"purchasable","36":"product-type-simple","37":"entry","38":"content-bg","39":"loop-entry"},"yoast_head":"<!-- This site is optimized with the Yoast SEO plugin v27.4 - https:\/\/yoast.com\/product\/yoast-seo-wordpress\/ -->\n<title>Fioletowe Tr\u00f3jk\u0105tne Sztyfty - Staghorn<\/title>\n<meta name=\"description\" content=\"Szukasz bi\u017cuterii, kt\u00f3ra \u0142\u0105czy w sobie subtelno\u015b\u0107 i oryginalno\u015b\u0107? Te fioletowe tr\u00f3jk\u0105tne sztyfty to prawdziwy skarb w \u015bwiecie r\u0119kodzielniczej bi\u017cuterii!\" \/>\n<meta name=\"robots\" content=\"index, follow, max-snippet:-1, max-image-preview:large, max-video-preview:-1\" \/>\n<link rel=\"canonical\" href=\"https:\/\/staghorn.pl\/?product=fioletowe-trojkatne-sztyfty\" \/>\n<meta property=\"og:locale\" content=\"pl_PL\" \/>\n<meta property=\"og:type\" content=\"article\" \/>\n<meta property=\"og:title\" content=\"Fioletowe Tr\u00f3jk\u0105tne Sztyfty - Staghorn\" \/>\n<meta property=\"og:description\" content=\"Szukasz bi\u017cuterii, kt\u00f3ra \u0142\u0105czy w sobie subtelno\u015b\u0107 i oryginalno\u015b\u0107? Te fioletowe tr\u00f3jk\u0105tne sztyfty to prawdziwy skarb w \u015bwiecie r\u0119kodzielniczej bi\u017cuterii!\" \/>\n<meta property=\"og:url\" content=\"https:\/\/staghorn.pl\/?product=fioletowe-trojkatne-sztyfty\" \/>\n<meta property=\"og:site_name\" content=\"Staghorn\" \/>\n<meta property=\"article:modified_time\" content=\"2025-11-25T17:33:56+00:00\" \/>\n<meta property=\"og:image\" content=\"https:\/\/staghorn.pl\/wp-content\/uploads\/2024\/09\/kolczyki-trojkaty.png\" \/>\n\t<meta property=\"og:image:width\" content=\"768\" \/>\n\t<meta property=\"og:image:height\" content=\"1024\" \/>\n\t<meta property=\"og:image:type\" content=\"image\/png\" \/>\n<meta name=\"twitter:card\" content=\"summary_large_image\" \/>\n<meta name=\"twitter:label1\" content=\"Szacowany czas czytania\" \/>\n\t<meta name=\"twitter:data1\" content=\"4 minuty\" \/>\n<script type=\"application\/ld+json\" class=\"yoast-schema-graph\">{\"@context\":\"https:\\\/\\\/schema.org\",\"@graph\":[{\"@type\":\"WebPage\",\"@id\":\"https:\\\/\\\/staghorn.pl\\\/?product=fioletowe-trojkatne-sztyfty\",\"url\":\"https:\\\/\\\/staghorn.pl\\\/?product=fioletowe-trojkatne-sztyfty\",\"name\":\"Fioletowe Tr\u00f3jk\u0105tne Sztyfty - Staghorn\",\"isPartOf\":{\"@id\":\"https:\\\/\\\/staghorn.pl\\\/#website\"},\"primaryImageOfPage\":{\"@id\":\"https:\\\/\\\/staghorn.pl\\\/?product=fioletowe-trojkatne-sztyfty#primaryimage\"},\"image\":{\"@id\":\"https:\\\/\\\/staghorn.pl\\\/?product=fioletowe-trojkatne-sztyfty#primaryimage\"},\"thumbnailUrl\":\"https:\\\/\\\/staghorn.pl\\\/wp-content\\\/uploads\\\/2024\\\/09\\\/kolczyki-trojkaty.png\",\"datePublished\":\"2024-09-19T12:44:53+00:00\",\"dateModified\":\"2025-11-25T17:33:56+00:00\",\"description\":\"Szukasz bi\u017cuterii, kt\u00f3ra \u0142\u0105czy w sobie subtelno\u015b\u0107 i oryginalno\u015b\u0107? Te fioletowe tr\u00f3jk\u0105tne sztyfty to prawdziwy skarb w \u015bwiecie r\u0119kodzielniczej bi\u017cuterii!\",\"breadcrumb\":{\"@id\":\"https:\\\/\\\/staghorn.pl\\\/?product=fioletowe-trojkatne-sztyfty#breadcrumb\"},\"inLanguage\":\"pl-PL\",\"potentialAction\":[{\"@type\":\"ReadAction\",\"target\":[\"https:\\\/\\\/staghorn.pl\\\/?product=fioletowe-trojkatne-sztyfty\"]}]},{\"@type\":\"ImageObject\",\"inLanguage\":\"pl-PL\",\"@id\":\"https:\\\/\\\/staghorn.pl\\\/?product=fioletowe-trojkatne-sztyfty#primaryimage\",\"url\":\"https:\\\/\\\/staghorn.pl\\\/wp-content\\\/uploads\\\/2024\\\/09\\\/kolczyki-trojkaty.png\",\"contentUrl\":\"https:\\\/\\\/staghorn.pl\\\/wp-content\\\/uploads\\\/2024\\\/09\\\/kolczyki-trojkaty.png\",\"width\":768,\"height\":1024,\"caption\":\"Tr\u00f3jk\u0105tne kolczyki sztyfty z fioletowymi i z\u0142otymi koralikami, unikalna bi\u017cuteria r\u0119kodzielnicza.\"},{\"@type\":\"BreadcrumbList\",\"@id\":\"https:\\\/\\\/staghorn.pl\\\/?product=fioletowe-trojkatne-sztyfty#breadcrumb\",\"itemListElement\":[{\"@type\":\"ListItem\",\"position\":1,\"name\":\"Strona g\u0142\u00f3wna\",\"item\":\"https:\\\/\\\/staghorn.pl\\\/\"},{\"@type\":\"ListItem\",\"position\":2,\"name\":\"Sklep\",\"item\":\"https:\\\/\\\/staghorn.pl\\\/?page_id=395\"},{\"@type\":\"ListItem\",\"position\":3,\"name\":\"Fioletowe Tr\u00f3jk\u0105tne Sztyfty\"}]},{\"@type\":\"WebSite\",\"@id\":\"https:\\\/\\\/staghorn.pl\\\/#website\",\"url\":\"https:\\\/\\\/staghorn.pl\\\/\",\"name\":\"Staghorn\",\"description\":\"\",\"publisher\":{\"@id\":\"https:\\\/\\\/staghorn.pl\\\/#\\\/schema\\\/person\\\/985c0f377b3807be4ab7ca84c02a0459\"},\"potentialAction\":[{\"@type\":\"SearchAction\",\"target\":{\"@type\":\"EntryPoint\",\"urlTemplate\":\"https:\\\/\\\/staghorn.pl\\\/?s={search_term_string}\"},\"query-input\":{\"@type\":\"PropertyValueSpecification\",\"valueRequired\":true,\"valueName\":\"search_term_string\"}}],\"inLanguage\":\"pl-PL\"},{\"@type\":[\"Person\",\"Organization\"],\"@id\":\"https:\\\/\\\/staghorn.pl\\\/#\\\/schema\\\/person\\\/985c0f377b3807be4ab7ca84c02a0459\",\"name\":\"Kasia\",\"image\":{\"@type\":\"ImageObject\",\"inLanguage\":\"pl-PL\",\"@id\":\"https:\\\/\\\/staghorn.pl\\\/wp-content\\\/uploads\\\/2024\\\/05\\\/cropped-2.png\",\"url\":\"https:\\\/\\\/staghorn.pl\\\/wp-content\\\/uploads\\\/2024\\\/05\\\/cropped-2.png\",\"contentUrl\":\"https:\\\/\\\/staghorn.pl\\\/wp-content\\\/uploads\\\/2024\\\/05\\\/cropped-2.png\",\"width\":512,\"height\":512,\"caption\":\"Kasia\"},\"logo\":{\"@id\":\"https:\\\/\\\/staghorn.pl\\\/wp-content\\\/uploads\\\/2024\\\/05\\\/cropped-2.png\"},\"sameAs\":[\"http:\\\/\\\/staghorn.pl\"]}]}<\/script>\n<!-- \/ Yoast SEO plugin. -->","yoast_head_json":{"title":"Fioletowe Tr\u00f3jk\u0105tne Sztyfty - Staghorn","description":"Szukasz bi\u017cuterii, kt\u00f3ra \u0142\u0105czy w sobie subtelno\u015b\u0107 i oryginalno\u015b\u0107? Te fioletowe tr\u00f3jk\u0105tne sztyfty to prawdziwy skarb w \u015bwiecie r\u0119kodzielniczej bi\u017cuterii!","robots":{"index":"index","follow":"follow","max-snippet":"max-snippet:-1","max-image-preview":"max-image-preview:large","max-video-preview":"max-video-preview:-1"},"canonical":"https:\/\/staghorn.pl\/?product=fioletowe-trojkatne-sztyfty","og_locale":"pl_PL","og_type":"article","og_title":"Fioletowe Tr\u00f3jk\u0105tne Sztyfty - Staghorn","og_description":"Szukasz bi\u017cuterii, kt\u00f3ra \u0142\u0105czy w sobie subtelno\u015b\u0107 i oryginalno\u015b\u0107? Te fioletowe tr\u00f3jk\u0105tne sztyfty to prawdziwy skarb w \u015bwiecie r\u0119kodzielniczej bi\u017cuterii!","og_url":"https:\/\/staghorn.pl\/?product=fioletowe-trojkatne-sztyfty","og_site_name":"Staghorn","article_modified_time":"2025-11-25T17:33:56+00:00","og_image":[{"width":768,"height":1024,"url":"https:\/\/staghorn.pl\/wp-content\/uploads\/2024\/09\/kolczyki-trojkaty.png","type":"image\/png"}],"twitter_card":"summary_large_image","twitter_misc":{"Szacowany czas czytania":"4 minuty"},"schema":{"@context":"https:\/\/schema.org","@graph":[{"@type":"WebPage","@id":"https:\/\/staghorn.pl\/?product=fioletowe-trojkatne-sztyfty","url":"https:\/\/staghorn.pl\/?product=fioletowe-trojkatne-sztyfty","name":"Fioletowe Tr\u00f3jk\u0105tne Sztyfty - Staghorn","isPartOf":{"@id":"https:\/\/staghorn.pl\/#website"},"primaryImageOfPage":{"@id":"https:\/\/staghorn.pl\/?product=fioletowe-trojkatne-sztyfty#primaryimage"},"image":{"@id":"https:\/\/staghorn.pl\/?product=fioletowe-trojkatne-sztyfty#primaryimage"},"thumbnailUrl":"https:\/\/staghorn.pl\/wp-content\/uploads\/2024\/09\/kolczyki-trojkaty.png","datePublished":"2024-09-19T12:44:53+00:00","dateModified":"2025-11-25T17:33:56+00:00","description":"Szukasz bi\u017cuterii, kt\u00f3ra \u0142\u0105czy w sobie subtelno\u015b\u0107 i oryginalno\u015b\u0107? Te fioletowe tr\u00f3jk\u0105tne sztyfty to prawdziwy skarb w \u015bwiecie r\u0119kodzielniczej bi\u017cuterii!","breadcrumb":{"@id":"https:\/\/staghorn.pl\/?product=fioletowe-trojkatne-sztyfty#breadcrumb"},"inLanguage":"pl-PL","potentialAction":[{"@type":"ReadAction","target":["https:\/\/staghorn.pl\/?product=fioletowe-trojkatne-sztyfty"]}]},{"@type":"ImageObject","inLanguage":"pl-PL","@id":"https:\/\/staghorn.pl\/?product=fioletowe-trojkatne-sztyfty#primaryimage","url":"https:\/\/staghorn.pl\/wp-content\/uploads\/2024\/09\/kolczyki-trojkaty.png","contentUrl":"https:\/\/staghorn.pl\/wp-content\/uploads\/2024\/09\/kolczyki-trojkaty.png","width":768,"height":1024,"caption":"Tr\u00f3jk\u0105tne kolczyki sztyfty z fioletowymi i z\u0142otymi koralikami, unikalna bi\u017cuteria r\u0119kodzielnicza."},{"@type":"BreadcrumbList","@id":"https:\/\/staghorn.pl\/?product=fioletowe-trojkatne-sztyfty#breadcrumb","itemListElement":[{"@type":"ListItem","position":1,"name":"Strona g\u0142\u00f3wna","item":"https:\/\/staghorn.pl\/"},{"@type":"ListItem","position":2,"name":"Sklep","item":"https:\/\/staghorn.pl\/?page_id=395"},{"@type":"ListItem","position":3,"name":"Fioletowe Tr\u00f3jk\u0105tne Sztyfty"}]},{"@type":"WebSite","@id":"https:\/\/staghorn.pl\/#website","url":"https:\/\/staghorn.pl\/","name":"Staghorn","description":"","publisher":{"@id":"https:\/\/staghorn.pl\/#\/schema\/person\/985c0f377b3807be4ab7ca84c02a0459"},"potentialAction":[{"@type":"SearchAction","target":{"@type":"EntryPoint","urlTemplate":"https:\/\/staghorn.pl\/?s={search_term_string}"},"query-input":{"@type":"PropertyValueSpecification","valueRequired":true,"valueName":"search_term_string"}}],"inLanguage":"pl-PL"},{"@type":["Person","Organization"],"@id":"https:\/\/staghorn.pl\/#\/schema\/person\/985c0f377b3807be4ab7ca84c02a0459","name":"Kasia","image":{"@type":"ImageObject","inLanguage":"pl-PL","@id":"https:\/\/staghorn.pl\/wp-content\/uploads\/2024\/05\/cropped-2.png","url":"https:\/\/staghorn.pl\/wp-content\/uploads\/2024\/05\/cropped-2.png","contentUrl":"https:\/\/staghorn.pl\/wp-content\/uploads\/2024\/05\/cropped-2.png","width":512,"height":512,"caption":"Kasia"},"logo":{"@id":"https:\/\/staghorn.pl\/wp-content\/uploads\/2024\/05\/cropped-2.png"},"sameAs":["http:\/\/staghorn.pl"]}]}},"jetpack_sharing_enabled":true,"_links":{"self":[{"href":"https:\/\/staghorn.pl\/index.php?rest_route=\/wp\/v2\/product\/962","targetHints":{"allow":["GET"]}}],"collection":[{"href":"https:\/\/staghorn.pl\/index.php?rest_route=\/wp\/v2\/product"}],"about":[{"href":"https:\/\/staghorn.pl\/index.php?rest_route=\/wp\/v2\/types\/product"}],"replies":[{"embeddable":true,"href":"https:\/\/staghorn.pl\/index.php?rest_route=%2Fwp%2Fv2%2Fcomments&post=962"}],"wp:featuredmedia":[{"embeddable":true,"href":"https:\/\/staghorn.pl\/index.php?rest_route=\/wp\/v2\/media\/964"}],"wp:attachment":[{"href":"https:\/\/staghorn.pl\/index.php?rest_route=%2Fwp%2Fv2%2Fmedia&parent=962"}],"wp:term":[{"taxonomy":"product_brand","embeddable":true,"href":"https:\/\/staghorn.pl\/index.php?rest_route=%2Fwp%2Fv2%2Fproduct_brand&post=962"},{"taxonomy":"product_cat","embeddable":true,"href":"https:\/\/staghorn.pl\/index.php?rest_route=%2Fwp%2Fv2%2Fproduct_cat&post=962"},{"taxonomy":"product_tag","embeddable":true,"href":"https:\/\/staghorn.pl\/index.php?rest_route=%2Fwp%2Fv2%2Fproduct_tag&post=962"}],"curies":[{"name":"wp","href":"https:\/\/api.w.org\/{rel}","templated":true}]}}